{"id":14,"date":"2022-07-22T13:48:27","date_gmt":"2022-07-22T13:48:27","guid":{"rendered":"https:\/\/leonpsychology.ca\/contact\/"},"modified":"2026-04-13T21:49:10","modified_gmt":"2026-04-13T21:49:10","slug":"online-therapy-contact-us","status":"publish","type":"page","link":"https:\/\/leonpsychology.ca\/en\/online-therapy-contact-us\/","title":{"rendered":"Contact \/ Book Now"},"content":{"rendered":"\n<div class=\"wp-block-cover is-light\" style=\"min-height:240px;aspect-ratio:unset;\"><img decoding=\"async\" width=\"2560\" height=\"1331\" class=\"wp-block-cover__image-background wp-image-376\" alt=\"\" src=\"https:\/\/leonpsychology.ca\/wp-content\/uploads\/2022\/09\/contact2-scaled.jpg\" data-object-fit=\"cover\" srcset=\"https:\/\/leonpsychology.ca\/wp-content\/uploads\/2022\/09\/contact2-scaled.jpg 2560w, https:\/\/leonpsychology.ca\/wp-content\/uploads\/2022\/09\/contact2-300x156.jpg 300w, https:\/\/leonpsychology.ca\/wp-content\/uploads\/2022\/09\/contact2-1024x532.jpg 1024w, https:\/\/leonpsychology.ca\/wp-content\/uploads\/2022\/09\/contact2-768x399.jpg 768w, https:\/\/leonpsychology.ca\/wp-content\/uploads\/2022\/09\/contact2-1536x799.jpg 1536w, https:\/\/leonpsychology.ca\/wp-content\/uploads\/2022\/09\/contact2-2048x1065.jpg 2048w, https:\/\/leonpsychology.ca\/wp-content\/uploads\/2022\/09\/contact2-18x9.jpg 18w\" sizes=\"(max-width: 2560px) 100vw, 2560px\" \/><span aria-hidden=\"true\" class=\"wp-block-cover__background has-background-dim\"><\/span><div class=\"wp-block-cover__inner-container is-layout-flow wp-block-cover-is-layout-flow\">\n<h3 class=\"wp-block-heading has-text-align-center has-white-color has-text-color has-large-font-size\" style=\"letter-spacing:15px\">CONTACT\/BOOK NOW<\/h3>\n<\/div><\/div>\n\n\n\n<div style=\"height:55px\" aria-hidden=\"true\" class=\"wp-block-spacer\"><\/div>\n\n\n\n<h3 class=\"wp-block-heading has-text-align-center has-black-color has-text-color has-link-color wp-elements-a310bcf9521de8d669434e093b477150\" style=\"font-size:25px\"><strong>Leon Psychology Clinic is a province-wide online psychology and therapy service. We offer expert, high quality and evidence-based psychological evaluations and psychotherapy for kids, teens and adults. <\/strong><\/h3>\n\n\n\n<h3 class=\"wp-block-heading has-text-align-center has-medium-font-size\">NEW: *<strong>We also provide in-person services in Bois-des-Filion located at the intersection of highways 640 and 19.<\/strong>*<\/h3>\n\n\n\n<hr class=\"wp-block-separator has-alpha-channel-opacity\"\/>\n\n\n\n<h2 class=\"wp-block-heading has-text-align-center has-text-color\" style=\"color:#39574f\"><strong>Contact information<\/strong><\/h2>\n\n\n\n<p class=\"has-medium-font-size\"><strong>Email*: <\/strong>info@leonpsychology.ca<\/p>\n\n\n\n<p class=\"has-medium-font-size\"><strong>Phone: <\/strong>819-200-7718<\/p>\n\n\n\n<p class=\"has-text-align-left has-medium-font-size\"><strong>Online Form*:<\/strong><\/p>\n\n\n\n<p><\/p>\n\n\n<p style=\"text-align: center;\">\n<div class=\"wpcf7 no-js\" id=\"wpcf7-f2796-o1\" lang=\"fr-CA\" dir=\"ltr\" data-wpcf7-id=\"2796\">\n<div class=\"screen-reader-response\"><p role=\"status\" aria-live=\"polite\" aria-atomic=\"true\"><\/p> <ul><\/ul><\/div>\n<form action=\"\/en\/wp-json\/wp\/v2\/pages\/14#wpcf7-f2796-o1\" method=\"post\" class=\"wpcf7-form init\" aria-label=\"Contact form\" novalidate=\"novalidate\" data-status=\"init\">\n<fieldset class=\"hidden-fields-container\"><input type=\"hidden\" name=\"_wpcf7\" value=\"2796\" \/><input type=\"hidden\" name=\"_wpcf7_version\" value=\"6.1.5\" \/><input type=\"hidden\" name=\"_wpcf7_locale\" value=\"fr_CA\" \/><input type=\"hidden\" name=\"_wpcf7_unit_tag\" value=\"wpcf7-f2796-o1\" \/><input type=\"hidden\" name=\"_wpcf7_container_post\" value=\"0\" \/><input type=\"hidden\" name=\"_wpcf7_posted_data_hash\" value=\"\" \/><input type=\"hidden\" name=\"_wpcf7_recaptcha_response\" value=\"\" \/>\n<\/fieldset>\n<p><label> Your full name<br \/>\n<span class=\"wpcf7-form-control-wrap\" data-name=\"your-name\"><input size=\"40\" maxlength=\"400\" class=\"wpcf7-form-control wpcf7-text wpcf7-validates-as-required\" autocomplete=\"name\" aria-required=\"true\" aria-invalid=\"false\" value=\"\" type=\"text\" name=\"your-name\" \/><\/span> <\/label>\n<\/p>\n<p><label> Your email address<br \/>\n<span class=\"wpcf7-form-control-wrap\" data-name=\"your-email\"><input size=\"40\" maxlength=\"400\" class=\"wpcf7-form-control wpcf7-email wpcf7-validates-as-required wpcf7-text wpcf7-validates-as-email\" autocomplete=\"email\" aria-required=\"true\" aria-invalid=\"false\" value=\"\" type=\"email\" name=\"your-email\" \/><\/span> <\/label>\n<\/p>\n<p><label> Your phone number<br \/>\n<span class=\"wpcf7-form-control-wrap\" data-name=\"your-phone\"><input size=\"40\" maxlength=\"400\" class=\"wpcf7-form-control wpcf7-text wpcf7-validates-as-required\" autocomplete=\"phone\" aria-required=\"true\" aria-invalid=\"false\" value=\"\" type=\"text\" name=\"your-phone\" \/><\/span> <\/label>\n<\/p>\n<p><label> Province of residence <\/label><br \/>\n<span class=\"wpcf7-form-control-wrap\" data-name=\"select-431\"><select class=\"wpcf7-form-control wpcf7-select\" aria-invalid=\"false\" name=\"select-431\"><option value=\"Quebec\">Quebec<\/option><option value=\"Ontario\">Ontario<\/option><option value=\"Other Province\">Other Province<\/option><option value=\"Outside Canada\">Outside Canada<\/option><\/select><\/span>\n<\/p>\n<p><label> Services for: <\/label><br \/>\n<span class=\"wpcf7-form-control-wrap\" data-name=\"select-416\"><select class=\"wpcf7-form-control wpcf7-select\" aria-invalid=\"false\" name=\"select-416\"><option value=\"Myself (adult)\">Myself (adult)<\/option><option value=\"Myself (teen)\">Myself (teen)<\/option><option value=\"My child (age 0-17)\">My child (age 0-17)<\/option><option value=\"Another person (ex., partner, parent, adult child)\">Another person (ex., partner, parent, adult child)<\/option><option value=\"An organisation\">An organisation<\/option><\/select><\/span>\n<\/p>\n<p><label> Reason for seeking services: <\/label><br \/>\n<span class=\"wpcf7-form-control-wrap\" data-name=\"select-473\"><select class=\"wpcf7-form-control wpcf7-select\" aria-invalid=\"false\" name=\"select-473\"><option value=\"Anxiety\/Phobias\">Anxiety\/Phobias<\/option><option value=\"Depression\/Low mood\">Depression\/Low mood<\/option><option value=\"Behavioural problems\">Behavioural problems<\/option><option value=\"Relationships difficulties\">Relationships difficulties<\/option><option value=\"ADHD\">ADHD<\/option><option value=\"Parenting Support\">Parenting Support<\/option><option value=\"Job Burnout\">Job Burnout<\/option><option value=\"Entrepreneur\">Entrepreneur<\/option><option value=\"Supervision\">Supervision<\/option><option value=\"Presentation\/Workshop\">Presentation\/Workshop<\/option><option value=\"Other\">Other<\/option><\/select><\/span>\n<\/p>\n<p><label> Briefly describe what services you are looking for, the issues that you would like to address and if you are looking to connect with a specific clinician.<br \/>\n<span class=\"wpcf7-form-control-wrap\" data-name=\"your-message\"><textarea cols=\"40\" rows=\"10\" maxlength=\"2000\" class=\"wpcf7-form-control wpcf7-textarea\" aria-invalid=\"false\" name=\"your-message\"><\/textarea><\/span> <\/label>\n<\/p>\n<p><input class=\"wpcf7-form-control wpcf7-submit has-spinner\" type=\"submit\" value=\"Submit\" \/>\n<\/p><div class=\"wpcf7-response-output\" aria-hidden=\"true\"><\/div>\n<\/form>\n<\/div>\n<\/p>\n\n\n<div class=\"wp-block-buttons is-content-justification-center is-layout-flex wp-container-core-buttons-is-layout-16018d1d wp-block-buttons-is-layout-flex\"><\/div>\n\n\n\n<p>* Please note that online forms and email communication is subject to accidental disclosure or interception by parties not intended to receive the information. Keep the information you share general and brief.<\/p>\n\n\n\n<div style=\"height:25px\" aria-hidden=\"true\" class=\"wp-block-spacer\"><\/div>\n\n\n\n<hr class=\"wp-block-separator has-alpha-channel-opacity\"\/>\n\n\n\n<div style=\"height:25px\" aria-hidden=\"true\" class=\"wp-block-spacer\"><\/div>\n\n\n\n<p>Information updated Jan. 21, 2026<\/p>\n\n\n\n<h3 class=\"wp-block-heading has-text-align-center has-black-color has-text-color\"><strong>*Waiting list information*<\/strong><\/h3>\n\n\n\n<p class=\"has-text-align-center has-black-color has-text-color has-medium-font-size\"><span class=\"uppercase\"><a href=\"https:\/\/leonpsychology.ca\/en\/online-child-psychologist-dr-leon\/\" data-type=\"page\" data-id=\"847\">Dr. Leon<\/a><\/span> (psychologist): <\/p>\n\n\n\n<ul style=\"color:#57c322\" class=\"wp-block-list is-style-checkbox has-medium-font-size\">\n<li class=\"has-text-color has-link-color wp-elements-dd5bdad74fec9647113d24d09688867f\" style=\"color:#ff0000\">Online (On\/Qc &#8211; bilingual): <strong>Waitlist for AUGUST 2026<\/strong> <\/li>\n\n\n\n<li class=\"has-text-color has-link-color wp-elements-1961a27d6734da1772c7e7a5cfa3b9a1\" style=\"color:#ff0000\">In-person (Bois-des-Filion) therapy: <strong>Waitlist for AUGUST 2026<\/strong><\/li>\n\n\n\n<li class=\"has-luminous-vivid-orange-color has-text-color has-link-color wp-elements-efb970168d22176e3a5d66d5155c3fca\">In-person (Bois-des-Filion) Neuropsychological Assessment: <strong>Available for June-July-August 2026<\/strong><\/li>\n<\/ul>\n\n\n\n<p class=\"has-text-align-center has-black-color has-text-color has-link-color has-medium-font-size wp-elements-9d1e6e7f19cf6846ef4757031cb5182f\"><a href=\"https:\/\/leonpsychology.ca\/en\/online-psychologist-ms-robitaille\/\" data-type=\"page\" data-id=\"997\"><span class=\"uppercase\">Ms. ROBITAILLE<\/span><\/a> (psychologist):<\/p>\n\n\n\n<ul style=\"color:#57c322\" class=\"wp-block-list is-style-checkbox has-medium-font-size\">\n<li class=\"has-text-color has-link-color wp-elements-8cb1cd3376e13b5090bbbdd4a27df592\" style=\"color:#39d11b\">Online (Quebec &#8211; francophone &#8211; adults): <strong>accepting clients as of May<\/strong> <\/li>\n<\/ul>\n\n\n\n<p class=\"has-text-align-center has-black-color has-text-color has-medium-font-size\"><span class=\"uppercase\"><a href=\"https:\/\/leonpsychology.ca\/en\/online-child-psychologist-dr-leon\/\" data-type=\"page\" data-id=\"847\">Dr. <\/a><\/span>DADZIE (psychologist):<\/p>\n\n\n\n<ul style=\"color:#57c322\" class=\"wp-block-list is-style-checkbox has-medium-font-size\">\n<li class=\"has-text-color has-link-color wp-elements-029d470073716c5c32e1f206838f60a3\" style=\"color:#39d11b\">Online (Ontario &#8211; bilingual &#8211; adults): <strong>accepting clients<\/strong><\/li>\n<\/ul>\n\n\n\n<p class=\"has-text-align-center has-black-color has-text-color has-link-color has-medium-font-size wp-elements-bc7cfdec37cf01748f0936dfd8596da4\"><a href=\"https:\/\/leonpsychology.ca\/en\/about-ms-shenderovitch\/\" data-type=\"page\" data-id=\"3429\"><span class=\"uppercase\">M<\/span>s. LINA<\/a> (psychotherapist):<\/p>\n\n\n\n<ul style=\"color:#57c322\" class=\"wp-block-list is-style-checkbox has-medium-font-size\">\n<li class=\"has-text-color has-link-color wp-elements-8e6acd77a0bc2ac3c2228e5bb46e45c4\" style=\"color:#39d11b\">Online (Quebec &#8211; anglophone &#8211; child\/teen):<strong> accepting clients<\/strong><\/li>\n<\/ul>\n\n\n\n<div style=\"height:25px\" aria-hidden=\"true\" class=\"wp-block-spacer\"><\/div>\n\n\n\n<hr class=\"wp-block-separator has-alpha-channel-opacity\"\/>\n\n\n\n<h3 class=\"wp-block-heading has-text-align-center\"><strong>New in-person services offered!<\/strong><\/h3>\n\n\n\n<p class=\"has-medium-font-size\">We share space with the lovely <strong>Clinique M\u00e9dicale Priv\u00e9e Minute Sant\u00e9<\/strong> located in Bois-des-Filion, at the intersection of highways 640 and 19. Address: 482 boul. Adolphe-Chapleau, Bois-des-Filion, J6Z 1J8<\/p>\n\n\n\n<div style=\"height:45px\" aria-hidden=\"true\" class=\"wp-block-spacer\"><\/div>\n\n\n\n<div style=\"min-height:205px\" data-map-attr=\"\/qaddress\/q:\/q482 Bd Adolphe-Chapleau, Bois-des-Filion QC J6Z 1J8\/q||\/qlat\/q:\/qundefined\/q||\/qlng\/q:\/qundefined\/q||\/qskin\/q:\/qstandard\/q||\/qzoom\/q:\/q12\/q||\/qiconSize\/q:\/q36\/q||\/qmapTypeControl\/q:\/qtrue\/q||\/qzoomControl\/q:\/qtrue\/q||\/qstreetViewControl\/q:\/qtrue\/q||\/qfullscreenControl\/q:\/qtrue\/q\" class=\"wp-block-coblocks-map\"><iframe title=\"Google Map\" frameborder=\"0\" style=\"width:100%;min-height:205px\" src=\"https:\/\/www.google.com\/maps?q=482%20Bd%20Adolphe-Chapleau%2C%20Bois-des-Filion%20QC%20J6Z%201J8&amp;output=embed&amp;hl=en-CA&amp;z=12\"><\/iframe><\/div>\n\n\n\n<div style=\"height:35px\" aria-hidden=\"true\" class=\"wp-block-spacer\"><\/div>\n\n\n\n<div class=\"wp-block-buttons is-content-justification-center is-layout-flex wp-container-core-buttons-is-layout-16018d1d wp-block-buttons-is-layout-flex\">\n<div class=\"wp-block-button\"><a class=\"wp-block-button__link has-background wp-element-button\" href=\"https:\/\/leonpsychology.janeapp.com\/\" style=\"background-color:#39574f\" target=\"_blank\" rel=\"noreferrer noopener\">Book a call to learn more<\/a><\/div>\n<\/div>\n\n\n\n<div style=\"height:25px\" aria-hidden=\"true\" class=\"wp-block-spacer\"><\/div>\n\n\n\n<hr class=\"wp-block-separator has-alpha-channel-opacity\"\/>\n\n\n\n<div style=\"height:25px\" aria-hidden=\"true\" class=\"wp-block-spacer\"><\/div>\n\n\n\n<h2 class=\"wp-block-heading has-text-align-center has-text-color\" style=\"color:#39574f\"><strong>Free 15-minute introductory call<\/strong><\/h2>\n\n\n\n<p class=\"has-text-align-center has-medium-font-size\">We offer a free 15-minute introductory call to all our new clients. <\/p>\n\n\n\n<p class=\"has-text-align-center has-medium-font-size\">During this call we will answer your questions and discuss your preferences and availability. We will take the time to assign you to the member of our team who best suits your needs.<\/p>\n\n\n\n<div class=\"wp-block-buttons is-content-justification-center is-layout-flex wp-container-core-buttons-is-layout-16018d1d wp-block-buttons-is-layout-flex\">\n<div class=\"wp-block-button\"><a class=\"wp-block-button__link has-background has-text-align-center wp-element-button\" href=\"https:\/\/leonpsychology.janeapp.com\/\" style=\"background-color:#39574f\" target=\"_blank\" rel=\"noreferrer noopener\">Book a free 15-min introductory call now<\/a><\/div>\n<\/div>\n\n\n\n<p class=\"has-text-align-center has-medium-font-size\">* Don&#8217;t forget to visit our <a href=\"https:\/\/leonpsychology.ca\/en\/faq\/\">FAQ<\/a> page for more information regarding virtual psychotherapy and fees. <\/p>\n\n\n\n<p class=\"has-text-align-center has-medium-font-size\">* Note that you will have to create an account to book a call.<\/p>\n\n\n\n<div style=\"height:25px\" aria-hidden=\"true\" class=\"wp-block-spacer\"><\/div>\n\n\n\n<hr class=\"wp-block-separator has-alpha-channel-opacity\"\/>\n\n\n\n<div style=\"height:25px\" aria-hidden=\"true\" class=\"wp-block-spacer\"><\/div>\n\n\n\n<h3 class=\"wp-block-heading has-text-align-center has-text-color\" style=\"color:#39574f\"><strong>Already a client?<\/strong><\/h3>\n\n\n\n<div style=\"height:25px\" aria-hidden=\"true\" class=\"wp-block-spacer\"><\/div>\n\n\n\n<div class=\"wp-block-buttons is-content-justification-center is-layout-flex wp-container-core-buttons-is-layout-16018d1d wp-block-buttons-is-layout-flex\">\n<div class=\"wp-block-button\"><a class=\"wp-block-button__link has-background has-text-align-center wp-element-button\" href=\"https:\/\/leonpsychology.janeapp.com\/login\" style=\"background-color:#39574f\" target=\"_blank\" rel=\"noreferrer noopener\">Access your account<\/a><\/div>\n<\/div>\n\n\n\n<div style=\"height:25px\" aria-hidden=\"true\" class=\"wp-block-spacer\"><\/div>\n\n\n\n<hr class=\"wp-block-separator has-alpha-channel-opacity\"\/>\n\n\n\n<div class=\"wp-block-columns is-layout-flex wp-container-core-columns-is-layout-9d6595d7 wp-block-columns-is-layout-flex\">\n<div class=\"wp-block-column is-layout-flow wp-block-column-is-layout-flow\"><\/div>\n\n\n\n<div class=\"wp-block-column is-layout-flow wp-block-column-is-layout-flow\"><\/div>\n<\/div>\n\n\n\n<hr class=\"wp-block-separator has-alpha-channel-opacity\"\/>\n\n\n\n<h3 class=\"wp-block-heading has-text-align-center has-black-color has-text-color\" style=\"font-size:30px\"><strong>The Leon Psychology Clinic provides online and in-person child, adolescent and adult therapy. <\/strong><\/h3>\n\n\n\n<h3 class=\"wp-block-heading has-text-align-center has-black-color has-text-color\" style=\"font-size:30px\"><strong>Our virtual and in-person therapists work with kids, teens, and adults. <\/strong><\/h3>\n\n\n\n<h3 class=\"wp-block-heading has-text-align-center has-black-color has-text-color\" style=\"font-size:30px\"><strong>Our psychotherapists and psychologists can work with individuals and families from all over Ontario and Quebec.<\/strong><\/h3>\n<div style='text-align:center' class='yasr-auto-insert-overall'><\/div>","protected":false},"excerpt":{"rendered":"<p>Leon Psychology Clinic is a province-wide online psychology and therapy service. We offer expert, high quality and evidence-based psychological evaluations and psychotherapy for kids, teens and adults. NEW: *We also provide in-person services in Bois-des-Filion located at the intersection of highways 640 and 19.* Contact information Email*: info@leonpsychology.ca Phone: 819-200-7718 Online Form*: * Please note <a class=\"read-more\" href=\"https:\/\/leonpsychology.ca\/en\/online-therapy-contact-us\/\">READ MORE<\/a><\/p>\n","protected":false},"author":1,"featured_media":0,"parent":0,"menu_order":0,"comment_status":"closed","ping_status":"closed","template":"","meta":{"_seopress_robots_primary_cat":"","_seopress_titles_title":"Online therapist and psychologists in Gatineau, Ottawa, Toronto, Montreal and Laval | Leon Psychology Clinic","_seopress_titles_desc":"Looking for an online therapist in Quebec or Ontario? You are in the right place. Our team of psychologists can provide virtual psychotherapy in French or English.","_seopress_robots_index":"","_coblocks_attr":"","_coblocks_dimensions":"","_coblocks_responsive_height":"","_coblocks_accordion_ie_support":"","yasr_overall_rating":0,"yasr_post_is_review":"","yasr_auto_insert_disabled":"","yasr_review_type":"","footnotes":""},"class_list":["post-14","page","type-page","status-publish","hentry"],"yasr_visitor_votes":{"stars_attributes":{"read_only":true,"span_bottom":"<div class='yasr-small-block-bold'><span class='yasr-visitor-votes-must-sign-in'>You must sign in to vote<\/span><\/div>"},"number_of_votes":0,"sum_votes":0},"_links":{"self":[{"href":"https:\/\/leonpsychology.ca\/en\/wp-json\/wp\/v2\/pages\/14","targetHints":{"allow":["GET"]}}],"collection":[{"href":"https:\/\/leonpsychology.ca\/en\/wp-json\/wp\/v2\/pages"}],"about":[{"href":"https:\/\/leonpsychology.ca\/en\/wp-json\/wp\/v2\/types\/page"}],"author":[{"embeddable":true,"href":"https:\/\/leonpsychology.ca\/en\/wp-json\/wp\/v2\/users\/1"}],"replies":[{"embeddable":true,"href":"https:\/\/leonpsychology.ca\/en\/wp-json\/wp\/v2\/comments?post=14"}],"version-history":[{"count":178,"href":"https:\/\/leonpsychology.ca\/en\/wp-json\/wp\/v2\/pages\/14\/revisions"}],"predecessor-version":[{"id":3726,"href":"https:\/\/leonpsychology.ca\/en\/wp-json\/wp\/v2\/pages\/14\/revisions\/3726"}],"wp:attachment":[{"href":"https:\/\/leonpsychology.ca\/en\/wp-json\/wp\/v2\/media?parent=14"}],"curies":[{"name":"wp","href":"https:\/\/api.w.org\/{rel}","templated":true}]}}