{"id":3337,"date":"2025-07-07T17:12:34","date_gmt":"2025-07-07T17:12:34","guid":{"rendered":"https:\/\/leonpsychology.ca\/?page_id=3337"},"modified":"2025-07-07T17:12:36","modified_gmt":"2025-07-07T17:12:36","slug":"adult-psychologist-in-longueuil","status":"publish","type":"page","link":"https:\/\/leonpsychology.ca\/en\/adult-psychologist-in-longueuil\/","title":{"rendered":"Adult psychologist in Longueuil"},"content":{"rendered":"\n<h1 class=\"wp-block-heading has-text-align-center has-black-color has-text-color\" style=\"font-size:30px\"><strong>Online Mental Health Care for adults in Quebec<\/strong><\/h1>\n\n\n\n<div class=\"wp-block-cover aligncenter is-light\" style=\"min-height:201px;aspect-ratio:unset;\"><img decoding=\"async\" width=\"800\" height=\"343\" class=\"wp-block-cover__image-background wp-image-686\" alt=\"psychology neuropsychology dr leon clinic child adolescent ottawa gatineau montreal\" src=\"https:\/\/leonpsychology.ca\/wp-content\/uploads\/2022\/10\/main-page-image_resized.jpg\" style=\"object-position:49% 97%\" data-object-fit=\"cover\" data-object-position=\"49% 97%\" srcset=\"https:\/\/leonpsychology.ca\/wp-content\/uploads\/2022\/10\/main-page-image_resized.jpg 800w, https:\/\/leonpsychology.ca\/wp-content\/uploads\/2022\/10\/main-page-image_resized-300x129.jpg 300w, https:\/\/leonpsychology.ca\/wp-content\/uploads\/2022\/10\/main-page-image_resized-768x329.jpg 768w, https:\/\/leonpsychology.ca\/wp-content\/uploads\/2022\/10\/main-page-image_resized-18x8.jpg 18w\" sizes=\"(max-width: 800px) 100vw, 800px\" \/><span aria-hidden=\"true\" class=\"wp-block-cover__background has-background-dim\" style=\"background-color:#b7bfbf\"><\/span><div class=\"wp-block-cover__inner-container is-layout-flow wp-block-cover-is-layout-flow\">\n<p class=\"has-text-align-center has-large-font-size\"><\/p>\n<\/div><\/div>\n\n\n\n<h3 class=\"wp-block-heading has-text-color has-link-color wp-elements-5cb90b278cc57db28f82dd896be47144\" style=\"color:#39574f\">Why consult a psychologist in Longueuil as an adult?<\/h3>\n\n\n\n<p class=\"has-medium-font-size\">Longueuil is an active, family-oriented city, marked by its proximity to Montreal but also by its own unique rhythm. For many adults, this reality translates into a busy daily life, multiple responsibilities, and little time for themselves. When emotional balance crumbles, it becomes essential to have access to reliable and human psychological support. The <strong>Leon Psychology Clinic <\/strong>offers an <strong>online psychologist service for adults in Longueuil <\/strong>, in order to quickly respond to the needs of those seeking to feel better, without delay or travel. You don&#8217;t need to be experiencing a serious crisis to seek help. The first signs of emotional imbalance can be more subtle, but just as significant:<\/p>\n\n\n\n<ul class=\"wp-block-list\">\n<li class=\"has-medium-font-size\">Difficulty managing stress or emotions<br><\/li>\n\n\n\n<li class=\"has-medium-font-size\">Persistent anxiety, looping thoughts<br><\/li>\n\n\n\n<li class=\"has-medium-font-size\">Irritability, frequent conflicts, constant tension<br><\/li>\n\n\n\n<li class=\"has-medium-font-size\">Insomnia, loss of appetite, chronic fatigue<br><\/li>\n\n\n\n<li class=\"has-medium-font-size\">Loss of interest or momentum, feeling \u201coff\u201d<br><\/li>\n\n\n\n<li class=\"has-medium-font-size\">Self-doubt, feeling stuck or like a failure<br><\/li>\n\n\n\n<li class=\"has-medium-font-size\">Recurring relationship problems<br><br><\/li>\n<\/ul>\n\n\n\n<p class=\"has-medium-font-size\">Psychotherapy allows you to explore these feelings with a professional eye and find a clear direction. In Longueuil, you can now benefit from this service remotely, at your own pace.<\/p>\n\n\n\n<hr class=\"wp-block-separator has-alpha-channel-opacity\"\/>\n\n\n\n<div style=\"height:45px\" aria-hidden=\"true\" class=\"wp-block-spacer\"><\/div>\n\n\n\n<h2 class=\"wp-block-heading has-text-align-center has-text-color\" style=\"color:#39574f\"><strong>Contact information<\/strong><\/h2>\n\n\n\n<p class=\"has-text-align-center has-medium-font-size\"><strong>Email: <\/strong>info@leonpsychology.ca<\/p>\n\n\n\n<p class=\"has-text-align-center has-medium-font-size\"><strong>Phone: <\/strong>819-200-7718<\/p>\n\n\n\n<p class=\"has-text-align-center has-medium-font-size\">When contacting us, please leave your full name and phone number.<\/p>\n\n\n\n<h2 class=\"wp-block-heading has-text-align-center has-text-color has-link-color wp-elements-8bd6e3d2a4003580e8e3b8be1ec6d830\" style=\"color:#39574f;font-size:20px\"><strong>You can also book a FREE 15-min introductory call directly in our calendar:<\/strong><\/h2>\n\n\n\n<div style=\"height:15px\" aria-hidden=\"true\" class=\"wp-block-spacer\"><\/div>\n\n\n\n<div class=\"wp-block-buttons is-content-justification-center is-layout-flex wp-container-core-buttons-is-layout-16018d1d wp-block-buttons-is-layout-flex\">\n<div class=\"wp-block-button\"><a class=\"wp-block-button__link has-background wp-element-button\" href=\"https:\/\/leonpsychology.janeapp.com\/\" style=\"background-color:#39574f\" target=\"_blank\" rel=\"noreferrer noopener\">Book a free 15-min introductory call<\/a><\/div>\n<\/div>\n\n\n\n<div style=\"height:45px\" aria-hidden=\"true\" class=\"wp-block-spacer\"><\/div>\n\n\n\n<hr class=\"wp-block-separator has-alpha-channel-opacity\"\/>\n\n\n\n<div style=\"height:45px\" aria-hidden=\"true\" class=\"wp-block-spacer\"><\/div>\n\n\n\n<h2 class=\"wp-block-heading has-text-color\" style=\"color:#39574f\">Online Adult Therapy in Longueuil: Simple, Flexible, Confidential<\/h2>\n\n\n\n<p class=\"has-medium-font-size\">Online counseling is designed to fit your schedule and preferences. No more waiting for an in-person appointment or traveling to the office: in just a few clicks, you&#8217;ll be connected to an experienced psychologist in a calm and secure environment.<\/p>\n\n\n\n<p class=\"has-medium-font-size\">The process begins with a <strong>free 15-minute exploratory meeting <\/strong>, which allows you to get to know each other, express your expectations and confirm whether the approach is right for you. The frequency and pace of the meetings are then adjusted according to your needs.<\/p>\n\n\n\n<h2 class=\"wp-block-heading\">Psychologist for seniors in Longueuil: respectful support to better navigate transitions<\/h2>\n\n\n\n<p class=\"has-medium-font-size\">With aging comes profound changes: retirement, growing loneliness, changes in the body, and sometimes successive bereavements. These realities, very present in Longueuil, affect psychological balance, even when we think we have &#8220;accepted&#8221; them.<\/p>\n\n\n\n<p class=\"has-medium-font-size\">The <strong>Leon Clinic offers a psychotherapy service for seniors in Longueuil <\/strong>, focused on the issues specific to this stage of life:<\/p>\n\n\n\n<ul class=\"wp-block-list\">\n<li class=\"has-medium-font-size\">Feelings of emptiness, uselessness, or erasure<br><\/li>\n\n\n\n<li class=\"has-medium-font-size\">Concerns about health or addiction<br><\/li>\n\n\n\n<li class=\"has-medium-font-size\">Multiple bereavements or complicated bereavement<br><\/li>\n\n\n\n<li class=\"has-medium-font-size\">Withdrawal, relational isolation<br><\/li>\n\n\n\n<li class=\"has-medium-font-size\">Difficulty adapting to changes in family roles<br><br><\/li>\n<\/ul>\n\n\n\n<p class=\"has-medium-font-size\">These sessions, conducted with tact and kindness, allow you to rediscover a sense of usefulness, belonging and grounding.<\/p>\n\n\n\n<div style=\"height:15px\" aria-hidden=\"true\" class=\"wp-block-spacer\"><\/div>\n\n\n\n<div class=\"wp-block-buttons is-content-justification-center is-layout-flex wp-container-core-buttons-is-layout-16018d1d wp-block-buttons-is-layout-flex\">\n<div class=\"wp-block-button\"><a class=\"wp-block-button__link has-background wp-element-button\" href=\"https:\/\/leonpsychology.janeapp.com\/\" style=\"background-color:#39574f\" target=\"_blank\" rel=\"noreferrer noopener\">Book an appointment<\/a><\/div>\n<\/div>\n\n\n\n<div style=\"height:45px\" aria-hidden=\"true\" class=\"wp-block-spacer\"><\/div>\n\n\n\n<hr class=\"wp-block-separator has-alpha-channel-opacity\"\/>\n\n\n\n<div style=\"height:45px\" aria-hidden=\"true\" class=\"wp-block-spacer\"><\/div>\n\n\n\n<h2 class=\"wp-block-heading has-text-align-center has-text-color\" style=\"color:#39574f;padding-top:15px;padding-right:15px;padding-bottom:15px;padding-left:15px\"><strong>Online Therapy Kids, Teens and Parents \u2014 Relief Starts Here<\/strong><\/h2>\n\n\n\n<div class=\"wp-block-coblocks-features coblocks-features-52810538334\"><div class=\"wp-block-coblocks-features__inner has-columns has-3-columns has-responsive-columns has-center-content has-small-gutter\">\n<div class=\"wp-block-coblocks-feature coblocks-feature-52810538495\"><div class=\"wp-block-coblocks-feature__inner has-no-padding\"><div class=\"wp-block-coblocks-icon\">\n\t\t\t\t<div class=\"wp-block-coblocks-icon__inner\" style=\"height: 60px; width: 60px;\">\n\t\t\t\t\t<svg fill=\"none\" xmlns=\"http:\/\/www.w3.org\/2000\/svg\" viewBox=\"0 0 24 24\"><path d=\"M10.25 13c0 .69-.56 1.25-1.25 1.25S7.75 13.69 7.75 13s.56-1.25 1.25-1.25 1.25.56 1.25 1.25zM15 11.75c-.69 0-1.25.56-1.25 1.25s.56 1.25 1.25 1.25 1.25-.56 1.25-1.25-.56-1.25-1.25-1.25zm7 .25c0 5.52-4.48 10-10 10S2 17.52 2 12 6.48 2 12 2s10 4.48 10 10zM10.66 4.12C12.06 6.44 14.6 8 17.5 8c.46 0 .91-.05 1.34-.12C17.44 5.56 14.9 4 12 4c-.46 0-.91.05-1.34.12zM4.42 9.47c1.71-.97 3.03-2.55 3.66-4.44C6.37 6 5.05 7.58 4.42 9.47zM20 12c0-.78-.12-1.53-.33-2.24-.7.15-1.42.24-2.17.24-3.13 0-5.92-1.44-7.76-3.69C8.69 8.87 6.6 10.88 4 11.86c.01.04 0 .09 0 .14 0 4.41 3.59 8 8 8s8-3.59 8-8z\" fill=\"currentColor\" \/><\/svg>\n\t\t\t\t<\/div>\n\t\t\t<\/div>\n\n\n<h4 class=\"wp-block-heading has-black-color has-text-color has-medium-font-size\"><strong><strong>Personalized Support<\/strong><\/strong><\/h4>\n\n\n\n<p style=\"font-size:17px\">Every individual is different, and we work closely with each person to provide targeted interventions and strategies that address their specific concerns.<\/p>\n<\/div><\/div>\n\n\n\n<div class=\"wp-block-coblocks-feature coblocks-feature-52810538495\"><div class=\"wp-block-coblocks-feature__inner has-no-padding\"><div class=\"wp-block-coblocks-icon\">\n\t\t\t\t<div class=\"wp-block-coblocks-icon__inner\" style=\"height: 60px; width: 60px;\">\n\t\t\t\t\t<svg fill=\"none\" viewBox=\"0 0 20 20\" xmlns=\"http:\/\/www.w3.org\/2000\/svg\"><path d=\"m15.5555556 14.4444444-4.4444445-4.4444444v-3.53333333c1.2888889-.46666667 2.2222222-1.68888889 2.2222222-3.13333334 0-1.84444444-1.4888889-3.33333333-3.3333333-3.33333333-1.84444444 0-3.33333333 1.48888889-3.33333333 3.33333333 0 1.44444445.93333333 2.66666667 2.22222222 3.13333334v3.53333333l-4.44444445 4.4444444h-4.44444444v5.5555556h5.55555556v-3.3888889l4.44444444-4.6666667 4.4444444 4.6666667v3.3888889h5.5555556v-5.5555556z\" fill=\"currentColor\" \/><\/svg>\n\t\t\t\t<\/div>\n\t\t\t<\/div>\n\n\n<h4 class=\"wp-block-heading has-black-color has-text-color has-medium-font-size\"><strong><strong>Collaboration With Parents<\/strong><\/strong><\/h4>\n\n\n\n<p style=\"font-size:17px\">Although children and teens typically attend sessions alone, we can help you work towards fostering a supportive environment that promotes lasting positive change for your child \/ teenager.<\/p>\n<\/div><\/div>\n\n\n\n<div class=\"wp-block-coblocks-feature coblocks-feature-52810101813\"><div class=\"wp-block-coblocks-feature__inner has-no-padding\"><div class=\"wp-block-coblocks-icon\">\n\t\t\t\t<div class=\"wp-block-coblocks-icon__inner\" style=\"height: 60px; width: 60px;\">\n\t\t\t\t\t<svg fill=\"none\" viewBox=\"0 0 20 20\" xmlns=\"http:\/\/www.w3.org\/2000\/svg\"><path d=\"m9.99 0c-5.52 0-9.99 4.48-9.99 10s4.47 10 9.99 10c5.53 0 10.01-4.48 10.01-10s-4.48-10-10.01-10zm.01 18c-4.42 0-8-3.58-8-8s3.58-8 8-8 8 3.58 8 8-3.58 8-8 8zm3.5-9c.83 0 1.5-.67 1.5-1.5s-.67-1.5-1.5-1.5-1.5.67-1.5 1.5.67 1.5 1.5 1.5zm-7 0c.83 0 1.5-.67 1.5-1.5s-.67-1.5-1.5-1.5-1.5.67-1.5 1.5.67 1.5 1.5 1.5zm3.5 6.5c2.33 0 4.31-1.46 5.11-3.5h-10.22c.8 2.04 2.78 3.5 5.11 3.5z\" fill=\"currentColor\" \/><\/svg>\n\t\t\t\t<\/div>\n\t\t\t<\/div>\n\n\n<h4 class=\"wp-block-heading has-black-color has-text-color has-medium-font-size\"><strong>Warm Environment<\/strong><\/h4>\n\n\n\n<p style=\"font-size:17px\">Your child can enjoy a safe, trusting, and inclusive environment where they can feel comfortable expressing themselves authentically, without judgment.<\/p>\n<\/div><\/div>\n<\/div><\/div>\n\n\n\n<hr class=\"wp-block-separator has-alpha-channel-opacity\"\/>\n\n\n\n<h2 class=\"wp-block-heading\"><strong>Online Parental Coaching in Longueuil: Support in Your Parenting Role<\/strong><\/h2>\n\n\n\n<p class=\"has-medium-font-size\">Being a parent also means facing the unexpected. Certain moments raise doubts or strong emotions: difficult behaviors, child anxiety, sibling conflicts, lack of resources. The Leon Clinic offers a remote <strong>parental coaching service in Longueuil <\/strong>, designed to help you get through these times without feeling alone.<\/p>\n\n\n\n<p class=\"has-medium-font-size\">This type of support can be useful for:<\/p>\n\n\n\n<ul class=\"wp-block-list\">\n<li class=\"has-medium-font-size\">Announcing a delicate event to your child<br><\/li>\n\n\n\n<li class=\"has-medium-font-size\">Managing anxiety, nightmares or anger attacks<br><\/li>\n\n\n\n<li class=\"has-medium-font-size\">Finding a coherent and peaceful educational posture<br><\/li>\n\n\n\n<li class=\"has-medium-font-size\">Preventing parental burnout or guilt<br><\/li>\n\n\n\n<li class=\"has-medium-font-size\">Better understand your child&#8217;s reactions<br><\/li>\n<\/ul>\n\n\n\n<p class=\"has-medium-font-size\">Sometimes one or two meetings are enough to change the climate at home.<\/p>\n\n\n\n<h2 class=\"wp-block-heading\"><a><\/a><strong>An experienced psychologist serving adults and seniors in Longueuil<\/strong><\/h2>\n\n\n\n<p class=\"has-medium-font-size\"><strong>Ms. Chantal Robitaille <\/strong>, clinical psychologist and psychotherapist, has been supporting adults and the elderly for over 30 years. She works on a variety of issues: stress, anxiety, mental overload, grief, loss of meaning, trauma, life transitions, internal or relational conflicts.<\/p>\n\n\n\n<p class=\"has-medium-font-size\">She offers exclusively <strong>online consultations in French <\/strong>, in a confidential and structured setting. Her approach is based on validated methods such as CBT (cognitive behavioral therapy), mindfulness and the humanistic person-centered approach.<\/p>\n\n\n\n<h2 class=\"wp-block-heading\"><a><\/a><strong>Services not covered by the Leon Clinic<\/strong><\/h2>\n\n\n\n<p class=\"has-medium-font-size\">Some issues are not treated at the clinic, including:<\/p>\n\n\n\n<ul class=\"wp-block-list\">\n<li class=\"has-medium-font-size\">Addictions (alcohol, drugs, gambling)<br><\/li>\n\n\n\n<li class=\"has-medium-font-size\">Severe eating disorders<br><\/li>\n\n\n\n<li class=\"has-medium-font-size\">Marriage or family therapy<br><\/li>\n\n\n\n<li class=\"has-medium-font-size\">Forensic or court-requested expert reports<br><\/li>\n\n\n\n<li class=\"has-medium-font-size\">Complex neuropsychological assessments<br><br><\/li>\n<\/ul>\n\n\n\n<p class=\"has-medium-font-size\">In these cases, the clinic can direct you to specialized resources available on the South Shore or in Longueuil.<\/p>\n\n\n\n<div style=\"height:45px\" aria-hidden=\"true\" class=\"wp-block-spacer\"><\/div>\n\n\n\n<hr class=\"wp-block-separator has-alpha-channel-opacity\"\/>\n\n\n\n<div class=\"wp-block-buttons is-content-justification-center is-layout-flex wp-container-core-buttons-is-layout-16018d1d wp-block-buttons-is-layout-flex\">\n<div class=\"wp-block-button\"><a class=\"wp-block-button__link has-background wp-element-button\" href=\"https:\/\/leonpsychology.janeapp.com\/\" style=\"background-color:#39574f\" target=\"_blank\" rel=\"noreferrer noopener\">Book an appointment<\/a><\/div>\n<\/div>\n\n\n\n<div style=\"height:45px\" aria-hidden=\"true\" class=\"wp-block-spacer\"><\/div>\n\n\n\n<h2 class=\"wp-block-heading has-text-align-center has-text-color\" style=\"color:#39574f;padding-top:15px;padding-right:15px;padding-bottom:15px;padding-left:15px\"><strong>Meet Dr. Leon<\/strong><\/h2>\n\n\n<div class=\"wp-block-image is-style-rounded\">\n<figure class=\"aligncenter size-thumbnail\"><a href=\"https:\/\/leonpsychology.ca\/about-dr-leon\/\" target=\"_blank\" rel=\"noreferrer noopener\"><img decoding=\"async\" width=\"150\" height=\"150\" src=\"https:\/\/leonpsychology.ca\/wp-content\/uploads\/2022\/11\/headshot2-e1669650345645-150x150.jpg\" alt=\"dr. stephanie leon online adolescent psychologist neuropsychologist in ontario quebec\" class=\"wp-image-831\" srcset=\"https:\/\/leonpsychology.ca\/wp-content\/uploads\/2022\/11\/headshot2-e1669650345645-150x150.jpg 150w, https:\/\/leonpsychology.ca\/wp-content\/uploads\/2022\/11\/headshot2-e1669650345645-11x12.jpg 11w\" sizes=\"(max-width: 150px) 100vw, 150px\" \/><\/a><\/figure>\n<\/div>\n\n\n<p class=\"has-text-align-center has-medium-font-size\">Dr. Stephanie L. Leon is an experienced and trusted clinical psychologist and neuropsychologist specializing in child-adolescent psychology. She helps children, adolescents and their parents navigate emotional, behavioral, and cognitive challenges, empowering them to thrive. <\/p>\n\n\n\n<p class=\"has-text-align-center has-medium-font-size\">Her warm and collaborative therapeutic approach is rooted in cognitive behavioral therapy (CBT) and draws from various modalities. <\/p>\n\n\n\n<p class=\"has-text-align-center has-medium-font-size\">Fluent in French and English, Dr. Leon offers virtual sessions for those living in Ontario and Quebec.<\/p>\n\n\n\n<div class=\"wp-block-buttons is-content-justification-center is-layout-flex wp-container-core-buttons-is-layout-16018d1d wp-block-buttons-is-layout-flex\">\n<div class=\"wp-block-button\"><a class=\"wp-block-button__link has-background wp-element-button\" href=\"https:\/\/leonpsychology.ca\/online-child-psychologist-dr-leon\/\" style=\"background-color:#39574f\">Learn more<\/a><\/div>\n<\/div>\n\n\n\n<div style=\"height:45px\" aria-hidden=\"true\" class=\"wp-block-spacer\"><\/div>\n\n\n\n<hr class=\"wp-block-separator has-alpha-channel-opacity\"\/>\n\n\n\n<h2 class=\"wp-block-heading has-text-align-center has-text-color\" style=\"color:#39574f;padding-top:15px;padding-right:15px;padding-bottom:15px;padding-left:15px\"><strong>Meet Ms. Robitaille<\/strong><\/h2>\n\n\n<div class=\"wp-block-image is-style-rounded\">\n<figure class=\"aligncenter size-thumbnail\"><img decoding=\"async\" width=\"150\" height=\"150\" src=\"https:\/\/leonpsychology.ca\/wp-content\/uploads\/2023\/03\/photo-de-profil-scaled-e1697644181879-150x150.jpg\" alt=\"psychologue psychoth\u00e9rapeute pour adolescent Qu\u00e9bec th\u00e9rapeute\" class=\"wp-image-1040\"\/><\/figure>\n<\/div>\n\n\n<p class=\"has-text-align-center has-medium-font-size\">Ms. Chantal Robitaille is a licensed psychologist and psychotherapist. With over 30 years of expertise, she focuses on your unique needs and helps you overcome challenges without being defined by labels.<\/p>\n\n\n\n<p class=\"has-text-align-center has-medium-font-size\">Ms. Robitaille guides adolescents, adults, and older adults towards personal transformation.&nbsp;She is particularly well versed in anxiety disorders, difficult transitions, bereavement, depression, coping difficulties, gender dysphoria, and post-traumatic stress.<\/p>\n\n\n\n<p class=\"has-text-align-center has-medium-font-size\"><strong>Sessions are conducted virtually in French for clients in Quebec.<\/strong><\/p>\n\n\n\n<div class=\"wp-block-buttons is-content-justification-center is-layout-flex wp-container-core-buttons-is-layout-16018d1d wp-block-buttons-is-layout-flex\">\n<div class=\"wp-block-button\"><a class=\"wp-block-button__link has-background wp-element-button\" href=\"https:\/\/leonpsychology.ca\/online-child-psychologist-dr-leon\/\" style=\"background-color:#39574f\">Learn more<\/a><\/div>\n<\/div>\n\n\n\n<p class=\"has-text-align-center has-medium-font-size\"><\/p>\n\n\n\n<hr class=\"wp-block-separator has-alpha-channel-opacity\"\/>\n\n\n\n<div style=\"height:45px\" aria-hidden=\"true\" class=\"wp-block-spacer\"><\/div>\n\n\n\n<h2 class=\"wp-block-heading has-text-align-left has-text-color\" style=\"color:#39574f\"><strong>Making an appointment with a psychologist in Longueuil: a simple and powerful process<\/strong><\/h2>\n\n\n\n<p class=\"has-medium-font-size\">Change often begins with a discreet, intimate decision: to seek counseling. It&#8217;s not an admission of failure, but an act of clarity and self-respect. By consulting an <strong>adult psychologist in Longueuil <\/strong>online, you open up a space for discussion, understanding, and growth, all at your own pace.<\/p>\n\n\n\n<p class=\"has-text-align-left has-medium-font-size\"><strong>Book a free initial consultation today. <\/strong>Your mental health deserves your full attention.<\/p>\n\n\n\n<div class=\"wp-block-buttons is-content-justification-center is-layout-flex wp-container-core-buttons-is-layout-16018d1d wp-block-buttons-is-layout-flex\">\n<div class=\"wp-block-button\"><a class=\"wp-block-button__link has-background wp-element-button\" href=\"https:\/\/leonpsychology.janeapp.com\/\" style=\"background-color:#39574f\" target=\"_blank\" rel=\"noreferrer noopener\">Book an appointment<\/a><\/div>\n<\/div>\n<div style='text-align:center' class='yasr-auto-insert-overall'><\/div>","protected":false},"excerpt":{"rendered":"<p>Online Mental Health Care for adults in Quebec Why consult a psychologist in Longueuil as an adult? Longueuil is an active, family-oriented city, marked by its proximity to Montreal but also by its own unique rhythm. For many adults, this reality translates into a busy daily life, multiple responsibilities, and little time for themselves. When <a class=\"read-more\" href=\"https:\/\/leonpsychology.ca\/en\/adult-psychologist-in-longueuil\/\">READ MORE<\/a><\/p>\n","protected":false},"author":3,"featured_media":0,"parent":0,"menu_order":0,"comment_status":"closed","ping_status":"closed","template":"","meta":{"_seopress_robots_primary_cat":"","_seopress_titles_title":"Adult psychologist in Longueuil","_seopress_titles_desc":"Leon Psychology Clinic offers an online psychologist service for adults in Longueuil , in order to quickly respond to the needs of those seeking to feel better, without delay or travel.","_seopress_robots_index":"","_coblocks_attr":"","_coblocks_dimensions":"","_coblocks_responsive_height":"","_coblocks_accordion_ie_support":"","yasr_overall_rating":4.6,"yasr_post_is_review":"","yasr_auto_insert_disabled":"","yasr_review_type":"","footnotes":""},"class_list":["post-3337","page","type-page","status-publish","hentry"],"yasr_visitor_votes":{"stars_attributes":{"read_only":true,"span_bottom":"<div class='yasr-small-block-bold'><span class='yasr-visitor-votes-must-sign-in'>You must sign in to vote<\/span><\/div>"},"number_of_votes":0,"sum_votes":0},"_links":{"self":[{"href":"https:\/\/leonpsychology.ca\/en\/wp-json\/wp\/v2\/pages\/3337","targetHints":{"allow":["GET"]}}],"collection":[{"href":"https:\/\/leonpsychology.ca\/en\/wp-json\/wp\/v2\/pages"}],"about":[{"href":"https:\/\/leonpsychology.ca\/en\/wp-json\/wp\/v2\/types\/page"}],"author":[{"embeddable":true,"href":"https:\/\/leonpsychology.ca\/en\/wp-json\/wp\/v2\/users\/3"}],"replies":[{"embeddable":true,"href":"https:\/\/leonpsychology.ca\/en\/wp-json\/wp\/v2\/comments?post=3337"}],"version-history":[{"count":1,"href":"https:\/\/leonpsychology.ca\/en\/wp-json\/wp\/v2\/pages\/3337\/revisions"}],"predecessor-version":[{"id":3340,"href":"https:\/\/leonpsychology.ca\/en\/wp-json\/wp\/v2\/pages\/3337\/revisions\/3340"}],"wp:attachment":[{"href":"https:\/\/leonpsychology.ca\/en\/wp-json\/wp\/v2\/media?parent=3337"}],"curies":[{"name":"wp","href":"https:\/\/api.w.org\/{rel}","templated":true}]}}