{"id":59,"date":"2022-07-22T15:54:37","date_gmt":"2022-07-22T15:54:37","guid":{"rendered":"https:\/\/leonpsychology.ca\/?page_id=59"},"modified":"2026-02-17T15:23:55","modified_gmt":"2026-02-17T15:23:55","slug":"about-online-therapists","status":"publish","type":"page","link":"https:\/\/leonpsychology.ca\/en\/about-online-therapists\/","title":{"rendered":"About"},"content":{"rendered":"\n<h2 class=\"wp-block-heading has-text-color\" style=\"color:#39574f\"><strong>Our Team<\/strong><\/h2>\n\n\n\n<div class=\"wp-block-media-text alignwide is-stacked-on-mobile has-background\" style=\"background-color:#d3d9df;grid-template-columns:15% auto\"><figure class=\"wp-block-media-text__media\"><a href=\"https:\/\/leonpsychology.ca\/online-child-psychologist-dr-leon\/\"><img decoding=\"async\" width=\"720\" height=\"810\" src=\"https:\/\/leonpsychology.ca\/wp-content\/uploads\/2022\/07\/headshot2.jpg\" alt=\"dr stephanie leon psychologist neuropsychologist child adolescent\" class=\"wp-image-31 size-full\" srcset=\"https:\/\/leonpsychology.ca\/wp-content\/uploads\/2022\/07\/headshot2.jpg 720w, https:\/\/leonpsychology.ca\/wp-content\/uploads\/2022\/07\/headshot2-267x300.jpg 267w\" sizes=\"(max-width: 720px) 100vw, 720px\" \/><\/a><\/figure><div class=\"wp-block-media-text__content\">\n<h2 class=\"wp-block-heading has-text-color has-medium-font-size\" style=\"color:#39574f\">Dr. STEPHANIE L. LEON<br>Clinical Psychologist and Neuropsychologist<\/h2>\n\n\n\n<p>Dr. Leon is an experienced clinician who is passionate about helping children and adolescents navigate emotional, behavioural, and cognitive difficulties while supporting parents <a href=\"https:\/\/leonpsychology.ca\/online-child-psychologist-dr-leon\/\" data-type=\"page\" data-id=\"847\">Read more<\/a><\/p>\n<\/div><\/div>\n\n\n\n<div style=\"height:34px\" aria-hidden=\"true\" class=\"wp-block-spacer\"><\/div>\n\n\n\n<div class=\"wp-block-media-text alignwide is-stacked-on-mobile has-background\" style=\"background-color:#d3d9df;grid-template-columns:15% auto\"><figure class=\"wp-block-media-text__media\"><a href=\"https:\/\/leonpsychology.ca\/online-psychologist-ms-robitaille\/\"><img decoding=\"async\" width=\"845\" height=\"1024\" src=\"https:\/\/leonpsychology.ca\/wp-content\/uploads\/2023\/03\/photo-de-profil-scaled-e1697644181879-845x1024.jpg\" alt=\"psychologue psychoth\u00e9rapeute pour adolescent Qu\u00e9bec th\u00e9rapeute\" class=\"wp-image-1040 size-full\" srcset=\"https:\/\/leonpsychology.ca\/wp-content\/uploads\/2023\/03\/photo-de-profil-scaled-e1697644181879-845x1024.jpg 845w, https:\/\/leonpsychology.ca\/wp-content\/uploads\/2023\/03\/photo-de-profil-scaled-e1697644181879-248x300.jpg 248w, https:\/\/leonpsychology.ca\/wp-content\/uploads\/2023\/03\/photo-de-profil-scaled-e1697644181879-768x930.jpg 768w, https:\/\/leonpsychology.ca\/wp-content\/uploads\/2023\/03\/photo-de-profil-scaled-e1697644181879-1268x1536.jpg 1268w, https:\/\/leonpsychology.ca\/wp-content\/uploads\/2023\/03\/photo-de-profil-scaled-e1697644181879-10x12.jpg 10w, https:\/\/leonpsychology.ca\/wp-content\/uploads\/2023\/03\/photo-de-profil-scaled-e1697644181879.jpg 1472w\" sizes=\"(max-width: 845px) 100vw, 845px\" \/><\/a><\/figure><div class=\"wp-block-media-text__content\">\n<h2 class=\"wp-block-heading has-text-color has-medium-font-size\" style=\"color:#39574f\">Ms. CHANTAL ROBITAILLE<br>Psychologist and Psychotherapist<\/h2>\n\n\n\n<p>Ms. Robitaille is a versatile clinician with over 30 years of experience. From the beginning of her career, she has put clients at the heart of her concerns.&nbsp;She is open to everyone\u2019s reality, and works <a href=\"https:\/\/leonpsychology.ca\/online-psychologist-ms-robitaille\/\" data-type=\"page\" data-id=\"997\">Read more<\/a><\/p>\n<\/div><\/div>\n\n\n\n<div style=\"height:34px\" aria-hidden=\"true\" class=\"wp-block-spacer\"><\/div>\n\n\n\n<div class=\"wp-block-media-text alignwide is-stacked-on-mobile has-background\" style=\"background-color:#d3d9df;grid-template-columns:15% auto\"><figure class=\"wp-block-media-text__media\"><a href=\"https:\/\/leonpsychology.ca\/about-v-baaba-dadzie\/\"><img decoding=\"async\" width=\"521\" height=\"575\" src=\"https:\/\/leonpsychology.ca\/wp-content\/uploads\/2025\/12\/img_6347_copy.jpg\" alt=\"\" class=\"wp-image-3557 size-full\" srcset=\"https:\/\/leonpsychology.ca\/wp-content\/uploads\/2025\/12\/img_6347_copy.jpg 521w, https:\/\/leonpsychology.ca\/wp-content\/uploads\/2025\/12\/img_6347_copy-272x300.jpg 272w, https:\/\/leonpsychology.ca\/wp-content\/uploads\/2025\/12\/img_6347_copy-11x12.jpg 11w\" sizes=\"(max-width: 521px) 100vw, 521px\" \/><\/a><\/figure><div class=\"wp-block-media-text__content\">\n<h2 class=\"wp-block-heading has-text-color has-medium-font-size\" style=\"color:#39574f\">Dr. VANESSA BAABA DADZIE<br>Clinical Psychologist<\/h2>\n\n\n\n<p>Dr. Dadzie is a clinical psychologist who is committed to supporting clients\u2019 mental well-being through culturally informed and collaborative care <a href=\"https:\/\/leonpsychology.ca\/about-v-baaba-dadzie\/\" data-type=\"page\" data-id=\"3553\">Read more<\/a><\/p>\n<\/div><\/div>\n\n\n\n<div style=\"height:34px\" aria-hidden=\"true\" class=\"wp-block-spacer\"><\/div>\n\n\n\n<div class=\"wp-block-media-text alignwide is-stacked-on-mobile has-background\" style=\"background-color:#d3d9df;grid-template-columns:15% auto\"><figure class=\"wp-block-media-text__media\"><a href=\"https:\/\/leonpsychology.ca\/about-ms-shenderovitch\/\"><img decoding=\"async\" width=\"405\" height=\"380\" src=\"https:\/\/leonpsychology.ca\/wp-content\/uploads\/2025\/10\/photo.jpg\" alt=\"\" class=\"wp-image-3448 size-full\" srcset=\"https:\/\/leonpsychology.ca\/wp-content\/uploads\/2025\/10\/photo.jpg 405w, https:\/\/leonpsychology.ca\/wp-content\/uploads\/2025\/10\/photo-300x281.jpg 300w, https:\/\/leonpsychology.ca\/wp-content\/uploads\/2025\/10\/photo-13x12.jpg 13w\" sizes=\"(max-width: 405px) 100vw, 405px\" \/><\/a><\/figure><div class=\"wp-block-media-text__content\">\n<h2 class=\"wp-block-heading has-text-color has-medium-font-size\" style=\"color:#39574f\">Ms. Lina Shenderovitch<br>Licensed therapist and counsellor<\/h2>\n\n\n\n<p>Lina is an experienced therapist and certified counsellor with the CCPA. She works primarily with adolescents and young adults, helping them strengthen their emotional well-being and adaptability <a href=\"https:\/\/leonpsychology.ca\/about-ms-shenderovitch\/\" data-type=\"page\" data-id=\"3429\">Read more<\/a><\/p>\n<\/div><\/div>\n\n\n\n<div style=\"height:34px\" aria-hidden=\"true\" class=\"wp-block-spacer\"><\/div>\n\n\n\n<h2 class=\"wp-block-heading has-text-color\" style=\"color:#39574f\"><strong>Our Content<\/strong><\/h2>\n\n\n\n<div class=\"wp-block-media-text alignwide is-stacked-on-mobile has-background\" style=\"background-color:#d3d9df;grid-template-columns:22% auto\"><figure class=\"wp-block-media-text__media\"><a href=\"https:\/\/leonpsychology.ca\/psychology-mental-health-guides\/\"><img decoding=\"async\" width=\"1024\" height=\"683\" src=\"https:\/\/leonpsychology.ca\/wp-content\/uploads\/2023\/01\/qtq80-m4tsqV-1024x683.jpeg\" alt=\"blog articles blogging information parenting adhd\" class=\"wp-image-929 size-full\" srcset=\"https:\/\/leonpsychology.ca\/wp-content\/uploads\/2023\/01\/qtq80-m4tsqV-1024x683.jpeg 1024w, https:\/\/leonpsychology.ca\/wp-content\/uploads\/2023\/01\/qtq80-m4tsqV-300x200.jpeg 300w, https:\/\/leonpsychology.ca\/wp-content\/uploads\/2023\/01\/qtq80-m4tsqV-768x512.jpeg 768w, https:\/\/leonpsychology.ca\/wp-content\/uploads\/2023\/01\/qtq80-m4tsqV-1536x1024.jpeg 1536w, https:\/\/leonpsychology.ca\/wp-content\/uploads\/2023\/01\/qtq80-m4tsqV-2048x1365.jpeg 2048w, https:\/\/leonpsychology.ca\/wp-content\/uploads\/2023\/01\/qtq80-m4tsqV-18x12.jpeg 18w\" sizes=\"(max-width: 1024px) 100vw, 1024px\" \/><\/a><\/figure><div class=\"wp-block-media-text__content\">\n<h2 class=\"wp-block-heading has-text-color has-medium-font-size\" style=\"color:#39574f\">Blog Articles<\/h2>\n\n\n\n<p>Learn about evidence-based tips and strategies for common issues related to parenting, child development, adolescent psychology and adult mental health. <a href=\"https:\/\/leonpsychology.ca\/psychology-mental-health-guides\/\" data-type=\"page\" data-id=\"825\">Read more<\/a><\/p>\n<\/div><\/div>\n\n\n\n<div style=\"height:21px\" aria-hidden=\"true\" class=\"wp-block-spacer\"><\/div>\n\n\n\n<div class=\"wp-block-media-text alignwide is-stacked-on-mobile has-background\" style=\"background-color:#d3d9df;grid-template-columns:22% auto\"><figure class=\"wp-block-media-text__media\"><a href=\"https:\/\/leonpsychology.ca\/newsletters\/\"><img decoding=\"async\" width=\"1024\" height=\"512\" src=\"https:\/\/leonpsychology.ca\/wp-content\/uploads\/2022\/07\/image-4-1024x512.jpg\" alt=\"Monthly Newsletter psychology psychotherapy\" class=\"wp-image-7 size-full\" srcset=\"https:\/\/leonpsychology.ca\/wp-content\/uploads\/2022\/07\/image-4-1024x512.jpg 1024w, https:\/\/leonpsychology.ca\/wp-content\/uploads\/2022\/07\/image-4-300x150.jpg 300w, https:\/\/leonpsychology.ca\/wp-content\/uploads\/2022\/07\/image-4-768x384.jpg 768w, https:\/\/leonpsychology.ca\/wp-content\/uploads\/2022\/07\/image-4-1536x768.jpg 1536w, https:\/\/leonpsychology.ca\/wp-content\/uploads\/2022\/07\/image-4.jpg 1800w\" sizes=\"(max-width: 1024px) 100vw, 1024px\" \/><\/a><\/figure><div class=\"wp-block-media-text__content\">\n<h2 class=\"wp-block-heading has-text-color has-medium-font-size\" style=\"color:#39574f\">Monthly Newsletters <\/h2>\n\n\n\n<p>Read about our lastest blog posts, psychology quick tips and clinic news every month. Subscribe now! <a href=\"https:\/\/leonpsychology.ca\/en\/newsletters\/\" data-type=\"page\" data-id=\"847\">Read more<\/a><\/p>\n<\/div><\/div>\n\n\n\n<div style=\"height:34px\" aria-hidden=\"true\" class=\"wp-block-spacer\"><\/div>\n<div style='text-align:center' class='yasr-auto-insert-overall'><\/div>","protected":false},"excerpt":{"rendered":"<p>Our Team Dr. STEPHANIE L. LEONClinical Psychologist and Neuropsychologist Dr. Leon is an experienced clinician who is passionate about helping children and adolescents navigate emotional, behavioural, and cognitive difficulties while supporting parents Read more Ms. CHANTAL ROBITAILLEPsychologist and Psychotherapist Ms. Robitaille is a versatile clinician with over 30 years of experience. From the beginning of <a class=\"read-more\" href=\"https:\/\/leonpsychology.ca\/en\/about-online-therapists\/\">READ MORE<\/a><\/p>\n","protected":false},"author":1,"featured_media":0,"parent":0,"menu_order":0,"comment_status":"closed","ping_status":"closed","template":"","meta":{"_seopress_robots_primary_cat":"","_seopress_titles_title":"Best online psychologists | Leon Psychology Clinic","_seopress_titles_desc":"Our expert psychologists and psychotherapists are here to help you with the challenges you are facing. Learn more about their expertise and online therapy services.","_seopress_robots_index":"","_coblocks_attr":"","_coblocks_dimensions":"","_coblocks_responsive_height":"","_coblocks_accordion_ie_support":"","yasr_overall_rating":0,"yasr_post_is_review":"","yasr_auto_insert_disabled":"","yasr_review_type":"","footnotes":""},"class_list":["post-59","page","type-page","status-publish","hentry"],"yasr_visitor_votes":{"stars_attributes":{"read_only":true,"span_bottom":"<div class='yasr-small-block-bold'><span class='yasr-visitor-votes-must-sign-in'>You must sign in to vote<\/span><\/div>"},"number_of_votes":0,"sum_votes":0},"_links":{"self":[{"href":"https:\/\/leonpsychology.ca\/en\/wp-json\/wp\/v2\/pages\/59","targetHints":{"allow":["GET"]}}],"collection":[{"href":"https:\/\/leonpsychology.ca\/en\/wp-json\/wp\/v2\/pages"}],"about":[{"href":"https:\/\/leonpsychology.ca\/en\/wp-json\/wp\/v2\/types\/page"}],"author":[{"embeddable":true,"href":"https:\/\/leonpsychology.ca\/en\/wp-json\/wp\/v2\/users\/1"}],"replies":[{"embeddable":true,"href":"https:\/\/leonpsychology.ca\/en\/wp-json\/wp\/v2\/comments?post=59"}],"version-history":[{"count":69,"href":"https:\/\/leonpsychology.ca\/en\/wp-json\/wp\/v2\/pages\/59\/revisions"}],"predecessor-version":[{"id":3605,"href":"https:\/\/leonpsychology.ca\/en\/wp-json\/wp\/v2\/pages\/59\/revisions\/3605"}],"wp:attachment":[{"href":"https:\/\/leonpsychology.ca\/en\/wp-json\/wp\/v2\/media?parent=59"}],"curies":[{"name":"wp","href":"https:\/\/api.w.org\/{rel}","templated":true}]}}