{"id":997,"date":"2023-03-20T20:06:20","date_gmt":"2023-03-20T20:06:20","guid":{"rendered":"https:\/\/leonpsychology.ca\/?page_id=997"},"modified":"2024-09-18T12:49:47","modified_gmt":"2024-09-18T12:49:47","slug":"online-psychologist-ms-robitaille","status":"publish","type":"page","link":"https:\/\/leonpsychology.ca\/en\/online-psychologist-ms-robitaille\/","title":{"rendered":"About Ms. Robitaille"},"content":{"rendered":"\n<div class=\"wp-block-columns is-layout-flex wp-container-core-columns-is-layout-61ecc280 wp-block-columns-is-layout-flex\" style=\"padding-top:2.5rem;padding-right:2.5rem;padding-bottom:2.5rem;padding-left:2.5rem\">\n<div class=\"wp-block-column is-layout-flow wp-block-column-is-layout-flow\" style=\"flex-basis:25%\">\n<figure class=\"wp-block-image size-large\"><img decoding=\"async\" width=\"845\" height=\"1024\" src=\"https:\/\/leonpsychology.ca\/wp-content\/uploads\/2023\/03\/photo-de-profil-scaled-e1697644181879-845x1024.jpg\" alt=\"psychologue psychoth\u00e9rapeute pour adolescent Qu\u00e9bec th\u00e9rapeute\" class=\"wp-image-1040\" srcset=\"https:\/\/leonpsychology.ca\/wp-content\/uploads\/2023\/03\/photo-de-profil-scaled-e1697644181879-845x1024.jpg 845w, https:\/\/leonpsychology.ca\/wp-content\/uploads\/2023\/03\/photo-de-profil-scaled-e1697644181879-248x300.jpg 248w, https:\/\/leonpsychology.ca\/wp-content\/uploads\/2023\/03\/photo-de-profil-scaled-e1697644181879-768x930.jpg 768w, https:\/\/leonpsychology.ca\/wp-content\/uploads\/2023\/03\/photo-de-profil-scaled-e1697644181879-1268x1536.jpg 1268w, https:\/\/leonpsychology.ca\/wp-content\/uploads\/2023\/03\/photo-de-profil-scaled-e1697644181879-10x12.jpg 10w, https:\/\/leonpsychology.ca\/wp-content\/uploads\/2023\/03\/photo-de-profil-scaled-e1697644181879.jpg 1472w\" sizes=\"(max-width: 845px) 100vw, 845px\" \/><\/figure>\n<\/div>\n\n\n\n<div class=\"wp-block-column is-layout-flow wp-block-column-is-layout-flow\" style=\"flex-basis:75%\">\n<h2 class=\"wp-block-heading has-text-color has-large-font-size\" style=\"color:#39574f\"><strong>Ms. CHANTAL ROBITAILLE<\/strong><\/h2>\n\n\n\n<h3 class=\"wp-block-heading has-black-color has-text-color has-medium-font-size\"><strong>Psychologist et psychotherapist<\/strong><\/h3>\n\n\n\n<div class=\"wp-block-buttons is-layout-flex wp-block-buttons-is-layout-flex\">\n<div class=\"wp-block-button\"><a class=\"wp-block-button__link has-background wp-element-button\" href=\"https:\/\/leonpsychology.ca\/online-therapy-contact-us\/\" style=\"background-color:#39574f\">Book an Appointment<\/a><\/div>\n<\/div>\n\n\n\n<div style=\"height:25px\" aria-hidden=\"true\" class=\"wp-block-spacer\"><\/div>\n\n\n\n<p style=\"font-size:16px\">Ms. Robitaille is a versatile clinician with over 30 years of experience. From the beginning of her career, she has put clients at the heart of her concerns. She is open to everyone\u2019s reality, and works beyond diagnostic labels to focus on the expressed distress and present needs. Her values are respect, integrity, equality, fairness, rigour, and hospitality. She sincerely believes in the power of self-determination, autonomy and the importance creating space for clients in order for them to develop and take the right measure of their resources and personal capacities.<br><br>Ms. Robitaille\u2019s priority will always be to accompany you on your journey and help you on the one hand to rediscover your personal resources and on the other hand to develop new strategies to help you feel better. Throughout her career, whether in community organizations, school service centres or the health network, she has had the pleasure of working with adolescent, adult and senior clients. She is particularly well versed in anxiety disorders, difficult transitions, bereavement, depression, coping difficulties, gender dysphoria, and post-traumatic stress.<br><br>Ms. Robitaille has a BA in psychology, an undergraduate certificate in gerontology, and a master\u2019s degree in clinical psychology (gerontology option) from the Universit\u00e9 du Qu\u00e9bec \u00e0 Trois-Rivi\u00e8res. Her career has been full of discoveries and exploration, including teaching, conducting various training, clinical supervision or the various boards of directors. Above all, she is passionate and invests time regularly in diversified training to build her tools and strategies.<\/p>\n\n\n\n<h3 class=\"wp-block-heading has-black-color has-text-color has-medium-font-size\"><strong>Clientele<\/strong><\/h3>\n\n\n\n<p style=\"font-size:16px\">Adolescents, adults and older adults<\/p>\n\n\n\n<h3 class=\"wp-block-heading has-black-color has-text-color has-medium-font-size\"><strong>Languages<\/strong><\/h3>\n\n\n\n<p style=\"font-size:16px\">French<\/p>\n\n\n\n<h3 class=\"wp-block-heading has-black-color has-text-color has-medium-font-size\"><strong>Registration<\/strong><\/h3>\n\n\n\n<p style=\"font-size:16px\">Quebec<\/p>\n\n\n\n<h3 class=\"wp-block-heading has-black-color has-text-color has-medium-font-size\"><strong>Location<\/strong><\/h3>\n\n\n\n<p style=\"font-size:16px\">Virtual<\/p>\n\n\n\n<h3 class=\"wp-block-heading has-black-color has-text-color has-medium-font-size\"><strong>Services<\/strong><\/h3>\n\n\n\n<p style=\"font-size:16px\">Adolescent Psychotherapy (ages 14-17), Adult Psychotherapy (age 18+), Older Adult Psychotherapy (65+)<\/p>\n\n\n\n<h3 class=\"wp-block-heading has-black-color has-text-color has-medium-font-size\"><strong>Areas of Expertise<\/strong><\/h3>\n\n\n\n<p style=\"font-size:16px\">Depression, anxiety disorders, loss and grief, ADHD, post-traumatic stress disorder.<\/p>\n\n\n\n<h3 class=\"wp-block-heading has-black-color has-text-color has-medium-font-size\"><strong>Therapeutic approach<\/strong><\/h3>\n\n\n\n<p style=\"font-size:16px\">Integrative approach strongly rooted in second and third wave Cognitive Behavioural Therapy (CBT) and using elements from emotion-focused therapy, acceptance and commitment therapy, humanistic approaches and transactional analysis.<\/p>\n\n\n\n<h3 class=\"wp-block-heading has-black-color has-text-color has-medium-font-size\"><strong>Therapeutic stance<\/strong><\/h3>\n\n\n\n<p style=\"font-size:16px\">Warm, informal, collaborative<\/p>\n\n\n\n<h3 class=\"wp-block-heading has-black-color has-text-color has-medium-font-size\"><strong>Education<\/strong><\/h3>\n\n\n\n<p style=\"font-size:16px\">BA and MA in Psychology as well as Certificate in Gerontology from the Universit\u00e9 du Qu\u00e9bec \u00e0 Trois-Rivi\u00e8res<\/p>\n\n\n\n<div class=\"wp-block-coblocks-pricing-table has-text-align-center\"><div class=\"wp-block-coblocks-pricing-table__inner has-columns has-2-columns has-responsive-columns has-small-gutter\">\n<div class=\"wp-block-coblocks-pricing-table-item has-background\" style=\"background-color:#dce8f2\"><span class=\"wp-block-coblocks-pricing-table-item__title\">Fee<\/span><div class=\"wp-block-coblocks-pricing-table-item__price-wrapper\"><span class=\"wp-block-coblocks-pricing-table-item__currency\">$<\/span><span class=\"wp-block-coblocks-pricing-table-item__amount\">200<\/span><\/div>\n<ul class=\"wp-block-coblocks-pricing-table-item__features wp-block-list\">\n<li>Per 50 min. sessions<\/li>\n<\/ul>\n\n\n<\/div>\n<\/div><\/div>\n\n\n\n<div style=\"height:25px\" aria-hidden=\"true\" class=\"wp-block-spacer\"><\/div>\n\n\n\n<div class=\"wp-block-buttons is-layout-flex wp-block-buttons-is-layout-flex\">\n<div class=\"wp-block-button\"><a class=\"wp-block-button__link has-background wp-element-button\" href=\"https:\/\/leonpsychology.ca\/online-therapy-contact-us\/\" style=\"background-color:#39574f\">Book an Appointment<\/a><\/div>\n<\/div>\n<\/div>\n<\/div>\n\n\n\n<hr class=\"wp-block-separator has-alpha-channel-opacity\"\/>\n\n\n\n<h1 class=\"wp-block-heading has-text-align-center has-black-color has-text-color has-link-color has-medium-font-size wp-elements-6f4c56c8127255de7965b1285fbf1f7d\"><strong>Ms. CHANTAL ROBITAILLE &#8211; Psychologist and Psychotherapist &#8211; Online Teen, Adult &amp; Older Adult Therapy<\/strong> <\/h1>\n<div style='text-align:center' class='yasr-auto-insert-overall'><\/div>","protected":false},"excerpt":{"rendered":"<p>Ms. CHANTAL ROBITAILLE Psychologist et psychotherapist Ms. Robitaille is a versatile clinician with over 30 years of experience. From the beginning of her career, she has put clients at the heart of her concerns. She is open to everyone\u2019s reality, and works beyond diagnostic labels to focus on the expressed distress and present needs. Her <a class=\"read-more\" href=\"https:\/\/leonpsychology.ca\/en\/online-psychologist-ms-robitaille\/\">READ MORE<\/a><\/p>\n","protected":false},"author":1,"featured_media":0,"parent":0,"menu_order":0,"comment_status":"closed","ping_status":"closed","template":"","meta":{"_seopress_robots_primary_cat":"","_seopress_titles_title":"Ms. Chantal Robitaille | Online adult psychologist | Leon Psychology Clinic","_seopress_titles_desc":"Chantal Robitaille is a psychologist with over 30 years experience in post-traumatic stress disorder, job burnout, and anxiety\/depression.","_seopress_robots_index":"","_seopress_analysis_target_kw":"","_coblocks_attr":"","_coblocks_dimensions":"","_coblocks_responsive_height":"","_coblocks_accordion_ie_support":"","yasr_overall_rating":0,"yasr_post_is_review":"","yasr_auto_insert_disabled":"","yasr_review_type":"","footnotes":""},"class_list":["post-997","page","type-page","status-publish","hentry"],"yasr_visitor_votes":{"stars_attributes":{"read_only":true,"span_bottom":"<div class='yasr-small-block-bold'><span class='yasr-visitor-votes-must-sign-in'>You must sign in to vote<\/span><\/div>"},"number_of_votes":0,"sum_votes":0},"_links":{"self":[{"href":"https:\/\/leonpsychology.ca\/en\/wp-json\/wp\/v2\/pages\/997","targetHints":{"allow":["GET"]}}],"collection":[{"href":"https:\/\/leonpsychology.ca\/en\/wp-json\/wp\/v2\/pages"}],"about":[{"href":"https:\/\/leonpsychology.ca\/en\/wp-json\/wp\/v2\/types\/page"}],"author":[{"embeddable":true,"href":"https:\/\/leonpsychology.ca\/en\/wp-json\/wp\/v2\/users\/1"}],"replies":[{"embeddable":true,"href":"https:\/\/leonpsychology.ca\/en\/wp-json\/wp\/v2\/comments?post=997"}],"version-history":[{"count":30,"href":"https:\/\/leonpsychology.ca\/en\/wp-json\/wp\/v2\/pages\/997\/revisions"}],"predecessor-version":[{"id":2181,"href":"https:\/\/leonpsychology.ca\/en\/wp-json\/wp\/v2\/pages\/997\/revisions\/2181"}],"wp:attachment":[{"href":"https:\/\/leonpsychology.ca\/en\/wp-json\/wp\/v2\/media?parent=997"}],"curies":[{"name":"wp","href":"https:\/\/api.w.org\/{rel}","templated":true}]}}