{"id":132,"date":"2022-07-22T18:19:04","date_gmt":"2022-07-22T18:19:04","guid":{"rendered":"https:\/\/leonpsychology.ca\/?page_id=132"},"modified":"2026-04-13T19:43:07","modified_gmt":"2026-04-13T19:43:07","slug":"services-de-consultation-en-psychologie-pour-les-professionnels","status":"publish","type":"page","link":"https:\/\/leonpsychology.ca\/fr\/psychology-consultation-services-for-professionals\/","title":{"rendered":"Service de consultation pour professionnels"},"content":{"rendered":"<div class=\"wp-block-cover is-light\" style=\"min-height:276px;aspect-ratio:unset;\"><span aria-hidden=\"true\" class=\"wp-block-cover__background has-background-dim\" style=\"background-color:#9ba3a4\"><\/span><img decoding=\"async\" width=\"2560\" height=\"1709\" class=\"wp-block-cover__image-background wp-image-2523\" alt=\"Consultation psychologique professionnelle\" src=\"https:\/\/leonpsychology.ca\/wp-content\/uploads\/2024\/06\/scott-graham-5fnmwej4taa-unsplash-1-scaled.jpg\" style=\"object-position:48% 41%\" data-object-fit=\"cover\" data-object-position=\"48% 41%\" srcset=\"https:\/\/leonpsychology.ca\/wp-content\/uploads\/2024\/06\/scott-graham-5fnmwej4taa-unsplash-1-scaled.jpg 2560w, https:\/\/leonpsychology.ca\/wp-content\/uploads\/2024\/06\/scott-graham-5fnmwej4taa-unsplash-1-300x200.jpg 300w, https:\/\/leonpsychology.ca\/wp-content\/uploads\/2024\/06\/scott-graham-5fnmwej4taa-unsplash-1-1024x683.jpg 1024w, https:\/\/leonpsychology.ca\/wp-content\/uploads\/2024\/06\/scott-graham-5fnmwej4taa-unsplash-1-768x513.jpg 768w, https:\/\/leonpsychology.ca\/wp-content\/uploads\/2024\/06\/scott-graham-5fnmwej4taa-unsplash-1-1536x1025.jpg 1536w, https:\/\/leonpsychology.ca\/wp-content\/uploads\/2024\/06\/scott-graham-5fnmwej4taa-unsplash-1-2048x1367.jpg 2048w, https:\/\/leonpsychology.ca\/wp-content\/uploads\/2024\/06\/scott-graham-5fnmwej4taa-unsplash-1-18x12.jpg 18w\" sizes=\"(max-width: 2560px) 100vw, 2560px\" \/><div class=\"wp-block-cover__inner-container is-layout-flow wp-block-cover-is-layout-flow\">\n<h2 class=\"wp-block-heading has-text-align-center has-white-color has-text-color has-large-font-size\" style=\"letter-spacing:15px\">SERVICE DE CONSULTATION POUR PROFESSIONNELS<\/h2>\n<\/div><\/div>\n\n\n\n<h2 class=\"wp-block-heading has-text-align-center has-black-color has-text-color has-medium-font-size\">Consultation psychologue gratuite de 15 minutes pour le Qu\u00e9bec et l\u2019Ontario | Ottawa, Toronto, Gatineau, Montr\u00e9al, Laval<\/h2>\n\n\n\n<h2 class=\"wp-block-heading has-text-align-center has-text-color\" style=\"color:#39574f\"><strong>Acc\u00e9der \u00e0 des renseignements utiles<\/strong><\/h2>\n\n\n\n<p class=\"has-text-align-center has-medium-font-size\">Que vous travailliez avec des adultes ou des enfants\/adolescents, et leurs parents, nous sommes ici pour vous offrir une ressource pr\u00e9cieuse \u2014 une consultation psychologique gratuite de 15 minutes avec Dre L\u00e9on.<\/p>\n\n\n\n<div class=\"wp-block-buttons is-content-justification-center is-layout-flex wp-container-core-buttons-is-layout-16018d1d wp-block-buttons-is-layout-flex\">\n<div class=\"wp-block-button\"><a class=\"wp-block-button__link has-background wp-element-button\" href=\"https:\/\/leonpsychology.janeapp.com\/\" style=\"background-color:#39574f\">Consultation gratuite<\/a><\/div>\n<\/div>\n\n\n\n<p class=\"has-text-align-center has-small-font-size\">Notez que vous devrez cr\u00e9er un compte pour r\u00e9server la consultation.<\/p>\n\n\n\n<div style=\"height:25px\" aria-hidden=\"true\" class=\"wp-block-spacer\"><\/div>\n\n\n\n<hr class=\"wp-block-separator has-alpha-channel-opacity\"\/>\n\n\n\n<div style=\"height:25px\" aria-hidden=\"true\" class=\"wp-block-spacer\"><\/div>\n\n\n\n<h2 class=\"wp-block-heading has-text-align-center has-text-color\" style=\"color:#39574f\"><strong>Experts-conseils pour professionnels\u2014 Consultations psychologiques gratuites<\/strong><\/h2>\n\n\n\n<div class=\"wp-block-columns has-white-background-color has-background coblocks-animate is-layout-flex wp-container-core-columns-is-layout-9d6595d7 wp-block-columns-is-layout-flex\" data-coblocks-animation=\"clipHorizontal\">\n<div class=\"wp-block-column has-white-background-color has-background is-layout-flow wp-block-column-is-layout-flow\">\n<h3 class=\"wp-block-heading has-text-align-center has-black-color has-text-color has-medium-font-size\"><strong>1. <\/strong><\/h3>\n\n\n\n<h3 class=\"wp-block-heading has-text-align-center has-black-color has-text-color has-medium-font-size\"><strong><strong>Gratuit<\/strong><\/strong><\/h3>\n\n\n\n<p class=\"has-text-align-center is-style-success has-text-color\" style=\"color:#3a4e28;font-size:17px\">Nous croyons que les consultations devrait \u00eatre facilement accessible \u00e0 tous les professionnels. C\u2019est pourquoi nos consultations pour les professionnels de sant\u00e9 sont enti\u00e8rement gratuites.&nbsp;<\/p>\n<\/div>\n\n\n\n<div class=\"wp-block-column has-white-background-color has-background is-layout-flow wp-block-column-is-layout-flow\">\n<h3 class=\"wp-block-heading has-text-align-center has-black-color has-text-color has-medium-font-size\"><strong>2.<\/strong><\/h3>\n\n\n\n<h3 class=\"wp-block-heading has-text-align-center has-black-color has-text-color has-medium-font-size\"><strong><strong><strong>Expertise professionnelle<\/strong><\/strong><\/strong><\/h3>\n\n\n\n<p class=\"has-text-align-center is-style-success\" style=\"font-size:17px\">Dre L\u00e9on conna\u00eet bien la sant\u00e9 mentale et les pr\u00e9sentations cognitives couramment vues chez les enfants et les adolescents, ce qui vous donne les connaissances dont vous avez besoin pour mieux servir vos patients.<\/p>\n<\/div>\n\n\n\n<div class=\"wp-block-column has-white-background-color has-background is-layout-flow wp-block-column-is-layout-flow\">\n<h3 class=\"wp-block-heading has-text-align-center has-black-color has-text-color has-medium-font-size\"><strong>3.<\/strong><\/h3>\n\n\n\n<h3 class=\"wp-block-heading has-text-align-center has-black-color has-text-color has-medium-font-size\"><strong><strong><strong>Recommandations personnalis\u00e9es<\/strong><\/strong><\/strong><\/h3>\n\n\n\n<p class=\"has-text-align-center is-style-success\" style=\"font-size:17px\">Obtenez des suggestions pour une gamme de ressources pr\u00e9cieuses telles que des livres, des sites Web, des applications et des services communautaires. Ces ressources peuvent servir d\u2019outils pr\u00e9cieux dans votre pratique.<\/p>\n<\/div>\n<\/div>\n\n\n\n<div style=\"height:25px\" aria-hidden=\"true\" class=\"wp-block-spacer\"><\/div>\n\n\n\n<hr class=\"wp-block-separator has-alpha-channel-opacity\"\/>\n\n\n\n<h2 class=\"wp-block-heading has-text-align-center has-text-color\" style=\"color:#39574f\"><strong>Rencontrez Dre L\u00e9on<\/strong><\/h2>\n\n\n<div class=\"wp-block-image is-style-rounded\">\n<figure class=\"aligncenter size-full is-resized\"><a href=\"https:\/\/leonpsychology.ca\/fr\/about-dr-leon\/\" target=\"_blank\" rel=\"noreferrer noopener\"><img decoding=\"async\" width=\"360\" height=\"405\" src=\"https:\/\/leonpsychology.ca\/wp-content\/uploads\/2022\/11\/headshot2-e1669650345645.jpg\" alt=\" service gratuit de consultation psychologique professionnelle en Ontario\" class=\"wp-image-831\" style=\"width:130px;height:146px\" srcset=\"https:\/\/leonpsychology.ca\/wp-content\/uploads\/2022\/11\/headshot2-e1669650345645.jpg 360w, https:\/\/leonpsychology.ca\/wp-content\/uploads\/2022\/11\/headshot2-e1669650345645-267x300.jpg 267w, https:\/\/leonpsychology.ca\/wp-content\/uploads\/2022\/11\/headshot2-e1669650345645-11x12.jpg 11w\" sizes=\"(max-width: 360px) 100vw, 360px\" \/><\/a><\/figure>\n<\/div>\n\n\n<p class=\"has-text-align-center has-medium-font-size\">Dre St\u00e9phanie L. L\u00e9on est une psychologue exp\u00e9riment\u00e9e et hautement qualifi\u00e9e qui se sp\u00e9cialise dans le travail avec des professionnels comme vous. Que vous soyez m\u00e9decin, infirmier, physioth\u00e9rapeute, orthophoniste ou tout autre professionnel de la sant\u00e9, nos consultations vous sont ouvertes.<\/p>\n\n\n\n<div class=\"wp-block-buttons is-content-justification-center is-layout-flex wp-container-core-buttons-is-layout-16018d1d wp-block-buttons-is-layout-flex\">\n<div class=\"wp-block-button\"><a class=\"wp-block-button__link has-background wp-element-button\" href=\"https:\/\/leonpsychology.ca\/fr\/psychologue-pour-enfants-en-ligne-dr-leon\/\" style=\"background-color:#39574f\">En apprendre davantage<\/a><\/div>\n<\/div>\n\n\n\n<div style=\"height:25px\" aria-hidden=\"true\" class=\"wp-block-spacer\"><\/div>\n\n\n\n<hr class=\"wp-block-separator has-alpha-channel-opacity\"\/>\n\n\n\n<div style=\"height:25px\" aria-hidden=\"true\" class=\"wp-block-spacer\"><\/div>\n\n\n\n<h2 class=\"wp-block-heading has-text-align-center has-text-color\" style=\"color:#39574f\"><strong>Occasions stimulantes de parler, de pr\u00e9senter et de collaborer<\/strong><\/h2>\n\n\n\n<p class=\"has-text-align-center has-medium-font-size\">Dre L\u00e9on est engag\u00e9e \u00e0 faire progresser le domaine de la psychologie et ses contributions vont au-del\u00e0 de la supervision et du coaching. Elle est ouverte aux pr\u00e9sentations, aux conf\u00e9rences et \u00e0 la collaboration dans le cadre de projets de recherche ou professionnels. En tirant parti de l\u2019expertise et du r\u00e9seau de Dre L\u00e9on, vous pouvez \u00e9largir votre port\u00e9e, contribuer au domaine de la psychologie et cr\u00e9er des liens significatifs au sein de la communaut\u00e9 psychologique.<\/p>\n\n\n\n<div style=\"height:25px\" aria-hidden=\"true\" class=\"wp-block-spacer\"><\/div>\n\n\n\n<hr class=\"wp-block-separator has-alpha-channel-opacity\"\/>\n\n\n\n<div style=\"height:25px\" aria-hidden=\"true\" class=\"wp-block-spacer\"><\/div>\n\n\n\n<h2 class=\"wp-block-heading has-text-align-center has-text-color\" style=\"color:#39574f\"><strong>Votre partenaire de confiance pour les meilleurs soins possibles.<\/strong><\/h2>\n\n\n\n<p class=\"has-text-align-center has-medium-font-size\">Faites le premier pas vers la croissance professionnelle et la prestation de soins optimaux. Il est temps d\u2019investir dans votre expertise et d\u2019\u00e9largir vos connaissances en sant\u00e9 mentale et en troubles cognitifs. Planifiez votre consultation gratuite avec Dr L\u00e9on aujourd\u2019hui en cliquant sur le bouton ci-dessous.&nbsp;<\/p>\n\n\n\n<div class=\"wp-block-buttons is-content-justification-center is-layout-flex wp-container-core-buttons-is-layout-16018d1d wp-block-buttons-is-layout-flex\">\n<div class=\"wp-block-button\"><a class=\"wp-block-button__link has-background wp-element-button\" href=\"https:\/\/leonpsychology.janeapp.com\/\" style=\"background-color:#39574f\">Consultation gratuite<\/a><\/div>\n<\/div>\n\n\n\n<p><\/p>\n<div style='text-align:center' class='yasr-auto-insert-overall'><\/div>","protected":false},"excerpt":{"rendered":"<p>Consultation gratuite de 15 minutes avec un psychologue pour le Qu\u00e9bec et l'Ontario | Ottawa, Toronto, Gatineau, Montr\u00e9al, Laval Acc\u00e9dez \u00e0 des informations pr\u00e9cieuses Que vous travailliez avec des adultes ou des enfants\/adolescents, et leurs parents, nous sommes ici pour vous offrir une ressource pr\u00e9cieuse - une consultation psychologique gratuite de 15 minutes avec le Dr Leon. Notez que vous devrez cr\u00e9er un compte pour r\u00e9server la consultation. <a class=\"read-more\" href=\"https:\/\/leonpsychology.ca\/fr\/psychology-consultation-services-for-professionals\/\">LIRE LA SUITE<\/a><\/p>","protected":false},"author":1,"featured_media":0,"parent":0,"menu_order":0,"comment_status":"closed","ping_status":"closed","template":"","meta":{"_seopress_robots_primary_cat":"","_seopress_titles_title":"Free Psychology Consultations in Quebec & Ontario | Leon Psychology Clinic","_seopress_titles_desc":"Explore free psychology consultations exclusively for professionals in Quebec & Ontario. Get expert guidance, schedule your consultation now!","_seopress_robots_index":"","_seopress_analysis_target_kw":"","_coblocks_attr":"Noto Serif,","_coblocks_dimensions":"","_coblocks_responsive_height":"","_coblocks_accordion_ie_support":"","yasr_overall_rating":0,"yasr_post_is_review":"","yasr_auto_insert_disabled":"","yasr_review_type":"","footnotes":""},"class_list":["post-132","page","type-page","status-publish","hentry"],"yasr_visitor_votes":{"stars_attributes":{"read_only":true,"span_bottom":"<div class='yasr-small-block-bold'><span class='yasr-visitor-votes-must-sign-in'>You must sign in to vote<\/span><\/div>"},"number_of_votes":0,"sum_votes":0},"_links":{"self":[{"href":"https:\/\/leonpsychology.ca\/fr\/wp-json\/wp\/v2\/pages\/132","targetHints":{"allow":["GET"]}}],"collection":[{"href":"https:\/\/leonpsychology.ca\/fr\/wp-json\/wp\/v2\/pages"}],"about":[{"href":"https:\/\/leonpsychology.ca\/fr\/wp-json\/wp\/v2\/types\/page"}],"author":[{"embeddable":true,"href":"https:\/\/leonpsychology.ca\/fr\/wp-json\/wp\/v2\/users\/1"}],"replies":[{"embeddable":true,"href":"https:\/\/leonpsychology.ca\/fr\/wp-json\/wp\/v2\/comments?post=132"}],"version-history":[{"count":45,"href":"https:\/\/leonpsychology.ca\/fr\/wp-json\/wp\/v2\/pages\/132\/revisions"}],"predecessor-version":[{"id":3697,"href":"https:\/\/leonpsychology.ca\/fr\/wp-json\/wp\/v2\/pages\/132\/revisions\/3697"}],"wp:attachment":[{"href":"https:\/\/leonpsychology.ca\/fr\/wp-json\/wp\/v2\/media?parent=132"}],"curies":[{"name":"wp","href":"https:\/\/api.w.org\/{rel}","templated":true}]}}