{"id":1664,"date":"2023-08-09T02:01:23","date_gmt":"2023-08-09T02:01:23","guid":{"rendered":"https:\/\/leonpsychology.ca\/?page_id=1664"},"modified":"2026-04-13T19:50:49","modified_gmt":"2026-04-13T19:50:49","slug":"parentalite-psychologie-blog","status":"publish","type":"page","link":"https:\/\/leonpsychology.ca\/fr\/parenting-psychology-blog\/","title":{"rendered":"Articles du blog sur la parentalit\u00e9"},"content":{"rendered":"<h2 class=\"wp-block-heading has-text-color\" style=\"color:#39574f\"><strong>Articles sur la parentalit\u00e9<\/strong><\/h2>\n\n\n\n<p class=\"has-medium-font-size\">Explorez nos articles ci-dessous qui pr\u00e9sentent des faits psychologiques sur la parentalit\u00e9 et les enfants.<\/p>\n\n\n<div class=\"wp-block-coblocks-posts is-style-stacked\"><div class=\"wp-block-coblocks-posts__inner has-columns has-2-columns has-responsive-columns has-sixteen-to-nine-image\"><div class=\"wp-block-coblocks-posts__item\"><div class=\"wp-block-coblocks-posts__image\"><a href=\"https:\/\/leonpsychology.ca\/fr\/parent-guide-to-suicidal-ideation-in-children-and-teens-warning-signs-how-to-talk-about-it-and-when-to-get-help\/\" class=\"bg-cover bg-center-center\" style=\"background-image:url(https:\/\/leonpsychology.ca\/wp-content\/uploads\/2025\/10\/distressed-teen2-scaled.jpg)\"><\/a><\/div><div class=\"wp-block-coblocks-posts__content\"><a href=\"https:\/\/leonpsychology.ca\/fr\/parent-guide-to-suicidal-ideation-in-children-and-teens-warning-signs-how-to-talk-about-it-and-when-to-get-help\/\" alt=\"PARENT GUIDE TO SUICIDAL IDEATION IN CHILDREN AND TEENS: WARNING SIGNS, HOW TO TALK ABOUT IT, AND WHEN TO GET HELP\">GUIDE DES PARENTS SUR LES ID\u00c9ES SUICIDAIRES CHEZ LES ENFANTS ET LES ADOLESCENTS : SIGNES AVANT-COUREURS, COMMENT EN PARLER ET QUAND OBTENIR DE L'AIDE<\/a><div class=\"wp-block-coblocks-posts__excerpt\">Les id\u00e9es suicidaires (pens\u00e9es sur la mort ou le suicide) sont plus fr\u00e9quentes chez les enfants et les adolescents que ne le pensent de nombreux parents. Ces pens\u00e9es peuvent survenir chez des jeunes souffrant de troubles mentaux tels que la d\u00e9pression, l'anxi\u00e9t\u00e9 ou un traumatisme, mais elles ... <\/div><\/div><\/div><div class=\"wp-block-coblocks-posts__item\"><div class=\"wp-block-coblocks-posts__image\"><a href=\"https:\/\/leonpsychology.ca\/fr\/why-children-and-teens-act-disrespectful-understanding-rude-and-defiant-behaviour\/\" class=\"bg-cover bg-center-center\" style=\"background-image:url(https:\/\/leonpsychology.ca\/wp-content\/uploads\/2025\/08\/rude-scaled.jpg)\"><\/a><\/div><div class=\"wp-block-coblocks-posts__content\"><a href=\"https:\/\/leonpsychology.ca\/fr\/why-children-and-teens-act-disrespectful-understanding-rude-and-defiant-behaviour\/\" alt=\"WHY CHILDREN AND TEENS ACT DISRESPECTFUL: UNDERSTANDING RUDE AND DEFIANT BEHAVIOUR\">POURQUOI LES ENFANTS ET LES ADOLESCENTS MANQUENT DE RESPECT : COMPRENDRE LES COMPORTEMENTS IMPOLIS ET PROVOCATEURS<\/a><div class=\"wp-block-coblocks-posts__excerpt\">Lorsque les parents font face aux hauts et aux bas du comportement des enfants et des adolescents, il est fr\u00e9quent qu'ils se sentent frustr\u00e9s lorsque leur enfant r\u00e9agit d'une mani\u00e8re qui semble impolie ou provocante. Souvent, cette frustration conduit les parents \u00e0 \u00e9tiqueter ... <\/div><\/div><\/div><div class=\"wp-block-coblocks-posts__item\"><div class=\"wp-block-coblocks-posts__image\"><a href=\"https:\/\/leonpsychology.ca\/fr\/why-do-children-lie-understanding-the-reasons-behind-their-deception\/\" class=\"bg-cover bg-center-center\" style=\"background-image:url(https:\/\/leonpsychology.ca\/wp-content\/uploads\/2024\/11\/kelly-sikkema-pmxoh8zjnb0-unsplash-1-scaled.jpg)\"><\/a><\/div><div class=\"wp-block-coblocks-posts__content\"><a href=\"https:\/\/leonpsychology.ca\/fr\/why-do-children-lie-understanding-the-reasons-behind-their-deception\/\" alt=\"WHY DO CHILDREN LIE? UNDERSTANDING THE REASONS BEHIND THEIR DECEPTION\">POURQUOI LES ENFANTS MENTENT-ILS ? COMPRENDRE LES RAISONS DERRI\u00c8RE LEURS MENSONGES<\/a><div class=\"wp-block-coblocks-posts__excerpt\">Les parents sont souvent frustr\u00e9s lorsqu'ils d\u00e9couvrent que leur enfant a menti. Les enfants mentent souvent pour diverses raisons, que ce soit pour \u00e9viter une punition, pour attirer l'attention ou en raison de leur imagination d\u00e9bordante. Bien que ce comportement fasse partie int\u00e9grante ... <\/div><\/div><\/div><div class=\"wp-block-coblocks-posts__item\"><div class=\"wp-block-coblocks-posts__image\"><a href=\"https:\/\/leonpsychology.ca\/fr\/reward-charts-for-positive-reinforcement-what-not-to-do\/\" class=\"bg-cover bg-center-center\" style=\"background-image:url(https:\/\/leonpsychology.ca\/wp-content\/uploads\/2024\/11\/senjuti-kundu-jfolijrnvey-unsplash22-scaled.jpg)\"><\/a><\/div><div class=\"wp-block-coblocks-posts__content\"><a href=\"https:\/\/leonpsychology.ca\/fr\/reward-charts-for-positive-reinforcement-what-not-to-do\/\" alt=\"REWARD CHARTS FOR POSITIVE REINFORCEMENT: WHAT NOT TO DO\">TABLEAUX DE R\u00c9COMPENSES POUR LE RENFORCEMENT POSITIF : CE QU'IL NE FAUT PAS FAIRE<\/a><div class=\"wp-block-coblocks-posts__excerpt\">Imaginez votre enfant qui s\u2019illumine de fiert\u00e9 en pla\u00e7ant un autocollant sur son tableau des r\u00e9compenses, se sentant reconnu pour un travail bien fait. Les tableaux de r\u00e9compense, parfois appel\u00e9s tableaux de comportement, peuvent \u00eatre des outils fantastiques pour renforcer les comportements positifs ... <\/div><\/div><\/div><div class=\"wp-block-coblocks-posts__item\"><div class=\"wp-block-coblocks-posts__image\"><a href=\"https:\/\/leonpsychology.ca\/fr\/executive-functions-demystified-strategies-to-improve-organization-task-completion-and-more\/\" class=\"bg-cover bg-center-center\" style=\"background-image:url(https:\/\/leonpsychology.ca\/wp-content\/uploads\/2023\/11\/larisa-birta-slbocnlwnha-unsplash-scaled.jpg)\"><\/a><\/div><div class=\"wp-block-coblocks-posts__content\"><a href=\"https:\/\/leonpsychology.ca\/fr\/executive-functions-demystified-strategies-to-improve-organization-task-completion-and-more\/\" alt=\"EXECUTIVE FUNCTIONS DEMYSTIFIED: STRATEGIES TO IMPROVE ORGANIZATION, TASK COMPLETION, AND MORE\">LES FONCTIONS EX\u00c9CUTIVES D\u00c9MYSTIFI\u00c9ES : DES STRAT\u00c9GIES POUR AM\u00c9LIORER L'ORGANISATION, L'ACCOMPLISSEMENT DES T\u00c2CHES ET PLUS ENCORE<\/a><div class=\"wp-block-coblocks-posts__excerpt\">Imaginez votre cerveau comme un orchestre, et les fonctions ex\u00e9cutives comme le chef d'orchestre assis tout \u00e0 l'avant du cerveau (derri\u00e8re votre front). Comme le chef d'orchestre ... <\/div><\/div><\/div><div class=\"wp-block-coblocks-posts__item\"><div class=\"wp-block-coblocks-posts__image\"><a href=\"https:\/\/leonpsychology.ca\/fr\/how-our-minds-filter-information-understanding-inattention\/\" class=\"bg-cover bg-center-center\" style=\"background-image:url(https:\/\/leonpsychology.ca\/wp-content\/uploads\/2023\/11\/isaac-davis-rzci3md-6ho-unsplash-scaled.jpg)\"><\/a><\/div><div class=\"wp-block-coblocks-posts__content\"><a href=\"https:\/\/leonpsychology.ca\/fr\/how-our-minds-filter-information-understanding-inattention\/\" alt=\"HOW OUR MINDS FILTER INFORMATION: UNDERSTANDING INATTENTION\">COMMENT NOTRE ESPRIT FILTRE LES INFORMATIONS : COMPRENDRE L'INATTENTION<\/a><div class=\"wp-block-coblocks-posts__excerpt\">Imaginez que la capacit\u00e9 d'attention de votre cerveau est comparable \u00e0 un phare de camping. Lorsque vous \u00eates concentr\u00e9, ce phare brille sur ce que vous faites. Mais pour certaines personnes, ce phare vacille ou ... <\/div><\/div><\/div><div class=\"wp-block-coblocks-posts__item\"><div class=\"wp-block-coblocks-posts__image\"><a href=\"https:\/\/leonpsychology.ca\/fr\/back-to-school-issues-what-you-need-to-know-about-after-school-meltdowns\/\" class=\"bg-cover bg-center-center\" style=\"background-image:url(https:\/\/leonpsychology.ca\/wp-content\/uploads\/2023\/09\/back-to-school-scaled.jpg)\"><\/a><\/div><div class=\"wp-block-coblocks-posts__content\"><a href=\"https:\/\/leonpsychology.ca\/fr\/back-to-school-issues-what-you-need-to-know-about-after-school-meltdowns\/\" alt=\"BACK TO SCHOOL ISSUES: WHAT YOU NEED TO KNOW ABOUT AFTER-SCHOOL MELTDOWNS\">RETOUR \u00c0 L\u2019\u00c9COLE\u00a0: CE QUE VOUS DEVEZ SAVOIR SUR LES CRISES APR\u00c8S L\u2019\u00c9COLE<\/a><div class=\"wp-block-coblocks-posts__excerpt\">Il est 15 h 30. Votre enfant ou adolescent descend de l\u2019autobus ou vous le ramasser \u00e0 l\u2019\u00e9cole. M\u00eame si votre enfant ou adolescent sourit et rit habituellement, il a l\u2019air maussade ou abattu. Il vous ignore ... <\/div><\/div><\/div><div class=\"wp-block-coblocks-posts__item\"><div class=\"wp-block-coblocks-posts__image\"><a href=\"https:\/\/leonpsychology.ca\/fr\/worried-about-jealousy-towards-the-new-baby-a-guide-to-preparing-your-toddler-for-a-new-sibling\/\" class=\"bg-cover bg-center-center\" style=\"background-image:url(https:\/\/leonpsychology.ca\/wp-content\/uploads\/2023\/09\/mulyadi-32wzyoifih4-unsplash2-scaled.jpg)\"><\/a><\/div><div class=\"wp-block-coblocks-posts__content\"><a href=\"https:\/\/leonpsychology.ca\/fr\/worried-about-jealousy-towards-the-new-baby-a-guide-to-preparing-your-toddler-for-a-new-sibling\/\" alt=\"WORRIED ABOUT JEALOUSY TOWARDS THE NEW BABY? A GUIDE TO PREPARING YOUR TODDLER FOR A NEW SIBLING\">LA JALOUSIE \u00c0 L'\u00c9GARD DU NOUVEAU B\u00c9B\u00c9 VOUS PR\u00c9OCCUPE ? UN GUIDE POUR PR\u00c9PARER VOTRE TOUT-PETIT \u00c0 L'ARRIV\u00c9E D'UN NOUVEAU FR\u00c8RE OU D'UNE NOUVELLE S\u0152UR<\/a><div class=\"wp-block-coblocks-posts__excerpt\">Vous attendez un deuxi\u00e8me (ou troisi\u00e8me, ou quatri\u00e8me !) b\u00e9b\u00e9 ? F\u00e9licitations ! Voici quelques conseils pour pr\u00e9parer et g\u00e9rer la jalousie de votre a\u00een\u00e9... <\/div><\/div><\/div><div class=\"wp-block-coblocks-posts__item\"><div class=\"wp-block-coblocks-posts__image\"><a href=\"https:\/\/leonpsychology.ca\/fr\/troubleshooting-potty-training-issues-5-common-problems-and-how-to-address-them\/\" class=\"bg-cover bg-center-center\" style=\"background-image:url(https:\/\/leonpsychology.ca\/wp-content\/uploads\/2023\/08\/toilet-training-1-scaled.jpg)\"><\/a><\/div><div class=\"wp-block-coblocks-posts__content\"><a href=\"https:\/\/leonpsychology.ca\/fr\/troubleshooting-potty-training-issues-5-common-problems-and-how-to-address-them\/\" alt=\"TROUBLESHOOTING POTTY TRAINING ISSUES: 5 COMMON PROBLEMS AND HOW TO ADDRESS THEM\">L'APPRENTISSAGE DE LA PROPRET\u00c9 : 5 PROBL\u00c8MES COURANTS ET COMMENT LES R\u00c9SOUDRE<\/a><div class=\"wp-block-coblocks-posts__excerpt\">Les enfants ne se d\u00e9veloppent pas tous au m\u00eame rythme, et il en va de m\u00eame pour l'apprentissage de la propret\u00e9. Certains enfants sont pr\u00eats \u00e0 apprendre la propret\u00e9 plus t\u00f4t que d'autres ; certains peuvent \u00eatre pr\u00eats avant l'\u00e2ge de 2 ans, d'autres apr\u00e8s 4 ans. <\/div><\/div><\/div><div class=\"wp-block-coblocks-posts__item\"><div class=\"wp-block-coblocks-posts__image\"><a href=\"https:\/\/leonpsychology.ca\/fr\/parental-burnout\/\" class=\"bg-cover bg-center-center\" style=\"background-image:url(https:\/\/leonpsychology.ca\/wp-content\/uploads\/2023\/07\/burnout-scaled.jpg)\"><\/a><\/div><div class=\"wp-block-coblocks-posts__content\"><a href=\"https:\/\/leonpsychology.ca\/fr\/parental-burnout\/\" alt=\"PARENTAL BURNOUT: PUTTING SELF-CARE AT THE HEART OF PARENTING\">L'\u00c9PUISEMENT PARENTAL : PLACER LES AUTOSOINS AU C\u0152UR DE LA PARENTALIT\u00c9<\/a><div class=\"wp-block-coblocks-posts__excerpt\">Des moyens simples mais efficaces pour permettre aux parents de prendre soin d'eux-m\u00eames afin de pr\u00e9venir l'\u00e9puisement parental. \u00c9lever des enfants peut \u00eatre l'une des ... <\/div><\/div><\/div><div class=\"wp-block-coblocks-posts__item\"><div class=\"wp-block-coblocks-posts__image\"><a href=\"https:\/\/leonpsychology.ca\/fr\/child-teen-emotional-regulation-strategies\/\" class=\"bg-cover bg-center-center\" style=\"background-image:url(https:\/\/leonpsychology.ca\/wp-content\/uploads\/2023\/05\/dance-scaled.jpg)\"><\/a><\/div><div class=\"wp-block-coblocks-posts__content\"><a href=\"https:\/\/leonpsychology.ca\/fr\/child-teen-emotional-regulation-strategies\/\" alt=\"5 EMOTIONAL REGULATION STRATEGIES FOR CHILDREN &#038; TEENS\">5 STRAT\u00c9GIES DE R\u00c9GULATION \u00c9MOTIONNELLE POUR LES ENFANTS ET LES ADOLESCENTS<\/a><div class=\"wp-block-coblocks-posts__excerpt\">La r\u00e9gulation \u00e9motionnelle est un \u00e9l\u00e9ment important du d\u00e9veloppement de l'enfant. En tant que parents, il nous incombe d'aider nos enfants \u00e0 apprendre \u00e0 g\u00e9rer leurs \u00e9motions et sentiments difficiles... <\/div><\/div><\/div><div class=\"wp-block-coblocks-posts__item\"><div class=\"wp-block-coblocks-posts__image\"><a href=\"https:\/\/leonpsychology.ca\/fr\/helping-kids-and-teens-with-adhd-reach-their-full-potential\/\" class=\"bg-cover bg-center-center\" style=\"background-image:url(https:\/\/leonpsychology.ca\/wp-content\/uploads\/2023\/05\/photo-tdah2-scaled.jpg)\"><\/a><\/div><div class=\"wp-block-coblocks-posts__content\"><a href=\"https:\/\/leonpsychology.ca\/fr\/helping-kids-and-teens-with-adhd-reach-their-full-potential\/\" alt=\"ADHD IN CHILDREN AND ADOLESCENTS: 10 TIPS FOR REACHING THEIR FULL POTENTIAL\">LE TDAH CHEZ LES ENFANTS ET LES ADOLESCENTS : 10 CONSEILS POUR ATTEINDRE LEUR PLEIN POTENTIEL<\/a><div class=\"wp-block-coblocks-posts__excerpt\">Lib\u00e9rez le v\u00e9ritable potentiel de votre enfant gr\u00e2ce \u00e0 des conseils d'experts sur le TDAH chez l'enfant. D\u00e9couvrez des strat\u00e9gies efficaces pour aider votre enfant \u00e0 s'\u00e9panouir. \u00c9lever ... <\/div><\/div><\/div><div class=\"wp-block-coblocks-posts__item\"><div class=\"wp-block-coblocks-posts__image\"><a href=\"https:\/\/leonpsychology.ca\/fr\/sleep-hygiene-healthy-habits-for-better-sleep\/\" class=\"bg-cover bg-center-center\" style=\"background-image:url(https:\/\/leonpsychology.ca\/wp-content\/uploads\/2023\/03\/sleep-scaled.jpg)\"><\/a><\/div><div class=\"wp-block-coblocks-posts__content\"><a href=\"https:\/\/leonpsychology.ca\/fr\/sleep-hygiene-healthy-habits-for-better-sleep\/\" alt=\"8 WAYS TO PROMOTE GOOD SLEEP HYGIENE FOR KIDS AND TEENS\">8 FA\u00c7ONS DE PROMOUVOIR UNE BONNE HYGI\u00c8NE DU SOMMEIL CHEZ LES ENFANTS ET LES ADOLESCENTS<\/a><div class=\"wp-block-coblocks-posts__excerpt\">Nous savons tous \u00e0 quel point une bonne nuit de sommeil est cruciale pour la croissance et le bien-\u00eatre des enfants. Dans cet article, nous explorerons des strat\u00e9gies pratiques pour \u00e9tablir une routine de sommeil solide et cr\u00e9er un environnement propice au sommeil pour ... <\/div><\/div><\/div><div class=\"wp-block-coblocks-posts__item\"><div class=\"wp-block-coblocks-posts__image\"><a href=\"https:\/\/leonpsychology.ca\/fr\/social-emotional-learning-reading\/\" class=\"bg-cover bg-center-center\" style=\"background-image:url(https:\/\/leonpsychology.ca\/wp-content\/uploads\/2022\/12\/family-reading-baby.jpg)\"><\/a><\/div><div class=\"wp-block-coblocks-posts__content\"><a href=\"https:\/\/leonpsychology.ca\/fr\/social-emotional-learning-reading\/\" alt=\"HOW TO TEACH SOCIAL-EMOTIONAL LEARNING THROUGH READING\">COMMENT ENSEIGNER L'APPRENTISSAGE SOCIO-\u00c9MOTIONNEL PAR LA LECTURE<\/a><div class=\"wp-block-coblocks-posts__excerpt\">Apprenez \u00e0 stimuler le d\u00e9veloppement social et \u00e9motionnel de votre enfant gr\u00e2ce \u00e0 la lecture. Donnez \u00e0 votre enfant des comp\u00e9tences essentielles pour un avenir meilleur.  Vous ... <\/div><\/div><\/div><div class=\"wp-block-coblocks-posts__item\"><div class=\"wp-block-coblocks-posts__image\"><a href=\"https:\/\/leonpsychology.ca\/fr\/how-to-promote-empathy-in-children\/\" class=\"bg-cover bg-center-center\" style=\"background-image:url(https:\/\/leonpsychology.ca\/wp-content\/uploads\/2022\/12\/anna-kolosyuk-4R6pg0Iq5IU-unsplash-scaled.jpg)\"><\/a><\/div><div class=\"wp-block-coblocks-posts__content\"><a href=\"https:\/\/leonpsychology.ca\/fr\/how-to-promote-empathy-in-children\/\" alt=\"5 SIMPLE STEPS FOR PROMOTING EMPATHY IN CHILDREN\">5 \u00c9TAPES SIMPLES POUR PROMOUVOIR L'EMPATHIE CHEZ LES ENFANTS<\/a><div class=\"wp-block-coblocks-posts__excerpt\">Un guide \u00e0 l'usage des parents pour cultiver l'empathie chez les enfants en favorisant les liens de compassion - voici ce qu'il faut savoir sur le d\u00e9veloppement de l'empathie chez les enfants.  Vous&#039;\u00eates ... <\/div><\/div><\/div><div class=\"wp-block-coblocks-posts__item\"><div class=\"wp-block-coblocks-posts__image\"><a href=\"https:\/\/leonpsychology.ca\/fr\/child-teen-concussion\/\" class=\"bg-cover bg-center-center\" style=\"background-image:url(https:\/\/leonpsychology.ca\/wp-content\/uploads\/2022\/12\/skating.jpg)\"><\/a><\/div><div class=\"wp-block-coblocks-posts__content\"><a href=\"https:\/\/leonpsychology.ca\/fr\/child-teen-concussion\/\" alt=\"CHILD AND ADOLESCENT CONCUSSIONS 101: THE ULTIMATE PARENT&#8217;S GUIDE\">COMMOTIONS C\u00c9R\u00c9BRALES CHEZ L'ENFANT ET L'ADOLESCENT 101 : LE GUIDE ULTIME DU PARENT<\/a><div class=\"wp-block-coblocks-posts__excerpt\">D\u00e9couvrez ce que sont les commotions c\u00e9r\u00e9brales, comment elles affectent les enfants, les mesures de pr\u00e9vention et les conseils pour favoriser la gu\u00e9rison. En tant que parents, nous savons que les enfants ... <\/div><\/div><\/div><div class=\"wp-block-coblocks-posts__item\"><div class=\"wp-block-coblocks-posts__image\"><a href=\"https:\/\/leonpsychology.ca\/fr\/parent-guide-to-boundaries-during-the-holidays\/\" class=\"bg-cover bg-center-center\" style=\"background-image:url(https:\/\/leonpsychology.ca\/wp-content\/uploads\/2022\/11\/holiday-pic-scaled.jpg)\"><\/a><\/div><div class=\"wp-block-coblocks-posts__content\"><a href=\"https:\/\/leonpsychology.ca\/fr\/parent-guide-to-boundaries-during-the-holidays\/\" alt=\"HOW TO SET BOUNDARIES DURING THE HOLIDAYS: A PARENT&#8217;S GUIDE\">COMMENT FIXER DES LIMITES PENDANT LES VACANCES : UN GUIDE POUR LES PARENTS<\/a><div class=\"wp-block-coblocks-posts__excerpt\">Si vous \u00eates comme moi, la p\u00e9riode des F\u00eates qui s\u2019en vient est \u00e0 la fois quelque chose d'excitant et une source de stress. Pourquoi? Parce que m\u00eame si j\u2019aime le temps libre, les longues promenades dans la neige, \u2026 <\/div><\/div><\/div><\/div><\/div><div style='text-align:center' class='yasr-auto-insert-overall'><\/div>","protected":false},"excerpt":{"rendered":"<p>Articles sur l'art d'\u00eatre parent D\u00e9couvrez ci-dessous nos articles d\u00e9crivant des faits psychologiques sur l'art d'\u00eatre parent et sur les enfants.<\/p>","protected":false},"author":1,"featured_media":0,"parent":0,"menu_order":0,"comment_status":"closed","ping_status":"closed","template":"","meta":{"_seopress_robots_primary_cat":"","_seopress_titles_title":"Psychology articles answering questions about common parenting problems | Leon Psychology Clinic","_seopress_titles_desc":"Learn evidence-based tips and strategies for common issues related to parenting and child development.","_seopress_robots_index":"","_coblocks_attr":"","_coblocks_dimensions":"","_coblocks_responsive_height":"","_coblocks_accordion_ie_support":"","yasr_overall_rating":0,"yasr_post_is_review":"","yasr_auto_insert_disabled":"","yasr_review_type":"","footnotes":""},"class_list":["post-1664","page","type-page","status-publish","hentry"],"yasr_visitor_votes":{"stars_attributes":{"read_only":true,"span_bottom":"<div class='yasr-small-block-bold'><span class='yasr-visitor-votes-must-sign-in'>You must sign in to vote<\/span><\/div>"},"number_of_votes":0,"sum_votes":0},"_links":{"self":[{"href":"https:\/\/leonpsychology.ca\/fr\/wp-json\/wp\/v2\/pages\/1664","targetHints":{"allow":["GET"]}}],"collection":[{"href":"https:\/\/leonpsychology.ca\/fr\/wp-json\/wp\/v2\/pages"}],"about":[{"href":"https:\/\/leonpsychology.ca\/fr\/wp-json\/wp\/v2\/types\/page"}],"author":[{"embeddable":true,"href":"https:\/\/leonpsychology.ca\/fr\/wp-json\/wp\/v2\/users\/1"}],"replies":[{"embeddable":true,"href":"https:\/\/leonpsychology.ca\/fr\/wp-json\/wp\/v2\/comments?post=1664"}],"version-history":[{"count":8,"href":"https:\/\/leonpsychology.ca\/fr\/wp-json\/wp\/v2\/pages\/1664\/revisions"}],"predecessor-version":[{"id":3701,"href":"https:\/\/leonpsychology.ca\/fr\/wp-json\/wp\/v2\/pages\/1664\/revisions\/3701"}],"wp:attachment":[{"href":"https:\/\/leonpsychology.ca\/fr\/wp-json\/wp\/v2\/media?parent=1664"}],"curies":[{"name":"wp","href":"https:\/\/api.w.org\/{rel}","templated":true}]}}