{"id":1683,"date":"2023-08-09T02:25:55","date_gmt":"2023-08-09T02:25:55","guid":{"rendered":"https:\/\/leonpsychology.ca\/?page_id=1683"},"modified":"2026-05-06T12:29:06","modified_gmt":"2026-05-06T12:29:06","slug":"faits-sur-la-psychologie-des-adolescents","status":"publish","type":"page","link":"https:\/\/leonpsychology.ca\/fr\/teen-psychology-facts\/","title":{"rendered":"Adolescents Articles de blog"},"content":{"rendered":"<h2 class=\"wp-block-heading has-text-color\" style=\"color:#39574f\">Adolescents<\/h2>\n\n\n\n<p class=\"has-medium-font-size\">D\u00e9couvrez ci-dessous nos articles d\u00e9crivant les faits psychologiques concernant les adolescents.<\/p>\n\n\n<div class=\"wp-block-coblocks-posts is-style-stacked\"><div class=\"wp-block-coblocks-posts__inner has-columns has-2-columns has-responsive-columns has-sixteen-to-nine-image\"><div class=\"wp-block-coblocks-posts__item\"><div class=\"wp-block-coblocks-posts__image\"><a href=\"https:\/\/leonpsychology.ca\/fr\/parent-guide-to-suicidal-ideation-in-children-and-teens-warning-signs-how-to-talk-about-it-and-when-to-get-help\/\" class=\"bg-cover bg-center-center\" style=\"background-image:url(https:\/\/leonpsychology.ca\/wp-content\/uploads\/2025\/10\/distressed-teen2-scaled.jpg)\"><\/a><\/div><div class=\"wp-block-coblocks-posts__content\"><a href=\"https:\/\/leonpsychology.ca\/fr\/parent-guide-to-suicidal-ideation-in-children-and-teens-warning-signs-how-to-talk-about-it-and-when-to-get-help\/\" alt=\"PARENT GUIDE TO SUICIDAL IDEATION IN CHILDREN AND TEENS: WARNING SIGNS, HOW TO TALK ABOUT IT, AND WHEN TO GET HELP\">GUIDE DES PARENTS SUR LES ID\u00c9ES SUICIDAIRES CHEZ LES ENFANTS ET LES ADOLESCENTS : SIGNES AVANT-COUREURS, COMMENT EN PARLER ET QUAND OBTENIR DE L'AIDE<\/a><div class=\"wp-block-coblocks-posts__excerpt\">Les id\u00e9es suicidaires (pens\u00e9es sur la mort ou le suicide) sont plus fr\u00e9quentes chez les enfants et les adolescents que ne le pensent de nombreux parents. Ces pens\u00e9es peuvent survenir chez des jeunes souffrant de troubles mentaux tels que la d\u00e9pression, l'anxi\u00e9t\u00e9 ou un traumatisme, mais elles ... <\/div><\/div><\/div><div class=\"wp-block-coblocks-posts__item\"><div class=\"wp-block-coblocks-posts__image\"><a href=\"https:\/\/leonpsychology.ca\/fr\/why-children-and-teens-act-disrespectful-understanding-rude-and-defiant-behaviour\/\" class=\"bg-cover bg-center-center\" style=\"background-image:url(https:\/\/leonpsychology.ca\/wp-content\/uploads\/2025\/08\/rude-scaled.jpg)\"><\/a><\/div><div class=\"wp-block-coblocks-posts__content\"><a href=\"https:\/\/leonpsychology.ca\/fr\/why-children-and-teens-act-disrespectful-understanding-rude-and-defiant-behaviour\/\" alt=\"WHY CHILDREN AND TEENS ACT DISRESPECTFUL: UNDERSTANDING RUDE AND DEFIANT BEHAVIOUR\">POURQUOI LES ENFANTS ET LES ADOLESCENTS MANQUENT DE RESPECT : COMPRENDRE LES COMPORTEMENTS IMPOLIS ET PROVOCATEURS<\/a><div class=\"wp-block-coblocks-posts__excerpt\">Lorsque les parents font face aux hauts et aux bas du comportement des enfants et des adolescents, il est fr\u00e9quent qu'ils se sentent frustr\u00e9s lorsque leur enfant r\u00e9agit d'une mani\u00e8re qui semble impolie ou provocante. Souvent, cette frustration conduit les parents \u00e0 \u00e9tiqueter ... <\/div><\/div><\/div><div class=\"wp-block-coblocks-posts__item\"><div class=\"wp-block-coblocks-posts__image\"><a href=\"https:\/\/leonpsychology.ca\/fr\/childhood-anxiety\/\" class=\"bg-cover bg-center-center\" style=\"background-image:url(https:\/\/leonpsychology.ca\/wp-content\/uploads\/2024\/01\/ramin-talebi-u_b0jwnkgm0-unsplash-1-scaled.jpg)\"><\/a><\/div><div class=\"wp-block-coblocks-posts__content\"><a href=\"https:\/\/leonpsychology.ca\/fr\/childhood-anxiety\/\" alt=\"UNDERSTANDING CHILDHOOD AND ADOLESCENT ANXIETY: A GUIDE FOR PARENTS\">COMPRENDRE L\u2019ANXI\u00c9T\u00c9 CHEZ LES ENFANTS ET LES ADOLESCENTS\u00a0: UN GUIDE POUR LES PARENTS<\/a><div class=\"wp-block-coblocks-posts__excerpt\">L\u2019anxi\u00e9t\u00e9 fait partie int\u00e9grante de la vie et, \u00e0 petites doses, est utile. Cependant, lorsque l\u2019anxi\u00e9t\u00e9 devient excessive et persistante, elle peut avoir un impact significatif sur le bien-\u00eatre et le fonctionnement quotidien d\u2019un enfant ou d\u2019un adolescent. En tant que parent, il est essentiel de ... <\/div><\/div><\/div><div class=\"wp-block-coblocks-posts__item\"><div class=\"wp-block-coblocks-posts__image\"><a href=\"https:\/\/leonpsychology.ca\/fr\/executive-functions-demystified-strategies-to-improve-organization-task-completion-and-more\/\" class=\"bg-cover bg-center-center\" style=\"background-image:url(https:\/\/leonpsychology.ca\/wp-content\/uploads\/2023\/11\/larisa-birta-slbocnlwnha-unsplash-scaled.jpg)\"><\/a><\/div><div class=\"wp-block-coblocks-posts__content\"><a href=\"https:\/\/leonpsychology.ca\/fr\/executive-functions-demystified-strategies-to-improve-organization-task-completion-and-more\/\" alt=\"EXECUTIVE FUNCTIONS DEMYSTIFIED: STRATEGIES TO IMPROVE ORGANIZATION, TASK COMPLETION, AND MORE\">LES FONCTIONS EX\u00c9CUTIVES D\u00c9MYSTIFI\u00c9ES : DES STRAT\u00c9GIES POUR AM\u00c9LIORER L'ORGANISATION, L'ACCOMPLISSEMENT DES T\u00c2CHES ET PLUS ENCORE<\/a><div class=\"wp-block-coblocks-posts__excerpt\">Imaginez votre cerveau comme un orchestre, et les fonctions ex\u00e9cutives comme le chef d'orchestre assis tout \u00e0 l'avant du cerveau (derri\u00e8re votre front). Comme le chef d'orchestre ... <\/div><\/div><\/div><div class=\"wp-block-coblocks-posts__item\"><div class=\"wp-block-coblocks-posts__image\"><a href=\"https:\/\/leonpsychology.ca\/fr\/how-our-minds-filter-information-understanding-inattention\/\" class=\"bg-cover bg-center-center\" style=\"background-image:url(https:\/\/leonpsychology.ca\/wp-content\/uploads\/2023\/11\/isaac-davis-rzci3md-6ho-unsplash-scaled.jpg)\"><\/a><\/div><div class=\"wp-block-coblocks-posts__content\"><a href=\"https:\/\/leonpsychology.ca\/fr\/how-our-minds-filter-information-understanding-inattention\/\" alt=\"HOW OUR MINDS FILTER INFORMATION: UNDERSTANDING INATTENTION\">COMMENT NOTRE ESPRIT FILTRE LES INFORMATIONS : COMPRENDRE L'INATTENTION<\/a><div class=\"wp-block-coblocks-posts__excerpt\">Imaginez que la capacit\u00e9 d'attention de votre cerveau est comparable \u00e0 un phare de camping. Lorsque vous \u00eates concentr\u00e9, ce phare brille sur ce que vous faites. Mais pour certaines personnes, ce phare vacille ou ... <\/div><\/div><\/div><div class=\"wp-block-coblocks-posts__item\"><div class=\"wp-block-coblocks-posts__image\"><a href=\"https:\/\/leonpsychology.ca\/fr\/perfectionism-signs-risks-strategies-to-cope\/\" class=\"bg-cover bg-center-center\" style=\"background-image:url(https:\/\/leonpsychology.ca\/wp-content\/uploads\/2023\/10\/image.png)\"><\/a><\/div><div class=\"wp-block-coblocks-posts__content\"><a href=\"https:\/\/leonpsychology.ca\/fr\/perfectionism-signs-risks-strategies-to-cope\/\" alt=\"PERFECTIONISM: SIGNS, RISKS, &#038; STRATEGIES TO COPE\">PERFECTIONNISME\u00a0: SIGNES, RISQUES ET STRAT\u00c9GIES POUR G\u00c9RER<\/a><div class=\"wp-block-coblocks-posts__excerpt\">\"Je ne suis pas perfectionniste. Si j'attendais la perfection, je n'\u00e9crirais jamais un mot.\" - Margaret Atwood Nous sommes tous d'accord pour dire que des questions comme la d\u00e9pression ou l'anxi\u00e9t\u00e9 sont probl\u00e9matiques. Mais la perfection est plus d\u00e9licate, principalement parce que de nombreux ... <\/div><\/div><\/div><div class=\"wp-block-coblocks-posts__item\"><div class=\"wp-block-coblocks-posts__image\"><a href=\"https:\/\/leonpsychology.ca\/fr\/helping-kids-and-teens-with-adhd-reach-their-full-potential\/\" class=\"bg-cover bg-center-center\" style=\"background-image:url(https:\/\/leonpsychology.ca\/wp-content\/uploads\/2023\/05\/photo-tdah2-scaled.jpg)\"><\/a><\/div><div class=\"wp-block-coblocks-posts__content\"><a href=\"https:\/\/leonpsychology.ca\/fr\/helping-kids-and-teens-with-adhd-reach-their-full-potential\/\" alt=\"ADHD IN CHILDREN AND ADOLESCENTS: 10 TIPS FOR REACHING THEIR FULL POTENTIAL\">LE TDAH CHEZ LES ENFANTS ET LES ADOLESCENTS : 10 CONSEILS POUR ATTEINDRE LEUR PLEIN POTENTIEL<\/a><div class=\"wp-block-coblocks-posts__excerpt\">Lib\u00e9rez le v\u00e9ritable potentiel de votre enfant gr\u00e2ce \u00e0 des conseils d'experts sur le TDAH chez l'enfant. D\u00e9couvrez des strat\u00e9gies efficaces pour aider votre enfant \u00e0 s'\u00e9panouir. \u00c9lever ... <\/div><\/div><\/div><div class=\"wp-block-coblocks-posts__item\"><div class=\"wp-block-coblocks-posts__image\"><a href=\"https:\/\/leonpsychology.ca\/fr\/sleep-hygiene-healthy-habits-for-better-sleep\/\" class=\"bg-cover bg-center-center\" style=\"background-image:url(https:\/\/leonpsychology.ca\/wp-content\/uploads\/2023\/03\/sleep-scaled.jpg)\"><\/a><\/div><div class=\"wp-block-coblocks-posts__content\"><a href=\"https:\/\/leonpsychology.ca\/fr\/sleep-hygiene-healthy-habits-for-better-sleep\/\" alt=\"8 WAYS TO PROMOTE GOOD SLEEP HYGIENE FOR KIDS AND TEENS\">8 FA\u00c7ONS DE PROMOUVOIR UNE BONNE HYGI\u00c8NE DU SOMMEIL CHEZ LES ENFANTS ET LES ADOLESCENTS<\/a><div class=\"wp-block-coblocks-posts__excerpt\">Nous savons tous \u00e0 quel point une bonne nuit de sommeil est cruciale pour la croissance et le bien-\u00eatre des enfants. Dans cet article, nous explorerons des strat\u00e9gies pratiques pour \u00e9tablir une routine de sommeil solide et cr\u00e9er un environnement propice au sommeil pour ... <\/div><\/div><\/div><div class=\"wp-block-coblocks-posts__item\"><div class=\"wp-block-coblocks-posts__image\"><a href=\"https:\/\/leonpsychology.ca\/fr\/child-teen-concussion\/\" class=\"bg-cover bg-center-center\" style=\"background-image:url(https:\/\/leonpsychology.ca\/wp-content\/uploads\/2022\/12\/skating.jpg)\"><\/a><\/div><div class=\"wp-block-coblocks-posts__content\"><a href=\"https:\/\/leonpsychology.ca\/fr\/child-teen-concussion\/\" alt=\"CHILD AND ADOLESCENT CONCUSSIONS 101: THE ULTIMATE PARENT&#8217;S GUIDE\">COMMOTIONS C\u00c9R\u00c9BRALES CHEZ L'ENFANT ET L'ADOLESCENT 101 : LE GUIDE ULTIME DU PARENT<\/a><div class=\"wp-block-coblocks-posts__excerpt\">D\u00e9couvrez ce que sont les commotions c\u00e9r\u00e9brales, comment elles affectent les enfants, les mesures de pr\u00e9vention et les conseils pour favoriser la gu\u00e9rison. En tant que parents, nous savons que les enfants ... <\/div><\/div><\/div><\/div><\/div><div style='text-align:center' class='yasr-auto-insert-overall'><\/div>","protected":false},"excerpt":{"rendered":"<p>Adolescents D\u00e9couvrez ci-dessous nos articles d\u00e9crivant des faits psychologiques sur les adolescents.<\/p>","protected":false},"author":1,"featured_media":0,"parent":0,"menu_order":0,"comment_status":"closed","ping_status":"closed","template":"","meta":{"_seopress_robots_primary_cat":"","_seopress_titles_title":"Common psychological problems in adolescents | Leon Psychology Clinic","_seopress_titles_desc":"Learn about evidence-based tips and strategies for common issues related to adolescent and teen mental health.","_seopress_robots_index":"","_seopress_analysis_target_kw":"","_coblocks_attr":"","_coblocks_dimensions":"","_coblocks_responsive_height":"","_coblocks_accordion_ie_support":"","yasr_overall_rating":0,"yasr_post_is_review":"","yasr_auto_insert_disabled":"","yasr_review_type":"","footnotes":""},"class_list":["post-1683","page","type-page","status-publish","hentry"],"yasr_visitor_votes":{"stars_attributes":{"read_only":true,"span_bottom":"<div class='yasr-small-block-bold'><span class='yasr-visitor-votes-must-sign-in'>You must sign in to vote<\/span><\/div>"},"number_of_votes":0,"sum_votes":0},"_links":{"self":[{"href":"https:\/\/leonpsychology.ca\/fr\/wp-json\/wp\/v2\/pages\/1683","targetHints":{"allow":["GET"]}}],"collection":[{"href":"https:\/\/leonpsychology.ca\/fr\/wp-json\/wp\/v2\/pages"}],"about":[{"href":"https:\/\/leonpsychology.ca\/fr\/wp-json\/wp\/v2\/types\/page"}],"author":[{"embeddable":true,"href":"https:\/\/leonpsychology.ca\/fr\/wp-json\/wp\/v2\/users\/1"}],"replies":[{"embeddable":true,"href":"https:\/\/leonpsychology.ca\/fr\/wp-json\/wp\/v2\/comments?post=1683"}],"version-history":[{"count":3,"href":"https:\/\/leonpsychology.ca\/fr\/wp-json\/wp\/v2\/pages\/1683\/revisions"}],"predecessor-version":[{"id":3791,"href":"https:\/\/leonpsychology.ca\/fr\/wp-json\/wp\/v2\/pages\/1683\/revisions\/3791"}],"wp:attachment":[{"href":"https:\/\/leonpsychology.ca\/fr\/wp-json\/wp\/v2\/media?parent=1683"}],"curies":[{"name":"wp","href":"https:\/\/api.w.org\/{rel}","templated":true}]}}