{"id":1685,"date":"2023-08-09T02:27:22","date_gmt":"2023-08-09T02:27:22","guid":{"rendered":"https:\/\/leonpsychology.ca\/?page_id=1685"},"modified":"2026-05-06T12:28:36","modified_gmt":"2026-05-06T12:28:36","slug":"adultes-psychologie-faits","status":"publish","type":"page","link":"https:\/\/leonpsychology.ca\/fr\/adults-psychology-facts\/","title":{"rendered":"Articles de blog pour adultes"},"content":{"rendered":"<h2 class=\"wp-block-heading has-text-color\" style=\"color:#39574f\">Adultes<\/h2>\n\n\n\n<p>Vous trouverez ci-dessous nos articles d\u00e9crivant les faits psychologiques relatifs \u00e0 la sant\u00e9 mentale des adultes.<\/p>\n\n\n<div class=\"wp-block-coblocks-posts is-style-stacked\"><div class=\"wp-block-coblocks-posts__inner has-columns has-2-columns has-responsive-columns has-sixteen-to-nine-image\"><div class=\"wp-block-coblocks-posts__item\"><div class=\"wp-block-coblocks-posts__image\"><a href=\"https:\/\/leonpsychology.ca\/fr\/burnout-at-work-signs-causes-and-practical-strategies-to-recover\/\" class=\"bg-cover bg-center-center\" style=\"background-image:url(https:\/\/leonpsychology.ca\/wp-content\/uploads\/2026\/02\/burnout_small-scaled.jpg)\"><\/a><\/div><div class=\"wp-block-coblocks-posts__content\"><a href=\"https:\/\/leonpsychology.ca\/fr\/burnout-at-work-signs-causes-and-practical-strategies-to-recover\/\" alt=\"BURNOUT AT WORK: SIGNS, CAUSES, AND PRACTICAL STRATEGIES TO RECOVER\">L'\u00c9PUISEMENT PROFESSIONNEL AU TRAVAIL : LES SIGNES, LES CAUSES ET LES STRAT\u00c9GIES PRATIQUES POUR S'EN REMETTRE<\/a><div class=\"wp-block-coblocks-posts__excerpt\">L'\u00e9puisement professionnel est devenu l'un des probl\u00e8mes de sant\u00e9 mentale les plus courants sur le lieu de travail, affectant les employ\u00e9s de tous les secteurs d'activit\u00e9. Avec des charges de travail de plus en plus lourdes, une connectivit\u00e9 constante et des exigences de plus en plus grandes, de nombreux professionnels se retrouvent \u00e9puis\u00e9s \u00e9motionnellement et physiquement. Comprendre l'\u00e9puisement professionnel et savoir comment ... <\/div><\/div><\/div><div class=\"wp-block-coblocks-posts__item\"><div class=\"wp-block-coblocks-posts__image\"><a href=\"https:\/\/leonpsychology.ca\/fr\/executive-functions-demystified-strategies-to-improve-organization-task-completion-and-more\/\" class=\"bg-cover bg-center-center\" style=\"background-image:url(https:\/\/leonpsychology.ca\/wp-content\/uploads\/2023\/11\/larisa-birta-slbocnlwnha-unsplash-scaled.jpg)\"><\/a><\/div><div class=\"wp-block-coblocks-posts__content\"><a href=\"https:\/\/leonpsychology.ca\/fr\/executive-functions-demystified-strategies-to-improve-organization-task-completion-and-more\/\" alt=\"EXECUTIVE FUNCTIONS DEMYSTIFIED: STRATEGIES TO IMPROVE ORGANIZATION, TASK COMPLETION, AND MORE\">LES FONCTIONS EX\u00c9CUTIVES D\u00c9MYSTIFI\u00c9ES : DES STRAT\u00c9GIES POUR AM\u00c9LIORER L'ORGANISATION, L'ACCOMPLISSEMENT DES T\u00c2CHES ET PLUS ENCORE<\/a><div class=\"wp-block-coblocks-posts__excerpt\">Imaginez votre cerveau comme un orchestre, et les fonctions ex\u00e9cutives comme le chef d'orchestre assis tout \u00e0 l'avant du cerveau (derri\u00e8re votre front). Comme le chef d'orchestre ... <\/div><\/div><\/div><div class=\"wp-block-coblocks-posts__item\"><div class=\"wp-block-coblocks-posts__image\"><a href=\"https:\/\/leonpsychology.ca\/fr\/how-our-minds-filter-information-understanding-inattention\/\" class=\"bg-cover bg-center-center\" style=\"background-image:url(https:\/\/leonpsychology.ca\/wp-content\/uploads\/2023\/11\/isaac-davis-rzci3md-6ho-unsplash-scaled.jpg)\"><\/a><\/div><div class=\"wp-block-coblocks-posts__content\"><a href=\"https:\/\/leonpsychology.ca\/fr\/how-our-minds-filter-information-understanding-inattention\/\" alt=\"HOW OUR MINDS FILTER INFORMATION: UNDERSTANDING INATTENTION\">COMMENT NOTRE ESPRIT FILTRE LES INFORMATIONS : COMPRENDRE L'INATTENTION<\/a><div class=\"wp-block-coblocks-posts__excerpt\">Imaginez que la capacit\u00e9 d'attention de votre cerveau est comparable \u00e0 un phare de camping. Lorsque vous \u00eates concentr\u00e9, ce phare brille sur ce que vous faites. Mais pour certaines personnes, ce phare vacille ou ... <\/div><\/div><\/div><div class=\"wp-block-coblocks-posts__item\"><div class=\"wp-block-coblocks-posts__image\"><a href=\"https:\/\/leonpsychology.ca\/fr\/perfectionism-signs-risks-strategies-to-cope\/\" class=\"bg-cover bg-center-center\" style=\"background-image:url(https:\/\/leonpsychology.ca\/wp-content\/uploads\/2023\/10\/image.png)\"><\/a><\/div><div class=\"wp-block-coblocks-posts__content\"><a href=\"https:\/\/leonpsychology.ca\/fr\/perfectionism-signs-risks-strategies-to-cope\/\" alt=\"PERFECTIONISM: SIGNS, RISKS, &#038; STRATEGIES TO COPE\">PERFECTIONNISME\u00a0: SIGNES, RISQUES ET STRAT\u00c9GIES POUR G\u00c9RER<\/a><div class=\"wp-block-coblocks-posts__excerpt\">\"Je ne suis pas perfectionniste. Si j'attendais la perfection, je n'\u00e9crirais jamais un mot.\" - Margaret Atwood Nous sommes tous d'accord pour dire que des questions comme la d\u00e9pression ou l'anxi\u00e9t\u00e9 sont probl\u00e9matiques. Mais la perfection est plus d\u00e9licate, principalement parce que de nombreux ... <\/div><\/div><\/div><div class=\"wp-block-coblocks-posts__item\"><div class=\"wp-block-coblocks-posts__image\"><a href=\"https:\/\/leonpsychology.ca\/fr\/sleep-hygiene-8-healthy-habits-for-better-sleep\/\" class=\"bg-cover bg-center-center\" style=\"background-image:url(https:\/\/leonpsychology.ca\/wp-content\/uploads\/2023\/07\/gregory-pappas-ruc9hve-l-e-unsplash-scaled.jpg)\"><\/a><\/div><div class=\"wp-block-coblocks-posts__content\"><a href=\"https:\/\/leonpsychology.ca\/fr\/sleep-hygiene-8-healthy-habits-for-better-sleep\/\" alt=\"SLEEP HYGIENE: 8 HEALTHY HABITS FOR BETTER SLEEP\">HYGI\u00c8NE DU SOMMEIL\u00a0: 8 HABITUDES SAINES POUR MIEUX DORMIR<\/a><div class=\"wp-block-coblocks-posts__excerpt\">D\u00e9couvrez les secrets d\u2019une meilleure hygi\u00e8ne du sommeil. Surmontez la somnolence diurne, le manque de concentration et la faible productivit\u00e9 au travail gr\u00e2ce \u00e0 ces conseils efficaces. <\/div><\/div><\/div><\/div><\/div><div style='text-align:center' class='yasr-auto-insert-overall'><\/div>","protected":false},"excerpt":{"rendered":"<p>Adultes D\u00e9couvrez ci-dessous nos articles d\u00e9crivant les faits psychologiques relatifs \u00e0 la sant\u00e9 mentale des adultes.<\/p>","protected":false},"author":1,"featured_media":0,"parent":0,"menu_order":0,"comment_status":"closed","ping_status":"closed","template":"","meta":{"_seopress_robots_primary_cat":"","_seopress_titles_title":"Common psychological problems in adults | Leon Psychology Clinic","_seopress_titles_desc":"Learn about evidence-based tips and strategies for common issues related to adult mental health.","_seopress_robots_index":"","_seopress_analysis_target_kw":"","_coblocks_attr":"","_coblocks_dimensions":"","_coblocks_responsive_height":"","_coblocks_accordion_ie_support":"","yasr_overall_rating":0,"yasr_post_is_review":"","yasr_auto_insert_disabled":"","yasr_review_type":"","footnotes":""},"class_list":["post-1685","page","type-page","status-publish","hentry"],"yasr_visitor_votes":{"stars_attributes":{"read_only":true,"span_bottom":"<div class='yasr-small-block-bold'><span class='yasr-visitor-votes-must-sign-in'>You must sign in to vote<\/span><\/div>"},"number_of_votes":0,"sum_votes":0},"_links":{"self":[{"href":"https:\/\/leonpsychology.ca\/fr\/wp-json\/wp\/v2\/pages\/1685","targetHints":{"allow":["GET"]}}],"collection":[{"href":"https:\/\/leonpsychology.ca\/fr\/wp-json\/wp\/v2\/pages"}],"about":[{"href":"https:\/\/leonpsychology.ca\/fr\/wp-json\/wp\/v2\/types\/page"}],"author":[{"embeddable":true,"href":"https:\/\/leonpsychology.ca\/fr\/wp-json\/wp\/v2\/users\/1"}],"replies":[{"embeddable":true,"href":"https:\/\/leonpsychology.ca\/fr\/wp-json\/wp\/v2\/comments?post=1685"}],"version-history":[{"count":4,"href":"https:\/\/leonpsychology.ca\/fr\/wp-json\/wp\/v2\/pages\/1685\/revisions"}],"predecessor-version":[{"id":3790,"href":"https:\/\/leonpsychology.ca\/fr\/wp-json\/wp\/v2\/pages\/1685\/revisions\/3790"}],"wp:attachment":[{"href":"https:\/\/leonpsychology.ca\/fr\/wp-json\/wp\/v2\/media?parent=1685"}],"curies":[{"name":"wp","href":"https:\/\/api.w.org\/{rel}","templated":true}]}}