{"id":2126,"date":"2023-11-30T16:54:45","date_gmt":"2023-11-30T16:54:45","guid":{"rendered":"https:\/\/leonpsychology.ca\/?page_id=2126"},"modified":"2026-05-06T12:28:17","modified_gmt":"2026-05-06T12:28:17","slug":"faits-sur-les-therapies","status":"publish","type":"page","link":"https:\/\/leonpsychology.ca\/fr\/therapy-facts\/","title":{"rendered":"Articles sur la psychoth\u00e9rapie"},"content":{"rendered":"<h2 class=\"wp-block-heading has-text-color\" style=\"color:#39574f\">Articles sur la th\u00e9rapie<\/h2>\n\n\n\n<p>Consultez nos articles sur les faits concernant les th\u00e9rapies.<\/p>\n\n\n<div class=\"wp-block-coblocks-posts is-style-stacked\"><div class=\"wp-block-coblocks-posts__inner has-columns has-2-columns has-responsive-columns has-square-image\"><div class=\"wp-block-coblocks-posts__item\"><div class=\"wp-block-coblocks-posts__image\"><a href=\"https:\/\/leonpsychology.ca\/fr\/burnout-at-work-signs-causes-and-practical-strategies-to-recover\/\" class=\"bg-cover bg-center-center\" style=\"background-image:url(https:\/\/leonpsychology.ca\/wp-content\/uploads\/2026\/02\/burnout_small-scaled.jpg)\"><\/a><\/div><div class=\"wp-block-coblocks-posts__content\"><time datetime=\"\" class=\"wp-block-coblocks-posts__date\">17 f\u00e9vrier 2026<\/time><a href=\"https:\/\/leonpsychology.ca\/fr\/burnout-at-work-signs-causes-and-practical-strategies-to-recover\/\" alt=\"BURNOUT AT WORK: SIGNS, CAUSES, AND PRACTICAL STRATEGIES TO RECOVER\">L'\u00c9PUISEMENT PROFESSIONNEL AU TRAVAIL : LES SIGNES, LES CAUSES ET LES STRAT\u00c9GIES PRATIQUES POUR S'EN REMETTRE<\/a><div class=\"wp-block-coblocks-posts__excerpt\">L'\u00e9puisement professionnel est devenu l'un des probl\u00e8mes de sant\u00e9 mentale les plus courants sur le lieu de travail, affectant les employ\u00e9s de tous les secteurs d'activit\u00e9. Avec l'augmentation de la charge de travail, la connectivit\u00e9 constante et les exigences croissantes, de nombreux professionnels ... <\/div><\/div><\/div><div class=\"wp-block-coblocks-posts__item\"><div class=\"wp-block-coblocks-posts__image\"><a href=\"https:\/\/leonpsychology.ca\/fr\/how-to-improve-self-esteem-and-feel-more-confident-every-day\/\" class=\"bg-cover bg-center-center\" style=\"background-image:url(https:\/\/leonpsychology.ca\/wp-content\/uploads\/2025\/10\/chela-b-lcs81i9uoji-unsplash-scaled.jpg)\"><\/a><\/div><div class=\"wp-block-coblocks-posts__content\"><time datetime=\"\" class=\"wp-block-coblocks-posts__date\">23 octobre 2025<\/time><a href=\"https:\/\/leonpsychology.ca\/fr\/how-to-improve-self-esteem-and-feel-more-confident-every-day\/\" alt=\"How to Improve Self-Esteem and Feel More Confident Every Day\">Comment am\u00e9liorer l'estime de soi et se sentir plus confiant au quotidien<\/a><div class=\"wp-block-coblocks-posts__excerpt\">De nombreuses personnes, adolescentes ou adultes, ont du mal \u00e0 se percevoir. Dans une culture qui valorise la r\u00e9ussite, la productivit\u00e9 et la comparaison, il est facile d'assimiler la valeur personnelle \u00e0 ... <\/div><\/div><\/div><\/div><\/div><div style='text-align:center' class='yasr-auto-insert-overall'><\/div>","protected":false},"excerpt":{"rendered":"<p>Articles sur la th\u00e9rapie D\u00e9couvrez nos articles sur les faits relatifs \u00e0 la th\u00e9rapie.<\/p>","protected":false},"author":1,"featured_media":0,"parent":0,"menu_order":0,"comment_status":"closed","ping_status":"closed","template":"","meta":{"_seopress_robots_primary_cat":"","_seopress_titles_title":"Psychology articles with you in mind | Leon Psychology Clinic","_seopress_titles_desc":"Curious about online therapy? Here are a few articles to provide you with the right information.","_seopress_robots_index":"","_seopress_analysis_target_kw":"","_coblocks_attr":"","_coblocks_dimensions":"","_coblocks_responsive_height":"","_coblocks_accordion_ie_support":"","yasr_overall_rating":0,"yasr_post_is_review":"","yasr_auto_insert_disabled":"","yasr_review_type":"","footnotes":""},"class_list":["post-2126","page","type-page","status-publish","hentry"],"yasr_visitor_votes":{"stars_attributes":{"read_only":true,"span_bottom":"<div class='yasr-small-block-bold'><span class='yasr-visitor-votes-must-sign-in'>You must sign in to vote<\/span><\/div>"},"number_of_votes":0,"sum_votes":0},"_links":{"self":[{"href":"https:\/\/leonpsychology.ca\/fr\/wp-json\/wp\/v2\/pages\/2126","targetHints":{"allow":["GET"]}}],"collection":[{"href":"https:\/\/leonpsychology.ca\/fr\/wp-json\/wp\/v2\/pages"}],"about":[{"href":"https:\/\/leonpsychology.ca\/fr\/wp-json\/wp\/v2\/types\/page"}],"author":[{"embeddable":true,"href":"https:\/\/leonpsychology.ca\/fr\/wp-json\/wp\/v2\/users\/1"}],"replies":[{"embeddable":true,"href":"https:\/\/leonpsychology.ca\/fr\/wp-json\/wp\/v2\/comments?post=2126"}],"version-history":[{"count":3,"href":"https:\/\/leonpsychology.ca\/fr\/wp-json\/wp\/v2\/pages\/2126\/revisions"}],"predecessor-version":[{"id":3789,"href":"https:\/\/leonpsychology.ca\/fr\/wp-json\/wp\/v2\/pages\/2126\/revisions\/3789"}],"wp:attachment":[{"href":"https:\/\/leonpsychology.ca\/fr\/wp-json\/wp\/v2\/media?parent=2126"}],"curies":[{"name":"wp","href":"https:\/\/api.w.org\/{rel}","templated":true}]}}