{"id":2426,"date":"2024-02-08T20:59:50","date_gmt":"2024-02-08T20:59:50","guid":{"rendered":"https:\/\/leonpsychology.ca\/?page_id=2426"},"modified":"2024-09-18T12:52:26","modified_gmt":"2024-09-18T12:52:26","slug":"appel-de-presentation-gratuit-psychologue-en-ligne","status":"publish","type":"page","link":"https:\/\/leonpsychology.ca\/fr\/free-introductory-call-online-psychologist\/","title":{"rendered":"Appel d'introduction gratuit - Online Psychologist"},"content":{"rendered":"<div class=\"wp-block-cover\" style=\"min-height:283px;aspect-ratio:unset;\"><span aria-hidden=\"true\" class=\"wp-block-cover__background has-background-dim\"><\/span><img decoding=\"async\" width=\"2168\" height=\"1440\" class=\"wp-block-cover__image-background wp-image-2432\" alt=\"appel d&#039;introduction gratuit de 15 minutes\" src=\"https:\/\/leonpsychology.ca\/wp-content\/uploads\/2024\/02\/qtq80-bbxapf.jpeg\" data-object-fit=\"cover\" srcset=\"https:\/\/leonpsychology.ca\/wp-content\/uploads\/2024\/02\/qtq80-bbxapf.jpeg 2168w, https:\/\/leonpsychology.ca\/wp-content\/uploads\/2024\/02\/qtq80-bbxapf-300x199.jpeg 300w, https:\/\/leonpsychology.ca\/wp-content\/uploads\/2024\/02\/qtq80-bbxapf-1024x680.jpeg 1024w, https:\/\/leonpsychology.ca\/wp-content\/uploads\/2024\/02\/qtq80-bbxapf-768x510.jpeg 768w, https:\/\/leonpsychology.ca\/wp-content\/uploads\/2024\/02\/qtq80-bbxapf-1536x1020.jpeg 1536w, https:\/\/leonpsychology.ca\/wp-content\/uploads\/2024\/02\/qtq80-bbxapf-2048x1360.jpeg 2048w, https:\/\/leonpsychology.ca\/wp-content\/uploads\/2024\/02\/qtq80-bbxapf-18x12.jpeg 18w\" sizes=\"(max-width: 2168px) 100vw, 2168px\" \/><div class=\"wp-block-cover__inner-container is-layout-flow wp-block-cover-is-layout-flow\">\n<h1 class=\"wp-block-heading has-text-align-center has-white-color has-text-color has-large-font-size\" style=\"letter-spacing:15px\">APPEL DE PR\u00c9SENTATION GRATUIT<\/h1>\n<\/div><\/div>\n\n\n\n<div style=\"height:35px\" aria-hidden=\"true\" class=\"wp-block-spacer\"><\/div>\n\n\n\n<h2 class=\"wp-block-heading has-text-align-left has-text-color has-link-color wp-elements-ef7fe9a64d94914255fd515f9c16f04f\" style=\"color:#39574f\"><strong>Pourquoi un appel de pr\u00e9sentation ?<\/strong><\/h2>\n\n\n\n<p class=\"has-medium-font-size\">Entreprendre un voyage vers le bien-\u00eatre mental est une d\u00e9marche courageuse. A la Clinique Psychologique L\u00e9on, nous comprenons l'importance de trouver la bonne personne pour r\u00e9pondre \u00e0 vos besoins th\u00e9rapeutiques. <\/p>\n\n\n\n<p class=\"has-medium-font-size\">Nous croyons qu'il est important d'\u00e9tablir un lien solide d\u00e8s le d\u00e9but, c'est pourquoi nous proposons les services suivants <em>appels d'introduction gratuits de 15 minutes <\/em>avant de commencer le traitement.<\/p>\n\n\n\n<div style=\"height:35px\" aria-hidden=\"true\" class=\"wp-block-spacer\"><\/div>\n\n\n\n<hr class=\"wp-block-separator has-alpha-channel-opacity\"\/>\n\n\n\n<div style=\"height:35px\" aria-hidden=\"true\" class=\"wp-block-spacer\"><\/div>\n\n\n\n<h2 class=\"wp-block-heading has-text-align-center has-text-color has-link-color wp-elements-28689f99ac0265df6ba9786d6aac5ac5\" style=\"color:#39574f;font-size:20px\"><strong>Vous pouvez r\u00e9server un appel d'introduction GRATUIT de 15 minutes directement dans notre calendrier.<\/strong><\/h2>\n\n\n\n<p class=\"has-text-align-center has-medium-font-size\">Faites le premier pas vers votre bien-\u00eatre en prenant rendez-vous d\u00e8s aujourd'hui avec l'un de nos th\u00e9rapeutes exp\u00e9riment\u00e9s. Votre chemin vers la gu\u00e9rison commence par une conversation.<\/p>\n\n\n\n<div class=\"wp-block-buttons is-content-justification-center is-layout-flex wp-container-core-buttons-is-layout-16018d1d wp-block-buttons-is-layout-flex\">\n<div class=\"wp-block-button\"><a class=\"wp-block-button__link has-background wp-element-button\" href=\"https:\/\/leonpsychology.janeapp.com\/\" style=\"background-color:#39574f\" target=\"_blank\" rel=\"noreferrer noopener\">Appel d'introduction de 15-minutes GRATUIT<\/a><\/div>\n<\/div>\n\n\n\n<div style=\"height:35px\" aria-hidden=\"true\" class=\"wp-block-spacer\"><\/div>\n\n\n\n<hr class=\"wp-block-separator has-alpha-channel-opacity\"\/>\n\n\n\n<h2 class=\"wp-block-heading has-text-align-center has-text-color has-link-color wp-elements-dfa3fff358b4bc08e1101ca29e8f4a9a\" style=\"color:#39574f\"><strong>Avantages d'un appel de pr\u00e9sentation<\/strong><\/h2>\n\n\n\n<div class=\"wp-block-coblocks-features coblocks-features-52810538334\"><div class=\"wp-block-coblocks-features__inner has-columns has-3-columns has-responsive-columns has-center-content has-small-gutter\">\n<div class=\"wp-block-coblocks-feature coblocks-feature-52810538495\"><div class=\"wp-block-coblocks-feature__inner has-no-padding\"><div class=\"wp-block-coblocks-icon\">\n\t\t\t\t<div class=\"wp-block-coblocks-icon__inner\" style=\"height: 60px; width: 60px;\">\n\t\t\t\t\t<svg fill=\"none\" viewbox=\"0 0 20 20\" xmlns=\"http:\/\/www.w3.org\/2000\/svg\"><path d=\"m9.23076923 2.56410256v2.05128206h6.15384617v6.15384618h2.051282c.2871795 0 .5128205.225641.5128205.5128205s-.225641.5128205-.5128205.5128205h-2.051282v6.1538461h-2.174359c-.6974359-1.7948717-2.451282-3.076923-4.49230768-3.076923-2.04102564 0-3.7948718 1.2820513-4.49230769 3.076923h-2.17435898v-2.1743589c1.7948718-.6974359 3.07692308-2.4512821 3.07692308-4.4923077 0-2.04102566-1.27179487-3.79487181-3.06666667-4.49230771l-.01025641-2.17435897h6.15384616v-2.05128206c0-.28717948.22564102-.51282051.51282051-.51282051s.51282051.22564103.51282051.51282051zm-.51282051-2.56410256c-1.41538462 0-2.56410257 1.14871795-2.56410257 2.56410256h-4.1025641c-1.12820513 0-2.04102564.92307693-2.04102564 2.05128206v3.89743589h.2974359c1.52820513 0 2.76923077 1.24102564 2.76923077 2.76923079 0 1.5282051-1.24102564 2.7692308-2.76923077 2.7692308h-.30769231v3.8974358c0 1.1282052.92307692 2.0512821 2.05128205 2.0512821h3.8974359v-.3076923c0-1.5282051 1.24102564-2.7692308 2.76923077-2.7692308 1.52820508 0 2.76923078 1.2410257 2.76923078 2.7692308v.3076923h3.8974359c1.1282051 0 2.051282-.9230769 2.051282-2.0512821v-4.1025641c1.4153847 0 2.5641026-1.1487179 2.5641026-2.5641025 0-1.41538463-1.1487179-2.56410258-2.5641026-2.56410258v-4.1025641c0-1.12820513-.9230769-2.05128206-2.051282-2.05128206h-4.1025641c0-1.41538461-1.148718-2.56410256-2.56410258-2.56410256z\" fill=\"currentColor\" \/><\/svg>\n\t\t\t\t<\/div>\n\t\t\t<\/div>\n\n\n<h4 class=\"wp-block-heading has-black-color has-text-color has-medium-font-size\"><strong><strong><strong><strong>\u00c9valuer la compatibilit\u00e9<\/strong><\/strong><\/strong><\/strong><\/h4>\n\n\n\n<p style=\"font-size:17px\">La compatibilit\u00e9 ou l'ad\u00e9quation est un facteur crucial pour la r\u00e9ussite de votre exp\u00e9rience th\u00e9rapeutique. L'appel de pr\u00e9sentation vous donne l'occasion d'\u00e9valuer si votre style de communication, vos valeurs et vos pr\u00e9f\u00e9rences correspondent \u00e0 ceux du th\u00e9rapeute de votre choix. Cela permet une meilleure ad\u00e9quation et ouvre la voie \u00e0 une relation th\u00e9rapeutique plus fructueuse.<\/p>\n<\/div><\/div>\n\n\n\n<div class=\"wp-block-coblocks-feature coblocks-feature-52810538495\"><div class=\"wp-block-coblocks-feature__inner has-no-padding\"><div class=\"wp-block-coblocks-icon\">\n\t\t\t\t<div class=\"wp-block-coblocks-icon__inner\" style=\"height: 60px; width: 60px;\">\n\t\t\t\t\t<svg fill=\"none\" xmlns=\"http:\/\/www.w3.org\/2000\/svg\" viewbox=\"0 0 24 24\"><path d=\"M18.6 6.62c-1.44 0-2.8.56-3.77 1.53L12 10.66 10.48 12h.01L7.8 14.39c-.64.64-1.49.99-2.4.99-1.87 0-3.39-1.51-3.39-3.38S3.53 8.62 5.4 8.62c.91 0 1.76.35 2.44 1.03l1.13 1 1.51-1.34L9.22 8.2C8.2 7.18 6.84 6.62 5.4 6.62 2.42 6.62 0 9.04 0 12s2.42 5.38 5.4 5.38c1.44 0 2.8-.56 3.77-1.53l2.83-2.5.01.01L13.52 12h-.01l2.69-2.39c.64-.64 1.49-.99 2.4-.99 1.87 0 3.39 1.51 3.39 3.38s-1.52 3.38-3.39 3.38c-.9 0-1.76-.35-2.44-1.03l-1.14-1.01-1.51 1.34 1.27 1.12c1.02 1.01 2.37 1.57 3.82 1.57 2.98 0 5.4-2.41 5.4-5.38s-2.42-5.37-5.4-5.37z\" fill=\"currentColor\" \/><\/svg>\n\t\t\t\t<\/div>\n\t\t\t<\/div>\n\n\n<h4 class=\"wp-block-heading has-black-color has-text-color has-medium-font-size\"><strong><strong><strong>Clarifier les attentes<\/strong><\/strong><\/strong><\/h4>\n\n\n\n<p style=\"font-size:17px\">Un appel de pr\u00e9sentation est une excellente plateforme pour discuter de vos attentes, de vos objectifs et de toute pr\u00e9occupation que vous pourriez avoir concernant le processus th\u00e9rapeutique. Ce dialogue ouvert garantit que vous et votre th\u00e9rapeute \u00eates sur la m\u00eame longueur d'onde, ce qui favorise une approche collaborative et transparente de votre parcours de sant\u00e9 mentale.<\/p>\n<\/div><\/div>\n\n\n\n<div class=\"wp-block-coblocks-feature coblocks-feature-52810101813\"><div class=\"wp-block-coblocks-feature__inner has-no-padding\"><div class=\"wp-block-coblocks-icon\">\n\t\t\t\t<div class=\"wp-block-coblocks-icon__inner\" style=\"height: 60px; width: 60px;\">\n\t\t\t\t\t<svg fill=\"none\" viewbox=\"0 0 20 20\" xmlns=\"http:\/\/www.w3.org\/2000\/svg\"><path d=\"m19.6627376 17.0986011-8.2473132-8.24731315c.8447138-2.1254089.4087325-4.63230145-1.307944-6.35806082-2.08907708-2.08907713-5.34077104-2.27981895-7.65692177-.59039136l3.48785051 3.49693345-1.28977806 1.28069511-3.47876756-3.47876757c-1.68942759 2.30706779-1.49868577 5.56784469.59039136 7.64783884 1.68942759 1.6894276 4.15090542 2.1344919 6.25814844 1.3442758l8.27456198 8.274562c.3542348.3542348.9264603.3542348 1.2806951 0l2.0890772-2.0890772c.3633177-.3451518.3633177-.9173773 0-1.2806951zm-2.7248832 1.4532711-8.5924651-8.59246508c-.55405958.40873248-1.17169978.65397198-1.8165888.74480138-1.23528039.1816589-2.53414139-.1907418-3.47876757-1.13536797-.86287968-.85379674-1.26252922-1.99824769-1.19894861-3.12453275l2.80662971 2.80662971 3.85116827-3.85116827-2.80662971-2.80662971c1.12628506-.0635806 2.26165307.33606893 3.12453275 1.18986567.98095795.98095796 1.35335866 2.33431662 1.12628506 3.59684584-.10899533.64488902-.38148365 1.24436333-.79929908 1.78025703l8.58338208 8.58338215z\" fill=\"currentColor\" transform=\"translate(0 -.734049)\" \/><\/svg>\n\t\t\t\t<\/div>\n\t\t\t<\/div>\n\n\n<h4 class=\"wp-block-heading has-black-color has-text-color has-medium-font-size\"><strong><strong>R\u00e9pondre aux questions pratiques<\/strong><\/strong><\/h4>\n\n\n\n<p style=\"font-size:17px\">La th\u00e9rapie peut \u00eatre un terrain inconnu pour de nombreuses personnes, et il est naturel d'avoir des questions. Lors de l'appel de pr\u00e9sentation, vous pouvez librement exprimer vos r\u00e9serves ou demander des \u00e9claircissements sur les honoraires du th\u00e9rapeute, la dur\u00e9e des s\u00e9ances, l'implication des parents, la confidentialit\u00e9 ou tout autre aspect de l'exp\u00e9rience de conseil.<\/p>\n<\/div><\/div>\n<\/div><\/div>\n\n\n\n<p><\/p>\n\n\n\n<div style=\"height:35px\" aria-hidden=\"true\" class=\"wp-block-spacer\"><\/div>\n\n\n\n<hr class=\"wp-block-separator has-alpha-channel-opacity\"\/>\n\n\n\n<h2 class=\"wp-block-heading has-text-align-left has-text-color\" style=\"color:#39574f\"><strong>Foire aux questions<\/strong><\/h2>\n\n\n\n<div style=\"height:35px\" aria-hidden=\"true\" class=\"wp-block-spacer\"><\/div>\n\n\n\n<h3 class=\"wp-block-heading has-black-color has-text-color has-medium-font-size\"><strong>Dois-je prendre un premier rendez-vous \u00e0 l'issue de l'appel de pr\u00e9sentation ?<\/strong><\/h3>\n\n\n\n<p style=\"font-size:17px\">L'appel a pour but de fournir des informations et de d\u00e9terminer l'aptitude \u00e0 l'emploi. Vous n'\u00eates pas oblig\u00e9 de prendre un premier rendez-vous \u00e0 la fin de l'appel. Nos psychologues et psychoth\u00e9rapeutes seront heureux de vous aider \u00e0 trouver un autre th\u00e9rapeute si vos besoins ne correspondent pas \u00e0 notre exp\u00e9rience. S'il s'agit d'une bonne ad\u00e9quation, vous pouvez prendre rendez-vous imm\u00e9diatement ou \u00e0 votre convenance.<\/p>\n\n\n\n<div style=\"height:35px\" aria-hidden=\"true\" class=\"wp-block-spacer\"><\/div>\n\n\n\n<hr class=\"wp-block-separator has-alpha-channel-opacity\"\/>\n\n\n\n<p class=\"has-medium-font-size\">\u00c0 la Leon Psychology Clinic, nous croyons au pouvoir de la connexion et de la compr\u00e9hension en tant qu'\u00e9l\u00e9ments essentiels du processus th\u00e9rapeutique. Notre appel d'introduction gratuit de 15 minutes est une \u00e9tape pr\u00e9cieuse qui ouvre la voie \u00e0 un parcours th\u00e9rapeutique r\u00e9ussi et \u00e9panouissant. <\/p>\n<div style='text-align:center' class='yasr-auto-insert-overall'><\/div>","protected":false},"excerpt":{"rendered":"<p>Pourquoi un appel de pr\u00e9sentation ? Se lancer dans un voyage vers le bien-\u00eatre mental est une d\u00e9marche courageuse. \u00c0 la Leon Psychology Clinic, nous comprenons l'importance de trouver la bonne personne pour r\u00e9pondre \u00e0 vos besoins th\u00e9rapeutiques. Nous croyons qu'il est important d'\u00e9tablir un lien solide d\u00e8s le d\u00e9but, c'est pourquoi nous offrons des appels de pr\u00e9sentation gratuits de 15 minutes avant le d\u00e9but de la consultation. <a class=\"read-more\" href=\"https:\/\/leonpsychology.ca\/fr\/free-introductory-call-online-psychologist\/\">LIRE LA SUITE<\/a><\/p>","protected":false},"author":1,"featured_media":0,"parent":0,"menu_order":0,"comment_status":"closed","ping_status":"closed","template":"","meta":{"_seopress_robots_primary_cat":"","_seopress_titles_title":"Free Introductory Call | Online Psychologist | Leon Psychology Clinic","_seopress_titles_desc":"Curious about how therapy can help you? Have questions about online therapy? Book a free call today with a licensed psychologist.","_seopress_robots_index":"","_coblocks_attr":"","_coblocks_dimensions":"","_coblocks_responsive_height":"","_coblocks_accordion_ie_support":"","yasr_overall_rating":0,"yasr_post_is_review":"","yasr_auto_insert_disabled":"","yasr_review_type":"","footnotes":""},"class_list":["post-2426","page","type-page","status-publish","hentry"],"yasr_visitor_votes":{"stars_attributes":{"read_only":true,"span_bottom":"<div class='yasr-small-block-bold'><span class='yasr-visitor-votes-must-sign-in'>You must sign in to vote<\/span><\/div>"},"number_of_votes":0,"sum_votes":0},"_links":{"self":[{"href":"https:\/\/leonpsychology.ca\/fr\/wp-json\/wp\/v2\/pages\/2426","targetHints":{"allow":["GET"]}}],"collection":[{"href":"https:\/\/leonpsychology.ca\/fr\/wp-json\/wp\/v2\/pages"}],"about":[{"href":"https:\/\/leonpsychology.ca\/fr\/wp-json\/wp\/v2\/types\/page"}],"author":[{"embeddable":true,"href":"https:\/\/leonpsychology.ca\/fr\/wp-json\/wp\/v2\/users\/1"}],"replies":[{"embeddable":true,"href":"https:\/\/leonpsychology.ca\/fr\/wp-json\/wp\/v2\/comments?post=2426"}],"version-history":[{"count":15,"href":"https:\/\/leonpsychology.ca\/fr\/wp-json\/wp\/v2\/pages\/2426\/revisions"}],"predecessor-version":[{"id":2501,"href":"https:\/\/leonpsychology.ca\/fr\/wp-json\/wp\/v2\/pages\/2426\/revisions\/2501"}],"wp:attachment":[{"href":"https:\/\/leonpsychology.ca\/fr\/wp-json\/wp\/v2\/media?parent=2426"}],"curies":[{"name":"wp","href":"https:\/\/api.w.org\/{rel}","templated":true}]}}