{"id":2469,"date":"2024-03-27T16:41:12","date_gmt":"2024-03-27T16:41:12","guid":{"rendered":"https:\/\/leonpsychology.ca\/?page_id=2469"},"modified":"2026-04-13T20:41:41","modified_gmt":"2026-04-13T20:41:41","slug":"psychologue-en-ligne-pour-adolescents-outaouais","status":"publish","type":"page","link":"https:\/\/leonpsychology.ca\/fr\/online-teen-psychologist-outaouais\/","title":{"rendered":"Psychologue pour adolescents en ligne Outaouais"},"content":{"rendered":"<hr class=\"wp-block-separator has-alpha-channel-opacity\"\/>\n\n\n\n<h3 class=\"wp-block-heading has-text-align-center has-black-color has-text-color\" style=\"font-size:30px\"><strong>La clinique de psychologie Leon offre de la th\u00e9rapie en ligne pour les enfants et les adolescents. <\/strong><\/h3>\n\n\n\n<h3 class=\"wp-block-heading has-text-align-center has-black-color has-text-color\" style=\"font-size:30px\"><strong>Nos th\u00e9rapeutes travaillent avec les enfants et adolescents \u00e2g\u00e9s de 10 \u00e0 17 ans. <\/strong><\/h3>\n\n\n\n<h3 class=\"wp-block-heading has-text-align-center has-black-color has-text-color\" style=\"font-size:30px\"><strong>Nos psychologues peuvent intervenir aupr\u00e8s des familles de la r\u00e9gion de l'Outaouais.<\/strong><\/h3>\n\n\n\n<hr class=\"wp-block-separator has-alpha-channel-opacity\"\/>\n\n\n\n<h3 class=\"wp-block-heading has-text-align-center has-text-color\" style=\"color:#39574f\"><strong>Nous rejoindre<\/strong><\/h3>\n\n\n\n<p class=\"has-text-align-center has-medium-font-size\"><strong>Courriel: <\/strong>info@leonpsychology.ca<\/p>\n\n\n\n<p class=\"has-text-align-center has-medium-font-size\"><strong>T\u00e9l\u00e9phone: <\/strong>819-200-7718<\/p>\n\n\n\n<p class=\"has-text-align-center has-medium-font-size\">Lorsque vous communiquez avec nous, veuillez laisser votre nom complet et le meilleur num\u00e9ro de t\u00e9l\u00e9phone pour vous rejoindre.<\/p>\n\n\n\n<hr class=\"wp-block-separator has-alpha-channel-opacity\"\/>\n\n\n\n<h3 class=\"wp-block-heading has-text-align-center has-text-color has-link-color wp-elements-967bd3df87837f67fe747280bf512a77\" style=\"color:#39574f;font-size:20px\"><strong>Vous pouvez r\u00e9server un appel d\u2019introduction GRATUIT de 15 minutes directement dans notre calendrier en cliquant ci-dessous\u00a0:<\/strong><\/h3>\n\n\n\n<div class=\"wp-block-buttons is-content-justification-center is-layout-flex wp-container-core-buttons-is-layout-16018d1d wp-block-buttons-is-layout-flex\">\n<div class=\"wp-block-button\"><a class=\"wp-block-button__link has-background wp-element-button\" href=\"https:\/\/leonpsychology.janeapp.com\/\" style=\"background-color:#39574f\" target=\"_blank\" rel=\"noreferrer noopener\">Appel d'introduction de 15-minutes GRATUIT<\/a><\/div>\n<\/div>\n\n\n\n<hr class=\"wp-block-separator has-alpha-channel-opacity\"\/>\n\n\n\n<h3 class=\"wp-block-heading has-text-color\" style=\"color:#39574f\"><strong>Pr\u00e9occup\u00e9 par le bien-\u00eatre \u00e9motionnel de votre adolescent?<\/strong><\/h3>\n\n\n\n<p class=\"has-medium-font-size\"><\/p>\n\n\n\n<p class=\"has-medium-font-size\">Nous pouvons aider avec les probl\u00e9matiques suivantes :<\/p>\n\n\n\n<ul style=\"font-size:20px\" class=\"is-style-checkbox wp-block-list\">\n<li>Anxi\u00e9t\u00e9, inqui\u00e9tude, et stress<\/li>\n\n\n\n<li>D\u00e9prime et d\u00e9pression<\/li>\n\n\n\n<li><a href=\"https:\/\/leonpsychology.ca\/fr\/strategies-de-regulation-emotionnelle-chez-lenfant-et-ladolescent\/\" data-type=\"post\" data-id=\"1115\">Gestion des \u00e9motions<\/a><\/li>\n\n\n\n<li>Difficult\u00e9s avec les amiti\u00e9s<\/li>\n\n\n\n<li>Intimidation<\/li>\n\n\n\n<li>Faible estime de soi<\/li>\n\n\n\n<li>Difficult\u00e9s \u00e0 l'\u00e9cole<\/li>\n\n\n\n<li>Stress de performance et <a href=\"https:\/\/leonpsychology.ca\/fr\/perfectionnisme-signes-risques-strategies-pour-y-faire-face\/\" data-type=\"post\" data-id=\"1846\">perfectionisme<\/a><\/li>\n\n\n\n<li>Difficult\u00e9s avec <a href=\"https:\/\/leonpsychology.ca\/fr\/comment-notre-esprit-filtre-les-informations-comprendre-linattention\/\" data-type=\"post\" data-id=\"1920\">l'attention, la concentration<\/a>, la m\u00e9moire et <a href=\"https:\/\/leonpsychology.ca\/fr\/les-fonctions-executives-demystifiees-des-strategies-pour-ameliorer-lorganisation-lachevement-des-taches-et-plus-encore\/\" data-type=\"post\" data-id=\"1938\">l'organisation<\/a><\/li>\n\n\n\n<li>Perte et deuil<\/li>\n\n\n\n<li>Traumatisme<\/li>\n\n\n\n<li><a href=\"https:\/\/leonpsychology.ca\/fr\/hygiene-du-sommeil-habitudes-saines-pour-un-meilleur-sommeil\/\" data-type=\"post\" data-id=\"980\">Difficult\u00e9s de sommeil<\/a><\/li>\n<\/ul>\n\n\n\n<div class=\"wp-block-buttons is-content-justification-center is-layout-flex wp-container-core-buttons-is-layout-16018d1d wp-block-buttons-is-layout-flex\">\n<div class=\"wp-block-button\"><a class=\"wp-block-button__link has-background wp-element-button\" href=\"https:\/\/leonpsychology.janeapp.com\/\" style=\"background-color:#39574f\" target=\"_blank\" rel=\"noreferrer noopener\">Prendre un rendez-vous<\/a><\/div>\n<\/div>\n\n\n\n<hr class=\"wp-block-separator has-alpha-channel-opacity\"\/>\n\n\n\n<h3 class=\"wp-block-heading has-text-align-center has-text-color\" style=\"color:#39574f;padding-top:15px;padding-right:15px;padding-bottom:15px;padding-left:15px\"><strong>La th\u00e9rapie virtuelle pour les enfants &amp; adolescents \u2013 Le soulagement commence ici<\/strong><\/h3>\n\n\n\n<div class=\"wp-block-coblocks-features coblocks-features-52810538334\"><div class=\"wp-block-coblocks-features__inner has-columns has-3-columns has-responsive-columns has-center-content has-small-gutter\">\n<div class=\"wp-block-coblocks-feature coblocks-feature-52810538495\"><div class=\"wp-block-coblocks-feature__inner has-no-padding\"><div class=\"wp-block-coblocks-icon\">\n\t\t\t\t<div class=\"wp-block-coblocks-icon__inner\" style=\"height: 60px; width: 60px;\">\n\t\t\t\t\t<svg fill=\"none\" xmlns=\"http:\/\/www.w3.org\/2000\/svg\" viewbox=\"0 0 24 24\"><path d=\"M10.25 13c0 .69-.56 1.25-1.25 1.25S7.75 13.69 7.75 13s.56-1.25 1.25-1.25 1.25.56 1.25 1.25zM15 11.75c-.69 0-1.25.56-1.25 1.25s.56 1.25 1.25 1.25 1.25-.56 1.25-1.25-.56-1.25-1.25-1.25zm7 .25c0 5.52-4.48 10-10 10S2 17.52 2 12 6.48 2 12 2s10 4.48 10 10zM10.66 4.12C12.06 6.44 14.6 8 17.5 8c.46 0 .91-.05 1.34-.12C17.44 5.56 14.9 4 12 4c-.46 0-.91.05-1.34.12zM4.42 9.47c1.71-.97 3.03-2.55 3.66-4.44C6.37 6 5.05 7.58 4.42 9.47zM20 12c0-.78-.12-1.53-.33-2.24-.7.15-1.42.24-2.17.24-3.13 0-5.92-1.44-7.76-3.69C8.69 8.87 6.6 10.88 4 11.86c.01.04 0 .09 0 .14 0 4.41 3.59 8 8 8s8-3.59 8-8z\" fill=\"currentColor\" \/><\/svg>\n\t\t\t\t<\/div>\n\t\t\t<\/div>\n\n\n<h4 class=\"wp-block-heading has-black-color has-text-color has-medium-font-size\"><strong><strong>Accompagnement personnalis\u00e9<\/strong><\/strong><\/h4>\n\n\n\n<p style=\"font-size:17px\">Chaque enfant\/ado est diff\u00e9rent, et nos psychologues travaillent en \u00e9troite collaboration pour offrir des interventions et strat\u00e9gies cibl\u00e9es qui r\u00e9pondent \u00e0 leurs pr\u00e9occupations sp\u00e9cifiques.<\/p>\n<\/div><\/div>\n\n\n\n<div class=\"wp-block-coblocks-feature coblocks-feature-52810538495\"><div class=\"wp-block-coblocks-feature__inner has-no-padding\"><div class=\"wp-block-coblocks-icon\">\n\t\t\t\t<div class=\"wp-block-coblocks-icon__inner\" style=\"height: 60px; width: 60px;\">\n\t\t\t\t\t<svg fill=\"none\" viewbox=\"0 0 20 20\" xmlns=\"http:\/\/www.w3.org\/2000\/svg\"><path d=\"m15.5555556 14.4444444-4.4444445-4.4444444v-3.53333333c1.2888889-.46666667 2.2222222-1.68888889 2.2222222-3.13333334 0-1.84444444-1.4888889-3.33333333-3.3333333-3.33333333-1.84444444 0-3.33333333 1.48888889-3.33333333 3.33333333 0 1.44444445.93333333 2.66666667 2.22222222 3.13333334v3.53333333l-4.44444445 4.4444444h-4.44444444v5.5555556h5.55555556v-3.3888889l4.44444444-4.6666667 4.4444444 4.6666667v3.3888889h5.5555556v-5.5555556z\" fill=\"currentColor\" \/><\/svg>\n\t\t\t\t<\/div>\n\t\t\t<\/div>\n\n\n<h4 class=\"wp-block-heading has-black-color has-text-color has-medium-font-size\"><strong><strong>Collaboration avec les parents<\/strong><\/strong><\/h4>\n\n\n\n<p style=\"font-size:17px\">Bien que les enfants\/ados assistent g\u00e9n\u00e9ralement seuls aux s\u00e9ances, nous pouvons vous aider \u00e0 favoriser un environnement favorable \u00e0 un changement positif durable pour votre enfant\/adolescent.<\/p>\n<\/div><\/div>\n\n\n\n<div class=\"wp-block-coblocks-feature coblocks-feature-52810101813\"><div class=\"wp-block-coblocks-feature__inner has-no-padding\"><div class=\"wp-block-coblocks-icon\">\n\t\t\t\t<div class=\"wp-block-coblocks-icon__inner\" style=\"height: 60px; width: 60px;\">\n\t\t\t\t\t<svg fill=\"none\" viewbox=\"0 0 20 20\" xmlns=\"http:\/\/www.w3.org\/2000\/svg\"><path d=\"m9.99 0c-5.52 0-9.99 4.48-9.99 10s4.47 10 9.99 10c5.53 0 10.01-4.48 10.01-10s-4.48-10-10.01-10zm.01 18c-4.42 0-8-3.58-8-8s3.58-8 8-8 8 3.58 8 8-3.58 8-8 8zm3.5-9c.83 0 1.5-.67 1.5-1.5s-.67-1.5-1.5-1.5-1.5.67-1.5 1.5.67 1.5 1.5 1.5zm-7 0c.83 0 1.5-.67 1.5-1.5s-.67-1.5-1.5-1.5-1.5.67-1.5 1.5.67 1.5 1.5 1.5zm3.5 6.5c2.33 0 4.31-1.46 5.11-3.5h-10.22c.8 2.04 2.78 3.5 5.11 3.5z\" fill=\"currentColor\" \/><\/svg>\n\t\t\t\t<\/div>\n\t\t\t<\/div>\n\n\n<h4 class=\"wp-block-heading has-black-color has-text-color has-medium-font-size\"><strong>Cadre chaleureux<\/strong><\/h4>\n\n\n\n<p style=\"font-size:17px\">Votre enfant\/ado peut avoir confiance que l'environnement th\u00e9rapeutique est s\u00e9curitaire et inclusif et qu'il\/elle\/iel pourra se sentir \u00e0 l\u2019aise de s\u2019exprimer et de se confier de fa\u00e7on authentique et sans jugement.<\/p>\n<\/div><\/div>\n<\/div><\/div>\n\n\n\n<div style=\"height:49px\" aria-hidden=\"true\" class=\"wp-block-spacer\"><\/div>\n\n\n\n<div class=\"wp-block-buttons is-content-justification-center is-layout-flex wp-container-core-buttons-is-layout-16018d1d wp-block-buttons-is-layout-flex\">\n<div class=\"wp-block-button\"><a class=\"wp-block-button__link has-background wp-element-button\" href=\"https:\/\/leonpsychology.janeapp.com\/\" style=\"background-color:#39574f\" target=\"_blank\" rel=\"noreferrer noopener\">Prendre un rendez-vous<\/a><\/div>\n<\/div>\n\n\n\n<hr class=\"wp-block-separator has-alpha-channel-opacity\"\/>\n\n\n\n<h3 class=\"wp-block-heading has-text-align-center has-text-color\" style=\"color:#39574f;padding-top:15px;padding-right:15px;padding-bottom:15px;padding-left:15px\"><strong>Rencontrez Dre L\u00e9on<\/strong><\/h3>\n\n\n<div class=\"wp-block-image is-style-rounded\">\n<figure class=\"aligncenter size-thumbnail\"><a href=\"https:\/\/leonpsychology.ca\/fr\/about-dr-leon\/\" target=\"_blank\" rel=\"noreferrer noopener\"><img decoding=\"async\" width=\"150\" height=\"150\" src=\"https:\/\/leonpsychology.ca\/wp-content\/uploads\/2022\/11\/headshot2-e1669650345645-150x150.jpg\" alt=\"dr. stephanie leon psychologue en ligne pour adolescents neuropsychologue en ontario quebec\" class=\"wp-image-831\" srcset=\"https:\/\/leonpsychology.ca\/wp-content\/uploads\/2022\/11\/headshot2-e1669650345645-150x150.jpg 150w, https:\/\/leonpsychology.ca\/wp-content\/uploads\/2022\/11\/headshot2-e1669650345645-11x12.jpg 11w\" sizes=\"(max-width: 150px) 100vw, 150px\" \/><\/a><\/figure>\n<\/div>\n\n\n<p class=\"has-text-align-center has-medium-font-size\">Stephanie L. Leon est une psychologue clinicienne et neuropsychologue exp\u00e9riment\u00e9e et digne de confiance, sp\u00e9cialis\u00e9e dans la psychologie de l'enfant et de l'adolescent. Elle aide les enfants, les adolescents et leurs parents \u00e0 relever les d\u00e9fis \u00e9motionnels, comportementaux et cognitifs, en leur donnant les moyens de s'\u00e9panouir. <\/p>\n\n\n\n<p class=\"has-text-align-center has-medium-font-size\">Son approche th\u00e9rapeutique chaleureuse et collaborative est ancr\u00e9e dans la th\u00e9rapie comportementale cognitive (TCC) tout en s\u2019inspirant de diverses modalit\u00e9s. <\/p>\n\n\n\n<p class=\"has-text-align-center has-medium-font-size\">Dre L\u00e9on parle parfaitement le fran\u00e7ais et l\u2019anglais. Elle offre des s\u00e9ances virtuelles aux familles du Qu\u00e9bec et de l'Ontario.<\/p>\n\n\n\n<div class=\"wp-block-buttons is-content-justification-center is-layout-flex wp-container-core-buttons-is-layout-16018d1d wp-block-buttons-is-layout-flex\">\n<div class=\"wp-block-button\"><a class=\"wp-block-button__link has-background wp-element-button\" href=\"https:\/\/leonpsychology.ca\/fr\/psychologue-pour-enfants-en-ligne-dr-leon\/\" style=\"background-color:#39574f\">En apprendre davantage<\/a><\/div>\n<\/div>\n\n\n\n<hr class=\"wp-block-separator has-alpha-channel-opacity\"\/>\n\n\n\n<h3 class=\"wp-block-heading has-text-align-center has-text-color\" style=\"color:#39574f;padding-top:15px;padding-right:15px;padding-bottom:15px;padding-left:15px\"><strong>Rencontrez Dre Faulconbridge<\/strong><\/h3>\n\n\n<div class=\"wp-block-image is-style-rounded\">\n<figure class=\"aligncenter size-thumbnail\"><img decoding=\"async\" width=\"150\" height=\"150\" src=\"https:\/\/leonpsychology.ca\/wp-content\/uploads\/2024\/03\/photo_thumbnail-2-150x150.jpeg\" alt=\"\" class=\"wp-image-2470\" srcset=\"https:\/\/leonpsychology.ca\/wp-content\/uploads\/2024\/03\/photo_thumbnail-2-150x150.jpeg 150w, https:\/\/leonpsychology.ca\/wp-content\/uploads\/2024\/03\/photo_thumbnail-2-11x12.jpeg 11w\" sizes=\"(max-width: 150px) 100vw, 150px\" \/><\/figure>\n<\/div>\n\n\n<p class=\"has-text-align-center has-medium-font-size\">Dre Faulconbridge est une psychologue compatissant sp\u00e9cialis\u00e9e dans la sant\u00e9 mentale des enfants et des adolescents. Dre Faulconbridge permet aux enfants et aux adolescents de g\u00e9rer leurs \u00e9motions et leurs relations avec r\u00e9silience et confiance. <\/p>\n\n\n\n<p class=\"has-text-align-center has-medium-font-size\">Dre Faulconbridge utilise un m\u00e9lange d\u2019interventions fond\u00e9es sur des donn\u00e9es probantes, y compris la th\u00e9rapie cognitivo-comportementale (TCC), pour relever les d\u00e9fis li\u00e9s \u00e0 l\u2019anxi\u00e9t\u00e9, \u00e0 la d\u00e9pression, aux relations, \u00e0 l\u2019estime de soi et \u00e0 la dysr\u00e9gulation \u00e9motionnelle. <\/p>\n\n\n\n<p class=\"has-text-align-center has-medium-font-size\">Dre Faulconbridge offre des s\u00e9ances virtuelles en anglais \u00e0 ceux qui vivent au Qu\u00e9bec.<\/p>\n\n\n\n<div class=\"wp-block-buttons is-content-justification-center is-layout-flex wp-container-core-buttons-is-layout-16018d1d wp-block-buttons-is-layout-flex\">\n<div class=\"wp-block-button\"><a class=\"wp-block-button__link has-background wp-element-button\" href=\"https:\/\/leonpsychology.ca\/fr\/a-propos-du-dr-faulconbridge\/\" style=\"background-color:#39574f\" target=\"_blank\" rel=\"noreferrer noopener\">En apprendre davantage<\/a><\/div>\n<\/div>\n\n\n\n<hr class=\"wp-block-separator has-alpha-channel-opacity\"\/>\n\n\n\n<h2 class=\"wp-block-heading has-text-align-center has-text-color\" style=\"color:#39574f;padding-top:15px;padding-right:15px;padding-bottom:15px;padding-left:15px\"><strong>Fonctionnement de la psychoth\u00e9rapie pour adolescents<\/strong><\/h2>\n\n\n\n<div class=\"wp-block-columns has-white-background-color has-background coblocks-animate is-layout-flex wp-container-core-columns-is-layout-9d6595d7 wp-block-columns-is-layout-flex\" data-coblocks-animation=\"clipHorizontal\">\n<div class=\"wp-block-column has-white-background-color has-background is-layout-flow wp-block-column-is-layout-flow\">\n<h3 class=\"wp-block-heading has-text-align-center has-black-color has-text-color has-medium-font-size\"><strong>1. <\/strong><\/h3>\n\n\n\n<h3 class=\"wp-block-heading has-text-align-center has-black-color has-text-color has-medium-font-size\"><strong>Consultation et \u00e9valuation<\/strong><\/h3>\n\n\n\n<p class=\"has-text-align-center is-style-success has-text-color\" style=\"color:#3a4e28;font-size:17px\">&nbsp;Les consultations sont rapides, faciles et gratuites. Nos services complets de psychologie pour enfants\/adolescents comprennent une \u00e9valuation approfondie des besoins de votre enfant.<\/p>\n<\/div>\n\n\n\n<div class=\"wp-block-column has-white-background-color has-background is-layout-flow wp-block-column-is-layout-flow\">\n<h3 class=\"wp-block-heading has-text-align-center has-black-color has-text-color has-medium-font-size\"><strong>2.<\/strong><\/h3>\n\n\n\n<h3 class=\"wp-block-heading has-text-align-center has-black-color has-text-color has-medium-font-size\"><strong><strong>Plan de traitement personnalis\u00e9<\/strong><\/strong><\/h3>\n\n\n\n<p class=\"has-text-align-center is-style-success\" style=\"font-size:17px\">Nous abordons un \u00e9ventail de pr\u00e9occupations auxquelles sont confront\u00e9s les enfants et les adolescents. N\u00e9anmoins, votre enfant est unique et son plan de traitement sera adapt\u00e9 \u00e0 ses besoins et \u00e0 ses objectifs.<\/p>\n<\/div>\n\n\n\n<div class=\"wp-block-column has-white-background-color has-background is-layout-flow wp-block-column-is-layout-flow\">\n<h3 class=\"wp-block-heading has-text-align-center has-black-color has-text-color has-medium-font-size\"><strong>3.<\/strong><\/h3>\n\n\n\n<h3 class=\"wp-block-heading has-text-align-center has-black-color has-text-color has-medium-font-size\"><strong><strong>Approche TCC int\u00e9grative<\/strong><\/strong><\/h3>\n\n\n\n<p class=\"has-text-align-center is-style-success\" style=\"font-size:17px\">Le traitement est fermement ancr\u00e9 dans la th\u00e9rapie cognitivo-comportementale (TCC), mais les outils d\u2019autres approches sont utilis\u00e9s en fonction des besoins de l\u2019enfant \/ adolescent et de la r\u00e9ponse au traitement.<\/p>\n<\/div>\n<\/div>\n\n\n\n<hr class=\"wp-block-separator has-alpha-channel-opacity\"\/>\n\n\n\n<p class=\"has-text-align-center has-medium-font-size\"><em>Notez:<\/em> <\/p>\n\n\n\n<p class=\"has-text-align-center has-medium-font-size\">Bien que nous nous sp\u00e9cialisions dans la psychoth\u00e9rapie des adolescents, il est important de noter que nos services comportent certaines limites. Nous n\u2019offrons pas d\u2019\u00e9valuation ou de traitement pour les probl\u00e8mes de toxicomanie, ainsi que pour les troubles alimentaires. Cependant, nous sommes plus qu\u2019heureux de fournir des r\u00e9f\u00e9rences \u00e0 des sp\u00e9cialistes de confiance qui peuvent r\u00e9pondre \u00e0 ces besoins sp\u00e9cifiques.<\/p>\n\n\n\n<hr class=\"wp-block-separator has-alpha-channel-opacity\"\/>\n\n\n\n<h2 class=\"wp-block-heading has-text-align-left has-text-color\" style=\"color:#39574f\"><strong>Foire aux questions pour la psychologie virtuelle pour adolescents<\/strong><\/h2>\n\n\n\n<div style=\"height:35px\" aria-hidden=\"true\" class=\"wp-block-spacer\"><\/div>\n\n\n\n<h3 class=\"wp-block-heading has-black-color has-text-color has-medium-font-size\"><strong><strong>Comment savoir si mon enfant ou adolescent a besoin d\u2019une th\u00e9rapie?<\/strong><\/strong><\/h3>\n\n\n\n<p style=\"font-size:17px\">Il peut \u00eatre difficile de d\u00e9terminer si votre enfant\/ado a besoin de psychoth\u00e9rapie, mais certains signes \u00e0 surveiller comprennent les changements d\u2019humeur qui persistent, le retrait social, la diminution des activit\u00e9s, les nouvelles difficult\u00e9s acad\u00e9miques et les changements de comportement soudains. Si vous \u00eates pr\u00e9occup\u00e9 par le bien-\u00eatre de votre enfant, il est pr\u00e9f\u00e9rable de consulter un professionnel qui peut fournir une \u00e9valuation approfondie.<\/p>\n\n\n\n<h3 class=\"wp-block-heading has-black-color has-text-color has-medium-font-size\"><strong><strong>Combien de temps dure habituellement la psychoth\u00e9rapie pour enfant\/ado?<\/strong><\/strong><\/h3>\n\n\n\n<p style=\"font-size:17px\">La dur\u00e9e de la psychoth\u00e9rapie chez les adolescents peut varier en fonction de plusieurs facteurs, y compris la nature des pr\u00e9occupations, les progr\u00e8s r\u00e9alis\u00e9s et les besoins individuels de l\u2019adolescent.<\/p>\n\n\n\n<h3 class=\"wp-block-heading has-black-color has-text-color has-medium-font-size\"><strong><strong>Les s\u00e9ances seront-elles confidentielles?<\/strong><\/strong><\/h3>\n\n\n\n<p style=\"font-size:17px\">La confidentialit\u00e9 est un aspect crucial de la psychoth\u00e9rapie chez les adolescents. Les psychologues privil\u00e9gient la cr\u00e9ation d\u2019un espace s\u00e9curitaire o\u00f9 les adolescents peuvent s\u2019exprimer librement. En g\u00e9n\u00e9ral, ce qui est discut\u00e9 en th\u00e9rapie demeure confidentiel, \u00e0 moins qu\u2019il y ait des pr\u00e9occupations au sujet de la s\u00e9curit\u00e9 (en savoir plus sur <a rel=\"noreferrer noopener\" href=\"https:\/\/leonpsychology.ca\/fr\/faq\/\" data-type=\"page\" data-id=\"60\" target=\"_blank\">limites \u00e0 la confidentialit\u00e9<\/a>) ou si votre adolescent fournit la permission explicite d\u2019impliquer les autres.<\/p>\n\n\n\n<h3 class=\"wp-block-heading has-black-color has-text-color has-medium-font-size\"><strong><strong>Puis-je participer aux s\u00e9ances de th\u00e9rapie de mon adolescent<\/strong>?<\/strong><\/h3>\n\n\n\n<p style=\"font-size:17px\">Alors que les parents peuvent jouer un r\u00f4le crucial dans le bien-\u00eatre de leur adolescent, la psychoth\u00e9rapie des adolescents implique souvent des s\u00e9ances avec l\u2019adolescent seul. Cela permet au th\u00e9rapeute de b\u00e2tir la confiance et d\u2019encourager une communication ouverte.<\/p>\n\n\n\n<h3 class=\"wp-block-heading has-black-color has-text-color has-medium-font-size\"><strong><strong>Et si mon adolescent est r\u00e9sistant \u00e0 la th\u00e9rapie<\/strong>?<\/strong><\/h3>\n\n\n\n<p style=\"font-size:17px\">Il n\u2019est pas rare pour les adolescents d\u2019\u00eatre initialement r\u00e9sistant \u00e0 l\u2019id\u00e9e de la th\u00e9rapie. Communiquez ouvertement avec votre adolescent au sujet de vos pr\u00e9occupations et des avantages potentiels de la th\u00e9rapie. Rassurez les que la th\u00e9rapie est un espace s\u00fbr pour l\u2019expression et la croissance personnelle. Si votre adolescent demeure incertain, le fait de l\u2019impliquer dans le processus de s\u00e9lection du th\u00e9rapeute ou de lui permettre de poser des questions peut aider \u00e0 apaiser ses inqui\u00e9tudes. Les th\u00e9rapeutes qualifi\u00e9s exp\u00e9riment\u00e9s dans le travail avec les adolescents peuvent souvent \u00e9tablir des rapports et construire la confiance, m\u00eame avec des adolescents initialement r\u00e9ticents.<\/p>\n\n\n\n<p class=\"has-medium-font-size\">Vous avez d'autres questions? Visitez notre&nbsp;<a rel=\"noreferrer noopener\" href=\"https:\/\/leonpsychology.ca\/fr\/faq\/\" target=\"_blank\">Foire aux questions<\/a>&nbsp;.<\/p>\n\n\n\n<div class=\"wp-block-buttons is-content-justification-center is-layout-flex wp-container-core-buttons-is-layout-16018d1d wp-block-buttons-is-layout-flex\">\n<div class=\"wp-block-button\"><a class=\"wp-block-button__link has-background wp-element-button\" href=\"https:\/\/leonpsychology.janeapp.com\/\" style=\"background-color:#39574f\" target=\"_blank\" rel=\"noreferrer noopener\">Prendre un rendez-vous<\/a><\/div>\n<\/div>\n\n\n\n<hr class=\"wp-block-separator has-alpha-channel-opacity\"\/>\n\n\n\n<h3 class=\"wp-block-heading has-text-align-center has-black-color has-text-color\" style=\"font-size:30px\"><strong>La Leon Psychology Clinic offre une th\u00e9rapie en ligne pour enfants et adolescents. <\/strong><\/h3>\n\n\n\n<h3 class=\"wp-block-heading has-text-align-center has-black-color has-text-color\" style=\"font-size:30px\"><strong>Nos th\u00e9rapeutes travaillent avec les enfants et adolescents \u00e2g\u00e9s de 10 \u00e0 17 ans. <\/strong><\/h3>\n\n\n\n<h3 class=\"wp-block-heading has-text-align-center has-black-color has-text-color\" style=\"font-size:30px\"><strong>Nos psychologues interviennent aupr\u00e8s des familles de la r\u00e9gion de l'Outaouais.<\/strong><\/h3>\n\n\n\n<hr class=\"wp-block-separator has-alpha-channel-opacity\"\/>\n<div style='text-align:center' class='yasr-auto-insert-overall'><\/div>","protected":false},"excerpt":{"rendered":"<p>La Leon Psychology Clinic propose une th\u00e9rapie en ligne pour les enfants et les adolescents. Nos th\u00e9rapeutes virtuels re\u00e7oivent des enfants et des adolescents \u00e2g\u00e9s de 10 \u00e0 17 ans. Nos psychologues peuvent travailler avec les familles de la r\u00e9gion de l'Outaouais. Coordonn\u00e9es Courriel : info@leonpsychology.ca T\u00e9l\u00e9phone : 819-200-7718 Lorsque vous communiquez avec nous, veuillez laisser votre nom complet et votre num\u00e9ro de t\u00e9l\u00e9phone. Vous pouvez aussi r\u00e9server un rendez-vous GRATUIT <a class=\"read-more\" href=\"https:\/\/leonpsychology.ca\/fr\/online-teen-psychologist-outaouais\/\">LIRE LA SUITE<\/a><\/p>","protected":false},"author":1,"featured_media":0,"parent":0,"menu_order":0,"comment_status":"closed","ping_status":"closed","template":"","meta":{"_seopress_robots_primary_cat":"","_seopress_titles_title":"Best online psychologists in Outaouais | Leon Psychology Clinic","_seopress_titles_desc":"Licensed Outaouais psychologist working with teenagers and adolescents. Expertise with anxiety, depression, behavioural difficulties, bullying and more. Book a session.","_seopress_robots_index":"","_coblocks_attr":"","_coblocks_dimensions":"","_coblocks_responsive_height":"","_coblocks_accordion_ie_support":"","yasr_overall_rating":0,"yasr_post_is_review":"","yasr_auto_insert_disabled":"","yasr_review_type":"","footnotes":""},"class_list":["post-2469","page","type-page","status-publish","hentry"],"yasr_visitor_votes":{"stars_attributes":{"read_only":true,"span_bottom":"<div class='yasr-small-block-bold'><span class='yasr-visitor-votes-must-sign-in'>You must sign in to vote<\/span><\/div>"},"number_of_votes":0,"sum_votes":0},"_links":{"self":[{"href":"https:\/\/leonpsychology.ca\/fr\/wp-json\/wp\/v2\/pages\/2469","targetHints":{"allow":["GET"]}}],"collection":[{"href":"https:\/\/leonpsychology.ca\/fr\/wp-json\/wp\/v2\/pages"}],"about":[{"href":"https:\/\/leonpsychology.ca\/fr\/wp-json\/wp\/v2\/types\/page"}],"author":[{"embeddable":true,"href":"https:\/\/leonpsychology.ca\/fr\/wp-json\/wp\/v2\/users\/1"}],"replies":[{"embeddable":true,"href":"https:\/\/leonpsychology.ca\/fr\/wp-json\/wp\/v2\/comments?post=2469"}],"version-history":[{"count":4,"href":"https:\/\/leonpsychology.ca\/fr\/wp-json\/wp\/v2\/pages\/2469\/revisions"}],"predecessor-version":[{"id":3724,"href":"https:\/\/leonpsychology.ca\/fr\/wp-json\/wp\/v2\/pages\/2469\/revisions\/3724"}],"wp:attachment":[{"href":"https:\/\/leonpsychology.ca\/fr\/wp-json\/wp\/v2\/media?parent=2469"}],"curies":[{"name":"wp","href":"https:\/\/api.w.org\/{rel}","templated":true}]}}