{"id":2706,"date":"2024-10-10T19:56:23","date_gmt":"2024-10-10T19:56:23","guid":{"rendered":"https:\/\/leonpsychology.ca\/?page_id=2706"},"modified":"2024-10-10T19:56:23","modified_gmt":"2024-10-10T19:56:23","slug":"therapie-de-lanxiete-pres-de-chez-moi","status":"publish","type":"page","link":"https:\/\/leonpsychology.ca\/fr\/anxiety-therapy-near-me\/","title":{"rendered":"Th\u00e9rapie pour de l'anxi\u00e9t\u00e9 pr\u00e8s de moi"},"content":{"rendered":"<div class=\"wp-block-cover is-light\" style=\"min-height:239px;aspect-ratio:unset;\"><span aria-hidden=\"true\" class=\"wp-block-cover__background has-background-dim\" style=\"background-color:#f4f5f5\"><\/span><img decoding=\"async\" width=\"2560\" height=\"589\" class=\"wp-block-cover__image-background wp-image-2707\" alt=\"\" src=\"https:\/\/leonpsychology.ca\/wp-content\/uploads\/2024\/10\/2-logos_6.png\" data-object-fit=\"cover\" srcset=\"https:\/\/leonpsychology.ca\/wp-content\/uploads\/2024\/10\/2-logos_6.png 2560w, https:\/\/leonpsychology.ca\/wp-content\/uploads\/2024\/10\/2-logos_6-300x69.png 300w, https:\/\/leonpsychology.ca\/wp-content\/uploads\/2024\/10\/2-logos_6-1024x235.png 1024w, https:\/\/leonpsychology.ca\/wp-content\/uploads\/2024\/10\/2-logos_6-768x177.png 768w, https:\/\/leonpsychology.ca\/wp-content\/uploads\/2024\/10\/2-logos_6-1536x353.png 1536w, https:\/\/leonpsychology.ca\/wp-content\/uploads\/2024\/10\/2-logos_6-2048x471.png 2048w, https:\/\/leonpsychology.ca\/wp-content\/uploads\/2024\/10\/2-logos_6-18x4.png 18w\" sizes=\"(max-width: 2560px) 100vw, 2560px\" \/><div class=\"wp-block-cover__inner-container is-layout-constrained wp-block-cover-is-layout-constrained\">\n<p class=\"has-text-align-center has-large-font-size\"><\/p>\n<\/div><\/div>\n\n\n\n<h2 class=\"wp-block-heading has-text-align-center has-black-color has-text-color has-link-color wp-elements-f775363462a462e968d2839f97458e06\" style=\"font-size:25px\"><strong>L\u2019anxi\u00e9t\u00e9 fait partie int\u00e9grante de la vie et, \u00e0 petites doses, est utile. Cependant, lorsque l\u2019anxi\u00e9t\u00e9 devient excessive et persistante, elle peut avoir un impact significatif sur le fonctionnement quotidien.<\/strong><\/h2>\n\n\n\n<h2 class=\"wp-block-heading has-text-align-center has-black-color has-text-color has-link-color wp-elements-7cfcfe3c4a02872b2bb9c5428c5de059\" style=\"font-size:25px\"><strong>Nos psychologues travaillent avec des enfants, des adolescents et des adultes aux prises avec diff\u00e9rents types d\u2019anxi\u00e9t\u00e9, y compris l\u2019anxi\u00e9t\u00e9 de s\u00e9paration, l\u2019anxi\u00e9t\u00e9 g\u00e9n\u00e9ralis\u00e9e, l\u2019anxi\u00e9t\u00e9 sociale, etc.<\/strong><\/h2>\n\n\n\n<hr class=\"wp-block-separator has-alpha-channel-opacity\"\/>\n\n\n\n<div style=\"height:32px\" aria-hidden=\"true\" class=\"wp-block-spacer\"><\/div>\n\n\n\n<h2 class=\"wp-block-heading has-text-align-center has-text-color\" style=\"color:#39574f\"><strong>Nous rejoindre<\/strong><\/h2>\n\n\n\n<p class=\"has-text-align-center has-medium-font-size\"><strong>Courriel: <\/strong>info@leonpsychology.ca<\/p>\n\n\n\n<p class=\"has-text-align-center has-medium-font-size\"><strong>T\u00e9l\u00e9phone: <\/strong>819-200-7718<\/p>\n\n\n\n<p class=\"has-text-align-center has-medium-font-size\">Lorsque vous communiquez avec nous, veuillez laisser votre nom complet et le meilleur num\u00e9ro de t\u00e9l\u00e9phone pour vous rejoindre.<\/p>\n\n\n\n<div style=\"height:32px\" aria-hidden=\"true\" class=\"wp-block-spacer\"><\/div>\n\n\n\n<hr class=\"wp-block-separator has-alpha-channel-opacity\"\/>\n\n\n\n<div style=\"height:32px\" aria-hidden=\"true\" class=\"wp-block-spacer\"><\/div>\n\n\n\n<h2 class=\"wp-block-heading has-text-align-center has-text-color\" style=\"color:#39574f\"><strong>Vous pouvez \u00e9galement r\u00e9server un appel d\u2019introduction GRATUIT de 15 minutes directement dans notre calendrier en cliquant ci-dessous\u00a0:<\/strong><\/h2>\n\n\n\n<div class=\"wp-block-buttons is-content-justification-center is-layout-flex wp-container-core-buttons-is-layout-16018d1d wp-block-buttons-is-layout-flex\">\n<div class=\"wp-block-button\"><a class=\"wp-block-button__link has-background has-text-align-center wp-element-button\" href=\"https:\/\/leonpsychology.janeapp.com\/\" style=\"background-color:#39574f\" target=\"_blank\" rel=\"noreferrer noopener\">Appel d'introduction de 15-minutes GRATUIT<\/a><\/div>\n<\/div>\n\n\n\n<div style=\"height:32px\" aria-hidden=\"true\" class=\"wp-block-spacer\"><\/div>\n\n\n\n<hr class=\"wp-block-separator has-alpha-channel-opacity\"\/>\n\n\n\n<div style=\"height:50px\" aria-hidden=\"true\" class=\"wp-block-spacer\"><\/div>\n\n\n\n<p class=\"has-medium-font-size\">L\u2019anxi\u00e9t\u00e9 peut se manifester de diverses fa\u00e7ons, et les personnes peuvent \u00e9prouver une combinaison de sympt\u00f4mes. Les signes d\u2019anxi\u00e9t\u00e9 courants sont\u00a0:<\/p>\n\n\n\n<ol class=\"wp-block-list is-style-checkbox has-medium-font-size\">\n<li style=\"padding-top:var(--wp--preset--spacing--20);padding-bottom:var(--wp--preset--spacing--20);font-style:normal;font-weight:500\"><strong>Inqui\u00e9tudes excessives:<\/strong> Une inqui\u00e9tude persistante et incontr\u00f4lable \u00e0 l\u2019\u00e9gard des \u00e9v\u00e9nements futurs, m\u00eame s\u2019ils sont peu probables.<\/li>\n\n\n\n<li style=\"padding-top:var(--wp--preset--spacing--20);padding-bottom:var(--wp--preset--spacing--20)\"><strong>Agitation\u00a0:<\/strong> Vous vous sentez nerveux, agit\u00e9 ou avez de la difficult\u00e9 \u00e0 rester immobile.<\/li>\n\n\n\n<li style=\"padding-top:var(--wp--preset--spacing--20);padding-bottom:var(--wp--preset--spacing--20)\"><strong>Fatigue:<\/strong> Fatigue constante, m\u00eame sans effort physique.<\/li>\n\n\n\n<li style=\"padding-top:var(--wp--preset--spacing--20);padding-bottom:var(--wp--preset--spacing--20)\"><strong>Tension musculaire:<\/strong> Tension physique ou douleurs musculaires, souvent dans le cou, les \u00e9paules ou le dos.<\/li>\n\n\n\n<li style=\"padding-top:var(--wp--preset--spacing--20);padding-bottom:var(--wp--preset--spacing--20)\"><strong>Irritabilit\u00e9\u00a0:<\/strong> \u00catre facilement agac\u00e9 ou en col\u00e8re, avoir une faible tol\u00e9rance \u00e0 la frustration.<\/li>\n\n\n\n<li style=\"padding-top:var(--wp--preset--spacing--20);padding-bottom:var(--wp--preset--spacing--20)\"><strong>Troubles du sommeil:<\/strong> Difficult\u00e9 \u00e0 s\u2019endormir, \u00e0 rester endormi ou avoir un sommeil agit\u00e9.<\/li>\n\n\n\n<li style=\"padding-top:var(--wp--preset--spacing--20);padding-bottom:var(--wp--preset--spacing--20)\"><strong>Difficult\u00e9 \u00e0 se concentrer:<\/strong> Trouver difficile de se concentrer ou de se concentrer sur les t\u00e2ches.<\/li>\n\n\n\n<li style=\"padding-top:var(--wp--preset--spacing--20);padding-bottom:var(--wp--preset--spacing--20)\"><strong>Pens\u00e9es qui s'emballent:<\/strong> Des pens\u00e9es qui sont difficiles \u00e0 contr\u00f4ler et qui entra\u00eenent une anxi\u00e9t\u00e9 accrue.<\/li>\n\n\n\n<li style=\"padding-top:var(--wp--preset--spacing--20);padding-bottom:var(--wp--preset--spacing--20)\"><strong>Sympt\u00f4mes physiques:<\/strong> Transpiration, tremblements, vertiges, naus\u00e9es ou autres d\u00e9sagr\u00e9ments physiques.<\/li>\n\n\n\n<li style=\"padding-top:var(--wp--preset--spacing--20);padding-bottom:var(--wp--preset--spacing--20)\"><strong>\u00c9vitement:<\/strong> \u00c9viter les situations ou les endroits qui peuvent d\u00e9clencher l\u2019anxi\u00e9t\u00e9.<\/li>\n\n\n\n<li style=\"padding-top:var(--wp--preset--spacing--20);padding-bottom:var(--wp--preset--spacing--20)\"><strong>Autocritique\u00a0:<\/strong> Se livrer \u00e0 des pens\u00e9es n\u00e9gatives ou autocritiques.<\/li>\n<\/ol>\n\n\n\n<hr class=\"wp-block-separator has-alpha-channel-opacity\"\/>\n\n\n\n<p><\/p>\n\n\n\n<h2 class=\"wp-block-heading has-text-align-center has-text-color\" style=\"color:#39574f\"><strong>Approche th\u00e9rapeutique<\/strong><\/h2>\n\n\n\n<p class=\"has-medium-font-size\">La th\u00e9rapie cognitivo-comportementale (TCC) est une approche courante utilis\u00e9e en psychoth\u00e9rapie pour traiter l\u2019anxi\u00e9t\u00e9. La TCC aide les individus \u00e0 reconna\u00eetre et \u00e0 d\u00e9fier les sch\u00e9mas de pens\u00e9e irrationnels ou n\u00e9gatifs qui contribuent \u00e0 l\u2019anxi\u00e9t\u00e9. Gr\u00e2ce \u00e0 la restructuration cognitive, les individus apprennent \u00e0 remplacer des pens\u00e9es inutiles par des pens\u00e9es plus \u00e9quilibr\u00e9es et r\u00e9alistes, ce qui entra\u00eene un changement dans leur r\u00e9ponse \u00e9motionnelle.<\/p>\n\n\n\n<hr class=\"wp-block-separator has-alpha-channel-opacity\"\/>\n\n\n\n<p class=\"has-medium-font-size\">La relation th\u00e9rapeutique elle-m\u00eame est \u00e9galement un facteur crucial dans le succ\u00e8s du traitement. La recherche des conseils d\u2019un professionnel de la sant\u00e9 mentale qualifi\u00e9 peut \u00eatre utile pour adapter le traitement aux besoins individuels et favoriser des r\u00e9sultats positifs. Rencontrez notre \u00e9quipe ci-dessous\u00a0:<\/p>\n\n\n\n<h2 class=\"wp-block-heading has-text-align-center has-text-color\" style=\"color:#39574f;padding-top:15px;padding-right:15px;padding-bottom:15px;padding-left:15px\"><strong>Rencontrez Dre L\u00e9on<\/strong><\/h2>\n\n\n<div class=\"wp-block-image is-style-rounded\">\n<figure class=\"aligncenter size-thumbnail\"><a href=\"https:\/\/leonpsychology.ca\/fr\/about-dr-leon\/\" target=\"_blank\" rel=\"noreferrer noopener\"><img decoding=\"async\" width=\"150\" height=\"150\" src=\"https:\/\/leonpsychology.ca\/wp-content\/uploads\/2022\/11\/headshot2-e1669650345645-150x150.jpg\" alt=\"dr. stephanie leon psychologue en ligne pour adolescents neuropsychologue en ontario quebec\" class=\"wp-image-831\" srcset=\"https:\/\/leonpsychology.ca\/wp-content\/uploads\/2022\/11\/headshot2-e1669650345645-150x150.jpg 150w, https:\/\/leonpsychology.ca\/wp-content\/uploads\/2022\/11\/headshot2-e1669650345645-11x12.jpg 11w\" sizes=\"(max-width: 150px) 100vw, 150px\" \/><\/a><\/figure>\n<\/div>\n\n\n<p class=\"has-text-align-center has-medium-font-size\">Dre St\u00e9phanie L. L\u00e9on est une psychologue clinicienne et neuropsychologue de confiance sp\u00e9cialis\u00e9e en psychologie de l\u2019adolescence. Elle aide les adolescents et leurs parents \u00e0 relever les d\u00e9fis \u00e9motionnels, comportementaux et cognitifs, leur permettant de s\u2019\u00e9panouir. <\/p>\n\n\n\n<p class=\"has-text-align-center has-medium-font-size\">Son approche th\u00e9rapeutique chaleureuse et collaborative est ancr\u00e9e dans la th\u00e9rapie comportementale cognitive (TCC) tout en s\u2019inspirant de diverses modalit\u00e9s. <\/p>\n\n\n\n<p class=\"has-text-align-center has-medium-font-size\">Dre L\u00e9on parle parfaitement le fran\u00e7ais et l\u2019anglais. Elle offre des s\u00e9ances virtuelles aux adolescents en Ontario et au Qu\u00e9bec.<\/p>\n\n\n\n<div class=\"wp-block-buttons is-content-justification-center is-layout-flex wp-container-core-buttons-is-layout-16018d1d wp-block-buttons-is-layout-flex\">\n<div class=\"wp-block-button\"><a class=\"wp-block-button__link has-background wp-element-button\" href=\"https:\/\/leonpsychology.ca\/fr\/psychologue-pour-enfants-en-ligne-dr-leon\/\" style=\"background-color:#39574f\">En apprendre davantage<\/a><\/div>\n<\/div>\n\n\n\n<div style=\"height:30px\" aria-hidden=\"true\" class=\"wp-block-spacer\"><\/div>\n\n\n\n<hr class=\"wp-block-separator has-alpha-channel-opacity\"\/>\n\n\n\n<h2 class=\"wp-block-heading has-text-align-center has-text-color\" style=\"color:#39574f;padding-top:15px;padding-right:15px;padding-bottom:15px;padding-left:15px\"><strong>Rencontrez Dre Faulconbridge<\/strong><\/h2>\n\n\n<div class=\"wp-block-image is-style-rounded\">\n<figure class=\"aligncenter size-thumbnail\"><img decoding=\"async\" width=\"150\" height=\"150\" src=\"https:\/\/leonpsychology.ca\/wp-content\/uploads\/2024\/03\/photo_thumbnail-2-150x150.jpeg\" alt=\"\" class=\"wp-image-2470\" srcset=\"https:\/\/leonpsychology.ca\/wp-content\/uploads\/2024\/03\/photo_thumbnail-2-150x150.jpeg 150w, https:\/\/leonpsychology.ca\/wp-content\/uploads\/2024\/03\/photo_thumbnail-2-11x12.jpeg 11w\" sizes=\"(max-width: 150px) 100vw, 150px\" \/><\/figure>\n<\/div>\n\n\n<p class=\"has-text-align-center has-medium-font-size\">Dre Faulconbridge est une psychologue compatissant sp\u00e9cialis\u00e9e dans la sant\u00e9 mentale des enfants et des adolescents. Dre Faulconbridge permet aux enfants et aux adolescents de g\u00e9rer leurs \u00e9motions et leurs relations avec r\u00e9silience et confiance. <\/p>\n\n\n\n<p class=\"has-text-align-center has-medium-font-size\">Dre Faulconbridge utilise un m\u00e9lange d\u2019interventions fond\u00e9es sur des donn\u00e9es probantes, y compris la th\u00e9rapie cognitivo-comportementale (TCC), pour relever les d\u00e9fis li\u00e9s \u00e0 l\u2019anxi\u00e9t\u00e9, \u00e0 la d\u00e9pression, aux relations, \u00e0 l\u2019estime de soi et \u00e0 la dysr\u00e9gulation \u00e9motionnelle. <\/p>\n\n\n\n<p class=\"has-text-align-center has-medium-font-size\">Dre Faulconbridge offre des s\u00e9ances virtuelles en anglais \u00e0 ceux qui vivent au Qu\u00e9bec.<\/p>\n\n\n\n<div class=\"wp-block-buttons is-content-justification-center is-layout-flex wp-container-core-buttons-is-layout-16018d1d wp-block-buttons-is-layout-flex\">\n<div class=\"wp-block-button\"><a class=\"wp-block-button__link has-background wp-element-button\" href=\"https:\/\/leonpsychology.ca\/fr\/a-propos-du-dr-faulconbridge\/\" style=\"background-color:#39574f\" target=\"_blank\" rel=\"noreferrer noopener\">En apprendre davantage<\/a><\/div>\n<\/div>\n\n\n\n<div style=\"height:30px\" aria-hidden=\"true\" class=\"wp-block-spacer\"><\/div>\n\n\n\n<hr class=\"wp-block-separator has-alpha-channel-opacity\"\/>\n\n\n\n<h2 class=\"wp-block-heading has-text-align-center has-text-color\" style=\"color:#39574f;padding-top:15px;padding-right:15px;padding-bottom:15px;padding-left:15px\"><strong>Rencontrez Mme Robitaille<\/strong><\/h2>\n\n\n<div class=\"wp-block-image is-style-rounded\">\n<figure class=\"aligncenter size-thumbnail\"><img decoding=\"async\" src=\"https:\/\/leonpsychology.ca\/wp-content\/uploads\/2023\/03\/photo-de-profil-150x150.jpg\" alt=\"psychologue psychoth\u00e9rapeute pour adolescent Qu\u00e9bec th\u00e9rapeute\" class=\"wp-image-1040\"\/><\/figure>\n<\/div>\n\n\n<p class=\"has-text-align-center has-medium-font-size\">Mme Chantal Robitaille est une psychologue et psychoth\u00e9rapeute qui accorde la priorit\u00e9 aux besoins des clients. Avec plus de 30 ans d\u2019expertise, elle se concentre sur la d\u00e9tresse exprim\u00e9e et les besoins pr\u00e9sents au-del\u00e0 des \u00e9tiquettes diagnostiques.<\/p>\n\n\n\n<p class=\"has-text-align-center has-medium-font-size\">Mme Robitaille conna\u00eet bien les troubles anxieux, les transitions difficiles, le deuil, la d\u00e9pression, les difficult\u00e9s d\u2019adaptation, la dysphorie de genre et le stress post-traumatique. Son approche int\u00e9grative s\u2019inspire de la th\u00e9rapie comportementale cognitive (TCC), de la th\u00e9rapie ax\u00e9e sur les \u00e9motions et d\u2019autres modalit\u00e9s.<\/p>\n\n\n\n<p class=\"has-text-align-center has-medium-font-size\">Ses s\u00e9ances se d\u00e9roulent virtuellement en fran\u00e7ais pour les clients du Qu\u00e9bec.<\/p>\n\n\n\n<div class=\"wp-block-buttons is-content-justification-center is-layout-flex wp-container-core-buttons-is-layout-16018d1d wp-block-buttons-is-layout-flex\">\n<div class=\"wp-block-button\"><a class=\"wp-block-button__link has-background wp-element-button\" href=\"https:\/\/leonpsychology.ca\/fr\/psychologue-en-ligne-ms-robitaille\/\" style=\"background-color:#39574f\">En apprendre davantage<\/a><\/div>\n<\/div>\n\n\n\n<div style=\"height:30px\" aria-hidden=\"true\" class=\"wp-block-spacer\"><\/div>\n\n\n\n<hr class=\"wp-block-separator has-alpha-channel-opacity\"\/>\n\n\n\n<h2 class=\"wp-block-heading has-text-align-center has-black-color has-text-color has-link-color wp-elements-7ab170013c2d34cb7d081d2c70c39d3b\" style=\"font-size:25px\"><strong>Psychologues et th\u00e9rapeutes en ligne exp\u00e9riment\u00e9s<\/strong><\/h2>\n\n\n\n<h2 class=\"wp-block-heading has-text-align-center has-black-color has-text-color has-link-color wp-elements-2e30a725908476eeabda6617ed485c75\" style=\"font-size:25px\"><strong>Traitement de l\u2019anxi\u00e9t\u00e9, y compris\u00a0: anxi\u00e9t\u00e9 g\u00e9n\u00e9ralis\u00e9e, anxi\u00e9t\u00e9 de s\u00e9paration, anxi\u00e9t\u00e9 sociale, phobies sp\u00e9cifiques, refus d\u2019aller \u00e0 l\u2019\u00e9cole anxieux et attaques de panique<\/strong><\/h2>\n\n\n\n<h2 class=\"wp-block-heading has-text-align-center has-black-color has-text-color has-link-color wp-elements-aa2565a40cfd72f4197fcd8ea34b95d2\" style=\"font-size:25px\"><strong>Ontario and Qu\u00e9bec<\/strong><\/h2>\n<div style='text-align:center' class='yasr-auto-insert-overall'><\/div>","protected":false},"excerpt":{"rendered":"<p>L'anxi\u00e9t\u00e9 est un \u00e9l\u00e9ment naturel de la vie et, \u00e0 petite dose, elle est utile. Cependant, lorsque l'anxi\u00e9t\u00e9 devient excessive et persistante, elle peut avoir un impact significatif sur le fonctionnement quotidien. Nos psychologues travaillent avec des enfants, des adolescents et des adultes aux prises avec diff\u00e9rents types d'anxi\u00e9t\u00e9, notamment l'anxi\u00e9t\u00e9 de s\u00e9paration, l'anxi\u00e9t\u00e9 g\u00e9n\u00e9ralis\u00e9e, l'anxi\u00e9t\u00e9 sociale, etc. Coordonn\u00e9es Courriel : info@leonpsychology.ca T\u00e9l\u00e9phone : 819-200-7718 <a class=\"read-more\" href=\"https:\/\/leonpsychology.ca\/fr\/anxiety-therapy-near-me\/\">LIRE LA SUITE<\/a><\/p>","protected":false},"author":1,"featured_media":0,"parent":0,"menu_order":0,"comment_status":"closed","ping_status":"closed","template":"","meta":{"_seopress_robots_primary_cat":"","_seopress_titles_title":"","_seopress_titles_desc":"","_seopress_robots_index":"","_coblocks_attr":"","_coblocks_dimensions":"","_coblocks_responsive_height":"","_coblocks_accordion_ie_support":"","yasr_overall_rating":0,"yasr_post_is_review":"","yasr_auto_insert_disabled":"","yasr_review_type":"","footnotes":""},"class_list":["post-2706","page","type-page","status-publish","hentry"],"yasr_visitor_votes":{"stars_attributes":{"read_only":true,"span_bottom":"<div class='yasr-small-block-bold'><span class='yasr-visitor-votes-must-sign-in'>You must sign in to vote<\/span><\/div>"},"number_of_votes":0,"sum_votes":0},"_links":{"self":[{"href":"https:\/\/leonpsychology.ca\/fr\/wp-json\/wp\/v2\/pages\/2706","targetHints":{"allow":["GET"]}}],"collection":[{"href":"https:\/\/leonpsychology.ca\/fr\/wp-json\/wp\/v2\/pages"}],"about":[{"href":"https:\/\/leonpsychology.ca\/fr\/wp-json\/wp\/v2\/types\/page"}],"author":[{"embeddable":true,"href":"https:\/\/leonpsychology.ca\/fr\/wp-json\/wp\/v2\/users\/1"}],"replies":[{"embeddable":true,"href":"https:\/\/leonpsychology.ca\/fr\/wp-json\/wp\/v2\/comments?post=2706"}],"version-history":[{"count":2,"href":"https:\/\/leonpsychology.ca\/fr\/wp-json\/wp\/v2\/pages\/2706\/revisions"}],"predecessor-version":[{"id":2709,"href":"https:\/\/leonpsychology.ca\/fr\/wp-json\/wp\/v2\/pages\/2706\/revisions\/2709"}],"wp:attachment":[{"href":"https:\/\/leonpsychology.ca\/fr\/wp-json\/wp\/v2\/media?parent=2706"}],"curies":[{"name":"wp","href":"https:\/\/api.w.org\/{rel}","templated":true}]}}