{"id":2828,"date":"2025-01-29T02:34:16","date_gmt":"2025-01-29T02:34:16","guid":{"rendered":"https:\/\/leonpsychology.ca\/?page_id=2828"},"modified":"2026-04-13T19:38:41","modified_gmt":"2026-04-13T19:38:41","slug":"presentations-et-ateliers-de-psychologie","status":"publish","type":"page","link":"https:\/\/leonpsychology.ca\/fr\/psychology-presentations-and-workshops\/","title":{"rendered":"Pr\u00e9sentations et ateliers en psychologie"},"content":{"rendered":"<div class=\"wp-block-cover is-light\" style=\"min-height:276px;aspect-ratio:unset;\"><span aria-hidden=\"true\" class=\"wp-block-cover__background has-background-dim\" style=\"background-color:#9ba3a4\"><\/span><img decoding=\"async\" width=\"2560\" height=\"1707\" class=\"wp-block-cover__image-background wp-image-2834\" alt=\"auditorium pour une pr\u00e9sentation de psychologie\" src=\"https:\/\/leonpsychology.ca\/wp-content\/uploads\/2025\/01\/auditorium-scaled.jpg\" data-object-fit=\"cover\" srcset=\"https:\/\/leonpsychology.ca\/wp-content\/uploads\/2025\/01\/auditorium-scaled.jpg 2560w, https:\/\/leonpsychology.ca\/wp-content\/uploads\/2025\/01\/auditorium-300x200.jpg 300w, https:\/\/leonpsychology.ca\/wp-content\/uploads\/2025\/01\/auditorium-1024x683.jpg 1024w, https:\/\/leonpsychology.ca\/wp-content\/uploads\/2025\/01\/auditorium-768x512.jpg 768w, https:\/\/leonpsychology.ca\/wp-content\/uploads\/2025\/01\/auditorium-1536x1024.jpg 1536w, https:\/\/leonpsychology.ca\/wp-content\/uploads\/2025\/01\/auditorium-2048x1365.jpg 2048w, https:\/\/leonpsychology.ca\/wp-content\/uploads\/2025\/01\/auditorium-18x12.jpg 18w\" sizes=\"(max-width: 2560px) 100vw, 2560px\" \/><div class=\"wp-block-cover__inner-container is-layout-flow wp-block-cover-is-layout-flow\">\n<h2 class=\"wp-block-heading has-text-align-center has-black-color has-text-color has-large-font-size\" style=\"letter-spacing:15px\"><strong>PR\u00c9SENTATIONS ET ATELIERS<\/strong><\/h2>\n<\/div><\/div>\n\n\n\n<h2 class=\"wp-block-heading has-text-align-center has-black-color has-text-color has-medium-font-size\">Conf\u00e9rencier invit\u00e9 \u2013 Dr Leon \u2013 Pr\u00e9sentations, ateliers et balados pour les professionnels du Qu\u00e9bec et de l\u2019Ontario | Ottawa, Toronto, Gatineau, Montr\u00e9al, Laval<\/h2>\n\n\n\n<h2 class=\"wp-block-heading has-text-align-center has-text-color\" style=\"color:#39574f\"><strong><strong>Pr\u00e9sentations et ateliers de recherche de haute qualit\u00e9 par Dre Stephanie Leon<\/strong><\/strong><\/h2>\n\n\n\n<p class=\"has-text-align-center has-medium-font-size\">Dre St\u00e9phanie L\u00e9on est une psychologue et neuropsychologue exp\u00e9riment\u00e9e sp\u00e9cialis\u00e9e dans le d\u00e9veloppement de l\u2019enfant, les probl\u00e8mes de sant\u00e9 chroniques et la supervision. Elle poss\u00e8de une vaste exp\u00e9rience de travail au sein d\u2019\u00e9quipes interdisciplinaires aux c\u00f4t\u00e9s d\u2019autres professionnels pour fournir des soins complets.<\/p>\n\n\n\n<p class=\"has-text-align-center has-medium-font-size\">Dre L\u00e9on a pr\u00e9sent\u00e9 des expos\u00e9s sur des sujets cl\u00e9s \u00e0 divers auditoires, y compris des m\u00e9decins, des professionnels de la sant\u00e9, des praticiens en sant\u00e9 mentale, des \u00e9ducateurs et des fournisseurs de services de garde.<\/p>\n\n\n\n<p class=\"has-text-align-center has-medium-font-size\">D\u00e9vou\u00e9 au partage des connaissances en psychologie et en neuropsychologie fond\u00e9es sur la recherche, Dre L\u00e9on vise \u00e0 soutenir les coll\u00e8gues professionnels dans leur pratique. Elle offre une vari\u00e9t\u00e9 de conf\u00e9rences et d\u2019ateliers adapt\u00e9s aux besoins de son public.<\/p>\n\n\n\n<hr class=\"wp-block-separator has-alpha-channel-opacity\"\/>\n\n\n\n<h2 class=\"wp-block-heading has-text-align-center has-text-color\" style=\"color:#39574f\"><strong>Rencontrez Dre L\u00e9on<\/strong><\/h2>\n\n\n<div class=\"wp-block-image is-style-rounded\">\n<figure class=\"aligncenter size-thumbnail\"><img decoding=\"async\" width=\"150\" height=\"150\" src=\"https:\/\/leonpsychology.ca\/wp-content\/uploads\/2022\/07\/headshot2-150x150.jpg\" alt=\"dr stephanie leon psychologue neuropsychologue enfant adolescent\" class=\"wp-image-31\"\/><\/figure>\n<\/div>\n\n\n<p class=\"has-text-align-center has-medium-font-size\">Dre L\u00e9on d\u00e9tient un baccalaur\u00e9at en sciences avec honneurs (Hon. B.Sc.) de l\u2019Universit\u00e9 McGill ax\u00e9 sur la psychologie et la neuroscience. Elle a ensuite compl\u00e9t\u00e9 un doctorat (PhD) en psychologie clinique \u00e0 l\u2019Universit\u00e9 d\u2019Ottawa. Pendant sa formation doctorale, elle a travaill\u00e9 au sein de divers milieux hospitaliers \u00e0 Ottawa, o\u00f9 elle a acquis une expertise en th\u00e9rapie individuelle et de groupe, ainsi que la r\u00e9alisation d\u2019\u00e9valuations psychologiques, psychodiagnostiques et neuropsychologiques compl\u00e8tes.<\/p>\n\n\n\n<p class=\"has-text-align-center has-medium-font-size\">Pour sa r\u00e9sidence pr\u00e9doctorale, Dre L\u00e9on a suivi une formation en neuropsychologie des adultes et des personnes \u00e2g\u00e9es \u00e0 Baycrest Health Sciences et au University Health Network (UHN) \u00e0 Toronto, des \u00e9tablissements renomm\u00e9s sp\u00e9cialis\u00e9s dans la sant\u00e9 du cerveau et les soins m\u00e9dicaux complexes. En plus de son travail clinique, Dre L\u00e9on est une chercheuse publi\u00e9e, ce qui souligne encore davantage son engagement \u00e0 faire progresser les connaissances psychologiques et neuropsychologiques.<\/p>\n\n\n\n<p class=\"has-text-align-center has-medium-font-size\">Au cours des derni\u00e8res ann\u00e9es, Dre L\u00e9on a \u00e9t\u00e9 psychologue-clinicienne, neuropsychologue et superviseur clinique au CHEO (H\u00f4pital pour enfants de l\u2019est de l\u2019Ontario). Elle a travaill\u00e9 dans des \u00e9quipes interdisciplinaires en douleur chronique, maladies infectieuses et neurosciences comportementales et en liaison avec les consultations. Elle exerce maintenant dans le secteur priv\u00e9, o\u00f9 elle continue de fournir des services psychologiques de haute qualit\u00e9 tout en conservant un r\u00f4le actif dans la recherche gr\u00e2ce \u00e0 son affiliation avec l\u2019Institut de recherche du CHEO.<\/p>\n\n\n\n<div class=\"wp-block-buttons is-content-justification-center is-layout-flex wp-container-core-buttons-is-layout-16018d1d wp-block-buttons-is-layout-flex\">\n<div class=\"wp-block-button\"><a class=\"wp-block-button__link has-background wp-element-button\" href=\"https:\/\/leonpsychology.ca\/fr\/therapie-en-ligne-nous-contacter\/\" style=\"background-color:#39574f\">Prendre rendez-vous avec Dre L\u00e9on<\/a><\/div>\n<\/div>\n\n\n\n<hr class=\"wp-block-separator has-alpha-channel-opacity\"\/>\n\n\n\n<div style=\"height:25px\" aria-hidden=\"true\" class=\"wp-block-spacer\"><\/div>\n\n\n\n<h2 class=\"wp-block-heading has-text-align-center has-text-color\" style=\"color:#39574f\"><strong>Th\u00e8mes de pr\u00e9sentations et d'atelier<\/strong><\/h2>\n\n\n\n<p class=\"has-medium-font-size\">Exemples d\u2019ateliers pour les garderies et les fournisseurs\u00a0:<\/p>\n\n\n\n<ul class=\"wp-block-list\">\n<li style=\"font-size:18px\">Une perspective neuropsychologique sur les difficult\u00e9s comportementales de la petite enfance<\/li>\n<\/ul>\n\n\n\n<p class=\"has-medium-font-size\">Exemples d'ateliers pour les psychologues, les m\u00e9decins et les h\u00f4pitaux :<\/p>\n\n\n\n<ul class=\"wp-block-list\">\n<li style=\"font-size:18px\">De la survie au d\u00e9veloppement\u00a0: une trousse d\u2019outils sur le bien-\u00eatre pour les \u00e9tudiants en m\u00e9decine<\/li>\n\n\n\n<li style=\"font-size:18px\">Ce que les neurologues doivent savoir sur les \u00e9valuations neuropsychologiques<\/li>\n\n\n\n<li style=\"font-size:18px\">De l\u2019aigu au chronique\u00a0: Exploration des effets psychologiques et neuropsychologiques de la douleur chez les enfants<\/li>\n\n\n\n<li style=\"font-size:18px\">Effets de la consommation m\u00e9dicale et non m\u00e9dicale de cannabis sur le d\u00e9veloppement c\u00e9r\u00e9bral et consid\u00e9rations relatives aux tests neuropsychologiques dans les populations p\u00e9diatriques<\/li>\n<\/ul>\n\n\n\n<div style=\"height:25px\" aria-hidden=\"true\" class=\"wp-block-spacer\"><\/div>\n\n\n\n<hr class=\"wp-block-separator has-alpha-channel-opacity\"\/>\n\n\n\n<div style=\"height:25px\" aria-hidden=\"true\" class=\"wp-block-spacer\"><\/div>\n\n\n\n<h2 class=\"wp-block-heading has-text-align-center has-text-color\" style=\"color:#39574f\"><strong>Pourquoi choisir Dre L\u00e9on comme conf\u00e9renci\u00e8re invit\u00e9e pour votre podcast, atelier ou retraite?<\/strong><\/h2>\n\n\n\n<div class=\"wp-block-columns has-white-background-color has-background coblocks-animate is-layout-flex wp-container-core-columns-is-layout-9d6595d7 wp-block-columns-is-layout-flex\" data-coblocks-animation=\"clipHorizontal\">\n<div class=\"wp-block-column has-white-background-color has-background is-layout-flow wp-block-column-is-layout-flow\">\n<h3 class=\"wp-block-heading has-text-align-center has-black-color has-text-color has-medium-font-size\"><strong>1. <\/strong><\/h3>\n\n\n\n<h3 class=\"wp-block-heading has-text-align-center has-black-color has-text-color has-medium-font-size\"><strong>Des pr\u00e9sentations sur mesure<\/strong><\/h3>\n\n\n\n<p class=\"has-text-align-center is-style-success has-text-color\" style=\"color:#3a4e28;font-size:17px\">Dre L\u00e9on offre des pr\u00e9sentations et des ateliers sur divers sujets, chacun \u00e9tant adapt\u00e9 aux besoins sp\u00e9cifiques de son auditoire. Elle appr\u00e9cie les commentaires des organisateurs pour s\u2019assurer que ses s\u00e9ances sont de la plus haute importance.<\/p>\n<\/div>\n\n\n\n<div class=\"wp-block-column has-white-background-color has-background is-layout-flow wp-block-column-is-layout-flow\">\n<h3 class=\"wp-block-heading has-text-align-center has-black-color has-text-color has-medium-font-size\"><strong>2.<\/strong><\/h3>\n\n\n\n<h3 class=\"wp-block-heading has-text-align-center has-black-color has-text-color has-medium-font-size\"><strong><strong><strong>Psychologue et neuropsychologue clinicienne-chercheuse<\/strong><\/strong><\/strong><\/h3>\n\n\n\n<p class=\"has-text-align-center is-style-success\" style=\"font-size:17px\">Le Dr Leon est psychologue et neuropsychologue licenci\u00e9 au Qu\u00e9bec et en Ontario. Sa formation de chercheuse-clinicienne garantit que les informations qu\u2019elle pr\u00e9sente sont \u00e0 la fois bas\u00e9es sur la recherche et cliniquement pertinentes.<\/p>\n<\/div>\n\n\n\n<div class=\"wp-block-column has-white-background-color has-background is-layout-flow wp-block-column-is-layout-flow\">\n<h3 class=\"wp-block-heading has-text-align-center has-black-color has-text-color has-medium-font-size\"><strong>3.<\/strong><\/h3>\n\n\n\n<h3 class=\"wp-block-heading has-text-align-center has-black-color has-text-color has-medium-font-size\"><strong><strong><strong>Style engageant et liste de ressources <\/strong><\/strong><\/strong><\/h3>\n\n\n\n<p class=\"has-text-align-center is-style-success\" style=\"font-size:17px\">Dre L\u00e9on est une conf\u00e9renci\u00e8re exp\u00e9riment\u00e9e et engageante qui captive son auditoire avec des questions stimulantes et des exercices de r\u00e9flexion. Elle s\u2019assure \u00e9galement que chaque pr\u00e9sentation comprend une liste compl\u00e8te de ressources pratiques pour les participants.<\/p>\n<\/div>\n<\/div>\n\n\n\n<hr class=\"wp-block-separator has-alpha-channel-opacity\"\/>\n\n\n\n<div style=\"height:25px\" aria-hidden=\"true\" class=\"wp-block-spacer\"><\/div>\n\n\n\n<h2 class=\"wp-block-heading has-text-align-center has-text-color has-link-color wp-elements-bfb22154612fa4ebb89c55800d096ce6\" style=\"color:#39574f\"><strong>R\u00e9servez votre atelier personnalis\u00e9 aujourd\u2019hui!<\/strong><\/h2>\n\n\n\n<p class=\"has-text-align-center has-medium-font-size\">Communiquez avec Dre L\u00e9on pour discuter des besoins de votre organisation et r\u00e9server un atelier sur mesure.<\/p>\n\n\n\n<div class=\"wp-block-buttons is-content-justification-center is-layout-flex wp-container-core-buttons-is-layout-16018d1d wp-block-buttons-is-layout-flex\">\n<div class=\"wp-block-button\"><a class=\"wp-block-button__link has-background wp-element-button\" href=\"https:\/\/leonpsychology.ca\/fr\/therapie-en-ligne-nous-contacter\/\" style=\"background-color:#39574f\">Prendre rendez-vous avec Dre L\u00e9on<\/a><\/div>\n<\/div>\n\n\n\n<div style=\"height:25px\" aria-hidden=\"true\" class=\"wp-block-spacer\"><\/div>\n\n\n\n<hr class=\"wp-block-separator has-alpha-channel-opacity\"\/>\n\n\n\n<div style=\"height:25px\" aria-hidden=\"true\" class=\"wp-block-spacer\"><\/div>\n\n\n\n<h2 class=\"wp-block-heading has-text-color has-link-color wp-elements-596c37a0ccc7185511de926827bf0ce0\" style=\"color:#39574f\"><strong>Foire aux questions<\/strong><\/h2>\n\n\n\n<h3 class=\"wp-block-heading has-text-color has-link-color has-medium-font-size wp-elements-6bd97aaac4abaddba28da1d8915f6a52\" style=\"color:#39574f\">1) <strong>Quels sont les sujets que vous abordez?<\/strong><\/h3>\n\n\n\n<p style=\"font-size:18px\">Dre L\u00e9on offre des ateliers sur divers sujets, dont le d\u00e9veloppement de l\u2019enfant, la psychologie de l\u2019enfant, la neuropsychologie, la douleur et la douleur chronique ainsi que l\u2019\u00e9puisement professionnel et le bien-\u00eatre pour les professionnels de la sant\u00e9.<\/p>\n\n\n\n<h3 class=\"wp-block-heading has-text-color has-link-color has-medium-font-size wp-elements-f646d66c6ed1460bbfe2a0f7d898d220\" style=\"color:#39574f\">2) <strong>Quelle est la dur\u00e9e des ateliers?<\/strong><\/h3>\n\n\n\n<p style=\"font-size:18px\">Dre L\u00e9on offre des options souples, y compris des conf\u00e9rences d\u2019une heure, des ateliers d\u2019une demi-journ\u00e9e et des s\u00e9ances d\u2019une journ\u00e9e.<\/p>\n\n\n\n<p><\/p>\n\n\n\n<h3 class=\"wp-block-heading has-text-color has-link-color has-medium-font-size wp-elements-e2e261f06cc5eebc62b09c8d1ba8064e\" style=\"color:#39574f\">3) <strong>Des pr\u00e9sentations virtuelles sont-elles disponibles?<\/strong><\/h3>\n\n\n\n<p style=\"font-size:18px\">Oui! Dre L\u00e9on offre des pr\u00e9sentations et des ateliers virtuels et en pr\u00e9sentiel.<\/p>\n\n\n\n<p><\/p>\n\n\n\n<h3 class=\"wp-block-heading has-text-color has-link-color has-medium-font-size wp-elements-be7518d6519e0610c12f0e33ade845a0\" style=\"color:#39574f\">4) <strong>Quel sont vos honoraires?<\/strong><\/h3>\n\n\n\n<p class=\"has-medium-font-size\">Les frais de conf\u00e9renci\u00e8re varient en fonction de la dur\u00e9e et du lieu de l\u2019atelier. Veuillez communiquer avec Dre L\u00e9on pour discuter de vos besoins et obtenir un devis personnalis\u00e9\u00a0: drleon@leonpsychology.ca<\/p>\n\n\n\n<div style=\"height:25px\" aria-hidden=\"true\" class=\"wp-block-spacer\"><\/div>\n\n\n\n<hr class=\"wp-block-separator has-alpha-channel-opacity\"\/>\n\n\n\n<div style=\"height:25px\" aria-hidden=\"true\" class=\"wp-block-spacer\"><\/div>\n\n\n\n<h3 class=\"wp-block-heading has-black-color has-text-color has-link-color wp-elements-fc98c4f16a63ce313fe2af7d35253909\"><strong>Au service du Qu\u00e9bec et de l\u2019Ontario<\/strong><\/h3>\n\n\n\n<p><strong>Ontario<\/strong><\/p>\n\n\n\n<ul class=\"wp-block-list\">\n<li>Ottawa<\/li>\n\n\n\n<li>Toronto<\/li>\n\n\n\n<li>Mississauga<\/li>\n\n\n\n<li>Brampton<\/li>\n\n\n\n<li>Hamilton<\/li>\n\n\n\n<li>Markham<\/li>\n\n\n\n<li>Vaughan<\/li>\n\n\n\n<li>Londres<\/li>\n\n\n\n<li>Kingston<\/li>\n\n\n\n<li>Windsor<\/li>\n\n\n\n<li>et plus...<\/li>\n<\/ul>\n\n\n\n<p><strong>Qu\u00e9bec<\/strong><\/p>\n\n\n\n<ul class=\"wp-block-list\">\n<li>Gatineau et la r\u00e9gion des Outaouais<\/li>\n\n\n\n<li>Montr\u00e9al<\/li>\n\n\n\n<li>Laval<\/li>\n\n\n\n<li>Ville de Qu\u00e9bec<\/li>\n\n\n\n<li>Blainville<\/li>\n\n\n\n<li>Rosem\u00e8re<\/li>\n\n\n\n<li>Longueuil<\/li>\n\n\n\n<li>Brossard<\/li>\n\n\n\n<li>Vaudreuil<\/li>\n\n\n\n<li>et plus...<\/li>\n<\/ul>\n\n\n\n<hr class=\"wp-block-separator has-alpha-channel-opacity\"\/>\n\n\n\n<div style=\"height:25px\" aria-hidden=\"true\" class=\"wp-block-spacer\"><\/div>\n\n\n\n<p class=\"has-text-align-center has-medium-font-size\">Dre L\u00e9on offre des pr\u00e9sentations et ateliers psychologiques bas\u00e9s sur la recherche, adapt\u00e9s \u00e0 votre public. R\u00e9servez une formation en sant\u00e9 mentale au Qu\u00e9bec et en Ontario d\u00e8s aujourd\u2019hui!<\/p>\n<div style='text-align:center' class='yasr-auto-insert-overall'><\/div>","protected":false},"excerpt":{"rendered":"<p>Conf\u00e9renci\u00e8re invit\u00e9e - Dre Leon - Pr\u00e9sentations, ateliers et balados pour les professionnels du Qu\u00e9bec et de l'Ontario - Ottawa, Toronto, Gatineau, Montr\u00e9al, Laval Pr\u00e9sentations et ateliers de haute qualit\u00e9 fond\u00e9s sur la recherche par Dre Stephanie Leon Dre Stephanie Leon est une psychologue et neuropsychologue exp\u00e9riment\u00e9e qui se sp\u00e9cialise dans le d\u00e9veloppement de l'enfant, les conditions de sant\u00e9 chroniques et la supervision. Elle poss\u00e8de une vaste exp\u00e9rience de travail au sein d'\u00e9quipes interdisciplinaires. <a class=\"read-more\" href=\"https:\/\/leonpsychology.ca\/fr\/psychology-presentations-and-workshops\/\">LIRE LA SUITE<\/a><\/p>","protected":false},"author":1,"featured_media":0,"parent":0,"menu_order":0,"comment_status":"closed","ping_status":"closed","template":"","meta":{"_seopress_robots_primary_cat":"","_seopress_titles_title":"","_seopress_titles_desc":"","_seopress_robots_index":"","_coblocks_attr":"","_coblocks_dimensions":"","_coblocks_responsive_height":"","_coblocks_accordion_ie_support":"","yasr_overall_rating":0,"yasr_post_is_review":"","yasr_auto_insert_disabled":"","yasr_review_type":"","footnotes":""},"class_list":["post-2828","page","type-page","status-publish","hentry"],"yasr_visitor_votes":{"stars_attributes":{"read_only":true,"span_bottom":"<div class='yasr-small-block-bold'><span class='yasr-visitor-votes-must-sign-in'>You must sign in to vote<\/span><\/div>"},"number_of_votes":0,"sum_votes":0},"_links":{"self":[{"href":"https:\/\/leonpsychology.ca\/fr\/wp-json\/wp\/v2\/pages\/2828","targetHints":{"allow":["GET"]}}],"collection":[{"href":"https:\/\/leonpsychology.ca\/fr\/wp-json\/wp\/v2\/pages"}],"about":[{"href":"https:\/\/leonpsychology.ca\/fr\/wp-json\/wp\/v2\/types\/page"}],"author":[{"embeddable":true,"href":"https:\/\/leonpsychology.ca\/fr\/wp-json\/wp\/v2\/users\/1"}],"replies":[{"embeddable":true,"href":"https:\/\/leonpsychology.ca\/fr\/wp-json\/wp\/v2\/comments?post=2828"}],"version-history":[{"count":24,"href":"https:\/\/leonpsychology.ca\/fr\/wp-json\/wp\/v2\/pages\/2828\/revisions"}],"predecessor-version":[{"id":3694,"href":"https:\/\/leonpsychology.ca\/fr\/wp-json\/wp\/v2\/pages\/2828\/revisions\/3694"}],"wp:attachment":[{"href":"https:\/\/leonpsychology.ca\/fr\/wp-json\/wp\/v2\/media?parent=2828"}],"curies":[{"name":"wp","href":"https:\/\/api.w.org\/{rel}","templated":true}]}}