{"id":3188,"date":"2025-04-28T18:17:28","date_gmt":"2025-04-28T18:17:28","guid":{"rendered":"https:\/\/leonpsychology.ca\/?page_id=3188"},"modified":"2025-06-11T15:44:06","modified_gmt":"2025-06-11T15:44:06","slug":"psychologues-en-ligne-bois-des-fillions","status":"publish","type":"page","link":"https:\/\/leonpsychology.ca\/fr\/online-psychologists-bois-des-fillions\/","title":{"rendered":"Psychologue et neuropsychologue pour enfants et adolescents \u00e0 Bois-des-Filion"},"content":{"rendered":"<h3 class=\"wp-block-heading has-text-align-center has-black-color has-text-color\" style=\"font-size:30px\">Notre psychologue et psychoth\u00e9rapeutes exp\u00e9riment\u00e9 travaille en \u00e9troite collaboration avec les enfants et les adolescents vivant \u00e0 Bois-des-Filion<\/h3>\n\n\n\n<div class=\"wp-block-cover aligncenter is-light\" style=\"min-height:201px;aspect-ratio:unset;\"><img decoding=\"async\" width=\"2240\" height=\"1054\" class=\"wp-block-cover__image-background wp-image-57\" alt=\"\" src=\"https:\/\/leonpsychology.ca\/wp-content\/uploads\/2022\/07\/main-page-image-3.jpg\" style=\"object-position:52% 83%\" data-object-fit=\"cover\" data-object-position=\"52% 83%\" srcset=\"https:\/\/leonpsychology.ca\/wp-content\/uploads\/2022\/07\/main-page-image-3.jpg 2240w, https:\/\/leonpsychology.ca\/wp-content\/uploads\/2022\/07\/main-page-image-3-300x141.jpg 300w, https:\/\/leonpsychology.ca\/wp-content\/uploads\/2022\/07\/main-page-image-3-1024x482.jpg 1024w, https:\/\/leonpsychology.ca\/wp-content\/uploads\/2022\/07\/main-page-image-3-768x361.jpg 768w, https:\/\/leonpsychology.ca\/wp-content\/uploads\/2022\/07\/main-page-image-3-1536x723.jpg 1536w, https:\/\/leonpsychology.ca\/wp-content\/uploads\/2022\/07\/main-page-image-3-2048x964.jpg 2048w\" sizes=\"(max-width: 2240px) 100vw, 2240px\" \/><span aria-hidden=\"true\" class=\"wp-block-cover__background has-background-dim\" style=\"background-color:#b8c0c1\"><\/span><div class=\"wp-block-cover__inner-container is-layout-flow wp-block-cover-is-layout-flow\">\n<p class=\"has-text-align-center has-large-font-size\"><\/p>\n<\/div><\/div>\n\n\n\n<div style=\"height:45px\" aria-hidden=\"true\" class=\"wp-block-spacer\"><\/div>\n\n\n\n<h3 class=\"wp-block-heading has-text-color has-link-color wp-elements-ecde817a8bb2c5498e0c98b516f81776\" style=\"color:#39574f\"><strong><strong><strong>Soutien en sant\u00e9 mentale pour les enfants, les adolescents et les adultes \u00e0 Bois-des-Filion<\/strong><\/strong><\/strong><\/h3>\n\n\n\n<p><em>Enfants de moins de 9 ans<\/em><\/p>\n\n\n\n<p style=\"font-size:17px\">Grandir peut \u00eatre difficile. Les enfants et les adolescents sont confront\u00e9s \u00e0 toutes sortes de hauts et de bas \u00e9motionnels, d'obstacles sociaux et de d\u00e9fis personnels. \u00c0 la Clinique de psychologie L\u00e9on, nous comprenons cela. La psychoth\u00e9rapie \u00e0 Bois-des-Filion peut aider \u00e0 <strong>anxi\u00e9t\u00e9, d\u00e9pression, TDAH, dysr\u00e9gulation \u00e9motionnelle<\/strong> et plus encore. <strong>Coaching parental<\/strong> joue un r\u00f4le crucial dans la promotion du bien-\u00eatre \u00e9motionnel et la r\u00e9solution des probl\u00e8mes de comportement. <\/p>\n\n\n\n<p><em>Enfants et adolescents de 9 \u00e0 17 ans<\/em><\/p>\n\n\n\n<p style=\"font-size:17px\">Pour les enfants plus \u00e2g\u00e9s, la th\u00e9rapie se concentre sur <strong>la conscience \u00e9motionnelle, l'autor\u00e9gulation et les strat\u00e9gies d'adaptation<\/strong> adapt\u00e9s \u00e0 leurs besoins. Nous accordons \u00e9galement la priorit\u00e9 <strong>participation des familles<\/strong>L'objectif est d'offrir aux parents des strat\u00e9gies pour soutenir les progr\u00e8s de leur enfant au-del\u00e0 des s\u00e9ances de th\u00e9rapie. Que votre enfant soit confront\u00e9 \u00e0 <strong>difficult\u00e9s de comportement, deuil ou de r\u00e9gulation \u00e9motionnelle<\/strong> notre objectif est de fournir un soutien efficace qui favorise un bien-\u00eatre \u00e9motionnel durable.<\/p>\n\n\n\n<p style=\"font-size:17px\">Adolescents confront\u00e9s <strong>anxi\u00e9t\u00e9 sociale, faible estime de soi ou conflits familiaux<\/strong> b\u00e9n\u00e9ficient d'un accompagnement structur\u00e9 visant \u00e0 renforcer la confiance en soi, la stabilit\u00e9 \u00e9motionnelle et le d\u00e9veloppement personnel. En utilisant <strong>des th\u00e9rapies fond\u00e9es sur des donn\u00e9es probantes, comme la th\u00e9rapie cognitivo-comportementale (TCC)<\/strong>Dans le cadre de l'initiative \"La vie en rose\", nous donnons aux jeunes les moyens d'affronter les difficult\u00e9s de la vie avec plus de facilit\u00e9. Nous proposons une th\u00e9rapie en ligne qui leur donne une <strong>un espace s\u00fbr pour d\u00e9velopper leur force \u00e9motionnelle <\/strong>et apprennent des comp\u00e9tences cl\u00e9s pour faire face \u00e0 la pression scolaire, aux luttes amicales et \u00e0 la d\u00e9couverte de qui ils sont pour une vie plus heureuse.<\/p>\n\n\n\n<p><em>Adultes<\/em><\/p>\n\n\n\n<p style=\"font-size:17px\">En difficult\u00e9 avec votre <strong>l'\u00e9ducation des enfants<\/strong>? Faire face \u00e0 des situations de vie difficiles ? <strong>Vous vous sentez pi\u00e9g\u00e9 dans des sch\u00e9mas improductifs ?\u00a0<\/strong>Vous n'avez pas \u00e0 relever seul les d\u00e9fis qui se pr\u00e9sentent \u00e0 vous. Nous vous offrons un espace sans jugement o\u00f9 vous pouvez explorer et aborder vos difficult\u00e9s. La Leon Psychology Clinic est l\u00e0 pour vous soutenir \u00e0 chaque \u00e9tape de votre parcours.\u00a0<\/p>\n\n\n\n<p style=\"font-size:17px\">Pour les professionnels <strong>th\u00e9rapie en personne \u00e0 Bois-des-Filion<\/strong>La Leon Psychology Clinic a pour mission de vous aider, vous ou votre enfant, \u00e0 grandir, \u00e0 gu\u00e9rir et \u00e0 s'\u00e9panouir.<\/p>\n\n\n\n<hr class=\"wp-block-separator has-alpha-channel-opacity\"\/>\n\n\n\n<h3 class=\"wp-block-heading has-text-color has-link-color wp-elements-d8891b647aaa864fbbffbd62772bfac9\" style=\"color:#39574f\"><strong><strong><strong>\u00c9valuations neuropsychologiques pour les enfants et les adolescents \u00e0 Bois-des-Filion<\/strong><\/strong><\/strong><\/h3>\n\n\n\n<p class=\"has-medium-font-size\">Une \u00e9valuation neuropsychologique peut.<\/p>\n\n\n\n<ul class=\"wp-block-list is-style-checkbox has-medium-font-size\">\n<li>Fournir un profil de l'enfant <strong>forces et faiblesses cognitives<\/strong>.<\/li>\n\n\n\n<li><strong>Diagnostiquer les troubles du d\u00e9veloppement neurologique<\/strong>\u00a0comme le TDAH et les troubles de l'apprentissage.<\/li>\n\n\n\n<li><strong>Identifier les effets cognitifs<\/strong> des conditions neurologiques et m\u00e9dicales.<\/li>\n\n\n\n<li><strong>Orienter la planification de l'\u00e9ducation<\/strong>\u00a0en formulant des recommandations concernant les am\u00e9nagements scolaires et le plan d'intervention (PI).<\/li>\n\n\n\n<li><strong>\u00c9clairer les strat\u00e9gies de traitement<\/strong>\u00a0en aidant les cliniciens \u00e0 adapter leurs interventions th\u00e9rapeutiques aux besoins de votre enfant.<\/li>\n\n\n\n<li><strong>Suivre les progr\u00e8s<\/strong> et servent de r\u00e9f\u00e9rence pour suivre l'\u00e9volution du d\u00e9veloppement au fil du temps.<\/li>\n<\/ul>\n\n\n\n<p class=\"has-medium-font-size\">Les \u00e9valuations neuropsychologiques peuvent aider les parents et les enseignants \u00e0 mieux comprendre leur enfant, \u00e0 soutenir son apprentissage et \u00e0 g\u00e9rer son comportement.<\/p>\n\n\n\n<hr class=\"wp-block-separator has-alpha-channel-opacity\"\/>\n\n\n\n<div style=\"height:45px\" aria-hidden=\"true\" class=\"wp-block-spacer\"><\/div>\n\n\n\n<h2 class=\"wp-block-heading has-text-align-center has-text-color\" style=\"color:#39574f\"><strong>Nous rejoindre<\/strong><\/h2>\n\n\n\n<p class=\"has-text-align-center has-medium-font-size\"><strong>Courriel: <\/strong>info@leonpsychology.ca<\/p>\n\n\n\n<p class=\"has-text-align-center has-medium-font-size\"><strong>T\u00e9l\u00e9phone: <\/strong>819-200-7718<\/p>\n\n\n\n<p class=\"has-text-align-center has-medium-font-size\">Lorsque vous communiquez avec nous, veuillez laisser votre nom complet et le meilleur num\u00e9ro de t\u00e9l\u00e9phone pour vous rejoindre.<\/p>\n\n\n\n<div class=\"wp-block-buttons is-content-justification-center is-layout-flex wp-container-core-buttons-is-layout-16018d1d wp-block-buttons-is-layout-flex\">\n<div class=\"wp-block-button\"><a class=\"wp-block-button__link has-background wp-element-button\" href=\"https:\/\/leonpsychology.janeapp.com\/\" style=\"background-color:#39574f\" target=\"_blank\" rel=\"noreferrer noopener\">Appel d'introduction de 15-minutes GRATUIT<\/a><\/div>\n<\/div>\n\n\n\n<div style=\"height:15px\" aria-hidden=\"true\" class=\"wp-block-spacer\"><\/div>\n\n\n\n<hr class=\"wp-block-separator has-alpha-channel-opacity\"\/>\n\n\n\n<div style=\"height:35px\" aria-hidden=\"true\" class=\"wp-block-spacer\"><\/div>\n\n\n\n<h2 class=\"wp-block-heading has-text-align-center has-text-color\" style=\"color:#39574f\"><strong>O\u00f9 sommes-nous situ\u00e9s ?&nbsp;<\/strong><\/h2>\n\n\n\n<p class=\"has-medium-font-size\">Nous partageons l'espace avec l'adorable <strong>Clinique M\u00e9dical Minute Sant\u00e9<\/strong> situ\u00e9 \u00e0 Bois-des-Filion \u00e0 l'intersection des autoroutes 640 et 19.<\/p>\n\n\n\n<div style=\"min-height:205px\" data-map-attr=\"\/qaddress\/q:\/q482 Bd Adolphe-Chapleau, Bois-des-Filion QC J6Z 1J8\/q||\/qlat\/q:\/qundefined\/q||\/qlng\/q:\/qundefined\/q||\/qskin\/q:\/qstandard\/q||\/qzoom\/q:\/q12\/q||\/qiconSize\/q:\/q36\/q||\/qmapTypeControl\/q:\/qtrue\/q||\/qzoomControl\/q:\/qtrue\/q||\/qstreetViewControl\/q:\/qtrue\/q||\/qfullscreenControl\/q:\/qtrue\/q\" class=\"wp-block-coblocks-map\"><iframe title=\"Carte Google\" frameborder=\"0\" style=\"width:100%;min-height:205px\" src=\"https:\/\/www.google.com\/maps?q=482%20Bd%20Adolphe-Chapleau%2C%20Bois-des-Filion%20QC%20J6Z%201J8&amp;output=embed&amp;hl=en-CA&amp;z=12\"><\/iframe><\/div>\n\n\n\n<div style=\"height:35px\" aria-hidden=\"true\" class=\"wp-block-spacer\"><\/div>\n\n\n\n<div class=\"wp-block-buttons is-content-justification-center is-layout-flex wp-container-core-buttons-is-layout-16018d1d wp-block-buttons-is-layout-flex\">\n<div class=\"wp-block-button\"><a class=\"wp-block-button__link has-background wp-element-button\" href=\"https:\/\/leonpsychology.janeapp.com\/\" style=\"background-color:#39574f\" target=\"_blank\" rel=\"noreferrer noopener\">Appel d'introduction de 15-minutes GRATUIT<\/a><\/div>\n<\/div>\n\n\n\n<div style=\"height:45px\" aria-hidden=\"true\" class=\"wp-block-spacer\"><\/div>\n\n\n\n<hr class=\"wp-block-separator has-alpha-channel-opacity\"\/>\n\n\n\n<p><\/p>\n\n\n\n<h2 class=\"wp-block-heading has-text-color\" style=\"color:#39574f\"><strong><strong><strong><strong>Th\u00e9rapie personnalis\u00e9e pour enfants, adolescents et adultes \u00e0 Bois-des-Filion<\/strong><\/strong><\/strong><\/strong><\/h2>\n\n\n\n<p class=\"has-medium-font-size\"><\/p>\n\n\n\n<p class=\"has-medium-font-size\">Chaque \u00e9tape du d\u00e9veloppement pr\u00e9sente son propre lot de d\u00e9fis \u00e9motionnels et psychologiques. Nos services de th\u00e9rapie en ligne sont con\u00e7us pour r\u00e9pondre aux besoins des enfants, des adolescents et de leurs familles :<\/p>\n\n\n\n<ul class=\"wp-block-list\">\n<li class=\"has-medium-font-size\"><a href=\"https:\/\/leonpsychology.ca\/fr\/therapie-en-ligne-pour-les-enfants\/\"><strong>Psychoth\u00e9rapie pour enfant (9-13 ans)<\/strong><\/a><strong>:<\/strong> Aider les enfants \u00e0 d\u00e9velopper des capacit\u00e9s d'adaptation <strong>l'anxi\u00e9t\u00e9, la r\u00e9gulation \u00e9motionnelle et les difficult\u00e9s sociales<\/strong>.<\/li>\n\n\n\n<li class=\"has-medium-font-size\"><a href=\"https:\/\/leonpsychology.ca\/fr\/therapie-en-ligne-pour-adolescents\/\"><strong>Psychoth\u00e9rapie pour adolescents (14-17 ans)<\/strong><\/a><strong>:<\/strong> Guider les adolescents \u00e0 travers <strong>le stress scolaire, les probl\u00e8mes d'estime de soi, les relations avec les pairs et les difficult\u00e9s \u00e9motionnelles<\/strong>.<\/li>\n\n\n\n<li class=\"has-medium-font-size\"><a href=\"https:\/\/leonpsychology.ca\/fr\/therapie-de-coaching-parental-en-ligne\/\"><strong>Coaching Parental (0 \u00e0 17 ans)<\/strong><\/a><strong>:<\/strong> Donner aux parents des strat\u00e9gies efficaces pour favoriser <strong>le bien-\u00eatre \u00e9motionnel et la croissance comportementale<\/strong> dans leurs enfants.<\/li>\n\n\n\n<li class=\"has-medium-font-size\"><a href=\"https:\/\/leonpsychology.ca\/fr\/therapie-en-ligne-pour-adultes\/\"><strong>Psychoth\u00e9rapie pour adultes (18 ans et +)<\/strong><\/a><strong>:<\/strong> Th\u00e9rapie pour les adultes qui g\u00e8rent <strong>le stress, l'anxi\u00e9t\u00e9, les transitions de la vie et le bien-\u00eatre \u00e9motionnel<\/strong>.<\/li>\n\n\n\n<li class=\"has-medium-font-size\"><strong><a href=\"https:\/\/leonpsychology.ca\/fr\/evaluation-neuropsychologique-du-trouble-deficitaire-de-lattention-age-3-17-ans\/\" data-type=\"page\" data-id=\"3171\">\u00c9valuation neuropsychologique (6-17 ans)<\/a>:<\/strong> Fournir des \u00e9valuations neuropsychologiques pour diagnostiquer <strong>TDAH, troubles de l'apprentissage et autres troubles neurod\u00e9veloppementaux ou cognitifs<\/strong>.<\/li>\n<\/ul>\n\n\n\n<div style=\"height:15px\" aria-hidden=\"true\" class=\"wp-block-spacer\"><\/div>\n\n\n\n<div class=\"wp-block-buttons is-content-justification-center is-layout-flex wp-container-core-buttons-is-layout-16018d1d wp-block-buttons-is-layout-flex\">\n<div class=\"wp-block-button\"><a class=\"wp-block-button__link has-background wp-element-button\" href=\"https:\/\/leonpsychology.janeapp.com\/\" style=\"background-color:#39574f\" target=\"_blank\" rel=\"noreferrer noopener\">Prendre un rendez-vous<\/a><\/div>\n<\/div>\n\n\n\n<hr class=\"wp-block-separator has-alpha-channel-opacity\"\/>\n\n\n\n<div style=\"height:45px\" aria-hidden=\"true\" class=\"wp-block-spacer\"><\/div>\n\n\n\n<h2 class=\"wp-block-heading has-text-color\" style=\"color:#39574f\"><strong>Vous vous inqui\u00e9tez de votre bien-\u00eatre \u00e9motionnel ou du comportement de votre enfant ?<\/strong><\/h2>\n\n\n\n<p class=\"has-medium-font-size\">Nous pouvons aider avec les probl\u00e9matiques suivantes :<\/p>\n\n\n\n<ul style=\"font-size:20px\" class=\"wp-block-list is-style-checkbox\">\n<li>Anxi\u00e9t\u00e9, inqui\u00e9tude, et stress<\/li>\n\n\n\n<li>D\u00e9prime et d\u00e9pression<\/li>\n\n\n\n<li><a href=\"https:\/\/leonpsychology.ca\/fr\/help-your-child-gain-control-of-their-emotions\/\" data-type=\"post\" data-id=\"1115\">Gestion des \u00e9motions<\/a><\/li>\n\n\n\n<li>Difficult\u00e9s avec les amiti\u00e9s<\/li>\n\n\n\n<li>Faible estime de soi<\/li>\n\n\n\n<li>Difficult\u00e9s \u00e0 l'\u00e9cole ou au travail<\/li>\n\n\n\n<li>Stress de performance et <a href=\"https:\/\/leonpsychology.ca\/fr\/perfectionnisme-signes-risques-strategies-pour-y-faire-face\/\" data-type=\"post\" data-id=\"1846\">perfectionisme<\/a><\/li>\n\n\n\n<li>Difficult\u00e9s avec <a href=\"https:\/\/leonpsychology.ca\/fr\/comment-notre-esprit-filtre-les-informations-comprendre-linattention\/\" data-type=\"post\" data-id=\"1920\">l'attention, la concentration<\/a>, la m\u00e9moire et <a href=\"https:\/\/leonpsychology.ca\/fr\/les-fonctions-executives-demystifiees-des-strategies-pour-ameliorer-lorganisation-lachevement-des-taches-et-plus-encore\/\" data-type=\"post\" data-id=\"1938\">l'organisation<\/a><\/li>\n\n\n\n<li>Perte et deuil<\/li>\n\n\n\n<li>Traumatisme<\/li>\n\n\n\n<li><a href=\"https:\/\/leonpsychology.ca\/fr\/hygiene-du-sommeil-habitudes-saines-pour-un-meilleur-sommeil\/\" data-type=\"post\" data-id=\"980\">Difficult\u00e9s de sommeil<\/a><\/li>\n<\/ul>\n\n\n\n<p class=\"has-medium-font-size\"><\/p>\n\n\n\n<div class=\"wp-block-buttons is-content-justification-center is-layout-flex wp-container-core-buttons-is-layout-16018d1d wp-block-buttons-is-layout-flex\">\n<div class=\"wp-block-button\"><a class=\"wp-block-button__link has-background wp-element-button\" href=\"https:\/\/leonpsychology.janeapp.com\/\" style=\"background-color:#39574f\" target=\"_blank\" rel=\"noreferrer noopener\">Prendre un rendez-vous<\/a><\/div>\n<\/div>\n\n\n\n<hr class=\"wp-block-separator has-alpha-channel-opacity\"\/>\n\n\n\n<div style=\"height:45px\" aria-hidden=\"true\" class=\"wp-block-spacer\"><\/div>\n\n\n\n<h2 class=\"wp-block-heading has-text-align-center has-text-color\" style=\"color:#39574f;padding-top:15px;padding-right:15px;padding-bottom:15px;padding-left:15px\"><strong>Rencontrez Dre L\u00e9on<\/strong><\/h2>\n\n\n<div class=\"wp-block-image is-style-rounded\">\n<figure class=\"aligncenter size-thumbnail\"><a href=\"https:\/\/leonpsychology.ca\/fr\/about-dr-leon\/\" target=\"_blank\" rel=\"noreferrer noopener\"><img decoding=\"async\" width=\"150\" height=\"150\" src=\"https:\/\/leonpsychology.ca\/wp-content\/uploads\/2022\/11\/headshot2-e1669650345645-150x150.jpg\" alt=\"dr. stephanie leon psychologue en ligne pour adolescents neuropsychologue en ontario quebec\" class=\"wp-image-831\" srcset=\"https:\/\/leonpsychology.ca\/wp-content\/uploads\/2022\/11\/headshot2-e1669650345645-150x150.jpg 150w, https:\/\/leonpsychology.ca\/wp-content\/uploads\/2022\/11\/headshot2-e1669650345645-11x12.jpg 11w\" sizes=\"(max-width: 150px) 100vw, 150px\" \/><\/a><\/figure>\n<\/div>\n\n\n<p class=\"has-text-align-center has-medium-font-size\">Stephanie L. Leon est une psychologue clinicienne et neuropsychologue exp\u00e9riment\u00e9e et digne de confiance. Elle aide les enfants, les adolescents, les parents et les adultes \u00e0 relever les d\u00e9fis \u00e9motionnels, comportementaux et cognitifs, en leur donnant les moyens de s'\u00e9panouir.<\/p>\n\n\n\n<p class=\"has-text-align-center has-medium-font-size\">Son approche th\u00e9rapeutique chaleureuse et collaborative est ancr\u00e9e dans la th\u00e9rapie comportementale cognitive (TCC) tout en s\u2019inspirant de diverses modalit\u00e9s. <\/p>\n\n\n\n<p class=\"has-text-align-center has-medium-font-size\">Parlant couramment le fran\u00e7ais et l'anglais, le Dr Leon offre des s\u00e9ances en personne aux personnes vivant \u00e0 Bois-des-Filion ou dans les environs. Elle offre \u00e9galement des services en ligne aux personnes vivant en Ontario et au Qu\u00e9bec.<\/p>\n\n\n\n<div class=\"wp-block-buttons is-content-justification-center is-layout-flex wp-container-core-buttons-is-layout-16018d1d wp-block-buttons-is-layout-flex\">\n<div class=\"wp-block-button\"><a class=\"wp-block-button__link has-background wp-element-button\" href=\"https:\/\/leonpsychology.ca\/fr\/psychologue-pour-enfants-en-ligne-dr-leon\/\" style=\"background-color:#39574f\">En apprendre davantage<\/a><\/div>\n<\/div>\n\n\n\n<div style=\"height:45px\" aria-hidden=\"true\" class=\"wp-block-spacer\"><\/div>\n\n\n\n<hr class=\"wp-block-separator has-alpha-channel-opacity\"\/>\n\n\n\n<p class=\"has-text-align-center has-medium-font-size\"><em>Notez:<\/em> <\/p>\n\n\n\n<p class=\"has-text-align-center has-medium-font-size\">Nous nous concentrons sur la th\u00e9rapie et les \u00e9valuations neuropsychologiques, mais il est essentiel de comprendre que nous ne couvrons pas tout. Nous ne pouvons pas vous aider \u00e0 r\u00e9soudre les probl\u00e8mes li\u00e9s \u00e0 la consommation de drogues, \u00e0 la toxicomanie, aux troubles de l'alimentation ou aux troubles du spectre autistique. Mais nous sommes toujours pr\u00eats \u00e0 vous orienter vers des professionnels comp\u00e9tents qui peuvent vous aider \u00e0 r\u00e9soudre ces probl\u00e8mes particuliers.<\/p>\n\n\n\n<hr class=\"wp-block-separator has-alpha-channel-opacity\"\/>\n\n\n\n<div style=\"height:45px\" aria-hidden=\"true\" class=\"wp-block-spacer\"><\/div>\n\n\n\n<h2 class=\"wp-block-heading has-text-align-left has-text-color\" style=\"color:#39574f\"><strong><strong>Questions fr\u00e9quemment pos\u00e9es sur la th\u00e9rapie en ligne \u00e0 Bois-des-Filion<\/strong><\/strong><\/h2>\n\n\n\n<div style=\"height:35px\" aria-hidden=\"true\" class=\"wp-block-spacer\"><\/div>\n\n\n\n<h3 class=\"wp-block-heading has-black-color has-text-color has-medium-font-size\"><strong>Quels sont les groupes d'\u00e2ge avec lesquels vous travaillez et quelles sont les pr\u00e9occupations auxquelles vous r\u00e9pondez ?<\/strong><\/h3>\n\n\n\n<p class=\"has-medium-font-size\">Nous proposons <strong>th\u00e9rapie sur mesure et services neuropsychologiques<\/strong> pour :<\/p>\n\n\n\n<ul class=\"wp-block-list\">\n<li class=\"has-medium-font-size\"><strong>Enfants (9-13 ans)<\/strong><\/li>\n\n\n\n<li class=\"has-medium-font-size\"><strong>Adolescents (14-17 ans)<\/strong><\/li>\n\n\n\n<li class=\"has-medium-font-size\"><strong>Parents d'enfants et d'adolescents<\/strong><\/li>\n\n\n\n<li class=\"has-medium-font-size\"><strong>Adultes (18+)<\/strong><\/li>\n<\/ul>\n\n\n\n<p class=\"has-medium-font-size\">Nos sessions de services r\u00e9pondent \u00e0 un large \u00e9ventail de pr\u00e9occupations, notamment <strong>l'anxi\u00e9t\u00e9, la d\u00e9pression, le TDAH, le deuil et les transitions de la vie<\/strong>.<\/p>\n\n\n\n<h3 class=\"wp-block-heading has-black-color has-text-color has-link-color has-medium-font-size wp-elements-5c2d4466c30fc3970dce910b09efc8d7\"><strong>Les parents participent-ils \u00e0 la th\u00e9rapie de leur enfant ?<\/strong><\/h3>\n\n\n\n<p class=\"has-medium-font-size\">Cela d\u00e9pend de l'\u00e2ge de l'enfant et de ce qu'il attend de la th\u00e9rapie. Avec les enfants plus jeunes, nous guidons parfois les parents sur la fa\u00e7on dont ils peuvent aider \u00e0 la maison afin que les progr\u00e8s se poursuivent en dehors des s\u00e9ances. Dans le cas des adolescents, nous respectons leur vie priv\u00e9e, mais nous donnons tout de m\u00eame des conseils aux parents sur la mani\u00e8re dont ils peuvent soutenir le d\u00e9veloppement \u00e9motionnel de leur enfant. Pour <strong>th\u00e9rapie de confiance \u00e0 Bois-des-Filion<\/strong>, <strong>Clinique de psychologie Leon<\/strong> est l\u00e0 pour soutenir le bien-\u00eatre mental et \u00e9motionnel de votre enfant.<\/p>\n\n\n\n<p style=\"font-size:20px\">Pour une liste compl\u00e8te des services, consultez notre <strong><a href=\"https:\/\/leonpsychology.ca\/fr\/therapie-de-coaching-parental-en-ligne\/\" data-type=\"page\" data-id=\"128\">coaching parental<\/a><\/strong>, <strong><a href=\"https:\/\/leonpsychology.ca\/fr\/therapie-en-ligne-pour-les-enfants\/\" data-type=\"page\" data-id=\"13\">th\u00e9rapie de l'enfant<\/a><\/strong>, <strong><a href=\"https:\/\/leonpsychology.ca\/fr\/therapie-en-ligne-pour-adolescents\/\" data-type=\"page\" data-id=\"126\">th\u00e9rapie pour adolescents<\/a><\/strong> et <a href=\"https:\/\/leonpsychology.ca\/fr\/therapie-en-ligne-pour-adultes\/\" data-type=\"page\" data-id=\"1036\">th\u00e9rapie pour adultes<\/a> pages.<\/p>\n\n\n\n<div class=\"wp-block-buttons is-content-justification-center is-layout-flex wp-container-core-buttons-is-layout-16018d1d wp-block-buttons-is-layout-flex\">\n<div class=\"wp-block-button\"><a class=\"wp-block-button__link has-background wp-element-button\" href=\"https:\/\/leonpsychology.janeapp.com\/\" style=\"background-color:#39574f\" target=\"_blank\" rel=\"noreferrer noopener\">Prendre un rendez-vous<\/a><\/div>\n<\/div>\n\n\n\n<p><\/p>\n<div style='text-align:center' class='yasr-auto-insert-overall'><\/div>","protected":false},"excerpt":{"rendered":"<p>Nos psychologues et neuropsychologues exp\u00e9riment\u00e9s travaillent en \u00e9troite collaboration avec les enfants et les adolescents vivant \u00e0 Bois-des-Filion. Soutien en sant\u00e9 mentale pour les enfants, les adolescents et les adultes de Bois-des-Filion Enfants de moins de 9 ans Grandir peut \u00eatre difficile. Les enfants et les adolescents sont confront\u00e9s \u00e0 toutes sortes de hauts et de bas \u00e9motionnels, d'obstacles sociaux et de d\u00e9fis personnels. A la Clinique Psychologique L\u00e9on, nous comprenons <a class=\"read-more\" href=\"https:\/\/leonpsychology.ca\/fr\/online-psychologists-bois-des-fillions\/\">LIRE LA SUITE<\/a><\/p>","protected":false},"author":1,"featured_media":0,"parent":0,"menu_order":0,"comment_status":"closed","ping_status":"closed","template":"","meta":{"_seopress_robots_primary_cat":"","_seopress_titles_title":"Child and teen Psychologist in Bois-Des-Fillions","_seopress_titles_desc":"Online psychologist in Bois-Des-Fillions. Therapy Services & mental health support. Leon Psychology Clinic offers online therapy for children, teens, and families","_seopress_robots_index":"","_coblocks_attr":"","_coblocks_dimensions":"","_coblocks_responsive_height":"","_coblocks_accordion_ie_support":"","yasr_overall_rating":0,"yasr_post_is_review":"","yasr_auto_insert_disabled":"","yasr_review_type":"","footnotes":""},"class_list":["post-3188","page","type-page","status-publish","hentry"],"yasr_visitor_votes":{"stars_attributes":{"read_only":true,"span_bottom":"<div class='yasr-small-block-bold'><span class='yasr-visitor-votes-must-sign-in'>You must sign in to vote<\/span><\/div>"},"number_of_votes":0,"sum_votes":0},"_links":{"self":[{"href":"https:\/\/leonpsychology.ca\/fr\/wp-json\/wp\/v2\/pages\/3188","targetHints":{"allow":["GET"]}}],"collection":[{"href":"https:\/\/leonpsychology.ca\/fr\/wp-json\/wp\/v2\/pages"}],"about":[{"href":"https:\/\/leonpsychology.ca\/fr\/wp-json\/wp\/v2\/types\/page"}],"author":[{"embeddable":true,"href":"https:\/\/leonpsychology.ca\/fr\/wp-json\/wp\/v2\/users\/1"}],"replies":[{"embeddable":true,"href":"https:\/\/leonpsychology.ca\/fr\/wp-json\/wp\/v2\/comments?post=3188"}],"version-history":[{"count":12,"href":"https:\/\/leonpsychology.ca\/fr\/wp-json\/wp\/v2\/pages\/3188\/revisions"}],"predecessor-version":[{"id":3281,"href":"https:\/\/leonpsychology.ca\/fr\/wp-json\/wp\/v2\/pages\/3188\/revisions\/3281"}],"wp:attachment":[{"href":"https:\/\/leonpsychology.ca\/fr\/wp-json\/wp\/v2\/media?parent=3188"}],"curies":[{"name":"wp","href":"https:\/\/api.w.org\/{rel}","templated":true}]}}