{"id":3211,"date":"2025-05-01T19:48:06","date_gmt":"2025-05-01T19:48:06","guid":{"rendered":"https:\/\/leonpsychology.ca\/?page_id=3211"},"modified":"2026-04-13T20:25:38","modified_gmt":"2026-04-13T20:25:38","slug":"villes-2","status":"publish","type":"page","link":"https:\/\/leonpsychology.ca\/fr\/cities\/","title":{"rendered":"Villes"},"content":{"rendered":"<table style=\"width:100%; border-collapse: collapse; font-family: Arial, sans-serif;\">\n  <thead>\n    <tr style=\"background-color: #f9f9f9;\">\n      <th style=\"padding: 12px; text-align: left;\">Villes (A-G)<\/th>\n      <th style=\"padding: 12px; text-align: left;\">Villes (H-O)<\/th>\n      <th style=\"padding: 12px; text-align: left;\">Villes (P-Z)<\/th>\n    <\/tr>\n  <\/thead>\n  <tbody>\n    <tr>\n      <td style=\"padding: 10px;\"><a href=\"https:\/\/leonpsychology.ca\/fr\/psychologues-en-ligne-blainville\/\">Blainville<\/a><\/td>\n      <td style=\"padding: 10px;\"><a href=\"https:\/\/leonpsychology.ca\/fr\/psychologues-en-ligne-hamilton\/\">Hamilton<\/a><\/td>\n      <td style=\"padding: 10px;\"><a href=\"https:\/\/leonpsychology.ca\/fr\/psychologues-en-ligne-quebec\/\">Ville de Qu\u00e9bec<\/a><\/td>\n    <\/tr>\n    <tr>\n      <td style=\"padding: 10px;\"><a href=\"https:\/\/leonpsychology.ca\/fr\/psychologues-en-ligne-bois-des-fillions\/\">Bois-des-Filion<\/a><\/td>\n      <td style=\"padding: 10px;\"><a href=\"https:\/\/leonpsychology.ca\/fr\/psychologue-en-ligne-pour-adolescents-laval\/\">Laval<\/a><\/td>\n      <td style=\"padding: 10px;\"><a href=\"https:\/\/leonpsychology.ca\/fr\/psychologue-en-ligne-pour-adolescents-rosemere\/\">Rosem\u00e8re<\/a><\/td>\n    <\/tr>\n    <tr>\n      <td style=\"padding: 10px;\"><a href=\"https:\/\/leonpsychology.ca\/fr\/psychologue-en-ligne-pour-adolescents-brossard\/\">Brossard<\/a><\/td>\n      <td style=\"padding: 10px;\"><a href=\"https:\/\/leonpsychology.ca\/fr\/psychologues-en-ligne-londoniens\/\">Londres<\/a><\/td>\n      <td style=\"padding: 10px;\"><a href=\"https:\/\/leonpsychology.ca\/fr\/psychologues-en-ligne-toronto\/\">Toronto<\/a><\/td>\n    <\/tr>\n    <tr>\n      <td style=\"padding: 10px;\"><a href=\"https:\/\/leonpsychology.ca\/fr\/psychologues-en-ligne-brampton\/\">Brampton<\/a><\/td>\n      <td style=\"padding: 10px;\"><a href=\"https:\/\/leonpsychology.ca\/fr\/psychologues-en-ligne-markham\/\">Markham<\/a><\/td>\n      <td style=\"padding: 10px;\"><a href=\"https:\/\/leonpsychology.ca\/fr\/psychologue-en-ligne-pour-adolescents-vaudreuil\/\">Vaudreuil<\/a><\/td>\n    <\/tr>\n    <tr>\n      <td style=\"padding: 10px;\"><a href=\"https:\/\/leonpsychology.ca\/fr\/psychologue-en-ligne-pour-adolescents-gatineau\/\">Gatineau<\/a><\/td>\n      <td style=\"padding: 10px;\"><a href=\"https:\/\/leonpsychology.ca\/fr\/psychologues-en-ligne-mississauga\/\">Mississauga<\/a><\/td>\n      <td style=\"padding: 10px;\"><a href=\"https:\/\/leonpsychology.ca\/fr\/psychologues-en-ligne-vaughan\/\">Vaughan<\/a><\/td>\n    <\/tr>\n    <tr>\n      <td style=\"padding: 10px;\"><a href=\"https:\/\/leonpsychology.ca\/fr\/psychologues-en-ligne-kitchener\/\">Kitchener<\/a><\/td>\n      <td style=\"padding: 10px;\"><a href=\"https:\/\/leonpsychology.ca\/fr\/psychologues-en-ligne-montreal\/\">Montr\u00e9al<\/a><\/td>\n      <td style=\"padding: 10px;\"><a href=\"https:\/\/leonpsychology.ca\/fr\/psychologues-en-ligne-windsor\/\">Windsor<\/a><\/td>\n    <\/tr>\n    <tr>\n      <td style=\"padding: 10px;\"><a href=\"https:\/\/leonpsychology.ca\/fr\/psychologues-en-ligne-kingston\/\">Kingston<\/a><\/td>\n      <td style=\"padding: 10px;\"><a href=\"https:\/\/leonpsychology.ca\/fr\/psychologues-en-ligne-ottawa\/\">Ottawa<\/a><\/td>\n      <td style=\"padding: 10px;\"><a href=\"https:\/\/leonpsychology.ca\/fr\/psychologue-en-ligne-pour-adolescents-longueuil\/\">Longueuil<\/a><\/td>\n    <\/tr>\n  <\/tbody>\n<\/table>\n\n<div style='text-align:center' class='yasr-auto-insert-overall'><\/div>","protected":false},"excerpt":{"rendered":"<p>Villes (A-G) Villes (H-O) Villes (P-Z) Blainville Hamilton Qu\u00e9bec Bois-des-Filion Laval Rosem\u00e8re Brossard London Toronto Brampton Markham Vaudreuil Gatineau Mississauga Vaughan Kitchener Montr\u00e9al Windsor Kingston Ottawa Longueuil<\/p>","protected":false},"author":3,"featured_media":0,"parent":0,"menu_order":0,"comment_status":"closed","ping_status":"closed","template":"template-full-width.php","meta":{"_seopress_robots_primary_cat":"","_seopress_titles_title":"","_seopress_titles_desc":"","_seopress_robots_index":"","_seopress_analysis_target_kw":"","_coblocks_attr":"","_coblocks_dimensions":"","_coblocks_responsive_height":"","_coblocks_accordion_ie_support":"","yasr_overall_rating":0,"yasr_post_is_review":"","yasr_auto_insert_disabled":"","yasr_review_type":"","footnotes":""},"class_list":["post-3211","page","type-page","status-publish","hentry"],"yasr_visitor_votes":{"stars_attributes":{"read_only":true,"span_bottom":"<div class='yasr-small-block-bold'><span class='yasr-visitor-votes-must-sign-in'>You must sign in to vote<\/span><\/div>"},"number_of_votes":0,"sum_votes":0},"_links":{"self":[{"href":"https:\/\/leonpsychology.ca\/fr\/wp-json\/wp\/v2\/pages\/3211","targetHints":{"allow":["GET"]}}],"collection":[{"href":"https:\/\/leonpsychology.ca\/fr\/wp-json\/wp\/v2\/pages"}],"about":[{"href":"https:\/\/leonpsychology.ca\/fr\/wp-json\/wp\/v2\/types\/page"}],"author":[{"embeddable":true,"href":"https:\/\/leonpsychology.ca\/fr\/wp-json\/wp\/v2\/users\/3"}],"replies":[{"embeddable":true,"href":"https:\/\/leonpsychology.ca\/fr\/wp-json\/wp\/v2\/comments?post=3211"}],"version-history":[{"count":5,"href":"https:\/\/leonpsychology.ca\/fr\/wp-json\/wp\/v2\/pages\/3211\/revisions"}],"predecessor-version":[{"id":3715,"href":"https:\/\/leonpsychology.ca\/fr\/wp-json\/wp\/v2\/pages\/3211\/revisions\/3715"}],"wp:attachment":[{"href":"https:\/\/leonpsychology.ca\/fr\/wp-json\/wp\/v2\/media?parent=3211"}],"curies":[{"name":"wp","href":"https:\/\/api.w.org\/{rel}","templated":true}]}}