{"id":3317,"date":"2025-07-07T16:45:05","date_gmt":"2025-07-07T16:45:05","guid":{"rendered":"https:\/\/leonpsychology.ca\/?page_id=3317"},"modified":"2025-07-07T16:45:06","modified_gmt":"2025-07-07T16:45:06","slug":"psychologue-pour-adultes-a-victoriaville","status":"publish","type":"page","link":"https:\/\/leonpsychology.ca\/fr\/adult-psychologist-in-victoriaville\/","title":{"rendered":"Psychologue pour adultes \u00e0 Victoriaville :"},"content":{"rendered":"<h1 class=\"wp-block-heading has-text-align-center has-black-color has-text-color\" style=\"font-size:30px\"><strong>Psychoth\u00e9rapeutes et Soins de sant\u00e9 mentale en ligne pour adultes \u00e0 Victoriaville<\/strong><\/h1>\n\n\n\n<div class=\"wp-block-cover aligncenter is-light\" style=\"min-height:201px;aspect-ratio:unset;\"><img decoding=\"async\" width=\"800\" height=\"343\" class=\"wp-block-cover__image-background wp-image-686\" alt=\"psychologie neuropsychologie clinique dr leon enfant adolescent ottawa gatineau montreal\" src=\"https:\/\/leonpsychology.ca\/wp-content\/uploads\/2022\/10\/main-page-image_resized.jpg\" style=\"object-position:49% 97%\" data-object-fit=\"cover\" data-object-position=\"49% 97%\" srcset=\"https:\/\/leonpsychology.ca\/wp-content\/uploads\/2022\/10\/main-page-image_resized.jpg 800w, https:\/\/leonpsychology.ca\/wp-content\/uploads\/2022\/10\/main-page-image_resized-300x129.jpg 300w, https:\/\/leonpsychology.ca\/wp-content\/uploads\/2022\/10\/main-page-image_resized-768x329.jpg 768w, https:\/\/leonpsychology.ca\/wp-content\/uploads\/2022\/10\/main-page-image_resized-18x8.jpg 18w\" sizes=\"(max-width: 800px) 100vw, 800px\" \/><span aria-hidden=\"true\" class=\"wp-block-cover__background has-background-dim\" style=\"background-color:#b7bfbf\"><\/span><div class=\"wp-block-cover__inner-container is-layout-flow wp-block-cover-is-layout-flow\">\n<p class=\"has-text-align-center has-large-font-size\"><\/p>\n<\/div><\/div>\n\n\n\n<div style=\"height:45px\" aria-hidden=\"true\" class=\"wp-block-spacer\"><\/div>\n\n\n\n<h3 class=\"wp-block-heading has-text-color has-link-color wp-elements-9796d71f895ef4f577895454bcd95a55\" style=\"color:#39574f\">Pourquoi consulter un psychologue \u00e0 Victoriaville \u00e0 l'\u00e2ge adulte ?<\/h3>\n\n\n\n<p style=\"font-size:18px\">\u00c0 Victoriaville, de plus en plus d'adultes ressentent le besoin de mieux comprendre leur cheminement \u00e9motionnel. Que ce soit en raison d'un stress constant, de tensions relationnelles, de difficult\u00e9s professionnelles ou d'un sentiment de vide persistant, la sant\u00e9 mentale est un aspect essentiel du bien-\u00eatre g\u00e9n\u00e9ral. Cependant, trouver un psychologue disponible localement sans attendre plusieurs semaines peut s'av\u00e9rer un v\u00e9ritable d\u00e9fi. C'est dans cette optique que le <strong>Clinique de psychologie Leon <\/strong>offre ses services de psychoth\u00e9rapie <strong>pour adultes \u00e0 Victoriaville <\/strong>en ligne, dans un cadre professionnel, s\u00fbr et profond\u00e9ment compatissant. Il n'est pas toujours facile de reconna\u00eetre que quelque chose ne va pas. Nous continuons souvent \u00e0 aller de l'avant, \u00e0 travailler et \u00e0 nous occuper des autres, tout en ignorant nos propres signes d'alerte. Cependant, certains sympt\u00f4mes, m\u00eame subtils, indiquent qu'il est peut-\u00eatre temps de demander de l'aide :<\/p>\n\n\n\n<ul class=\"wp-block-list\">\n<li class=\"has-medium-font-size\">Des pens\u00e9es qui tournent en rond et vous emp\u00eachent de dormir<br><\/li>\n\n\n\n<li class=\"has-medium-font-size\">Un manque d'\u00e9nergie persistant, m\u00eame apr\u00e8s le repos<br><\/li>\n\n\n\n<li class=\"has-medium-font-size\">Une tendance \u00e0 s'isoler ou \u00e0 \u00e9viter les autres<br><\/li>\n\n\n\n<li class=\"has-medium-font-size\">\u00c9motions difficiles \u00e0 contr\u00f4ler (col\u00e8re, tristesse, panique)<br><\/li>\n\n\n\n<li class=\"has-medium-font-size\">Une baisse de motivation au travail ou \u00e0 la maison<br><\/li>\n\n\n\n<li class=\"has-medium-font-size\">Sentiment de ne plus savoir qui l'on est<br><\/li>\n<\/ul>\n\n\n\n<p style=\"font-size:18px\">La psychoth\u00e9rapie permet d'explorer ces malaises avec un regard ext\u00e9rieur neutre et comp\u00e9tent. \u00c0 Victoriaville, les adultes peuvent maintenant y avoir acc\u00e8s de fa\u00e7on flexible par le biais de s\u00e9ances \u00e0 distance, dans le confort de leur foyer.<\/p>\n\n\n\n<hr class=\"wp-block-separator has-alpha-channel-opacity\"\/>\n\n\n\n<div style=\"height:45px\" aria-hidden=\"true\" class=\"wp-block-spacer\"><\/div>\n\n\n\n<h2 class=\"wp-block-heading has-text-align-center has-text-color\" style=\"color:#39574f\"><strong>Nous rejoindre<\/strong><\/h2>\n\n\n\n<p class=\"has-text-align-center has-medium-font-size\"><strong>Courriel: <\/strong>info@leonpsychology.ca<\/p>\n\n\n\n<p class=\"has-text-align-center has-medium-font-size\"><strong>T\u00e9l\u00e9phone: <\/strong>819-200-7718<\/p>\n\n\n\n<p class=\"has-text-align-center has-medium-font-size\">Lorsque vous communiquez avec nous, veuillez laisser votre nom complet et le meilleur num\u00e9ro de t\u00e9l\u00e9phone pour vous rejoindre.<\/p>\n\n\n\n<h2 class=\"wp-block-heading has-text-align-center has-text-color has-link-color wp-elements-8bd6e3d2a4003580e8e3b8be1ec6d830\" style=\"color:#39574f;font-size:20px\"><strong>Vous pouvez r\u00e9server un appel d\u2019introduction GRATUIT de 15 minutes directement dans notre calendrier en cliquant ci-dessous\u00a0:<\/strong><\/h2>\n\n\n\n<div style=\"height:15px\" aria-hidden=\"true\" class=\"wp-block-spacer\"><\/div>\n\n\n\n<div class=\"wp-block-buttons is-content-justification-center is-layout-flex wp-container-core-buttons-is-layout-16018d1d wp-block-buttons-is-layout-flex\">\n<div class=\"wp-block-button\"><a class=\"wp-block-button__link has-background wp-element-button\" href=\"https:\/\/leonpsychology.janeapp.com\/\" style=\"background-color:#39574f\" target=\"_blank\" rel=\"noreferrer noopener\">Appel d'introduction de 15-minutes GRATUIT<\/a><\/div>\n<\/div>\n\n\n\n<div style=\"height:45px\" aria-hidden=\"true\" class=\"wp-block-spacer\"><\/div>\n\n\n\n<hr class=\"wp-block-separator has-alpha-channel-opacity\"\/>\n\n\n\n<div style=\"height:45px\" aria-hidden=\"true\" class=\"wp-block-spacer\"><\/div>\n\n\n\n<h2 class=\"wp-block-heading has-text-color\" style=\"color:#39574f\"><strong>Psychoth\u00e9rapie en ligne \u00e0 Victoriaville : comment \u00e7a marche ?<\/strong><\/h2>\n\n\n\n<p>Les s\u00e9ances de th\u00e9rapie sont offertes enti\u00e8rement en ligne, via une plateforme confidentielle et facile d'utilisation. Ce format est particuli\u00e8rement avantageux \u00e0 Victoriaville, o\u00f9 les services locaux de psychologie sp\u00e9cialis\u00e9e peuvent \u00eatre limit\u00e9s ou surcharg\u00e9s.<\/p>\n\n\n\n<p>Tout commence par un <strong>consultation exploratoire gratuite et sans engagement de 15 minutes <\/strong>pour discuter de votre situation, poser des questions et voir si vous \u00eates \u00e0 l'aise avec le processus. Les rendez-vous sont ensuite fix\u00e9s \u00e0 un rythme qui correspond \u00e0 vos besoins et \u00e0 votre r\u00e9alit\u00e9, en fonction de vos disponibilit\u00e9s.<\/p>\n\n\n\n<h2 class=\"wp-block-heading\"><a><\/a><strong>Psychologue pour personnes \u00e2g\u00e9es \u00e0 Victoriaville : un service en ligne qui respecte leur rythme et leur exp\u00e9rience<\/strong><\/h2>\n\n\n\n<p>\u00c0 partir de 65 ans, la vie prend souvent un tournant particulier. La retraite, les changements dans les relations, la perte d'autonomie ou les deuils successifs peuvent donner lieu \u00e0 des sentiments complexes. \u00c0 Victoriaville, les a\u00een\u00e9s peuvent aussi b\u00e9n\u00e9ficier <strong>un soutien psychologique sp\u00e9cialis\u00e9 <\/strong>Ces services sont propos\u00e9s \u00e0 distance, dans le respect total de leur rythme et de leur exp\u00e9rience.<\/p>\n\n\n\n<p>Les motifs de consultation les plus courants chez les personnes \u00e2g\u00e9es sont les suivants<\/p>\n\n\n\n<ul class=\"wp-block-list\">\n<li class=\"has-medium-font-size\">Solitude ou sentiment d'isolement<br><\/li>\n\n\n\n<li class=\"has-medium-font-size\">Perte de sens ou ennui<br><\/li>\n\n\n\n<li class=\"has-medium-font-size\">Anxi\u00e9t\u00e9 concernant l'avenir ou la sant\u00e9<br><\/li>\n\n\n\n<li class=\"has-medium-font-size\">Troubles du sommeil ou de l'app\u00e9tit<br><\/li>\n\n\n\n<li class=\"has-medium-font-size\">Souvenirs douloureux ou non r\u00e9solus<br><\/li>\n\n\n\n<li class=\"has-medium-font-size\">Difficult\u00e9s d'adaptation aux nouvelles r\u00e9alit\u00e9s<br><\/li>\n<\/ul>\n\n\n\n<p class=\"has-medium-font-size\">La psychoth\u00e9rapie aide les personnes \u00e2g\u00e9es \u00e0 faire le point sur leur parcours, \u00e0 mettre en valeur leurs points forts et \u00e0 retrouver un sentiment de stabilit\u00e9 et de paix int\u00e9rieure. La s\u00e9ance se d\u00e9roule \u00e0 distance, dans un cadre rassurant et sans d\u00e9placement.<\/p>\n\n\n\n<div style=\"height:15px\" aria-hidden=\"true\" class=\"wp-block-spacer\"><\/div>\n\n\n\n<div class=\"wp-block-buttons is-content-justification-center is-layout-flex wp-container-core-buttons-is-layout-16018d1d wp-block-buttons-is-layout-flex\">\n<div class=\"wp-block-button\"><a class=\"wp-block-button__link has-background wp-element-button\" href=\"https:\/\/leonpsychology.janeapp.com\/\" style=\"background-color:#39574f\" target=\"_blank\" rel=\"noreferrer noopener\">Prendre un rendez-vous<\/a><\/div>\n<\/div>\n\n\n\n<div style=\"height:45px\" aria-hidden=\"true\" class=\"wp-block-spacer\"><\/div>\n\n\n\n<hr class=\"wp-block-separator has-alpha-channel-opacity\"\/>\n\n\n\n<div style=\"height:45px\" aria-hidden=\"true\" class=\"wp-block-spacer\"><\/div>\n\n\n\n<h2 class=\"wp-block-heading has-text-align-center has-text-color\" style=\"color:#39574f;padding-top:15px;padding-right:15px;padding-bottom:15px;padding-left:15px\"><strong>Th\u00e9rapie en ligne pour enfants, adolescents et parents - Le soulagement commence ici<\/strong><\/h2>\n\n\n\n<div class=\"wp-block-coblocks-features coblocks-features-52810538334\"><div class=\"wp-block-coblocks-features__inner has-columns has-3-columns has-responsive-columns has-center-content has-small-gutter\">\n<div class=\"wp-block-coblocks-feature coblocks-feature-52810538495\"><div class=\"wp-block-coblocks-feature__inner has-no-padding\"><div class=\"wp-block-coblocks-icon\">\n\t\t\t\t<div class=\"wp-block-coblocks-icon__inner\" style=\"height: 60px; width: 60px;\">\n\t\t\t\t\t<svg fill=\"none\" xmlns=\"http:\/\/www.w3.org\/2000\/svg\" viewbox=\"0 0 24 24\"><path d=\"M10.25 13c0 .69-.56 1.25-1.25 1.25S7.75 13.69 7.75 13s.56-1.25 1.25-1.25 1.25.56 1.25 1.25zM15 11.75c-.69 0-1.25.56-1.25 1.25s.56 1.25 1.25 1.25 1.25-.56 1.25-1.25-.56-1.25-1.25-1.25zm7 .25c0 5.52-4.48 10-10 10S2 17.52 2 12 6.48 2 12 2s10 4.48 10 10zM10.66 4.12C12.06 6.44 14.6 8 17.5 8c.46 0 .91-.05 1.34-.12C17.44 5.56 14.9 4 12 4c-.46 0-.91.05-1.34.12zM4.42 9.47c1.71-.97 3.03-2.55 3.66-4.44C6.37 6 5.05 7.58 4.42 9.47zM20 12c0-.78-.12-1.53-.33-2.24-.7.15-1.42.24-2.17.24-3.13 0-5.92-1.44-7.76-3.69C8.69 8.87 6.6 10.88 4 11.86c.01.04 0 .09 0 .14 0 4.41 3.59 8 8 8s8-3.59 8-8z\" fill=\"currentColor\" \/><\/svg>\n\t\t\t\t<\/div>\n\t\t\t<\/div>\n\n\n<h4 class=\"wp-block-heading has-black-color has-text-color has-medium-font-size\"><strong><strong>Accompagnement personnalis\u00e9<\/strong><\/strong><\/h4>\n\n\n\n<p style=\"font-size:17px\">Chaque individu est diff\u00e9rent, et nous travaillons en \u00e9troite collaboration avec chaque personne pour fournir des interventions et des strat\u00e9gies cibl\u00e9es qui r\u00e9pondent \u00e0 leurs pr\u00e9occupations sp\u00e9cifiques.<\/p>\n<\/div><\/div>\n\n\n\n<div class=\"wp-block-coblocks-feature coblocks-feature-52810538495\"><div class=\"wp-block-coblocks-feature__inner has-no-padding\"><div class=\"wp-block-coblocks-icon\">\n\t\t\t\t<div class=\"wp-block-coblocks-icon__inner\" style=\"height: 60px; width: 60px;\">\n\t\t\t\t\t<svg fill=\"none\" viewbox=\"0 0 20 20\" xmlns=\"http:\/\/www.w3.org\/2000\/svg\"><path d=\"m15.5555556 14.4444444-4.4444445-4.4444444v-3.53333333c1.2888889-.46666667 2.2222222-1.68888889 2.2222222-3.13333334 0-1.84444444-1.4888889-3.33333333-3.3333333-3.33333333-1.84444444 0-3.33333333 1.48888889-3.33333333 3.33333333 0 1.44444445.93333333 2.66666667 2.22222222 3.13333334v3.53333333l-4.44444445 4.4444444h-4.44444444v5.5555556h5.55555556v-3.3888889l4.44444444-4.6666667 4.4444444 4.6666667v3.3888889h5.5555556v-5.5555556z\" fill=\"currentColor\" \/><\/svg>\n\t\t\t\t<\/div>\n\t\t\t<\/div>\n\n\n<h4 class=\"wp-block-heading has-black-color has-text-color has-medium-font-size\"><strong><strong>Collaboration avec les parents<\/strong><\/strong><\/h4>\n\n\n\n<p style=\"font-size:17px\">Bien que les enfants et les adolescents assistent g\u00e9n\u00e9ralement seuls aux s\u00e9ances, nous pouvons vous aider \u00e0 cr\u00e9er un environnement de soutien qui favorise un changement positif durable pour votre enfant ou votre adolescent.<\/p>\n<\/div><\/div>\n\n\n\n<div class=\"wp-block-coblocks-feature coblocks-feature-52810101813\"><div class=\"wp-block-coblocks-feature__inner has-no-padding\"><div class=\"wp-block-coblocks-icon\">\n\t\t\t\t<div class=\"wp-block-coblocks-icon__inner\" style=\"height: 60px; width: 60px;\">\n\t\t\t\t\t<svg fill=\"none\" viewbox=\"0 0 20 20\" xmlns=\"http:\/\/www.w3.org\/2000\/svg\"><path d=\"m9.99 0c-5.52 0-9.99 4.48-9.99 10s4.47 10 9.99 10c5.53 0 10.01-4.48 10.01-10s-4.48-10-10.01-10zm.01 18c-4.42 0-8-3.58-8-8s3.58-8 8-8 8 3.58 8 8-3.58 8-8 8zm3.5-9c.83 0 1.5-.67 1.5-1.5s-.67-1.5-1.5-1.5-1.5.67-1.5 1.5.67 1.5 1.5 1.5zm-7 0c.83 0 1.5-.67 1.5-1.5s-.67-1.5-1.5-1.5-1.5.67-1.5 1.5.67 1.5 1.5 1.5zm3.5 6.5c2.33 0 4.31-1.46 5.11-3.5h-10.22c.8 2.04 2.78 3.5 5.11 3.5z\" fill=\"currentColor\" \/><\/svg>\n\t\t\t\t<\/div>\n\t\t\t<\/div>\n\n\n<h4 class=\"wp-block-heading has-black-color has-text-color has-medium-font-size\"><strong>Cadre chaleureux<\/strong><\/h4>\n\n\n\n<p style=\"font-size:17px\">Votre enfant\/ado peut avoir confiance que l'environnement th\u00e9rapeutique est s\u00e9curitaire et inclusif et qu'il\/elle\/iel pourra se sentir \u00e0 l\u2019aise de s\u2019exprimer et de se confier de fa\u00e7on authentique et sans jugement.<\/p>\n<\/div><\/div>\n<\/div><\/div>\n\n\n\n<hr class=\"wp-block-separator has-alpha-channel-opacity\"\/>\n\n\n\n<h2 class=\"wp-block-heading\"><strong>Coaching parental \u00e0 Victoriaville : des outils pratiques pour mieux soutenir votre enfant<\/strong><\/h2>\n\n\n\n<p class=\"has-medium-font-size\">\u00catre parent \u00e0 Victoriaville, c'est jongler avec les d\u00e9fis du quotidien tout en s'effor\u00e7ant d'offrir \u00e0 ses enfants un environnement sain et s\u00e9curitaire. Cependant, certaines situations peuvent g\u00e9n\u00e9rer du stress ou de la confusion : r\u00e9actions inattendues, anxi\u00e9t\u00e9 de l'enfant, changements de routine et d\u00e9bordements \u00e9motionnels. Pour r\u00e9pondre \u00e0 ces besoins, la Clinique L\u00e9on offre un service d'aide \u00e0 l'enfance et \u00e0 la famille. <strong>service de coaching parental en ligne <\/strong>pour les adultes ayant des enfants \u00e2g\u00e9s de 0 \u00e0 17 ans.<\/p>\n\n\n\n<p class=\"has-medium-font-size\">Ce type de soutien peut vous aider si vous vous posez des questions :<\/p>\n\n\n\n<ul class=\"wp-block-list\">\n<li class=\"has-medium-font-size\">Comment parler \u00e0 votre enfant d'un \u00e9v\u00e9nement difficile ?<br><\/li>\n\n\n\n<li class=\"has-medium-font-size\">Pourquoi r\u00e9agit-il si fortement \u00e0 un changement ?<br><\/li>\n\n\n\n<li class=\"has-medium-font-size\">Comment g\u00e9rer les crises, les craintes ou les refus ?<br><\/li>\n\n\n\n<li class=\"has-medium-font-size\">Comment reprendre confiance dans son r\u00f4le de parent ?<br><\/li>\n<\/ul>\n\n\n\n<p class=\"has-medium-font-size\">Anim\u00e9es par une psychologue sp\u00e9cialis\u00e9e dans le d\u00e9veloppement de l'enfant, les r\u00e9unions sont br\u00e8ves, cibl\u00e9es et ax\u00e9es sur des strat\u00e9gies concr\u00e8tes \u00e0 appliquer dans votre vie quotidienne.<\/p>\n\n\n\n<p><\/p>\n\n\n\n<h2 class=\"wp-block-heading\"><a><\/a><strong>Un psychologue en ligne pour Victoriaville avec plus de 30 ans d'exp\u00e9rience<\/strong><\/h2>\n\n\n\n<p class=\"has-medium-font-size\">Mme. <strong>Chantal Robitaille <\/strong>psychologue clinicienne et psychoth\u00e9rapeute, accompagne depuis plus de trente ans des adultes et des personnes \u00e2g\u00e9es confront\u00e9s \u00e0 toutes sortes de difficult\u00e9s : anxi\u00e9t\u00e9, d\u00e9pression, deuil, stress post-traumatique, surcharge \u00e9motionnelle, transitions de vie ou crises existentielles.<\/p>\n\n\n\n<p class=\"has-medium-font-size\">Elle offre ses services exclusivement en ligne, en fran\u00e7ais, partout au Qu\u00e9bec, y compris \u00e0 Victoriaville. Son approche repose \u00e0 la fois sur des m\u00e9thodes valid\u00e9es (th\u00e9rapie cognitivo-comportementale, mindfulness, approches humanistes) et sur une qualit\u00e9 d'\u00e9coute ancr\u00e9e dans le respect et l'absence totale de jugement.<\/p>\n\n\n\n<hr class=\"wp-block-separator has-alpha-channel-opacity\"\/>\n\n\n\n<div style=\"height:45px\" aria-hidden=\"true\" class=\"wp-block-spacer\"><\/div>\n\n\n\n<h2 class=\"wp-block-heading has-text-color has-link-color wp-elements-f44d6491dddda52c7d7ac55d4c4bc203\" style=\"color:#39574f\"><strong>Ce que la clinique ne couvre pas<\/strong><\/h2>\n\n\n\n<p>Certaines situations n\u00e9cessitent des ressources sp\u00e9cialis\u00e9es que la clinique Leon ne fournit pas. Il s'agit notamment de<\/p>\n\n\n\n<ul class=\"wp-block-list\">\n<li class=\"has-medium-font-size\">D\u00e9pendances \u00e0 l'alcool ou \u00e0 d'autres substances<br><\/li>\n\n\n\n<li class=\"has-medium-font-size\">Troubles graves de l'alimentation<br><\/li>\n\n\n\n<li class=\"has-medium-font-size\">Th\u00e9rapie de couple ou de famille<br><\/li>\n\n\n\n<li class=\"has-medium-font-size\">Expertise juridique ou m\u00e9dico-l\u00e9gale<br><\/li>\n\n\n\n<li class=\"has-medium-font-size\">\u00c9valuations neuropsychologiques avanc\u00e9es (par exemple, d\u00e9mence)<br><\/li>\n<\/ul>\n\n\n\n<p class=\"has-medium-font-size\">Dans ces cas, vous serez dirig\u00e9 vers les services appropri\u00e9s dans la r\u00e9gion de Victoriaville ou ailleurs.<\/p>\n\n\n\n<div style=\"height:45px\" aria-hidden=\"true\" class=\"wp-block-spacer\"><\/div>\n\n\n\n<hr class=\"wp-block-separator has-alpha-channel-opacity\"\/>\n\n\n\n<div class=\"wp-block-buttons is-content-justification-center is-layout-flex wp-container-core-buttons-is-layout-16018d1d wp-block-buttons-is-layout-flex\">\n<div class=\"wp-block-button\"><a class=\"wp-block-button__link has-background wp-element-button\" href=\"https:\/\/leonpsychology.janeapp.com\/\" style=\"background-color:#39574f\" target=\"_blank\" rel=\"noreferrer noopener\">Prendre un rendez-vous<\/a><\/div>\n<\/div>\n\n\n\n<div style=\"height:45px\" aria-hidden=\"true\" class=\"wp-block-spacer\"><\/div>\n\n\n\n<h2 class=\"wp-block-heading has-text-align-center has-text-color\" style=\"color:#39574f;padding-top:15px;padding-right:15px;padding-bottom:15px;padding-left:15px\"><strong>Rencontrez Dre L\u00e9on<\/strong><\/h2>\n\n\n<div class=\"wp-block-image is-style-rounded\">\n<figure class=\"aligncenter size-thumbnail\"><a href=\"https:\/\/leonpsychology.ca\/fr\/about-dr-leon\/\" target=\"_blank\" rel=\"noreferrer noopener\"><img decoding=\"async\" width=\"150\" height=\"150\" src=\"https:\/\/leonpsychology.ca\/wp-content\/uploads\/2022\/11\/headshot2-e1669650345645-150x150.jpg\" alt=\"dr. stephanie leon psychologue en ligne pour adolescents neuropsychologue en ontario quebec\" class=\"wp-image-831\" srcset=\"https:\/\/leonpsychology.ca\/wp-content\/uploads\/2022\/11\/headshot2-e1669650345645-150x150.jpg 150w, https:\/\/leonpsychology.ca\/wp-content\/uploads\/2022\/11\/headshot2-e1669650345645-11x12.jpg 11w\" sizes=\"(max-width: 150px) 100vw, 150px\" \/><\/a><\/figure>\n<\/div>\n\n\n<p class=\"has-text-align-center has-medium-font-size\">Stephanie L. Leon est une psychologue clinicienne et neuropsychologue exp\u00e9riment\u00e9e et digne de confiance, sp\u00e9cialis\u00e9e dans la psychologie de l'enfant et de l'adolescent. Elle aide les enfants, les adolescents et leurs parents \u00e0 relever les d\u00e9fis \u00e9motionnels, comportementaux et cognitifs, en leur donnant les moyens de s'\u00e9panouir. <\/p>\n\n\n\n<p class=\"has-text-align-center has-medium-font-size\">Son approche th\u00e9rapeutique chaleureuse et collaborative est ancr\u00e9e dans la th\u00e9rapie comportementale cognitive (TCC) tout en s\u2019inspirant de diverses modalit\u00e9s. <\/p>\n\n\n\n<p class=\"has-text-align-center has-medium-font-size\">Dre L\u00e9on parle parfaitement le fran\u00e7ais et l\u2019anglais. Elle offre des s\u00e9ances virtuelles aux familles du Qu\u00e9bec et de l'Ontario.<\/p>\n\n\n\n<div class=\"wp-block-buttons is-content-justification-center is-layout-flex wp-container-core-buttons-is-layout-16018d1d wp-block-buttons-is-layout-flex\">\n<div class=\"wp-block-button\"><a class=\"wp-block-button__link has-background wp-element-button\" href=\"https:\/\/leonpsychology.ca\/fr\/psychologue-pour-enfants-en-ligne-dr-leon\/\" style=\"background-color:#39574f\">En apprendre davantage<\/a><\/div>\n<\/div>\n\n\n\n<div style=\"height:45px\" aria-hidden=\"true\" class=\"wp-block-spacer\"><\/div>\n\n\n\n<hr class=\"wp-block-separator has-alpha-channel-opacity\"\/>\n\n\n\n<h2 class=\"wp-block-heading has-text-align-center has-text-color\" style=\"color:#39574f;padding-top:15px;padding-right:15px;padding-bottom:15px;padding-left:15px\"><strong>Rencontrez Mme Robitaille<\/strong><\/h2>\n\n\n<div class=\"wp-block-image is-style-rounded\">\n<figure class=\"aligncenter size-thumbnail\"><img decoding=\"async\" width=\"150\" height=\"150\" src=\"https:\/\/leonpsychology.ca\/wp-content\/uploads\/2023\/03\/photo-de-profil-scaled-e1697644181879-150x150.jpg\" alt=\"psychologue psychoth\u00e9rapeute pour adolescent Qu\u00e9bec th\u00e9rapeute\" class=\"wp-image-1040\"\/><\/figure>\n<\/div>\n\n\n<p class=\"has-text-align-center has-medium-font-size\">Mme Chantal Robitaille est psychologue et psychoth\u00e9rapeute licensi\u00e9e. Avec plus de 30 ans d\u2019expertise, elle se concentre sur vos besoins uniques et vous aide \u00e0 surmonter les d\u00e9fis sans \u00eatre d\u00e9fini par des \u00e9tiquettes.<\/p>\n\n\n\n<p class=\"has-text-align-center has-medium-font-size\">Mme Robitaille guide les adolescents, les adultes et les a\u00een\u00e9s vers la transformation personnelle.\u00a0 Elle conna\u00eet particuli\u00e8rement bien les troubles anxieux, les transitions difficiles, le deuil, la d\u00e9pression, les difficult\u00e9s d\u2019adaptation, la dysphorie de genre et le stress post-traumatique.<\/p>\n\n\n\n<p class=\"has-text-align-center has-medium-font-size\"><strong>Ses s\u00e9ances se d\u00e9roulent virtuellement en fran\u00e7ais pour les entrepreneurs du Qu\u00e9bec.<\/strong><\/p>\n\n\n\n<div class=\"wp-block-buttons is-content-justification-center is-layout-flex wp-container-core-buttons-is-layout-16018d1d wp-block-buttons-is-layout-flex\">\n<div class=\"wp-block-button\"><a class=\"wp-block-button__link has-background wp-element-button\" href=\"https:\/\/leonpsychology.ca\/fr\/psychologue-pour-enfants-en-ligne-dr-leon\/\" style=\"background-color:#39574f\">En apprendre davantage<\/a><\/div>\n<\/div>\n\n\n\n<p class=\"has-text-align-center has-medium-font-size\"><\/p>\n\n\n\n<hr class=\"wp-block-separator has-alpha-channel-opacity\"\/>\n\n\n\n<div style=\"height:45px\" aria-hidden=\"true\" class=\"wp-block-spacer\"><\/div>\n\n\n\n<h2 class=\"wp-block-heading has-text-align-left has-text-color\" style=\"color:#39574f\"><strong>Pourquoi choisir un psychologue en ligne \u00e0 Victoriaville maintenant ?<\/strong><\/h2>\n\n\n\n<p class=\"has-medium-font-size\">Parce qu'il n'est pas n\u00e9cessaire d'attendre que la situation empire pour agir. Parce qu'il existe un espace o\u00f9 l'on peut parler librement, sans jugement, et recevoir le soutien d'experts. Parce que la sant\u00e9 mentale est aussi importante que la sant\u00e9 physique. Et parce que vous avez le droit de vous sentir mieux.<\/p>\n\n\n\n<p class=\"has-medium-font-size\">A Victoriaville, <strong>psychoth\u00e9rapie en ligne pour adultes <\/strong>vous permet de faire le premier pas vers un changement durable, \u00e0 votre rythme et en toute confidentialit\u00e9.<\/p>\n\n\n\n<p class=\"has-text-align-left has-medium-font-size\"><strong>R\u00e9servez d\u00e8s aujourd'hui votre premier entretien gratuit avec la Leon Psychology Clinic. Un soutien professionnel vous attend, sans d\u00e9lai, sans d\u00e9placement et sans pression.<\/strong><\/p>\n\n\n\n<div class=\"wp-block-buttons is-content-justification-center is-layout-flex wp-container-core-buttons-is-layout-16018d1d wp-block-buttons-is-layout-flex\">\n<div class=\"wp-block-button\"><a class=\"wp-block-button__link has-background wp-element-button\" href=\"https:\/\/leonpsychology.janeapp.com\/\" style=\"background-color:#39574f\" target=\"_blank\" rel=\"noreferrer noopener\">Prendre un rendez-vous<\/a><\/div>\n<\/div>\n<div style='text-align:center' class='yasr-auto-insert-overall'><\/div>","protected":false},"excerpt":{"rendered":"<p>Soins de sant\u00e9 mentale en ligne pour adultes \u00e0 Victoriaville Pourquoi consulter un psychologue \u00e0 Victoriaville \u00e0 l'\u00e2ge adulte ? \u00c0 Victoriaville, de plus en plus d'adultes ressentent le besoin de mieux comprendre leur cheminement \u00e9motionnel. Que ce soit en raison d'un stress constant, de tensions relationnelles, de difficult\u00e9s professionnelles ou d'un sentiment de vide persistant, la sant\u00e9 mentale est un aspect essentiel de la vie d'un adulte. <a class=\"read-more\" href=\"https:\/\/leonpsychology.ca\/fr\/adult-psychologist-in-victoriaville\/\">LIRE LA SUITE<\/a><\/p>","protected":false},"author":3,"featured_media":0,"parent":0,"menu_order":0,"comment_status":"closed","ping_status":"closed","template":"","meta":{"_seopress_robots_primary_cat":"","_seopress_titles_title":"Adult psychologist in Victoriaville","_seopress_titles_desc":"In Victoriaville, online psychotherapy for adults allows you to take the first step towards lasting change, at your own pace and in complete confidentiality.","_seopress_robots_index":"","_coblocks_attr":"","_coblocks_dimensions":"","_coblocks_responsive_height":"","_coblocks_accordion_ie_support":"","yasr_overall_rating":4.7,"yasr_post_is_review":"","yasr_auto_insert_disabled":"","yasr_review_type":"","footnotes":""},"class_list":["post-3317","page","type-page","status-publish","hentry"],"yasr_visitor_votes":{"stars_attributes":{"read_only":true,"span_bottom":"<div class='yasr-small-block-bold'><span class='yasr-visitor-votes-must-sign-in'>You must sign in to vote<\/span><\/div>"},"number_of_votes":0,"sum_votes":0},"_links":{"self":[{"href":"https:\/\/leonpsychology.ca\/fr\/wp-json\/wp\/v2\/pages\/3317","targetHints":{"allow":["GET"]}}],"collection":[{"href":"https:\/\/leonpsychology.ca\/fr\/wp-json\/wp\/v2\/pages"}],"about":[{"href":"https:\/\/leonpsychology.ca\/fr\/wp-json\/wp\/v2\/types\/page"}],"author":[{"embeddable":true,"href":"https:\/\/leonpsychology.ca\/fr\/wp-json\/wp\/v2\/users\/3"}],"replies":[{"embeddable":true,"href":"https:\/\/leonpsychology.ca\/fr\/wp-json\/wp\/v2\/comments?post=3317"}],"version-history":[{"count":1,"href":"https:\/\/leonpsychology.ca\/fr\/wp-json\/wp\/v2\/pages\/3317\/revisions"}],"predecessor-version":[{"id":3320,"href":"https:\/\/leonpsychology.ca\/fr\/wp-json\/wp\/v2\/pages\/3317\/revisions\/3320"}],"wp:attachment":[{"href":"https:\/\/leonpsychology.ca\/fr\/wp-json\/wp\/v2\/media?parent=3317"}],"curies":[{"name":"wp","href":"https:\/\/api.w.org\/{rel}","templated":true}]}}