{"id":332,"date":"2022-09-02T17:01:01","date_gmt":"2022-09-02T17:01:01","guid":{"rendered":"https:\/\/leonpsychology.ca\/?page_id=332"},"modified":"2026-04-13T19:41:44","modified_gmt":"2026-04-13T19:41:44","slug":"la-supervision-et-le-coaching-en-psychologie","status":"publish","type":"page","link":"https:\/\/leonpsychology.ca\/fr\/psychology-supervision-and-coaching\/","title":{"rendered":"Supervision clinique et coaching"},"content":{"rendered":"<div class=\"wp-block-cover is-light\" style=\"min-height:276px;aspect-ratio:unset;\"><span aria-hidden=\"true\" class=\"wp-block-cover__background has-background-dim\"><\/span><img decoding=\"async\" width=\"2160\" height=\"1440\" class=\"wp-block-cover__image-background wp-image-333\" alt=\"Groupe de professionnels discutant devant un ordinateur portable Supervision et coaching psychologique en ligne \" src=\"https:\/\/leonpsychology.ca\/wp-content\/uploads\/2022\/09\/qtq80-dmLdBg.jpeg\" data-object-fit=\"cover\" srcset=\"https:\/\/leonpsychology.ca\/wp-content\/uploads\/2022\/09\/qtq80-dmLdBg.jpeg 2160w, https:\/\/leonpsychology.ca\/wp-content\/uploads\/2022\/09\/qtq80-dmLdBg-300x200.jpeg 300w, https:\/\/leonpsychology.ca\/wp-content\/uploads\/2022\/09\/qtq80-dmLdBg-1024x683.jpeg 1024w, https:\/\/leonpsychology.ca\/wp-content\/uploads\/2022\/09\/qtq80-dmLdBg-768x512.jpeg 768w, https:\/\/leonpsychology.ca\/wp-content\/uploads\/2022\/09\/qtq80-dmLdBg-1536x1024.jpeg 1536w, https:\/\/leonpsychology.ca\/wp-content\/uploads\/2022\/09\/qtq80-dmLdBg-2048x1365.jpeg 2048w, https:\/\/leonpsychology.ca\/wp-content\/uploads\/2022\/09\/qtq80-dmLdBg-18x12.jpeg 18w\" sizes=\"(max-width: 2160px) 100vw, 2160px\" \/><div class=\"wp-block-cover__inner-container is-layout-flow wp-block-cover-is-layout-flow\">\n<h2 class=\"wp-block-heading has-text-align-center has-white-color has-text-color has-large-font-size\" style=\"letter-spacing:15px\">SUPERVISION CLINIQUE ET COACHING<\/h2>\n<\/div><\/div>\n\n\n\n<h2 class=\"wp-block-heading has-text-align-center has-black-color has-text-color has-medium-font-size\">Superviseur clinique au service des professionnels de la sant\u00e9 mentale au Qu\u00e9bec et en Ontario | Ottawa, Toronto, Montr\u00e9al, Laval, Blainville, Gatineau<\/h2>\n\n\n\n<h2 class=\"wp-block-heading has-text-align-center has-text-color\" style=\"color:#39574f\"><strong>\u00cates-vous un(e) psychologue cherchant une supervision clinique?<\/strong><\/h2>\n\n\n\n<p class=\"has-text-align-center has-medium-font-size\">Vous r\u00eavez de lancer votre propre cabinet priv\u00e9?&nbsp;<\/p>\n\n\n\n<p class=\"has-text-align-center has-medium-font-size\">Besoin de conseils sur la transition de carri\u00e8re, les exigences d\u2019autorisation ou l\u2019exploration de diff\u00e9rentes orientations cliniques?<\/p>\n\n\n\n<p class=\"has-text-align-center has-medium-font-size\">Dre L\u00e9on peut vous aider dans votre parcours professionnel et vous aider \u00e0 r\u00e9aliser votre v\u00e9ritable potentiel. Que vous soyez \u00e0 la recherche de supervision clinique, de mentorat ou de coaching, Dre L\u00e9on poss\u00e8de l\u2019expertise et la passion n\u00e9cessaires pour vous guider vers la r\u00e9ussite.<\/p>\n\n\n\n<div class=\"wp-block-buttons is-content-justification-center is-layout-flex wp-container-core-buttons-is-layout-16018d1d wp-block-buttons-is-layout-flex\">\n<div class=\"wp-block-button\"><a class=\"wp-block-button__link has-background wp-element-button\" href=\"https:\/\/leonpsychology.ca\/fr\/therapie-en-ligne-nous-contacter\/\" style=\"background-color:#39574f\">Contactez Dre L\u00e9on maintenant<\/a><\/div>\n<\/div>\n\n\n\n<div style=\"height:25px\" aria-hidden=\"true\" class=\"wp-block-spacer\"><\/div>\n\n\n\n<hr class=\"wp-block-separator has-alpha-channel-opacity\"\/>\n\n\n\n<div style=\"height:25px\" aria-hidden=\"true\" class=\"wp-block-spacer\"><\/div>\n\n\n\n<h2 class=\"wp-block-heading has-text-align-center has-text-color\" style=\"color:#39574f\"><strong>Superviseur clinique pour psychologues professionnels&nbsp;<\/strong><\/h2>\n\n\n\n<div class=\"wp-block-columns has-white-background-color has-background coblocks-animate is-layout-flex wp-container-core-columns-is-layout-9d6595d7 wp-block-columns-is-layout-flex\" data-coblocks-animation=\"clipHorizontal\">\n<div class=\"wp-block-column has-white-background-color has-background is-layout-flow wp-block-column-is-layout-flow\">\n<h3 class=\"wp-block-heading has-text-align-center has-black-color has-text-color has-medium-font-size\"><strong>1. <\/strong><\/h3>\n\n\n\n<h3 class=\"wp-block-heading has-text-align-center has-black-color has-text-color has-medium-font-size\"><strong><strong>Supervision clinique adapt\u00e9e \u00e0 vos besoins<\/strong><\/strong><\/h3>\n\n\n\n<p class=\"has-text-align-center is-style-success has-text-color\" style=\"color:#3a4e28;font-size:17px\">Si vous souhaitez \u00e9largir votre champ de pratique ou perfectionner vos comp\u00e9tences, Dre L\u00e9on offre une supervision clinique sp\u00e9cialis\u00e9e. Elle accueille des professionnels d\u00e9sireux de d\u00e9velopper des comp\u00e9tences en psychoth\u00e9rapie des enfants et des adolescents, ainsi qu\u2019en neuropsychologie.<\/p>\n<\/div>\n\n\n\n<div class=\"wp-block-column has-white-background-color has-background is-layout-flow wp-block-column-is-layout-flow\">\n<h3 class=\"wp-block-heading has-text-align-center has-black-color has-text-color has-medium-font-size\"><strong>2.<\/strong><\/h3>\n\n\n\n<h3 class=\"wp-block-heading has-text-align-center has-black-color has-text-color has-medium-font-size\"><strong><strong><strong>Mentorat et encadrement pour l\u2019avancement professionnel<\/strong><\/strong><\/strong><\/h3>\n\n\n\n<p class=\"has-text-align-center is-style-success\" style=\"font-size:17px\">Dre L\u00e9on est un mentor et un entra\u00eeneur expert pour les psychologues qui aspirent \u00e0 b\u00e2tir un cheminement professionnel r\u00e9ussi et \u00e9panouissant. Elle vous fera part de renseignements pr\u00e9cieux, de conseils pratiques et de strat\u00e9gies \u00e9prouv\u00e9es pour vous aider \u00e0 surmonter les obstacles, \u00e0 saisir les occasions et \u00e0 atteindre vos objectifs de carri\u00e8re.<\/p>\n<\/div>\n\n\n\n<div class=\"wp-block-column has-white-background-color has-background is-layout-flow wp-block-column-is-layout-flow\">\n<h3 class=\"wp-block-heading has-text-align-center has-black-color has-text-color has-medium-font-size\"><strong>3.<\/strong><\/h3>\n\n\n\n<h3 class=\"wp-block-heading has-text-align-center has-black-color has-text-color has-medium-font-size\"><strong><strong><strong>\u00c9largir vos comp\u00e9tences<\/strong><\/strong> en psychologie et neuropsychologie.<\/strong><\/h3>\n\n\n\n<p class=\"has-text-align-center is-style-success\" style=\"font-size:17px\">La sp\u00e9cialisation de Dre L\u00e9on en psychoth\u00e9rapie et en neuropsychologie pour enfants et adolescents vous offre l\u2019occasion de d\u00e9velopper et d\u2019am\u00e9liorer vos comp\u00e9tences. Vous acquerrez les connaissances, les techniques et la confiance n\u00e9cessaires pour exceller dans ces domaines sp\u00e9cialis\u00e9s<\/p>\n<\/div>\n<\/div>\n\n\n\n<div style=\"height:25px\" aria-hidden=\"true\" class=\"wp-block-spacer\"><\/div>\n\n\n\n<hr class=\"wp-block-separator has-alpha-channel-opacity\"\/>\n\n\n\n<div style=\"height:25px\" aria-hidden=\"true\" class=\"wp-block-spacer\"><\/div>\n\n\n\n<h2 class=\"wp-block-heading has-text-align-center has-text-color\" style=\"color:#39574f\"><strong>D\u00e9couvrez une supervision et un coaching clinique transformateur<\/strong><\/h2>\n\n\n\n<p class=\"has-text-align-center has-medium-font-size\">Le service est con\u00e7u pour offrir un soutien et une orientation personnalis\u00e9s, adapt\u00e9s aux besoins et aspirations sp\u00e9cifiques de chaque psychologue. Les psychologues peuvent s\u2019attendre \u00e0 am\u00e9liorer leurs comp\u00e9tences cliniques, \u00e0 \u00e9largir leurs comp\u00e9tences, \u00e0 faire progresser leur carri\u00e8re, \u00e0 acqu\u00e9rir des connaissances sp\u00e9cialis\u00e9es et des strat\u00e9gies, \u00e0 \u00e9tablir des r\u00e9seaux professionnels et \u00e0 avoir un impact durable dans le domaine de la psychologie.<\/p>\n\n\n\n<div style=\"height:25px\" aria-hidden=\"true\" class=\"wp-block-spacer\"><\/div>\n\n\n\n<hr class=\"wp-block-separator has-alpha-channel-opacity\"\/>\n\n\n\n<h2 class=\"wp-block-heading has-text-align-center has-text-color\" style=\"color:#39574f\"><strong>Pourquoi choisir Dre L\u00e9on?<\/strong><\/h2>\n\n\n<div class=\"wp-block-image is-style-rounded\">\n<figure class=\"aligncenter size-thumbnail\"><img decoding=\"async\" width=\"150\" height=\"150\" src=\"https:\/\/leonpsychology.ca\/wp-content\/uploads\/2025\/01\/headshot2-150x150.jpg\" alt=\"dr stephanie leon psychologue pour enfants et adolescents neuropsychologue\" class=\"wp-image-2860\" srcset=\"https:\/\/leonpsychology.ca\/wp-content\/uploads\/2025\/01\/headshot2-150x150.jpg 150w, https:\/\/leonpsychology.ca\/wp-content\/uploads\/2025\/01\/headshot2-11x12.jpg 11w\" sizes=\"(max-width: 150px) 100vw, 150px\" \/><\/figure>\n<\/div>\n\n\n<p class=\"has-text-align-center has-medium-font-size\">Dre St\u00e9phanie L. L\u00e9on est une psychologue et neuropsychologue chevronn\u00e9e qui a supervis\u00e9 \u00e0 plusieurs niveaux et qui a un profond engagement envers la croissance et le perfectionnement de ses coll\u00e8gues. Elle comprend bien les d\u00e9fis et les possibilit\u00e9s uniques qui attendent les professionnels comme vous.&nbsp;<\/p>\n\n\n\n<div class=\"wp-block-buttons is-content-justification-center is-layout-flex wp-container-core-buttons-is-layout-16018d1d wp-block-buttons-is-layout-flex\">\n<div class=\"wp-block-button\"><a class=\"wp-block-button__link has-background has-text-align-center wp-element-button\" href=\"https:\/\/leonpsychology.ca\/fr\/psychologue-pour-enfants-en-ligne-dr-leon\/\" style=\"background-color:#39574f\">En apprendre davantage<\/a><\/div>\n<\/div>\n\n\n\n<div style=\"height:25px\" aria-hidden=\"true\" class=\"wp-block-spacer\"><\/div>\n\n\n\n<hr class=\"wp-block-separator has-alpha-channel-opacity\"\/>\n\n\n\n<div style=\"height:25px\" aria-hidden=\"true\" class=\"wp-block-spacer\"><\/div>\n\n\n\n<h2 class=\"wp-block-heading has-text-align-center has-text-color\" style=\"color:#39574f\"><strong>Prenez en main votre parcours professionnel aujourd\u2019hui.&nbsp;<\/strong><\/h2>\n\n\n\n<p class=\"has-text-align-center has-medium-font-size\">Communiquez avec Dre L\u00e9on et vivez une exp\u00e9rience transformatrice qui fa\u00e7onnera votre avenir en tant que psychologue confiant et accompli.<\/p>\n\n\n\n<div class=\"wp-block-buttons is-content-justification-center is-layout-flex wp-container-core-buttons-is-layout-16018d1d wp-block-buttons-is-layout-flex\">\n<div class=\"wp-block-button\"><a class=\"wp-block-button__link has-background wp-element-button\" href=\"https:\/\/leonpsychology.ca\/fr\/therapie-en-ligne-nous-contacter\/\" style=\"background-color:#39574f\">Contactez Dre L\u00e9on maintenant<\/a><\/div>\n<\/div>\n<div style='text-align:center' class='yasr-auto-insert-overall'><\/div>","protected":false},"excerpt":{"rendered":"<p>Superviseur clinique au service des professionnels de la sant\u00e9 mentale au Qu\u00e9bec et en Ontario | Ottawa, Toronto, Montr\u00e9al, Laval, Blainville, Gatineau \u00cates-vous un psychologue \u00e0 la recherche d'une supervision clinique ? Vous r\u00eavez de lancer votre propre pratique priv\u00e9e ?  Vous avez besoin de conseils sur la transition de carri\u00e8re, les exigences en mati\u00e8re d'autorisation d'exercer ou l'exploration de diff\u00e9rentes orientations cliniques ? Le Dr Leon peut vous aider dans votre cheminement professionnel et vous aider \u00e0 trouver des solutions. <a class=\"read-more\" href=\"https:\/\/leonpsychology.ca\/fr\/psychology-supervision-and-coaching\/\">LIRE LA SUITE<\/a><\/p>","protected":false},"author":1,"featured_media":0,"parent":0,"menu_order":0,"comment_status":"closed","ping_status":"closed","template":"","meta":{"_seopress_robots_primary_cat":"","_seopress_titles_title":"Psychology Supervision & Coaching | Leon Psychology Clinic","_seopress_titles_desc":"Enhance your professional skills with expert psychology supervision and coaching provided by Dr. Leon at the Leon Psychology Clinic.","_seopress_robots_index":"","_coblocks_attr":"","_coblocks_dimensions":"","_coblocks_responsive_height":"","_coblocks_accordion_ie_support":"","yasr_overall_rating":0,"yasr_post_is_review":"","yasr_auto_insert_disabled":"","yasr_review_type":"","footnotes":""},"class_list":["post-332","page","type-page","status-publish","hentry"],"yasr_visitor_votes":{"stars_attributes":{"read_only":true,"span_bottom":"<div class='yasr-small-block-bold'><span class='yasr-visitor-votes-must-sign-in'>You must sign in to vote<\/span><\/div>"},"number_of_votes":0,"sum_votes":0},"_links":{"self":[{"href":"https:\/\/leonpsychology.ca\/fr\/wp-json\/wp\/v2\/pages\/332","targetHints":{"allow":["GET"]}}],"collection":[{"href":"https:\/\/leonpsychology.ca\/fr\/wp-json\/wp\/v2\/pages"}],"about":[{"href":"https:\/\/leonpsychology.ca\/fr\/wp-json\/wp\/v2\/types\/page"}],"author":[{"embeddable":true,"href":"https:\/\/leonpsychology.ca\/fr\/wp-json\/wp\/v2\/users\/1"}],"replies":[{"embeddable":true,"href":"https:\/\/leonpsychology.ca\/fr\/wp-json\/wp\/v2\/comments?post=332"}],"version-history":[{"count":38,"href":"https:\/\/leonpsychology.ca\/fr\/wp-json\/wp\/v2\/pages\/332\/revisions"}],"predecessor-version":[{"id":3696,"href":"https:\/\/leonpsychology.ca\/fr\/wp-json\/wp\/v2\/pages\/332\/revisions\/3696"}],"wp:attachment":[{"href":"https:\/\/leonpsychology.ca\/fr\/wp-json\/wp\/v2\/media?parent=332"}],"curies":[{"name":"wp","href":"https:\/\/api.w.org\/{rel}","templated":true}]}}