{"id":3341,"date":"2025-07-07T17:25:09","date_gmt":"2025-07-07T17:25:09","guid":{"rendered":"https:\/\/leonpsychology.ca\/?page_id=3341"},"modified":"2025-07-07T17:25:11","modified_gmt":"2025-07-07T17:25:11","slug":"psychologue-pour-adultes-a-joliette","status":"publish","type":"page","link":"https:\/\/leonpsychology.ca\/fr\/adult-psychologist-in-joliette\/","title":{"rendered":"Psychologue psychoth\u00e9rapeutes pour adultes \u00e0 Joliette"},"content":{"rendered":"<h1 class=\"wp-block-heading has-text-align-center has-black-color has-text-color\" style=\"font-size:30px\"><strong>Soins de sant\u00e9 mentale et psychoth\u00e9rapeutes en ligne pour adultes \u00e0 Joliette<\/strong><\/h1>\n\n\n\n<div class=\"wp-block-cover aligncenter is-light\" style=\"min-height:201px;aspect-ratio:unset;\"><img decoding=\"async\" width=\"800\" height=\"343\" class=\"wp-block-cover__image-background wp-image-686\" alt=\"psychologie neuropsychologie clinique dr leon enfant adolescent ottawa gatineau montreal\" src=\"https:\/\/leonpsychology.ca\/wp-content\/uploads\/2022\/10\/main-page-image_resized.jpg\" style=\"object-position:49% 97%\" data-object-fit=\"cover\" data-object-position=\"49% 97%\" srcset=\"https:\/\/leonpsychology.ca\/wp-content\/uploads\/2022\/10\/main-page-image_resized.jpg 800w, https:\/\/leonpsychology.ca\/wp-content\/uploads\/2022\/10\/main-page-image_resized-300x129.jpg 300w, https:\/\/leonpsychology.ca\/wp-content\/uploads\/2022\/10\/main-page-image_resized-768x329.jpg 768w, https:\/\/leonpsychology.ca\/wp-content\/uploads\/2022\/10\/main-page-image_resized-18x8.jpg 18w\" sizes=\"(max-width: 800px) 100vw, 800px\" \/><span aria-hidden=\"true\" class=\"wp-block-cover__background has-background-dim\" style=\"background-color:#b7bfbf\"><\/span><div class=\"wp-block-cover__inner-container is-layout-flow wp-block-cover-is-layout-flow\">\n<p class=\"has-text-align-center has-large-font-size\"><\/p>\n<\/div><\/div>\n\n\n\n<h3 class=\"wp-block-heading has-text-color has-link-color wp-elements-1f3a9ee5e1c270d1a08dcc2024a3669a\" style=\"color:#39574f\">Psychoth\u00e9rapie pour adultes \u00e0 Joliette : un soutien professionnel, accessible et humain<\/h3>\n\n\n\n<p class=\"has-medium-font-size\">\u00c0 Joliette, plusieurs adultes vivent des p\u00e9riodes de bouleversements \u00e9motionnels, d'anxi\u00e9t\u00e9 ou de questionnement personnel. \u00c0 la Clinique de psychologie L\u00e9on, des psychologues sp\u00e9cialis\u00e9s dans les soins aux adultes offrent, en toute confidentialit\u00e9, des services de consultation et de soutien aux adultes. <strong>consultations en ligne <\/strong>centr\u00e9 sur vos besoins. Que vous viviez un changement de vie, un \u00e9puisement professionnel ou des difficult\u00e9s relationnelles, vous pouvez entamer un processus th\u00e9rapeutique sans quitter votre domicile. Nos services sont destin\u00e9s aux adultes \u00e2g\u00e9s de 18 \u00e0 64 ans. Vous pouvez explorer vos pr\u00e9occupations dans un cadre s\u00fbr, encourageant et sans jugement. Nos psychologues utilisent des approches reconnues telles que <strong>la th\u00e9rapie cognitive et comportementale (TCC) <\/strong>et <strong>conscience <\/strong>pour vous aider \u00e0 mieux comprendre vos pens\u00e9es, vos \u00e9motions et vos r\u00e9actions.<\/p>\n\n\n\n<p class=\"has-medium-font-size\"><strong>Parmi les motifs de consultation les plus fr\u00e9quents :<\/strong><\/p>\n\n\n\n<ul class=\"wp-block-list\">\n<li class=\"has-medium-font-size\">Anxi\u00e9t\u00e9 chronique, stress ou crises de panique<br><\/li>\n\n\n\n<li class=\"has-medium-font-size\">D\u00e9pression, perte de motivation, fatigue \u00e9motionnelle<br><\/li>\n\n\n\n<li class=\"has-medium-font-size\">Insomnie et troubles du sommeil<br><\/li>\n\n\n\n<li class=\"has-medium-font-size\">Perte de rep\u00e8res apr\u00e8s un \u00e9v\u00e9nement important<br><\/li>\n\n\n\n<li class=\"has-medium-font-size\">Difficult\u00e9s professionnelles ou \u00e9puisement<br><\/li>\n\n\n\n<li class=\"has-medium-font-size\">Sentiments d'\u00e9chec ou de perfection \u00e9crasante<br><\/li>\n\n\n\n<li class=\"has-medium-font-size\">Probl\u00e8mes de m\u00e9moire ou de concentration<br><br><\/li>\n<\/ul>\n\n\n\n<p class=\"has-medium-font-size\">Chaque cours est personnalis\u00e9 : apr\u00e8s une premi\u00e8re rencontre en ligne, un plan th\u00e9rapeutique est propos\u00e9 en fonction de vos objectifs et de votre rythme.<\/p>\n\n\n\n<hr class=\"wp-block-separator has-alpha-channel-opacity\"\/>\n\n\n\n<div style=\"height:45px\" aria-hidden=\"true\" class=\"wp-block-spacer\"><\/div>\n\n\n\n<h2 class=\"wp-block-heading has-text-align-center has-text-color\" style=\"color:#39574f\"><strong>Nous rejoindre<\/strong><\/h2>\n\n\n\n<p class=\"has-text-align-center has-medium-font-size\"><strong>Courriel: <\/strong>info@leonpsychology.ca<\/p>\n\n\n\n<p class=\"has-text-align-center has-medium-font-size\"><strong>T\u00e9l\u00e9phone: <\/strong>819-200-7718<\/p>\n\n\n\n<p class=\"has-text-align-center has-medium-font-size\">Lorsque vous communiquez avec nous, veuillez laisser votre nom complet et le meilleur num\u00e9ro de t\u00e9l\u00e9phone pour vous rejoindre.<\/p>\n\n\n\n<h2 class=\"wp-block-heading has-text-align-center has-text-color has-link-color wp-elements-8bd6e3d2a4003580e8e3b8be1ec6d830\" style=\"color:#39574f;font-size:20px\"><strong>Vous pouvez r\u00e9server un appel d\u2019introduction GRATUIT de 15 minutes directement dans notre calendrier en cliquant ci-dessous\u00a0:<\/strong><\/h2>\n\n\n\n<div style=\"height:15px\" aria-hidden=\"true\" class=\"wp-block-spacer\"><\/div>\n\n\n\n<div class=\"wp-block-buttons is-content-justification-center is-layout-flex wp-container-core-buttons-is-layout-16018d1d wp-block-buttons-is-layout-flex\">\n<div class=\"wp-block-button\"><a class=\"wp-block-button__link has-background wp-element-button\" href=\"https:\/\/leonpsychology.janeapp.com\/\" style=\"background-color:#39574f\" target=\"_blank\" rel=\"noreferrer noopener\">Appel d'introduction de 15-minutes GRATUIT<\/a><\/div>\n<\/div>\n\n\n\n<div style=\"height:45px\" aria-hidden=\"true\" class=\"wp-block-spacer\"><\/div>\n\n\n\n<hr class=\"wp-block-separator has-alpha-channel-opacity\"\/>\n\n\n\n<div style=\"height:45px\" aria-hidden=\"true\" class=\"wp-block-spacer\"><\/div>\n\n\n\n<h2 class=\"wp-block-heading has-text-color\" style=\"color:#39574f\"><strong>Th\u00e9rapie pour les a\u00een\u00e9s (65+) \u00e0 Joliette : un soutien sensible et adapt\u00e9 \u00e0 l'\u00e2ge<\/strong><\/h2>\n\n\n\n<p>Les d\u00e9fis du vieillissement m\u00e9ritent un espace d'\u00e9coute attentive. C'est pourquoi nos psychologues proposent <strong>psychoth\u00e9rapie sp\u00e9cialis\u00e9e en ligne pour les personnes \u00e2g\u00e9es de 65 ans et plus <\/strong>Les personnes \u00e2g\u00e9es, vivant \u00e0 Joliette ou ailleurs au Qu\u00e9bec. Cette approche tient compte de la complexit\u00e9 des \u00e9motions li\u00e9es \u00e0 la retraite, \u00e0 la perte, \u00e0 la solitude et aux transformations physiques.<\/p>\n\n\n\n<p>Nos clients \u00e2g\u00e9s viennent souvent en consultation pour :<\/p>\n\n\n\n<ul class=\"wp-block-list\">\n<li>Anxi\u00e9t\u00e9 concernant la sant\u00e9 ou l'avenir<br><br><\/li>\n\n\n\n<li>Deuil et isolement social<br><br><\/li>\n\n\n\n<li>Troubles persistants du sommeil<br><br><\/li>\n\n\n\n<li>D\u00e9pression ou sentiment de d\u00e9valorisation<br><br><\/li>\n\n\n\n<li>Probl\u00e8mes de m\u00e9moire ou d'organisation<br><br><\/li>\n<\/ul>\n\n\n\n<p>Nos sessions vous permettent de <strong>trouver l'\u00e9quilibre <\/strong>Les personnes qui se sentent mal \u00e0 l'aise peuvent exprimer librement ce qui leur p\u00e8se et d\u00e9velopper de nouvelles strat\u00e9gies d'adaptation au cours de cette \u00e9tape de la vie.<\/p>\n\n\n\n<h2 class=\"wp-block-heading\"><a><\/a><strong>Coaching parental \u00e0 Joliette : accompagnement bienveillant avec un psychologue clinicien<\/strong><\/h2>\n\n\n\n<p class=\"has-medium-font-size\">\u00catre parent, c'est aussi passer par des phases de doute, de tension, de fatigue. Notre <strong>services de coaching parental en ligne \u00e0 Joliette <\/strong>sont con\u00e7us pour les m\u00e8res, les p\u00e8res et les familles qui souhaitent mieux comprendre et soutenir leurs enfants dans les moments difficiles.<\/p>\n\n\n\n<p class=\"has-medium-font-size\">Gr\u00e2ce au soutien de <strong>Dr. St\u00e9phanie Leon <\/strong>psychologue clinicienne sp\u00e9cialis\u00e9e dans l'enfance et l'adolescence, vous b\u00e9n\u00e9ficiez de conseils pratiques, ancr\u00e9s dans la r\u00e9alit\u00e9.<\/p>\n\n\n\n<p class=\"has-medium-font-size\">Ce coaching peut vous aider :<\/p>\n\n\n\n<ul class=\"wp-block-list\">\n<li class=\"has-medium-font-size\">Pr\u00e9parer votre enfant \u00e0 un \u00e9v\u00e9nement important (s\u00e9paration, arriv\u00e9e d'un b\u00e9b\u00e9, d\u00e9m\u00e9nagement)<br><\/li>\n\n\n\n<li class=\"has-medium-font-size\">Mieux aborder les sujets sensibles tels que la sexualit\u00e9, l'utilisation des \u00e9crans ou les \u00e9motions fortes<br><\/li>\n\n\n\n<li class=\"has-medium-font-size\">G\u00e9rer les troubles du sommeil, les peurs ou les difficult\u00e9s alimentaires des tout-petits<br><\/li>\n\n\n\n<li class=\"has-medium-font-size\">\u00c9viter <strong>l\u2019\u00e9puisement parental <\/strong>en veillant \u00e0 votre \u00e9quilibre<br><br><\/li>\n<\/ul>\n\n\n\n<p class=\"has-medium-font-size\">Parfois, une seule s\u00e9ance suffit pour vous permettre d'agir avec plus de clart\u00e9 et de s\u00e9r\u00e9nit\u00e9 \u00e0 la maison.<\/p>\n\n\n\n<div style=\"height:15px\" aria-hidden=\"true\" class=\"wp-block-spacer\"><\/div>\n\n\n\n<div class=\"wp-block-buttons is-content-justification-center is-layout-flex wp-container-core-buttons-is-layout-16018d1d wp-block-buttons-is-layout-flex\">\n<div class=\"wp-block-button\"><a class=\"wp-block-button__link has-background wp-element-button\" href=\"https:\/\/leonpsychology.janeapp.com\/\" style=\"background-color:#39574f\" target=\"_blank\" rel=\"noreferrer noopener\">Prendre un rendez-vous<\/a><\/div>\n<\/div>\n\n\n\n<div style=\"height:45px\" aria-hidden=\"true\" class=\"wp-block-spacer\"><\/div>\n\n\n\n<hr class=\"wp-block-separator has-alpha-channel-opacity\"\/>\n\n\n\n<div style=\"height:45px\" aria-hidden=\"true\" class=\"wp-block-spacer\"><\/div>\n\n\n\n<h2 class=\"wp-block-heading has-text-align-center has-text-color\" style=\"color:#39574f;padding-top:15px;padding-right:15px;padding-bottom:15px;padding-left:15px\"><strong>Th\u00e9rapie en ligne pour enfants, adolescents et parents - Le soulagement commence ici<\/strong><\/h2>\n\n\n\n<div class=\"wp-block-coblocks-features coblocks-features-52810538334\"><div class=\"wp-block-coblocks-features__inner has-columns has-3-columns has-responsive-columns has-center-content has-small-gutter\">\n<div class=\"wp-block-coblocks-feature coblocks-feature-52810538495\"><div class=\"wp-block-coblocks-feature__inner has-no-padding\"><div class=\"wp-block-coblocks-icon\">\n\t\t\t\t<div class=\"wp-block-coblocks-icon__inner\" style=\"height: 60px; width: 60px;\">\n\t\t\t\t\t<svg fill=\"none\" xmlns=\"http:\/\/www.w3.org\/2000\/svg\" viewbox=\"0 0 24 24\"><path d=\"M10.25 13c0 .69-.56 1.25-1.25 1.25S7.75 13.69 7.75 13s.56-1.25 1.25-1.25 1.25.56 1.25 1.25zM15 11.75c-.69 0-1.25.56-1.25 1.25s.56 1.25 1.25 1.25 1.25-.56 1.25-1.25-.56-1.25-1.25-1.25zm7 .25c0 5.52-4.48 10-10 10S2 17.52 2 12 6.48 2 12 2s10 4.48 10 10zM10.66 4.12C12.06 6.44 14.6 8 17.5 8c.46 0 .91-.05 1.34-.12C17.44 5.56 14.9 4 12 4c-.46 0-.91.05-1.34.12zM4.42 9.47c1.71-.97 3.03-2.55 3.66-4.44C6.37 6 5.05 7.58 4.42 9.47zM20 12c0-.78-.12-1.53-.33-2.24-.7.15-1.42.24-2.17.24-3.13 0-5.92-1.44-7.76-3.69C8.69 8.87 6.6 10.88 4 11.86c.01.04 0 .09 0 .14 0 4.41 3.59 8 8 8s8-3.59 8-8z\" fill=\"currentColor\" \/><\/svg>\n\t\t\t\t<\/div>\n\t\t\t<\/div>\n\n\n<h4 class=\"wp-block-heading has-black-color has-text-color has-medium-font-size\"><strong><strong>Accompagnement personnalis\u00e9<\/strong><\/strong><\/h4>\n\n\n\n<p style=\"font-size:17px\">Chaque individu est diff\u00e9rent, et nous travaillons en \u00e9troite collaboration avec chaque personne pour fournir des interventions et des strat\u00e9gies cibl\u00e9es qui r\u00e9pondent \u00e0 leurs pr\u00e9occupations sp\u00e9cifiques.<\/p>\n<\/div><\/div>\n\n\n\n<div class=\"wp-block-coblocks-feature coblocks-feature-52810538495\"><div class=\"wp-block-coblocks-feature__inner has-no-padding\"><div class=\"wp-block-coblocks-icon\">\n\t\t\t\t<div class=\"wp-block-coblocks-icon__inner\" style=\"height: 60px; width: 60px;\">\n\t\t\t\t\t<svg fill=\"none\" viewbox=\"0 0 20 20\" xmlns=\"http:\/\/www.w3.org\/2000\/svg\"><path d=\"m15.5555556 14.4444444-4.4444445-4.4444444v-3.53333333c1.2888889-.46666667 2.2222222-1.68888889 2.2222222-3.13333334 0-1.84444444-1.4888889-3.33333333-3.3333333-3.33333333-1.84444444 0-3.33333333 1.48888889-3.33333333 3.33333333 0 1.44444445.93333333 2.66666667 2.22222222 3.13333334v3.53333333l-4.44444445 4.4444444h-4.44444444v5.5555556h5.55555556v-3.3888889l4.44444444-4.6666667 4.4444444 4.6666667v3.3888889h5.5555556v-5.5555556z\" fill=\"currentColor\" \/><\/svg>\n\t\t\t\t<\/div>\n\t\t\t<\/div>\n\n\n<h4 class=\"wp-block-heading has-black-color has-text-color has-medium-font-size\"><strong><strong>Collaboration avec les parents<\/strong><\/strong><\/h4>\n\n\n\n<p style=\"font-size:17px\">Bien que les enfants et les adolescents assistent g\u00e9n\u00e9ralement seuls aux s\u00e9ances, nous pouvons vous aider \u00e0 cr\u00e9er un environnement de soutien qui favorise un changement positif durable pour votre enfant ou votre adolescent.<\/p>\n<\/div><\/div>\n\n\n\n<div class=\"wp-block-coblocks-feature coblocks-feature-52810101813\"><div class=\"wp-block-coblocks-feature__inner has-no-padding\"><div class=\"wp-block-coblocks-icon\">\n\t\t\t\t<div class=\"wp-block-coblocks-icon__inner\" style=\"height: 60px; width: 60px;\">\n\t\t\t\t\t<svg fill=\"none\" viewbox=\"0 0 20 20\" xmlns=\"http:\/\/www.w3.org\/2000\/svg\"><path d=\"m9.99 0c-5.52 0-9.99 4.48-9.99 10s4.47 10 9.99 10c5.53 0 10.01-4.48 10.01-10s-4.48-10-10.01-10zm.01 18c-4.42 0-8-3.58-8-8s3.58-8 8-8 8 3.58 8 8-3.58 8-8 8zm3.5-9c.83 0 1.5-.67 1.5-1.5s-.67-1.5-1.5-1.5-1.5.67-1.5 1.5.67 1.5 1.5 1.5zm-7 0c.83 0 1.5-.67 1.5-1.5s-.67-1.5-1.5-1.5-1.5.67-1.5 1.5.67 1.5 1.5 1.5zm3.5 6.5c2.33 0 4.31-1.46 5.11-3.5h-10.22c.8 2.04 2.78 3.5 5.11 3.5z\" fill=\"currentColor\" \/><\/svg>\n\t\t\t\t<\/div>\n\t\t\t<\/div>\n\n\n<h4 class=\"wp-block-heading has-black-color has-text-color has-medium-font-size\"><strong>Cadre chaleureux<\/strong><\/h4>\n\n\n\n<p style=\"font-size:17px\">Votre enfant\/ado peut avoir confiance que l'environnement th\u00e9rapeutique est s\u00e9curitaire et inclusif et qu'il\/elle\/iel pourra se sentir \u00e0 l\u2019aise de s\u2019exprimer et de se confier de fa\u00e7on authentique et sans jugement.<\/p>\n<\/div><\/div>\n<\/div><\/div>\n\n\n\n<hr class=\"wp-block-separator has-alpha-channel-opacity\"\/>\n\n\n\n<p class=\"has-medium-font-size\"><strong>Pourquoi consulter un psychologue en ligne \u00e0 Joliette ?<\/strong><\/p>\n\n\n\n<p>Nos psychologues sont autoris\u00e9s \u00e0 pratiquer au Qu\u00e9bec et sont form\u00e9s \u00e0 l'\u00e9valuation clinique. La th\u00e9rapie en ligne vous permet de :<\/p>\n\n\n\n<ul class=\"wp-block-list\">\n<li><strong>Gagner du temps <\/strong>: plus de d\u00e9placement, de file d'attente ou de stationnement.<br><br><\/li>\n\n\n\n<li><strong>Choisir un horaire flexible <\/strong>en fonction de votre r\u00e9alit\u00e9 personnelle ou professionnelle.<br><br><\/li>\n\n\n\n<li><strong>B\u00e9n\u00e9ficier d'un service confidentiel <\/strong>L'espace de travail est un espace respectueux et efficace, quel que soit l'endroit o\u00f9 vous vous trouvez.<br><br><\/li>\n<\/ul>\n\n\n\n<h3 class=\"wp-block-heading\"><a><\/a><strong>Les \u00e9tapes du suivi psychologique avec nous :<\/strong><\/h3>\n\n\n\n<ol start=\"1\" class=\"wp-block-list\">\n<li><strong>premi\u00e8re consultation <\/strong>(gratuit) pour cibler vos besoins<br><br><\/li>\n\n\n\n<li><strong>\u00c9valuation approfondie <\/strong>\u00e0 l'aide de questionnaires et de discussions cliniques<br><br><\/li>\n\n\n\n<li><strong>Personnalis\u00e9 <\/strong>plan de th\u00e9rapie, adapt\u00e9 \u00e0 votre rythme et \u00e0 vos objectifs<br><br><\/li>\n<\/ol>\n\n\n\n<h2 class=\"wp-block-heading\"><a><\/a><strong>Une psychologue exp\u00e9riment\u00e9e : Mme Chantal Robitaille<\/strong><\/h2>\n\n\n\n<p class=\"has-medium-font-size\">Mme. <strong>Chantal Robitaille <\/strong>psychologue et psychoth\u00e9rapeute, exerce depuis plus de 30 ans aupr\u00e8s d'adultes et de personnes \u00e2g\u00e9es. Son approche humaniste et rigoureuse privil\u00e9gie l'\u00e9coute, le d\u00e9veloppement des ressources int\u00e9rieures et l'adaptation \u00e0 chaque profil. Ses sp\u00e9cialit\u00e9s sont les suivantes :<\/p>\n\n\n\n<ul class=\"wp-block-list\">\n<li class=\"has-medium-font-size\">Troubles anxieux et post-traumatiques<br><\/li>\n\n\n\n<li class=\"has-medium-font-size\">P\u00e9riodes de transition et d'adaptation<br><\/li>\n\n\n\n<li class=\"has-medium-font-size\">Troubles de l'humeur, stress chronique<br><\/li>\n\n\n\n<li class=\"has-medium-font-size\">Dysphorie de genre, deuil complexe, perte de sens<br><br><\/li>\n<\/ul>\n\n\n\n<p class=\"has-medium-font-size\">Les consultations se d\u00e9roulent en fran\u00e7ais, \u00e0 distance, pour toute personne r\u00e9sidant au Qu\u00e9bec, y compris <strong>Joliette et Lanaudi\u00e8re <\/strong>.<\/p>\n\n\n\n<h2 class=\"wp-block-heading\"><a><\/a><strong>Ce que nous ne faisons pas (mais que nous pouvons vous recommander) :<\/strong><\/h2>\n\n\n\n<p class=\"has-medium-font-size\">Nous ne soutenons pas les questions suivantes :<\/p>\n\n\n\n<ul class=\"wp-block-list\">\n<li class=\"has-medium-font-size\">Addiction (alcool, drogues, jeux d'argent)<br><\/li>\n\n\n\n<li class=\"has-medium-font-size\">Troubles graves de l'alimentation<br><\/li>\n\n\n\n<li class=\"has-medium-font-size\">Psychoth\u00e9rapie de couple ou de famille<br><\/li>\n\n\n\n<li class=\"has-medium-font-size\">\u00c9valuation de la d\u00e9mence<br><\/li>\n\n\n\n<li class=\"has-medium-font-size\">Th\u00e9rapie pour les troubles graves de la personnalit\u00e9<br><br><\/li>\n<\/ul>\n\n\n\n<p class=\"has-medium-font-size\">En revanche, nous pouvons vous orienter vers des professionnels comp\u00e9tents dans ces domaines.<\/p>\n\n\n\n<div style=\"height:45px\" aria-hidden=\"true\" class=\"wp-block-spacer\"><\/div>\n\n\n\n<hr class=\"wp-block-separator has-alpha-channel-opacity\"\/>\n\n\n\n<div class=\"wp-block-buttons is-content-justification-center is-layout-flex wp-container-core-buttons-is-layout-16018d1d wp-block-buttons-is-layout-flex\">\n<div class=\"wp-block-button\"><a class=\"wp-block-button__link has-background wp-element-button\" href=\"https:\/\/leonpsychology.janeapp.com\/\" style=\"background-color:#39574f\" target=\"_blank\" rel=\"noreferrer noopener\">Prendre un rendez-vous<\/a><\/div>\n<\/div>\n\n\n\n<div style=\"height:45px\" aria-hidden=\"true\" class=\"wp-block-spacer\"><\/div>\n\n\n\n<h2 class=\"wp-block-heading has-text-align-center has-text-color\" style=\"color:#39574f;padding-top:15px;padding-right:15px;padding-bottom:15px;padding-left:15px\"><strong>Rencontrez Dre L\u00e9on<\/strong><\/h2>\n\n\n<div class=\"wp-block-image is-style-rounded\">\n<figure class=\"aligncenter size-thumbnail\"><a href=\"https:\/\/leonpsychology.ca\/fr\/about-dr-leon\/\" target=\"_blank\" rel=\"noreferrer noopener\"><img decoding=\"async\" width=\"150\" height=\"150\" src=\"https:\/\/leonpsychology.ca\/wp-content\/uploads\/2022\/11\/headshot2-e1669650345645-150x150.jpg\" alt=\"dr. stephanie leon psychologue en ligne pour adolescents neuropsychologue en ontario quebec\" class=\"wp-image-831\" srcset=\"https:\/\/leonpsychology.ca\/wp-content\/uploads\/2022\/11\/headshot2-e1669650345645-150x150.jpg 150w, https:\/\/leonpsychology.ca\/wp-content\/uploads\/2022\/11\/headshot2-e1669650345645-11x12.jpg 11w\" sizes=\"(max-width: 150px) 100vw, 150px\" \/><\/a><\/figure>\n<\/div>\n\n\n<p class=\"has-text-align-center has-medium-font-size\">Stephanie L. Leon est une psychologue clinicienne et neuropsychologue exp\u00e9riment\u00e9e et digne de confiance, sp\u00e9cialis\u00e9e dans la psychologie de l'enfant et de l'adolescent. Elle aide les enfants, les adolescents et leurs parents \u00e0 relever les d\u00e9fis \u00e9motionnels, comportementaux et cognitifs, en leur donnant les moyens de s'\u00e9panouir. <\/p>\n\n\n\n<p class=\"has-text-align-center has-medium-font-size\">Son approche th\u00e9rapeutique chaleureuse et collaborative est ancr\u00e9e dans la th\u00e9rapie comportementale cognitive (TCC) tout en s\u2019inspirant de diverses modalit\u00e9s. <\/p>\n\n\n\n<p class=\"has-text-align-center has-medium-font-size\">Dre L\u00e9on parle parfaitement le fran\u00e7ais et l\u2019anglais. Elle offre des s\u00e9ances virtuelles aux familles du Qu\u00e9bec et de l'Ontario.<\/p>\n\n\n\n<div class=\"wp-block-buttons is-content-justification-center is-layout-flex wp-container-core-buttons-is-layout-16018d1d wp-block-buttons-is-layout-flex\">\n<div class=\"wp-block-button\"><a class=\"wp-block-button__link has-background wp-element-button\" href=\"https:\/\/leonpsychology.ca\/fr\/psychologue-pour-enfants-en-ligne-dr-leon\/\" style=\"background-color:#39574f\">En apprendre davantage<\/a><\/div>\n<\/div>\n\n\n\n<div style=\"height:45px\" aria-hidden=\"true\" class=\"wp-block-spacer\"><\/div>\n\n\n\n<hr class=\"wp-block-separator has-alpha-channel-opacity\"\/>\n\n\n\n<h2 class=\"wp-block-heading has-text-align-center has-text-color\" style=\"color:#39574f;padding-top:15px;padding-right:15px;padding-bottom:15px;padding-left:15px\"><strong>Rencontrez Mme Robitaille<\/strong><\/h2>\n\n\n<div class=\"wp-block-image is-style-rounded\">\n<figure class=\"aligncenter size-thumbnail\"><img decoding=\"async\" width=\"150\" height=\"150\" src=\"https:\/\/leonpsychology.ca\/wp-content\/uploads\/2023\/03\/photo-de-profil-scaled-e1697644181879-150x150.jpg\" alt=\"psychologue psychoth\u00e9rapeute pour adolescent Qu\u00e9bec th\u00e9rapeute\" class=\"wp-image-1040\"\/><\/figure>\n<\/div>\n\n\n<p class=\"has-text-align-center has-medium-font-size\">Mme Chantal Robitaille est psychologue et psychoth\u00e9rapeute licensi\u00e9e. Avec plus de 30 ans d\u2019expertise, elle se concentre sur vos besoins uniques et vous aide \u00e0 surmonter les d\u00e9fis sans \u00eatre d\u00e9fini par des \u00e9tiquettes.<\/p>\n\n\n\n<p class=\"has-text-align-center has-medium-font-size\">Mme Robitaille guide les adolescents, les adultes et les a\u00een\u00e9s vers la transformation personnelle.\u00a0 Elle conna\u00eet particuli\u00e8rement bien les troubles anxieux, les transitions difficiles, le deuil, la d\u00e9pression, les difficult\u00e9s d\u2019adaptation, la dysphorie de genre et le stress post-traumatique.<\/p>\n\n\n\n<p class=\"has-text-align-center has-medium-font-size\"><strong>Ses s\u00e9ances se d\u00e9roulent virtuellement en fran\u00e7ais pour les entrepreneurs du Qu\u00e9bec.<\/strong><\/p>\n\n\n\n<div class=\"wp-block-buttons is-content-justification-center is-layout-flex wp-container-core-buttons-is-layout-16018d1d wp-block-buttons-is-layout-flex\">\n<div class=\"wp-block-button\"><a class=\"wp-block-button__link has-background wp-element-button\" href=\"https:\/\/leonpsychology.ca\/fr\/psychologue-pour-enfants-en-ligne-dr-leon\/\" style=\"background-color:#39574f\">En apprendre davantage<\/a><\/div>\n<\/div>\n\n\n\n<p class=\"has-text-align-center has-medium-font-size\"><\/p>\n\n\n\n<hr class=\"wp-block-separator has-alpha-channel-opacity\"\/>\n\n\n\n<div style=\"height:45px\" aria-hidden=\"true\" class=\"wp-block-spacer\"><\/div>\n\n\n\n<h2 class=\"wp-block-heading has-text-align-left has-text-color\" style=\"color:#39574f\"><strong>Prenez rendez-vous avec un psychologue \u00e0 Joliette d\u00e8s aujourd'hui<\/strong><\/h2>\n\n\n\n<p class=\"has-medium-font-size\">Vous habitez Joliette et vous d\u00e9sirez entreprendre une psychoth\u00e9rapie s\u00e9rieuse, flexible et compatissante ? La Clinique de psychologie L\u00e9on vous accompagne dans toutes les \u00e9tapes de votre bien-\u00eatre \u00e9motionnel.<\/p>\n\n\n\n<p class=\"has-text-align-left has-medium-font-size\">Commencez par un <strong>15 minutes gratuites <\/strong>Une consultation sans engagement pour discuter de vos besoins avec un psychologue.<\/p>\n\n\n\n<div class=\"wp-block-buttons is-content-justification-center is-layout-flex wp-container-core-buttons-is-layout-16018d1d wp-block-buttons-is-layout-flex\">\n<div class=\"wp-block-button\"><a class=\"wp-block-button__link has-background wp-element-button\" href=\"https:\/\/leonpsychology.janeapp.com\/\" style=\"background-color:#39574f\" target=\"_blank\" rel=\"noreferrer noopener\">Prendre un rendez-vous<\/a><\/div>\n<\/div>\n<div style='text-align:center' class='yasr-auto-insert-overall'><\/div>","protected":false},"excerpt":{"rendered":"<p>Soins de sant\u00e9 mentale en ligne pour adultes \u00e0 Joliette Psychoth\u00e9rapie pour adultes \u00e0 Joliette : un soutien professionnel, accessible et humain \u00c0 Joliette, plusieurs adultes vivent des p\u00e9riodes de bouleversements \u00e9motionnels, d'anxi\u00e9t\u00e9 ou de questionnements personnels. \u00c0 la Clinique de psychologie L\u00e9on, des psychologues sp\u00e9cialis\u00e9s dans les soins aux adultes offrent des consultations confidentielles en ligne ax\u00e9es sur vos besoins. Qu'il s'agisse d'un changement de vie, d'un \u00e9puisement professionnel, <a class=\"read-more\" href=\"https:\/\/leonpsychology.ca\/fr\/adult-psychologist-in-joliette\/\">LIRE LA SUITE<\/a><\/p>","protected":false},"author":3,"featured_media":0,"parent":0,"menu_order":0,"comment_status":"closed","ping_status":"closed","template":"","meta":{"_seopress_robots_primary_cat":"","_seopress_titles_title":"Adult psychologist in Joliette","_seopress_titles_desc":"At Leon Psychology Clinic, psychologists specializing in adult care offer confidential online consultations focused on your needs.","_seopress_robots_index":"","_coblocks_attr":"","_coblocks_dimensions":"","_coblocks_responsive_height":"","_coblocks_accordion_ie_support":"","yasr_overall_rating":4.9,"yasr_post_is_review":"","yasr_auto_insert_disabled":"","yasr_review_type":"","footnotes":""},"class_list":["post-3341","page","type-page","status-publish","hentry"],"yasr_visitor_votes":{"stars_attributes":{"read_only":true,"span_bottom":"<div class='yasr-small-block-bold'><span class='yasr-visitor-votes-must-sign-in'>You must sign in to vote<\/span><\/div>"},"number_of_votes":0,"sum_votes":0},"_links":{"self":[{"href":"https:\/\/leonpsychology.ca\/fr\/wp-json\/wp\/v2\/pages\/3341","targetHints":{"allow":["GET"]}}],"collection":[{"href":"https:\/\/leonpsychology.ca\/fr\/wp-json\/wp\/v2\/pages"}],"about":[{"href":"https:\/\/leonpsychology.ca\/fr\/wp-json\/wp\/v2\/types\/page"}],"author":[{"embeddable":true,"href":"https:\/\/leonpsychology.ca\/fr\/wp-json\/wp\/v2\/users\/3"}],"replies":[{"embeddable":true,"href":"https:\/\/leonpsychology.ca\/fr\/wp-json\/wp\/v2\/comments?post=3341"}],"version-history":[{"count":1,"href":"https:\/\/leonpsychology.ca\/fr\/wp-json\/wp\/v2\/pages\/3341\/revisions"}],"predecessor-version":[{"id":3344,"href":"https:\/\/leonpsychology.ca\/fr\/wp-json\/wp\/v2\/pages\/3341\/revisions\/3344"}],"wp:attachment":[{"href":"https:\/\/leonpsychology.ca\/fr\/wp-json\/wp\/v2\/media?parent=3341"}],"curies":[{"name":"wp","href":"https:\/\/api.w.org\/{rel}","templated":true}]}}