{"id":3429,"date":"2025-10-14T20:16:25","date_gmt":"2025-10-14T20:16:25","guid":{"rendered":"https:\/\/leonpsychology.ca\/?page_id=3429"},"modified":"2025-10-14T20:16:31","modified_gmt":"2025-10-14T20:16:31","slug":"a-propos-de-mme-shenderovitch","status":"publish","type":"page","link":"https:\/\/leonpsychology.ca\/fr\/about-ms-shenderovitch\/","title":{"rendered":"\u00c0 propos de Mme Shenderovitch"},"content":{"rendered":"<div class=\"wp-block-columns is-layout-flex wp-container-core-columns-is-layout-61ecc280 wp-block-columns-is-layout-flex\" style=\"padding-top:2.5rem;padding-right:2.5rem;padding-bottom:2.5rem;padding-left:2.5rem\">\n<div class=\"wp-block-column is-layout-flow wp-block-column-is-layout-flow\" style=\"flex-basis:25%\">\n<figure class=\"wp-block-image size-full is-resized\"><img decoding=\"async\" width=\"405\" height=\"380\" src=\"https:\/\/leonpsychology.ca\/wp-content\/uploads\/2025\/10\/photo.jpg\" alt=\"\" class=\"wp-image-3448\" style=\"width:248px;height:auto\" srcset=\"https:\/\/leonpsychology.ca\/wp-content\/uploads\/2025\/10\/photo.jpg 405w, https:\/\/leonpsychology.ca\/wp-content\/uploads\/2025\/10\/photo-300x281.jpg 300w, https:\/\/leonpsychology.ca\/wp-content\/uploads\/2025\/10\/photo-13x12.jpg 13w\" sizes=\"(max-width: 405px) 100vw, 405px\" \/><\/figure>\n<\/div>\n\n\n\n<div class=\"wp-block-column is-layout-flow wp-block-column-is-layout-flow\" style=\"flex-basis:75%\">\n<h2 class=\"wp-block-heading has-text-color has-large-font-size\" style=\"color:#39574f\"><strong>Mme Lina Shenderovitch<\/strong>, M.Couns<\/h2>\n\n\n\n<h3 class=\"wp-block-heading has-black-color has-text-color has-medium-font-size\"><strong>Th\u00e9rapeute et conseiller agr\u00e9\u00e9<\/strong><\/h3>\n\n\n\n<p>Conseiller canadien certifi\u00e9 en ligne | Montr\u00e9al, Laval, Gatineau, Ottawa, Kingston, Toronto, et plus encore<\/p>\n\n\n\n<div class=\"wp-block-buttons is-layout-flex wp-block-buttons-is-layout-flex\">\n<div class=\"wp-block-button\"><a class=\"wp-block-button__link has-background wp-element-button\" href=\"https:\/\/leonpsychology.ca\/fr\/therapie-en-ligne-nous-contacter\/\" style=\"background-color:#39574f\" target=\"_blank\" rel=\"noreferrer noopener\">Prendre un rendez-vous<\/a><\/div>\n<\/div>\n\n\n\n<div style=\"height:25px\" aria-hidden=\"true\" class=\"wp-block-spacer\"><\/div>\n\n\n\n<p style=\"font-size:17px\">Lina est une th\u00e9rapeute exp\u00e9riment\u00e9e et une conseill\u00e8re certifi\u00e9e par l'ACCP. Elle travaille principalement avec des adolescents et de jeunes adultes, qu'elle aide \u00e0 renforcer leur bien-\u00eatre \u00e9motionnel et leur capacit\u00e9 d'adaptation. Sa pratique se concentre sur le soutien aux personnes souffrant d'anxi\u00e9t\u00e9, de troubles de l'humeur et de dysr\u00e9gulation \u00e9motionnelle. Elle a \u00e9galement une grande exp\u00e9rience du travail avec des clients souffrant de TDAH.<\/p>\n\n\n\n<p style=\"font-size:17px\">Lina est titulaire d'une licence en psychologie de l'universit\u00e9 de Pittsburgh et d'une ma\u00eetrise en psychologie du conseil de l'universit\u00e9 de Chatham. Form\u00e9e \u00e0 la th\u00e9rapie cognitivo-comportementale (TCC), elle se sp\u00e9cialise dans l'aide \u00e0 la gestion du stress, de l'anxi\u00e9t\u00e9, de la d\u00e9pression, de la dysr\u00e9gulation de l'humeur, etc.<\/p>\n\n\n\n<p style=\"font-size:17px\">Prendre rendez-vous avec Lina est la premi\u00e8re \u00e9tape vers l'am\u00e9lioration de votre sant\u00e9 \u00e9motionnelle et de votre bien-\u00eatre g\u00e9n\u00e9ral. Elle s'engage \u00e0 vous fournir un soutien compatissant, bas\u00e9 sur des preuves, afin de vous aider \u00e0 atteindre vos objectifs.<\/p>\n\n\n\n<p><\/p>\n\n\n\n<h3 class=\"wp-block-heading has-black-color has-text-color has-medium-font-size\"><strong>Client\u00e8le<\/strong><\/h3>\n\n\n\n<p style=\"font-size:16px\">Adolescents (14 \u00e0 17 ans), Adultes (18 ans et plus)<\/p>\n\n\n\n<h3 class=\"wp-block-heading has-black-color has-text-color has-medium-font-size\"><strong>Langues parl\u00e9es<\/strong><\/h3>\n\n\n\n<p style=\"font-size:16px\">Anglais<\/p>\n\n\n\n<h3 class=\"wp-block-heading has-black-color has-text-color has-medium-font-size\"><strong>Permis<\/strong><\/h3>\n\n\n\n<p style=\"font-size:16px\">Ontario, Qu\u00e9bec<\/p>\n\n\n\n<h3 class=\"wp-block-heading has-black-color has-text-color has-medium-font-size\"><strong>Endroit<\/strong><\/h3>\n\n\n\n<p style=\"font-size:16px\">S\u00e9ances virtuelles\/vid\u00e9oconf\u00e9rence<\/p>\n\n\n\n<h3 class=\"wp-block-heading has-black-color has-text-color has-medium-font-size\"><strong>Services<\/strong><\/h3>\n\n\n\n<p style=\"font-size:16px\">Psychoth\u00e9rapie des adolescents, Psychoth\u00e9rapie des adultes<\/p>\n\n\n\n<h3 class=\"wp-block-heading has-black-color has-text-color has-medium-font-size\"><strong>Domaines d\u2019expertise<\/strong><\/h3>\n\n\n\n<p style=\"font-size:16px\">Stress, anxi\u00e9t\u00e9, d\u00e9pression, dysr\u00e9gulation \u00e9motionnelle, difficult\u00e9s li\u00e9es \u00e0 la famille et aux pairs, TDAH.<\/p>\n\n\n\n<h3 class=\"wp-block-heading has-black-color has-text-color has-medium-font-size\"><strong>Approche th\u00e9rapeutique<\/strong><\/h3>\n\n\n\n<p style=\"font-size:16px\">Th\u00e9rapie cognitivo-comportementale (TCC).<\/p>\n\n\n\n<h3 class=\"wp-block-heading has-black-color has-text-color has-medium-font-size\"><strong>Position th\u00e9rapeutique<\/strong><\/h3>\n\n\n\n<p style=\"font-size:16px\">Chaleureux et collaboratif<\/p>\n\n\n\n<h3 class=\"wp-block-heading has-black-color has-text-color has-medium-font-size\"><strong>\u00c9tudes<\/strong><\/h3>\n\n\n\n<p style=\"font-size:16px\">Licence en sciences\/Universit\u00e9 de Pittsburg, Ma\u00eetrise en sciences\/Universit\u00e9 de Chatham<\/p>\n\n\n\n<div class=\"wp-block-coblocks-pricing-table has-text-align-center\"><div class=\"wp-block-coblocks-pricing-table__inner has-columns has-2-columns has-responsive-columns has-small-gutter\">\n<div class=\"wp-block-coblocks-pricing-table-item has-background\" style=\"background-color:#dce8f2\"><span class=\"wp-block-coblocks-pricing-table-item__title\">Honoraire<\/span><div class=\"wp-block-coblocks-pricing-table-item__price-wrapper\"><span class=\"wp-block-coblocks-pricing-table-item__currency\">$<\/span><span class=\"wp-block-coblocks-pricing-table-item__amount\">190<\/span><\/div>\n<ul class=\"wp-block-list wp-block-coblocks-pricing-table-item__features\">\n<li>Par s\u00e9ance de 50 minutes<\/li>\n<\/ul>\n\n\n<\/div>\n<\/div><\/div>\n\n\n\n<div style=\"height:25px\" aria-hidden=\"true\" class=\"wp-block-spacer\"><\/div>\n\n\n\n<div class=\"wp-block-buttons is-layout-flex wp-block-buttons-is-layout-flex\">\n<div class=\"wp-block-button\"><a class=\"wp-block-button__link has-background wp-element-button\" href=\"https:\/\/leonpsychology.ca\/fr\/therapie-en-ligne-nous-contacter\/\" style=\"background-color:#39574f\" target=\"_blank\" rel=\"noreferrer noopener\">Prendre un rendez-vous<\/a><\/div>\n<\/div>\n<\/div>\n<\/div>\n<div style='text-align:center' class='yasr-auto-insert-overall'><\/div>","protected":false},"excerpt":{"rendered":"<p>Ms. Lina Shenderovitch, M.Couns Licensed therapist and counsellor Online Canadian Certified Counsellor | Montreal, Laval, Gatineau, Ottawa, Kingston, Toronto, and more Lina is an experienced therapist and certified counsellor with the CCPA. She works primarily with adolescents and young adults, helping them strengthen their emotional well-being and adaptability. Her practice focuses on supporting individuals experiencing <a class=\"read-more\" href=\"https:\/\/leonpsychology.ca\/fr\/about-ms-shenderovitch\/\">LIRE LA SUITE<\/a><\/p>","protected":false},"author":1,"featured_media":0,"parent":0,"menu_order":0,"comment_status":"closed","ping_status":"closed","template":"","meta":{"_seopress_robots_primary_cat":"","_seopress_titles_title":"","_seopress_titles_desc":"","_seopress_robots_index":"","_coblocks_attr":"","_coblocks_dimensions":"","_coblocks_responsive_height":"","_coblocks_accordion_ie_support":"","yasr_overall_rating":0,"yasr_post_is_review":"","yasr_auto_insert_disabled":"","yasr_review_type":"","footnotes":""},"class_list":["post-3429","page","type-page","status-publish","hentry"],"yasr_visitor_votes":{"stars_attributes":{"read_only":true,"span_bottom":"<div class='yasr-small-block-bold'><span class='yasr-visitor-votes-must-sign-in'>You must sign in to vote<\/span><\/div>"},"number_of_votes":0,"sum_votes":0},"_links":{"self":[{"href":"https:\/\/leonpsychology.ca\/fr\/wp-json\/wp\/v2\/pages\/3429","targetHints":{"allow":["GET"]}}],"collection":[{"href":"https:\/\/leonpsychology.ca\/fr\/wp-json\/wp\/v2\/pages"}],"about":[{"href":"https:\/\/leonpsychology.ca\/fr\/wp-json\/wp\/v2\/types\/page"}],"author":[{"embeddable":true,"href":"https:\/\/leonpsychology.ca\/fr\/wp-json\/wp\/v2\/users\/1"}],"replies":[{"embeddable":true,"href":"https:\/\/leonpsychology.ca\/fr\/wp-json\/wp\/v2\/comments?post=3429"}],"version-history":[{"count":3,"href":"https:\/\/leonpsychology.ca\/fr\/wp-json\/wp\/v2\/pages\/3429\/revisions"}],"predecessor-version":[{"id":3449,"href":"https:\/\/leonpsychology.ca\/fr\/wp-json\/wp\/v2\/pages\/3429\/revisions\/3449"}],"wp:attachment":[{"href":"https:\/\/leonpsychology.ca\/fr\/wp-json\/wp\/v2\/media?parent=3429"}],"curies":[{"name":"wp","href":"https:\/\/api.w.org\/{rel}","templated":true}]}}