{"id":3553,"date":"2025-12-23T12:37:24","date_gmt":"2025-12-23T12:37:24","guid":{"rendered":"https:\/\/leonpsychology.ca\/?page_id=3553"},"modified":"2026-03-24T13:30:32","modified_gmt":"2026-03-24T13:30:32","slug":"a-propos-de-v-baaba-dadzie","status":"publish","type":"page","link":"https:\/\/leonpsychology.ca\/fr\/about-v-baaba-dadzie\/","title":{"rendered":"\u00c0 propos du Dr Dadzie"},"content":{"rendered":"<div class=\"wp-block-columns is-layout-flex wp-container-core-columns-is-layout-61ecc280 wp-block-columns-is-layout-flex\" style=\"padding-top:2.5rem;padding-right:2.5rem;padding-bottom:2.5rem;padding-left:2.5rem\">\n<div class=\"wp-block-column is-layout-flow wp-block-column-is-layout-flow\" style=\"flex-basis:25%\">\n<figure class=\"wp-block-image size-full\"><img decoding=\"async\" width=\"521\" height=\"575\" src=\"https:\/\/leonpsychology.ca\/wp-content\/uploads\/2025\/12\/img_6347_copy.jpg\" alt=\"\" class=\"wp-image-3557\" srcset=\"https:\/\/leonpsychology.ca\/wp-content\/uploads\/2025\/12\/img_6347_copy.jpg 521w, https:\/\/leonpsychology.ca\/wp-content\/uploads\/2025\/12\/img_6347_copy-272x300.jpg 272w, https:\/\/leonpsychology.ca\/wp-content\/uploads\/2025\/12\/img_6347_copy-11x12.jpg 11w\" sizes=\"(max-width: 521px) 100vw, 521px\" \/><\/figure>\n<\/div>\n\n\n\n<div class=\"wp-block-column is-layout-flow wp-block-column-is-layout-flow\" style=\"flex-basis:75%\">\n<h2 class=\"wp-block-heading has-text-color has-large-font-size\" style=\"color:#39574f\"><strong>Dr. VANESSA BAABA DADZIE<\/strong><\/h2>\n\n\n\n<h3 class=\"wp-block-heading has-black-color has-text-color has-medium-font-size\"><strong>Psychologue<\/strong><\/h3>\n\n\n\n<p>Psychologue en ligne pour adultes et adolescents - Ottawa, Toronto, Hamilton, Kingston, Gatineau, Montr\u00e9al, et plus encore.<\/p>\n\n\n\n<div class=\"wp-block-buttons is-layout-flex wp-block-buttons-is-layout-flex\">\n<div class=\"wp-block-button\"><a class=\"wp-block-button__link has-background wp-element-button\" href=\"https:\/\/leonpsychology.ca\/fr\/therapie-en-ligne-nous-contacter\/\" style=\"background-color:#39574f\" target=\"_blank\" rel=\"noreferrer noopener\">Prendre un rendez-vous<\/a><\/div>\n<\/div>\n\n\n\n<div style=\"height:25px\" aria-hidden=\"true\" class=\"wp-block-spacer\"><\/div>\n\n\n\n<p style=\"font-size:17px\">Le Dr Dadzie est une psychologue agr\u00e9\u00e9e qui fournit des services psychologiques culturellement \u00e9clair\u00e9s aux adolescents et aux adultes en Ontario et au Qu\u00e9bec. Elle s'est engag\u00e9e \u00e0 favoriser le bien-\u00eatre mental par le biais d'une th\u00e9rapie collaborative fond\u00e9e sur des donn\u00e9es probantes, en accordant une attention particuli\u00e8re \u00e0 la fa\u00e7on dont les ant\u00e9c\u00e9dents culturels, l'identit\u00e9 et l'exp\u00e9rience v\u00e9cue influencent la sant\u00e9 mentale. Son travail clinique consiste \u00e0 aider les clients \u00e0 g\u00e9rer les troubles de l'humeur, \u00e0 \u00e9laborer des strat\u00e9gies d'adaptation efficaces et \u00e0 traverser les transitions difficiles de la vie.<\/p>\n\n\n\n<p style=\"font-size:17px\">Le Dr Dadzie poss\u00e8de une vaste exp\u00e9rience de travail dans des milieux cliniques et en cabinet priv\u00e9 \u00e0 travers l'Afrique, le Moyen-Orient et l'Am\u00e9rique du Nord. Elle fournit des \u00e9valuations psychologiques et une th\u00e9rapie pour une gamme de probl\u00e8mes de sant\u00e9 mentale, y compris la d\u00e9pression, l'anxi\u00e9t\u00e9, les phobies, les difficult\u00e9s li\u00e9es au traumatisme et les difficult\u00e9s neurocomportementales. Fermement ancr\u00e9e dans la th\u00e9rapie cognitivo-comportementale (TCC), son approche th\u00e9rapeutique met l'accent sur la d\u00e9finition d'objectifs collaboratifs, la planification de traitements individualis\u00e9s et des outils pratiques pour soutenir la r\u00e9gulation \u00e9motionnelle et la r\u00e9silience.<\/p>\n\n\n\n<p style=\"font-size:17px\">Le Dr Dadzie a obtenu une ma\u00eetrise en psychologie clinique \u00e0 l'universit\u00e9 des \u00c9mirats arabes unis. Elle a ensuite obtenu un doctorat en psychologie \u00e0 l'universit\u00e9 de Waterloo, au Canada, avec une sp\u00e9cialisation en neurosciences cognitives. Sa formation universitaire et clinique lui permet d'adopter une approche int\u00e9grative des soins psychologiques.<\/p>\n\n\n\n<h3 class=\"wp-block-heading has-black-color has-text-color has-medium-font-size\"><strong>Client\u00e8le<\/strong><\/h3>\n\n\n\n<p style=\"font-size:16px\">Adultes, adolescents<\/p>\n\n\n\n<h3 class=\"wp-block-heading has-black-color has-text-color has-medium-font-size\"><strong>Langues parl\u00e9es<\/strong><\/h3>\n\n\n\n<p style=\"font-size:16px\">Anglais<\/p>\n\n\n\n<h3 class=\"wp-block-heading has-black-color has-text-color has-medium-font-size\"><strong>Permis<\/strong><\/h3>\n\n\n\n<p style=\"font-size:16px\">Ontario, Qu\u00e9bec<\/p>\n\n\n\n<h3 class=\"wp-block-heading has-black-color has-text-color has-medium-font-size\"><strong>Endroit<\/strong><\/h3>\n\n\n\n<p style=\"font-size:16px\">S\u00e9ances virtuelles\/vid\u00e9oconf\u00e9rence<\/p>\n\n\n\n<h3 class=\"wp-block-heading has-black-color has-text-color has-medium-font-size\"><strong>Services<\/strong><\/h3>\n\n\n\n<p style=\"font-size:16px\">Psychoth\u00e9rapie d'adulte, Psychoth\u00e9rapie d'adolescent<\/p>\n\n\n\n<h3 class=\"wp-block-heading has-black-color has-text-color has-medium-font-size\"><strong>Domaines d\u2019expertise<\/strong><\/h3>\n\n\n\n<p style=\"font-size:16px\">\u00c9valuations psychodiagnostiques, troubles d\u00e9pressifs, troubles anxieux, phobies, dysr\u00e9gulation \u00e9motionnelle, troubles li\u00e9s au traumatisme et au stress, \u00e9valuation et traitement des difficult\u00e9s li\u00e9es \u00e0 la motivation, \u00e9valuation et soutien des difficult\u00e9s interpersonnelles et relationnelles, difficult\u00e9s cognitives post-AVC<\/p>\n\n\n\n<h3 class=\"wp-block-heading has-black-color has-text-color has-medium-font-size\"><strong>Recherches typiques<\/strong><\/h3>\n\n\n\n<p style=\"font-size:16px\">Psychologue Toronto, psychologue Ottawa, psychologue pr\u00e8s de chez moi, psychologues Ottawa, psychologue \u00e0 Toronto, psychologue Windsor, psychologue Toronto, psychologues Ottawa, psychologues Toronto, conseil en ligne, th\u00e9rapie en ligne, psychologue en ligne.<\/p>\n\n\n\n<h3 class=\"wp-block-heading has-black-color has-text-color has-medium-font-size\"><strong>Approche th\u00e9rapeutique<\/strong><\/h3>\n\n\n\n<p style=\"font-size:16px\">Fond\u00e9e sur la th\u00e9rapie cognitivo-comportementale (TCC), elle int\u00e8gre des \u00e9l\u00e9ments de la th\u00e9rapie comportementale dialectique (TCD) et de la th\u00e9rapie d'acceptation et d'engagement (ACT) fond\u00e9s sur des donn\u00e9es probantes. <\/p>\n\n\n\n<h3 class=\"wp-block-heading has-black-color has-text-color has-medium-font-size\"><strong>Position th\u00e9rapeutique<\/strong><\/h3>\n\n\n\n<p style=\"font-size:16px\">Une approche tenant compte des traumatismes et privil\u00e9giant la s\u00e9curit\u00e9, la collaboration et la r\u00e9gulation \u00e9motionnelle.<\/p>\n\n\n\n<h3 class=\"wp-block-heading has-black-color has-text-color has-medium-font-size\"><strong>\u00c9tudes<\/strong><\/h3>\n\n\n\n<p style=\"font-size:16px\">Ma\u00eetrise en psychologie clinique\/Universit\u00e9 des \u00c9mirats arabes unis ; doctorat en psychologie (neurosciences cognitives)\/Universit\u00e9 de Waterloo<\/p>\n\n\n\n<div class=\"wp-block-coblocks-pricing-table has-text-align-center\"><div class=\"wp-block-coblocks-pricing-table__inner has-columns has-2-columns has-responsive-columns has-small-gutter\">\n<div class=\"wp-block-coblocks-pricing-table-item has-background\" style=\"background-color:#dce8f2\"><span class=\"wp-block-coblocks-pricing-table-item__title\">Honoraire<\/span><div class=\"wp-block-coblocks-pricing-table-item__price-wrapper\"><span class=\"wp-block-coblocks-pricing-table-item__currency\">$<\/span><span class=\"wp-block-coblocks-pricing-table-item__amount\">270<\/span><\/div>\n<ul class=\"wp-block-list wp-block-coblocks-pricing-table-item__features\">\n<li>Par s\u00e9ance de 60 minutes<\/li>\n<\/ul>\n\n\n<\/div>\n<\/div><\/div>\n\n\n\n<div style=\"height:25px\" aria-hidden=\"true\" class=\"wp-block-spacer\"><\/div>\n\n\n\n<div class=\"wp-block-buttons is-layout-flex wp-block-buttons-is-layout-flex\">\n<div class=\"wp-block-button\"><a class=\"wp-block-button__link has-background wp-element-button\" href=\"https:\/\/leonpsychology.ca\/fr\/therapie-en-ligne-nous-contacter\/\" style=\"background-color:#39574f\" target=\"_blank\" rel=\"noreferrer noopener\">Prendre un rendez-vous<\/a><\/div>\n<\/div>\n<\/div>\n<\/div>\n\n\n\n<hr class=\"wp-block-separator has-alpha-channel-opacity\"\/>\n\n\n\n<h1 class=\"wp-block-heading has-text-align-center has-black-color has-text-color has-link-color has-medium-font-size wp-elements-025e88159fe4d674e914ab6a9d9207f7\"><strong>Dr. V. BAABA DADZIE - Psychologue clinicien - Th\u00e9rapeute en ligne pour adultes et adolescents<\/strong><\/h1>\n<div style='text-align:center' class='yasr-auto-insert-overall'><\/div>","protected":false},"excerpt":{"rendered":"<p>Dr. VANESSA BAABA DADZIE Clinical Psychologist Online Adult and Adolescent Psychologist | Ottawa, Toronto, Hamilton, Kingston, Gatineau, Montreal, and more Dr. Dadzie is a licensed psychologist who provides culturally informed psychological services to adolescents and adults in Ontario and Quebec. She is committed to supporting mental well-being through collaborative, evidence-based therapy, with particular attention to <a class=\"read-more\" href=\"https:\/\/leonpsychology.ca\/fr\/about-v-baaba-dadzie\/\">LIRE LA SUITE<\/a><\/p>","protected":false},"author":1,"featured_media":0,"parent":0,"menu_order":0,"comment_status":"closed","ping_status":"closed","template":"","meta":{"_seopress_robots_primary_cat":"","_seopress_titles_title":"","_seopress_titles_desc":"","_seopress_robots_index":"","_coblocks_attr":"","_coblocks_dimensions":"","_coblocks_responsive_height":"","_coblocks_accordion_ie_support":"","yasr_overall_rating":0,"yasr_post_is_review":"","yasr_auto_insert_disabled":"","yasr_review_type":"","footnotes":""},"class_list":["post-3553","page","type-page","status-publish","hentry"],"yasr_visitor_votes":{"stars_attributes":{"read_only":true,"span_bottom":"<div class='yasr-small-block-bold'><span class='yasr-visitor-votes-must-sign-in'>You must sign in to vote<\/span><\/div>"},"number_of_votes":0,"sum_votes":0},"_links":{"self":[{"href":"https:\/\/leonpsychology.ca\/fr\/wp-json\/wp\/v2\/pages\/3553","targetHints":{"allow":["GET"]}}],"collection":[{"href":"https:\/\/leonpsychology.ca\/fr\/wp-json\/wp\/v2\/pages"}],"about":[{"href":"https:\/\/leonpsychology.ca\/fr\/wp-json\/wp\/v2\/types\/page"}],"author":[{"embeddable":true,"href":"https:\/\/leonpsychology.ca\/fr\/wp-json\/wp\/v2\/users\/1"}],"replies":[{"embeddable":true,"href":"https:\/\/leonpsychology.ca\/fr\/wp-json\/wp\/v2\/comments?post=3553"}],"version-history":[{"count":13,"href":"https:\/\/leonpsychology.ca\/fr\/wp-json\/wp\/v2\/pages\/3553\/revisions"}],"predecessor-version":[{"id":3639,"href":"https:\/\/leonpsychology.ca\/fr\/wp-json\/wp\/v2\/pages\/3553\/revisions\/3639"}],"wp:attachment":[{"href":"https:\/\/leonpsychology.ca\/fr\/wp-json\/wp\/v2\/media?parent=3553"}],"curies":[{"name":"wp","href":"https:\/\/api.w.org\/{rel}","templated":true}]}}