{"id":3653,"date":"2026-03-25T20:27:17","date_gmt":"2026-03-25T20:27:17","guid":{"rendered":"https:\/\/leonpsychology.ca\/?page_id=3653"},"modified":"2026-03-25T20:59:23","modified_gmt":"2026-03-25T20:59:23","slug":"therapie-en-ligne-au-quebec","status":"publish","type":"page","link":"https:\/\/leonpsychology.ca\/fr\/online-therapy-quebec\/","title":{"rendered":"Psychologue en ligne au Qu\u00e9bec"},"content":{"rendered":"<h1 class=\"wp-block-heading\" style=\"font-style:normal;font-weight:700\">Services de th\u00e9rapie en ligne au Qu\u00e9bec<\/h1>\n\n\n\n<h2 class=\"wp-block-heading\">Nos psychologues travaillent avec des individus et des familles \u00e0 travers le Qu\u00e9bec<\/h2>\n\n\n\n<div class=\"wp-block-cover\" style=\"padding-top:var(--wp--preset--spacing--50);padding-bottom:var(--wp--preset--spacing--50)\"><span aria-hidden=\"true\" class=\"wp-block-cover__background has-background-dim\"><\/span><img decoding=\"async\" width=\"800\" height=\"343\" class=\"wp-block-cover__image-background wp-image-686\" alt=\"\" src=\"https:\/\/leonpsychology.ca\/wp-content\/uploads\/2022\/10\/main-page-image_resized.jpg\" data-object-fit=\"cover\" srcset=\"https:\/\/leonpsychology.ca\/wp-content\/uploads\/2022\/10\/main-page-image_resized.jpg 800w, https:\/\/leonpsychology.ca\/wp-content\/uploads\/2022\/10\/main-page-image_resized-300x129.jpg 300w, https:\/\/leonpsychology.ca\/wp-content\/uploads\/2022\/10\/main-page-image_resized-768x329.jpg 768w, https:\/\/leonpsychology.ca\/wp-content\/uploads\/2022\/10\/main-page-image_resized-18x8.jpg 18w\" sizes=\"(max-width: 800px) 100vw, 800px\" \/><div class=\"wp-block-cover__inner-container is-layout-flow wp-block-cover-is-layout-flow\">\n<p class=\"has-text-align-center has-large-font-size\"><strong>Th\u00e9rapie en ligne accessible \u00e0 tout le Qu\u00e9bec<\/strong><\/p>\n<\/div><\/div>\n\n\n\n<div style=\"height:30px\" aria-hidden=\"true\" class=\"wp-block-spacer\"><\/div>\n\n\n\n<h2 class=\"wp-block-heading\">Soins de sant\u00e9 mentale complets au Qu\u00e9bec<\/h2>\n\n\n\n<p style=\"font-size:17px\">\u00c0 la Clinique de psychologie L\u00e9on, nous nous engageons \u00e0 fournir des soins de sant\u00e9 mentale de qualit\u00e9 aux individus et aux familles de tout le Qu\u00e9bec. Notre \u00e9quipe de psychologues agr\u00e9\u00e9s offre des services de th\u00e9rapie en ligne dans toute la province, ce qui facilite l'acc\u00e8s \u00e0 un soutien professionnel dans le confort de votre foyer, que vous viviez \u00e0 Montr\u00e9al, \u00e0 Qu\u00e9bec ou dans toute autre communaut\u00e9 de la province.<\/p>\n\n\n\n<p style=\"font-size:17px\">Nous proposons des psychoth\u00e9rapies pour les adultes, les enfants et les adolescents, ainsi que des \u00e9valuations neuropsychologiques et des consultations pour les parents. Notre \u00e9quipe bilingue offre des services en fran\u00e7ais et en anglais, afin que chaque client se sente \u00e0 l'aise et compris.<\/p>\n\n\n\n<div style=\"height:30px\" aria-hidden=\"true\" class=\"wp-block-spacer\"><\/div>\n\n\n\n<h2 class=\"wp-block-heading\">Trouver un psychologue pr\u00e8s de chez vous au Qu\u00e9bec<\/h2>\n\n\n\n<p style=\"font-size:17px\">Nous desservons des clients dans plusieurs villes du Qu\u00e9bec. Cliquez sur votre ville ci-dessous pour en savoir plus sur nos services dans votre r\u00e9gion :<\/p>\n\n\n\n<div class=\"wp-block-buttons is-content-justification-center is-layout-flex wp-container-core-buttons-is-layout-47571c3d wp-block-buttons-is-layout-flex\">\n<div class=\"wp-block-button has-custom-font-size has-medium-font-size\"><a class=\"wp-block-button__link\" href=\"https:\/\/leonpsychology.ca\/fr\/psychologue-en-ligne-pour-adolescents-montreal\/\" style=\"border-radius:25px\">Psychologue \u00e0 Montr\u00e9al<\/a><\/div>\n\n\n\n<div class=\"wp-block-button has-custom-font-size has-medium-font-size\"><a class=\"wp-block-button__link\" href=\"https:\/\/leonpsychology.ca\/fr\/psychologues-en-ligne-quebec\/\" style=\"border-radius:25px\">Psychologue \u00e0 Qu\u00e9bec<\/a><\/div>\n\n\n\n<div class=\"wp-block-button has-custom-font-size has-medium-font-size\"><a class=\"wp-block-button__link\" href=\"https:\/\/leonpsychology.ca\/fr\/psychologue-en-ligne-pour-adolescents-gatineau\/\" style=\"border-radius:25px\">Psychologue \u00e0 Gatineau<\/a><\/div>\n\n\n\n<div class=\"wp-block-button has-custom-font-size has-medium-font-size\"><a class=\"wp-block-button__link\" href=\"https:\/\/leonpsychology.ca\/fr\/psychologue-en-ligne-pour-adolescents-laval\/\" style=\"border-radius:25px\">Psychologue \u00e0 Laval<\/a><\/div>\n\n\n\n<div class=\"wp-block-button has-custom-font-size has-medium-font-size\"><a class=\"wp-block-button__link\" href=\"https:\/\/leonpsychology.ca\/fr\/psychologue-en-ligne-pour-adolescents-longueuil\/\" style=\"border-radius:25px\">Psychologue \u00e0 Longueuil<\/a><\/div>\n\n\n\n<div class=\"wp-block-button has-custom-font-size has-medium-font-size\"><a class=\"wp-block-button__link\" href=\"https:\/\/leonpsychology.ca\/fr\/psychologue-en-ligne-pour-adolescents-brossard\/\" style=\"border-radius:25px\">Psychologue \u00e0 Brossard<\/a><\/div>\n\n\n\n<div class=\"wp-block-button has-custom-font-size has-medium-font-size\"><a class=\"wp-block-button__link\" href=\"https:\/\/leonpsychology.ca\/fr\/psychologues-en-ligne-blainville\/\" style=\"border-radius:25px\">Psychologue \u00e0 Blainville<\/a><\/div>\n\n\n\n<div class=\"wp-block-button has-custom-font-size has-medium-font-size\"><a class=\"wp-block-button__link\" href=\"https:\/\/leonpsychology.ca\/fr\/psychologue-en-ligne-pour-adolescents-rosemere\/\" style=\"border-radius:25px\">Psychologue \u00e0 Rosem\u00e8re<\/a><\/div>\n<\/div>\n\n\n\n<div style=\"height:40px\" aria-hidden=\"true\" class=\"wp-block-spacer\"><\/div>\n\n\n\n<h2 class=\"wp-block-heading has-text-align-center has-text-color\" style=\"color:#39574f;padding-top:15px;padding-right:15px;padding-bottom:15px;padding-left:15px\"><strong>Th\u00e9rapie en ligne pour les enfants, les adolescents et les parents - Le soulagement commence ici<\/strong><\/h2>\n\n\n\n<div class=\"wp-block-coblocks-features coblocks-features-62810538334\"><div class=\"wp-block-coblocks-features__inner has-columns has-3-columns has-responsive-columns has-center-content has-small-gutter\">\n<div class=\"wp-block-coblocks-feature coblocks-feature-62810538495\"><div class=\"wp-block-coblocks-feature__inner has-no-padding\"><div class=\"wp-block-coblocks-icon\">\n\t\t\t\t<div class=\"wp-block-coblocks-icon__inner\" style=\"height: 60px; width: 60px;\">\n\t\t\t\t\t<svg fill=\"none\" xmlns=\"http:\/\/www.w3.org\/2000\/svg\" viewbox=\"0 0 24 24\"><path d=\"M10.25 13c0 .69-.56 1.25-1.25 1.25S7.75 13.69 7.75 13s.56-1.25 1.25-1.25 1.25.56 1.25 1.25zM15 11.75c-.69 0-1.25.56-1.25 1.25s.56 1.25 1.25 1.25 1.25-.56 1.25-1.25-.56-1.25-1.25-1.25zm7 .25c0 5.52-4.48 10-10 10S2 17.52 2 12 6.48 2 12 2s10 4.48 10 10zM10.66 4.12C12.06 6.44 14.6 8 17.5 8c.46 0 .91-.05 1.34-.12C17.44 5.56 14.9 4 12 4c-.46 0-.91.05-1.34.12zM4.42 9.47c1.71-.97 3.03-2.55 3.66-4.44C6.37 6 5.05 7.58 4.42 9.47zM20 12c0-.78-.12-1.53-.33-2.24-.7.15-1.42.24-2.17.24-3.13 0-5.92-1.44-7.76-3.69C8.69 8.87 6.6 10.88 4 11.86c.01.04 0 .09 0 .14 0 4.41 3.59 8 8 8s8-3.59 8-8z\" fill=\"currentColor\" \/><\/svg>\n\t\t\t\t<\/div>\n\t\t\t<\/div>\n\n\n<h4 class=\"wp-block-heading has-black-color has-text-color has-medium-font-size\"><strong><strong>Accompagnement personnalis\u00e9<\/strong><\/strong><\/h4>\n\n\n\n<p style=\"font-size:17px\">Chaque individu est diff\u00e9rent, et nous travaillons en \u00e9troite collaboration avec chaque personne pour fournir des interventions et des strat\u00e9gies cibl\u00e9es qui r\u00e9pondent \u00e0 leurs pr\u00e9occupations sp\u00e9cifiques.<\/p>\n<\/div><\/div>\n\n\n\n<div class=\"wp-block-coblocks-feature coblocks-feature-62810538496\"><div class=\"wp-block-coblocks-feature__inner has-no-padding\"><div class=\"wp-block-coblocks-icon\">\n\t\t\t\t<div class=\"wp-block-coblocks-icon__inner\" style=\"height: 60px; width: 60px;\">\n\t\t\t\t\t<svg fill=\"none\" viewbox=\"0 0 20 20\" xmlns=\"http:\/\/www.w3.org\/2000\/svg\"><path d=\"m15.5555556 14.4444444-4.4444445-4.4444444v-3.53333333c1.2888889-.46666667 2.2222222-1.68888889 2.2222222-3.13333334 0-1.84444444-1.4888889-3.33333333-3.3333333-3.33333333-1.84444444 0-3.33333333 1.48888889-3.33333333 3.33333333 0 1.44444445.93333333 2.66666667 2.22222222 3.13333334v3.53333333l-4.44444445 4.4444444h-4.44444444v5.5555556h5.55555556v-3.3888889l4.44444444-4.6666667 4.4444444 4.6666667v3.3888889h5.5555556v-5.5555556z\" fill=\"currentColor\" \/><\/svg>\n\t\t\t\t<\/div>\n\t\t\t<\/div>\n\n\n<h4 class=\"wp-block-heading has-black-color has-text-color has-medium-font-size\"><strong><strong>Collaboration avec les parents<\/strong><\/strong><\/h4>\n\n\n\n<p style=\"font-size:17px\">Bien que les enfants et les adolescents assistent g\u00e9n\u00e9ralement seuls aux s\u00e9ances, nous pouvons vous aider \u00e0 cr\u00e9er un environnement de soutien qui favorise un changement positif durable pour votre enfant ou votre adolescent.<\/p>\n<\/div><\/div>\n\n\n\n<div class=\"wp-block-coblocks-feature coblocks-feature-62810101813\"><div class=\"wp-block-coblocks-feature__inner has-no-padding\"><div class=\"wp-block-coblocks-icon\">\n\t\t\t\t<div class=\"wp-block-coblocks-icon__inner\" style=\"height: 60px; width: 60px;\">\n\t\t\t\t\t<svg fill=\"none\" viewbox=\"0 0 20 20\" xmlns=\"http:\/\/www.w3.org\/2000\/svg\"><path d=\"m9.99 0c-5.52 0-9.99 4.48-9.99 10s4.47 10 9.99 10c5.53 0 10.01-4.48 10.01-10s-4.48-10-10.01-10zm.01 18c-4.42 0-8-3.58-8-8s3.58-8 8-8 8 3.58 8 8-3.58 8-8 8zm3.5-9c.83 0 1.5-.67 1.5-1.5s-.67-1.5-1.5-1.5-1.5.67-1.5 1.5.67 1.5 1.5 1.5zm-7 0c.83 0 1.5-.67 1.5-1.5s-.67-1.5-1.5-1.5-1.5.67-1.5 1.5.67 1.5 1.5 1.5zm3.5 6.5c2.33 0 4.31-1.46 5.11-3.5h-10.22c.8 2.04 2.78 3.5 5.11 3.5z\" fill=\"currentColor\" \/><\/svg>\n\t\t\t\t<\/div>\n\t\t\t<\/div>\n\n\n<h4 class=\"wp-block-heading has-black-color has-text-color has-medium-font-size\"><strong>Cadre chaleureux<\/strong><\/h4>\n\n\n\n<p style=\"font-size:17px\">Votre enfant\/ado peut avoir confiance que l'environnement th\u00e9rapeutique est s\u00e9curitaire et inclusif et qu'il\/elle\/iel pourra se sentir \u00e0 l\u2019aise de s\u2019exprimer et de se confier de fa\u00e7on authentique et sans jugement.<\/p>\n<\/div><\/div>\n<\/div><\/div>\n\n\n\n<div style=\"height:40px\" aria-hidden=\"true\" class=\"wp-block-spacer\"><\/div>\n\n\n\n<h2 class=\"wp-block-heading\">Pourquoi choisir la th\u00e9rapie en ligne ?<\/h2>\n\n\n\n<p style=\"font-size:17px\">La th\u00e9rapie en ligne offre la m\u00eame qualit\u00e9 de soins que les s\u00e9ances en personne, tout en \u00e9tant plus pratique. Vous pouvez assister aux s\u00e9ances depuis n'importe quel endroit au Qu\u00e9bec, ce qui \u00e9limine le temps de d\u00e9placement et permet d'int\u00e9grer plus facilement la th\u00e9rapie dans votre emploi du temps. La recherche montre que la th\u00e9rapie en ligne est tout aussi efficace que la th\u00e9rapie en personne pour de nombreux troubles, notamment l'anxi\u00e9t\u00e9, la d\u00e9pression et les probl\u00e8mes li\u00e9s au stress.<\/p>\n\n\n\n<p style=\"font-size:17px\">Notre plateforme vid\u00e9o s\u00e9curis\u00e9e garantit le caract\u00e8re priv\u00e9 et confidentiel de vos sessions. Tout ce dont vous avez besoin, c'est d'une connexion internet stable et d'un espace calme o\u00f9 vous vous sentez \u00e0 l'aise.<\/p>\n\n\n\n<div style=\"height:30px\" aria-hidden=\"true\" class=\"wp-block-spacer\"><\/div>\n\n\n\n<h2 class=\"wp-block-heading\">Nos services<\/h2>\n\n\n\n<ul class=\"wp-block-list\" style=\"font-size:17px\">\n<li><strong>Psychoth\u00e9rapie pour enfants<\/strong> - Aider les enfants \u00e0 surmonter les difficult\u00e9s \u00e9motionnelles et comportementales<\/li>\n\n\n\n<li><strong>Psychoth\u00e9rapie pour adolescents<\/strong> - Aider les adolescents \u00e0 faire face \u00e0 la complexit\u00e9 du passage \u00e0 l'\u00e2ge adulte<\/li>\n\n\n\n<li><strong>Psychoth\u00e9rapie pour adultes<\/strong> - Traiter l'anxi\u00e9t\u00e9, la d\u00e9pression, l'\u00e9puisement professionnel, l'estime de soi, etc.<\/li>\n\n\n\n<li><strong>\u00c9valuations neuropsychologiques<\/strong> - \u00c9valuations compl\u00e8tes du TDAH, des troubles de l'apprentissage et du fonctionnement cognitif<\/li>\n\n\n\n<li><strong>Consultations des parents<\/strong> - Conseils et soutien aux parents confront\u00e9s \u00e0 des difficult\u00e9s avec leurs enfants<\/li>\n<\/ul>\n\n\n\n<div style=\"height:30px\" aria-hidden=\"true\" class=\"wp-block-spacer\"><\/div>\n\n\n\n<h2 class=\"wp-block-heading\">Fonctionnement des s\u00e9ances<\/h2>\n\n\n\n<div class=\"wp-block-columns is-layout-flex wp-container-core-columns-is-layout-9d6595d7 wp-block-columns-is-layout-flex\">\n<div class=\"wp-block-column is-layout-flow wp-block-column-is-layout-flow\">\n<h3 class=\"wp-block-heading\">1. R\u00e9server un appel de consultation gratuit<\/h3>\n\n\n\n<p style=\"font-size:17px\">Contactez-nous pour planifier un bref appel de pr\u00e9sentation. Nous discuterons de vos besoins et nous vous mettrons en contact avec le psychologue qui vous convient.<\/p>\n<\/div>\n\n\n\n<div class=\"wp-block-column is-layout-flow wp-block-column-is-layout-flow\">\n<h3 class=\"wp-block-heading\">2. Rencontrez votre psychologue<\/h3>\n\n\n\n<p style=\"font-size:17px\">La premi\u00e8re s\u00e9ance est l'occasion de faire connaissance avec votre psychologue, de lui faire part de vos pr\u00e9occupations et de commencer \u00e0 \u00e9tablir une relation th\u00e9rapeutique.<\/p>\n<\/div>\n\n\n\n<div class=\"wp-block-column is-layout-flow wp-block-column-is-layout-flow\">\n<h3 class=\"wp-block-heading\">3. Commencez votre voyage<\/h3>\n\n\n\n<p style=\"font-size:17px\">Avec votre psychologue, vous travaillerez \u00e0 la r\u00e9alisation de vos objectifs \u00e0 un rythme qui vous conviendra.<\/p>\n<\/div>\n<\/div>\n\n\n\n<div style=\"height:40px\" aria-hidden=\"true\" class=\"wp-block-spacer\"><\/div>\n\n\n\n<h2 class=\"wp-block-heading\">Foire aux questions<\/h2>\n\n\n\n<h3 class=\"wp-block-heading\">La th\u00e9rapie en ligne est-elle aussi efficace que la th\u00e9rapie en personne ?<\/h3>\n\n\n\n<p style=\"font-size:17px\">Oui. De nombreuses \u00e9tudes ont montr\u00e9 que la th\u00e9rapie en ligne est tout aussi efficace que la th\u00e9rapie en personne pour un large \u00e9ventail de probl\u00e8mes de sant\u00e9 mentale, y compris l'anxi\u00e9t\u00e9, la d\u00e9pression et les traumatismes. Nos psychologues utilisent les m\u00eames approches fond\u00e9es sur des preuves lors des s\u00e9ances virtuelles que dans un bureau traditionnel.<\/p>\n\n\n\n<h3 class=\"wp-block-heading\">La th\u00e9rapie est-elle couverte par une assurance au Qu\u00e9bec ?<\/h3>\n\n\n\n<p style=\"font-size:17px\">De nombreux r\u00e9gimes d'assurance priv\u00e9s au Qu\u00e9bec couvrent les s\u00e9ances avec un psychologue agr\u00e9\u00e9. Nous vous recommandons de v\u00e9rifier aupr\u00e8s de votre fournisseur d'assurance pour confirmer votre couverture. Nous fournissons des re\u00e7us que vous pouvez soumettre pour remboursement.<\/p>\n\n\n\n<h3 class=\"wp-block-heading\">Offrez-vous des services en fran\u00e7ais ?<\/h3>\n\n\n\n<p style=\"font-size:17px\">Absolument. Notre \u00e9quipe est parfaitement bilingue. Nous proposons des s\u00e9ances de th\u00e9rapie en fran\u00e7ais et en anglais, ce qui vous permet de choisir la langue avec laquelle vous \u00eates le plus \u00e0 l'aise.<\/p>\n\n\n\n<div style=\"height:40px\" aria-hidden=\"true\" class=\"wp-block-spacer\"><\/div>\n\n\n\n<h2 class=\"wp-block-heading has-text-align-center has-text-color\" style=\"color:#39574f;padding-top:15px;padding-right:15px;padding-bottom:15px;padding-left:15px\"><strong>Rencontrez Dre L\u00e9on<\/strong><\/h2>\n\n\n<div class=\"wp-block-image is-style-rounded\">\n<figure class=\"aligncenter size-thumbnail\"><a href=\"https:\/\/leonpsychology.ca\/fr\/about-dr-leon\/\" target=\"_blank\" rel=\"noreferrer noopener\"><img decoding=\"async\" width=\"150\" height=\"150\" src=\"https:\/\/leonpsychology.ca\/wp-content\/uploads\/2022\/11\/headshot2-e1669650345645-150x150.jpg\" alt=\"dr. stephanie leon psychologue en ligne pour adolescents neuropsychologue en ontario quebec\" class=\"wp-image-831\" srcset=\"https:\/\/leonpsychology.ca\/wp-content\/uploads\/2022\/11\/headshot2-e1669650345645-150x150.jpg 150w, https:\/\/leonpsychology.ca\/wp-content\/uploads\/2022\/11\/headshot2-e1669650345645-11x12.jpg 11w\" sizes=\"(max-width: 150px) 100vw, 150px\" \/><\/a><\/figure>\n<\/div>\n\n\n<p class=\"has-text-align-center has-medium-font-size\">Stephanie L. Leon est une psychologue clinicienne et neuropsychologue exp\u00e9riment\u00e9e et digne de confiance, sp\u00e9cialis\u00e9e dans la psychologie de l'enfant et de l'adolescent. Elle aide les enfants, les adolescents et leurs parents \u00e0 relever les d\u00e9fis \u00e9motionnels, comportementaux et cognitifs, en leur donnant les moyens de s'\u00e9panouir. <\/p>\n\n\n\n<p class=\"has-text-align-center has-medium-font-size\">Son approche th\u00e9rapeutique chaleureuse et collaborative est ancr\u00e9e dans la th\u00e9rapie comportementale cognitive (TCC) tout en s\u2019inspirant de diverses modalit\u00e9s. <\/p>\n\n\n\n<p class=\"has-text-align-center has-medium-font-size\">Dre L\u00e9on parle parfaitement le fran\u00e7ais et l\u2019anglais. Elle offre des s\u00e9ances virtuelles aux familles du Qu\u00e9bec et de l'Ontario.<\/p>\n\n\n\n<div class=\"wp-block-buttons is-content-justification-center is-layout-flex wp-container-core-buttons-is-layout-16018d1d wp-block-buttons-is-layout-flex\">\n<div class=\"wp-block-button\"><a class=\"wp-block-button__link has-background wp-element-button\" href=\"https:\/\/leonpsychology.ca\/fr\/psychologue-pour-enfants-en-ligne-dr-leon\/\" style=\"background-color:#39574f\">En apprendre davantage<\/a><\/div>\n<\/div>\n\n\n\n<div style=\"height:45px\" aria-hidden=\"true\" class=\"wp-block-spacer\"><\/div>\n\n\n\n<h2 class=\"wp-block-heading\">Au service de tout le Qu\u00e9bec<\/h2>\n\n\n\n<p style=\"font-size:17px\">O\u00f9 que vous soyez au Qu\u00e9bec, notre \u00e9quipe est pr\u00eate \u00e0 vous soutenir. D\u00e9couvrez nos services dans votre ville :<\/p>\n\n\n\n<div class=\"wp-block-buttons is-content-justification-center is-layout-flex wp-container-core-buttons-is-layout-6f5c577d wp-block-buttons-is-layout-flex\">\n<div class=\"wp-block-button has-custom-font-size has-small-font-size\"><a class=\"wp-block-button__link\" href=\"https:\/\/leonpsychology.ca\/fr\/psychologue-en-ligne-pour-adolescents-montreal\/\" style=\"border-radius:20px\">Montr\u00e9al<\/a><\/div>\n\n\n\n<div class=\"wp-block-button has-custom-font-size has-small-font-size\"><a class=\"wp-block-button__link\" href=\"https:\/\/leonpsychology.ca\/fr\/psychologues-en-ligne-quebec\/\" style=\"border-radius:20px\">Ville de Qu\u00e9bec<\/a><\/div>\n\n\n\n<div class=\"wp-block-button has-custom-font-size has-small-font-size\"><a class=\"wp-block-button__link\" href=\"https:\/\/leonpsychology.ca\/fr\/psychologue-en-ligne-pour-adolescents-gatineau\/\" style=\"border-radius:20px\">Gatineau<\/a><\/div>\n\n\n\n<div class=\"wp-block-button has-custom-font-size has-small-font-size\"><a class=\"wp-block-button__link\" href=\"https:\/\/leonpsychology.ca\/fr\/psychologue-en-ligne-pour-adolescents-laval\/\" style=\"border-radius:20px\">Laval<\/a><\/div>\n\n\n\n<div class=\"wp-block-button has-custom-font-size has-small-font-size\"><a class=\"wp-block-button__link\" href=\"https:\/\/leonpsychology.ca\/fr\/psychologue-en-ligne-pour-adolescents-longueuil\/\" style=\"border-radius:20px\">Longueuil<\/a><\/div>\n\n\n\n<div class=\"wp-block-button has-custom-font-size has-small-font-size\"><a class=\"wp-block-button__link\" href=\"https:\/\/leonpsychology.ca\/fr\/psychologue-en-ligne-pour-adolescents-brossard\/\" style=\"border-radius:20px\">Brossard<\/a><\/div>\n\n\n\n<div class=\"wp-block-button has-custom-font-size has-small-font-size\"><a class=\"wp-block-button__link\" href=\"https:\/\/leonpsychology.ca\/fr\/psychologues-en-ligne-blainville\/\" style=\"border-radius:20px\">Blainville<\/a><\/div>\n\n\n\n<div class=\"wp-block-button has-custom-font-size has-small-font-size\"><a class=\"wp-block-button__link\" href=\"https:\/\/leonpsychology.ca\/fr\/psychologue-en-ligne-pour-adolescents-rosemere\/\" style=\"border-radius:20px\">Rosem\u00e8re<\/a><\/div>\n\n\n\n<div class=\"wp-block-button has-custom-font-size has-small-font-size\"><a class=\"wp-block-button__link\" href=\"https:\/\/leonpsychology.ca\/fr\/psychologue-en-ligne-pour-adolescents-vaudreuil\/\" style=\"border-radius:20px\">Vaudreuil<\/a><\/div>\n\n\n\n<div class=\"wp-block-button has-custom-font-size has-small-font-size\"><a class=\"wp-block-button__link\" href=\"https:\/\/leonpsychology.ca\/fr\/psychologues-en-ligne-bois-des-fillions\/\" style=\"border-radius:20px\">Bois-des-Filions<\/a><\/div>\n<\/div>\n<div style='text-align:center' class='yasr-auto-insert-overall'><\/div>","protected":false},"excerpt":{"rendered":"<p>Online Therapy Services in Quebec Our psychologists work with individuals and families across Quebec Comprehensive Mental Health Care Across Quebec At the Leon Psychology Clinic, we are committed to providing quality mental health care to individuals and families throughout Quebec. Our team of licensed psychologists offers online therapy services across the province, making it easy <a class=\"read-more\" href=\"https:\/\/leonpsychology.ca\/fr\/online-therapy-quebec\/\">LIRE LA SUITE<\/a><\/p>","protected":false},"author":3,"featured_media":0,"parent":0,"menu_order":0,"comment_status":"closed","ping_status":"closed","template":"","meta":{"_seopress_robots_primary_cat":"","_seopress_titles_title":"","_seopress_titles_desc":"","_seopress_robots_index":"","_coblocks_attr":"","_coblocks_dimensions":"","_coblocks_responsive_height":"","_coblocks_accordion_ie_support":"","yasr_overall_rating":0,"yasr_post_is_review":"","yasr_auto_insert_disabled":"","yasr_review_type":"","footnotes":""},"class_list":["post-3653","page","type-page","status-publish","hentry"],"yasr_visitor_votes":{"stars_attributes":{"read_only":true,"span_bottom":"<div class='yasr-small-block-bold'><span class='yasr-visitor-votes-must-sign-in'>You must sign in to vote<\/span><\/div>"},"number_of_votes":0,"sum_votes":0},"_links":{"self":[{"href":"https:\/\/leonpsychology.ca\/fr\/wp-json\/wp\/v2\/pages\/3653","targetHints":{"allow":["GET"]}}],"collection":[{"href":"https:\/\/leonpsychology.ca\/fr\/wp-json\/wp\/v2\/pages"}],"about":[{"href":"https:\/\/leonpsychology.ca\/fr\/wp-json\/wp\/v2\/types\/page"}],"author":[{"embeddable":true,"href":"https:\/\/leonpsychology.ca\/fr\/wp-json\/wp\/v2\/users\/3"}],"replies":[{"embeddable":true,"href":"https:\/\/leonpsychology.ca\/fr\/wp-json\/wp\/v2\/comments?post=3653"}],"version-history":[{"count":2,"href":"https:\/\/leonpsychology.ca\/fr\/wp-json\/wp\/v2\/pages\/3653\/revisions"}],"predecessor-version":[{"id":3655,"href":"https:\/\/leonpsychology.ca\/fr\/wp-json\/wp\/v2\/pages\/3653\/revisions\/3655"}],"wp:attachment":[{"href":"https:\/\/leonpsychology.ca\/fr\/wp-json\/wp\/v2\/media?parent=3653"}],"curies":[{"name":"wp","href":"https:\/\/api.w.org\/{rel}","templated":true}]}}