{"id":3729,"date":"2026-05-05T15:15:16","date_gmt":"2026-05-05T15:15:16","guid":{"rendered":"https:\/\/leonpsychology.ca\/?page_id=3729"},"modified":"2026-05-06T12:23:17","modified_gmt":"2026-05-06T12:23:17","slug":"a-propos-de-mme-ortiz","status":"publish","type":"page","link":"https:\/\/leonpsychology.ca\/fr\/about-ms-ortiz\/","title":{"rendered":"\u00c0 propos de Mme Ortiz"},"content":{"rendered":"<div class=\"wp-block-columns is-layout-flex wp-container-core-columns-is-layout-61ecc280 wp-block-columns-is-layout-flex\" style=\"padding-top:2.5rem;padding-right:2.5rem;padding-bottom:2.5rem;padding-left:2.5rem\">\n<div class=\"wp-block-column is-layout-flow wp-block-column-is-layout-flow\" style=\"flex-basis:25%\">\n<figure class=\"wp-block-image size-large\"><img decoding=\"async\" width=\"904\" height=\"1024\" src=\"https:\/\/leonpsychology.ca\/wp-content\/uploads\/2026\/05\/photo-smaller-904x1024.jpeg\" alt=\"\" class=\"wp-image-3732\" srcset=\"https:\/\/leonpsychology.ca\/wp-content\/uploads\/2026\/05\/photo-smaller-904x1024.jpeg 904w, https:\/\/leonpsychology.ca\/wp-content\/uploads\/2026\/05\/photo-smaller-265x300.jpeg 265w, https:\/\/leonpsychology.ca\/wp-content\/uploads\/2026\/05\/photo-smaller-768x869.jpeg 768w, https:\/\/leonpsychology.ca\/wp-content\/uploads\/2026\/05\/photo-smaller-11x12.jpeg 11w, https:\/\/leonpsychology.ca\/wp-content\/uploads\/2026\/05\/photo-smaller.jpeg 961w\" sizes=\"(max-width: 904px) 100vw, 904px\" \/><\/figure>\n<\/div>\n\n\n\n<div class=\"wp-block-column is-layout-flow wp-block-column-is-layout-flow\" style=\"flex-basis:75%\">\n<h2 class=\"wp-block-heading has-text-color has-large-font-size\" style=\"color:#39574f\"><strong>Mme DIANA ORTIZ<\/strong><\/h2>\n\n\n\n<h2 class=\"wp-block-heading has-black-color has-text-color has-medium-font-size\"><strong>Psychologue et psychoth\u00e9rapeute<\/strong><\/h2>\n\n\n\n<h3 class=\"wp-block-heading has-text-color has-link-color wp-elements-cba590a24bdcccaa2a6cc3e9b3074a1f\" style=\"color:#39574f;font-size:17px\">Psychologue pour enfants en ligne et coaching parental | Montr\u00e9al, Laval, Gatineau et plus encore<\/h3>\n\n\n\n<div class=\"wp-block-buttons is-layout-flex wp-block-buttons-is-layout-flex\">\n<div class=\"wp-block-button\"><a class=\"wp-block-button__link has-background wp-element-button\" href=\"https:\/\/leonpsychology.ca\/fr\/therapie-en-ligne-nous-contacter\/\" style=\"background-color:#39574f\">Prendre un rendez-vous<\/a><\/div>\n<\/div>\n\n\n\n<div style=\"height:25px\" aria-hidden=\"true\" class=\"wp-block-spacer\"><\/div>\n\n\n\n<p style=\"font-size:17px\">Mme Ortiz est psychologue et psychoth\u00e9rapeute sp\u00e9cialis\u00e9e aupr\u00e8s des enfants, pr\u00e9-adolescents, adolescents et familles, offrant \u00e0 la fois du coaching parental et de la th\u00e9rapie individuelle. L'approche de Mme Ortiz repose sur une compr\u00e9hension holistique du d\u00e9veloppement de l'enfant et de l'adolescent, prenant en compte les dynamiques familiales, l'environnement scolaire et les relations entre pairs.<\/p>\n\n\n\n<p style=\"font-size:17px\">Les interventions de Mme Ortiz visent \u00e0 comprendre ce qui se cache derri\u00e8re les comportements observables. Une attention particuli\u00e8re est accord\u00e9e \u00e0 la d\u00e9tresse \u00e9motionnelle et aux besoins d\u00e9veloppementaux sous-jacents aux manifestations comportementales, en adoptant une perspective clinique nuanc\u00e9e et respectueuse. L'objectif est d'aider les parents et les jeunes \u00e0 mieux comprendre les d\u00e9fis auxquels ils sont confront\u00e9s, \u00e0 renforcer leur sentiment de comp\u00e9tence et \u00e0 d\u00e9velopper des strat\u00e9gies pratiques qui favorisent le bien-\u00eatre \u00e0 long terme. <\/p>\n\n\n\n<p style=\"font-size:17px\">La pratique de Mme Ortiz repose sur un mod\u00e8le collaboratif dans lequel les parents, les enfants ou adolescents, et d'autres professionnels travaillent ensemble dans un espace s\u00fbr, structur\u00e9 et de soutien. Cet environnement favorise la r\u00e9flexion, la prise de conscience et les progr\u00e8s \u00e0 un rythme qui respecte les besoins de chaque individu.<br><\/p>\n\n\n\n<h3 class=\"wp-block-heading has-black-color has-text-color has-medium-font-size\"><strong>Client\u00e8le<\/strong><\/h3>\n\n\n\n<p style=\"font-size:16px\">Enfants, Parents<\/p>\n\n\n\n<h3 class=\"wp-block-heading has-black-color has-text-color has-medium-font-size\"><strong>Langues parl\u00e9es<\/strong><\/h3>\n\n\n\n<p style=\"font-size:16px\">Fran\u00e7ais, Espagnol<\/p>\n\n\n\n<h3 class=\"wp-block-heading has-black-color has-text-color has-medium-font-size\"><strong>Permis<\/strong><\/h3>\n\n\n\n<p style=\"font-size:16px\">Qu\u00e9bec<\/p>\n\n\n\n<h3 class=\"wp-block-heading has-black-color has-text-color has-medium-font-size\"><strong>Endroit<\/strong><\/h3>\n\n\n\n<p style=\"font-size:16px\">S\u00e9ances virtuelles\/vid\u00e9oconf\u00e9rence<\/p>\n\n\n\n<h3 class=\"wp-block-heading has-black-color has-text-color has-medium-font-size\"><strong>Services<\/strong><\/h3>\n\n\n\n<p style=\"font-size:16px\">Psychoth\u00e9rapie pour enfants (6-13 ans), Consultation parentale (0-17 ans)<\/p>\n\n\n\n<h3 class=\"wp-block-heading has-black-color has-text-color has-medium-font-size\"><strong>Domaines d\u2019expertise<\/strong><\/h3>\n\n\n\n<p style=\"font-size:16px\">Anxi\u00e9t\u00e9, Trouble d'anxi\u00e9t\u00e9 de s\u00e9paration, Trouble d'anxi\u00e9t\u00e9 g\u00e9n\u00e9ralis\u00e9e (TAG), Anxi\u00e9t\u00e9 sociale, Stress, D\u00e9pression, Humeur d\u00e9pressive, Perte, Deuil, TDAH, Trouble du spectre de l'autisme (TSA), Difficult\u00e9s comportementales (par ex., crises de col\u00e8re, mensonges), Traumatisme, Trouble de stress post-traumatique (TSPT), Difficult\u00e9s entre pairs, Adaptation scolaire, Guidance parentale, Discipline parentale, \u00c9puisement parental, Relations parent-enfant.<\/p>\n\n\n\n<h3 class=\"wp-block-heading has-black-color has-text-color has-medium-font-size\"><strong>Approche th\u00e9rapeutique<\/strong><\/h3>\n\n\n\n<p style=\"font-size:16px\">Approche int\u00e9grative ancr\u00e9e principalement dans la th\u00e9rapie cognitivo-comportementale (TCC), incluant des strat\u00e9gies issues des approches de troisi\u00e8me vague (notamment l'acceptation et l'engagement), ainsi que des \u00e9l\u00e9ments issus des approches d\u00e9veloppementales, syst\u00e9miques et centr\u00e9es sur les \u00e9motions.<\/p>\n\n\n\n<p style=\"font-size:16px\">L'intervention est adapt\u00e9e \u00e0 l'enfant, int\u00e9grant le jeu, le d\u00e9veloppement des comp\u00e9tences \u00e9motionnelles et un travail avec les parents comme levier central de changement.<\/p>\n\n\n\n<h3 class=\"wp-block-heading has-black-color has-text-color has-medium-font-size\"><strong>Position th\u00e9rapeutique<\/strong><\/h3>\n\n\n\n<p style=\"font-size:16px\">Chaleureuse, structur\u00e9e, collaborative<\/p>\n\n\n\n<h3 class=\"wp-block-heading has-black-color has-text-color has-medium-font-size\"><strong>\u00c9tudes<\/strong><\/h3>\n\n\n\n<p style=\"font-size:16px\">Baccalaur\u00e9at en psychologie\/Universidad Catolica de Colombie, Certificat en intervention psycho\u00e9ducative\/Universit\u00e9 de Montr\u00e9al<\/p>\n\n\n\n<div class=\"wp-block-coblocks-pricing-table has-text-align-center\"><div class=\"wp-block-coblocks-pricing-table__inner has-columns has-2-columns has-responsive-columns has-small-gutter\">\n<div class=\"wp-block-coblocks-pricing-table-item has-background\" style=\"background-color:#dce8f2\"><span class=\"wp-block-coblocks-pricing-table-item__title\">Honoraire<\/span><div class=\"wp-block-coblocks-pricing-table-item__price-wrapper\"><span class=\"wp-block-coblocks-pricing-table-item__currency\">$<\/span><span class=\"wp-block-coblocks-pricing-table-item__amount\">180<\/span><\/div>\n<ul class=\"wp-block-list wp-block-coblocks-pricing-table-item__features\">\n<li>Par s\u00e9ance de 50 minutes<\/li>\n<\/ul>\n\n\n<\/div>\n<\/div><\/div>\n\n\n\n<div style=\"height:25px\" aria-hidden=\"true\" class=\"wp-block-spacer\"><\/div>\n\n\n\n<div class=\"wp-block-buttons is-layout-flex wp-block-buttons-is-layout-flex\">\n<div class=\"wp-block-button\"><a class=\"wp-block-button__link has-background wp-element-button\" href=\"https:\/\/leonpsychology.ca\/fr\/therapie-en-ligne-nous-contacter\/\" style=\"background-color:#39574f\">Prendre un rendez-vous<\/a><\/div>\n<\/div>\n<\/div>\n<\/div>\n<div style='text-align:center' class='yasr-auto-insert-overall'><\/div>","protected":false},"excerpt":{"rendered":"<p>Ms. DIANA ORTIZ Psychologist et psychotherapist Online Child Psychologist &amp; Parental Coaching | Montreal, Laval, Gatineau, and more Ms. Ortiz is a psychologist and psychotherapist specializing in children, pre-teens, adolescents, and families, offering both parent coaching and individual therapy. Ms. Ortiz&#8217;s approach is grounded in a holistic understanding of child and adolescent development, taking into <a class=\"read-more\" href=\"https:\/\/leonpsychology.ca\/fr\/about-ms-ortiz\/\">LIRE LA SUITE<\/a><\/p>","protected":false},"author":1,"featured_media":0,"parent":0,"menu_order":0,"comment_status":"closed","ping_status":"closed","template":"","meta":{"_seopress_robots_primary_cat":"","_seopress_titles_title":"","_seopress_titles_desc":"","_seopress_robots_index":"","_seopress_analysis_target_kw":"","_coblocks_attr":"","_coblocks_dimensions":"","_coblocks_responsive_height":"","_coblocks_accordion_ie_support":"","yasr_overall_rating":0,"yasr_post_is_review":"","yasr_auto_insert_disabled":"","yasr_review_type":"","footnotes":""},"class_list":["post-3729","page","type-page","status-publish","hentry"],"yasr_visitor_votes":{"stars_attributes":{"read_only":true,"span_bottom":"<div class='yasr-small-block-bold'><span class='yasr-visitor-votes-must-sign-in'>You must sign in to vote<\/span><\/div>"},"number_of_votes":0,"sum_votes":0},"_links":{"self":[{"href":"https:\/\/leonpsychology.ca\/fr\/wp-json\/wp\/v2\/pages\/3729","targetHints":{"allow":["GET"]}}],"collection":[{"href":"https:\/\/leonpsychology.ca\/fr\/wp-json\/wp\/v2\/pages"}],"about":[{"href":"https:\/\/leonpsychology.ca\/fr\/wp-json\/wp\/v2\/types\/page"}],"author":[{"embeddable":true,"href":"https:\/\/leonpsychology.ca\/fr\/wp-json\/wp\/v2\/users\/1"}],"replies":[{"embeddable":true,"href":"https:\/\/leonpsychology.ca\/fr\/wp-json\/wp\/v2\/comments?post=3729"}],"version-history":[{"count":7,"href":"https:\/\/leonpsychology.ca\/fr\/wp-json\/wp\/v2\/pages\/3729\/revisions"}],"predecessor-version":[{"id":3779,"href":"https:\/\/leonpsychology.ca\/fr\/wp-json\/wp\/v2\/pages\/3729\/revisions\/3779"}],"wp:attachment":[{"href":"https:\/\/leonpsychology.ca\/fr\/wp-json\/wp\/v2\/media?parent=3729"}],"curies":[{"name":"wp","href":"https:\/\/api.w.org\/{rel}","templated":true}]}}