{"id":59,"date":"2022-07-22T15:54:37","date_gmt":"2022-07-22T15:54:37","guid":{"rendered":"https:\/\/leonpsychology.ca\/?page_id=59"},"modified":"2026-02-17T15:23:55","modified_gmt":"2026-02-17T15:23:55","slug":"sur-les-therapeutes-en-ligne","status":"publish","type":"page","link":"https:\/\/leonpsychology.ca\/fr\/about-online-therapists\/","title":{"rendered":"\u00c0 propos"},"content":{"rendered":"<h2 class=\"wp-block-heading has-text-color\" style=\"color:#39574f\"><strong>Notre \u00e9quipe<\/strong><\/h2>\n\n\n\n<div class=\"wp-block-media-text alignwide is-stacked-on-mobile has-background\" style=\"background-color:#d3d9df;grid-template-columns:15% auto\"><figure class=\"wp-block-media-text__media\"><a href=\"https:\/\/leonpsychology.ca\/fr\/psychologue-pour-enfants-en-ligne-dr-leon\/\"><img decoding=\"async\" width=\"720\" height=\"810\" src=\"https:\/\/leonpsychology.ca\/wp-content\/uploads\/2022\/07\/headshot2.jpg\" alt=\"dr stephanie leon psychologue neuropsychologue enfant adolescent\" class=\"wp-image-31 size-full\" srcset=\"https:\/\/leonpsychology.ca\/wp-content\/uploads\/2022\/07\/headshot2.jpg 720w, https:\/\/leonpsychology.ca\/wp-content\/uploads\/2022\/07\/headshot2-267x300.jpg 267w\" sizes=\"(max-width: 720px) 100vw, 720px\" \/><\/a><\/figure><div class=\"wp-block-media-text__content\">\n<h2 class=\"wp-block-heading has-text-color has-medium-font-size\" style=\"color:#39574f\">Dre ST\u00c9PHANIE L. L\u00c9ON<br>Psychologue et neuropsychologue clinicienne<\/h2>\n\n\n\n<p>Dre L\u00e9on est une clinicienne exp\u00e9riment\u00e9e qui se d\u00e9voue \u00e0 aider les enfants et les adolescents \u00e0 surmonter leurs difficult\u00e9s \u00e9motionnelles, comportementales et cognitives <a href=\"https:\/\/leonpsychology.ca\/fr\/psychologue-pour-enfants-en-ligne-dr-leon\/\" data-type=\"page\" data-id=\"847\">Lire plus<\/a><\/p>\n<\/div><\/div>\n\n\n\n<div style=\"height:34px\" aria-hidden=\"true\" class=\"wp-block-spacer\"><\/div>\n\n\n\n<div class=\"wp-block-media-text alignwide is-stacked-on-mobile has-background\" style=\"background-color:#d3d9df;grid-template-columns:15% auto\"><figure class=\"wp-block-media-text__media\"><a href=\"https:\/\/leonpsychology.ca\/fr\/psychologue-en-ligne-ms-robitaille\/\"><img decoding=\"async\" width=\"845\" height=\"1024\" src=\"https:\/\/leonpsychology.ca\/wp-content\/uploads\/2023\/03\/photo-de-profil-scaled-e1697644181879-845x1024.jpg\" alt=\"psychologue psychoth\u00e9rapeute pour adolescent Qu\u00e9bec th\u00e9rapeute\" class=\"wp-image-1040 size-full\" srcset=\"https:\/\/leonpsychology.ca\/wp-content\/uploads\/2023\/03\/photo-de-profil-scaled-e1697644181879-845x1024.jpg 845w, https:\/\/leonpsychology.ca\/wp-content\/uploads\/2023\/03\/photo-de-profil-scaled-e1697644181879-248x300.jpg 248w, https:\/\/leonpsychology.ca\/wp-content\/uploads\/2023\/03\/photo-de-profil-scaled-e1697644181879-768x930.jpg 768w, https:\/\/leonpsychology.ca\/wp-content\/uploads\/2023\/03\/photo-de-profil-scaled-e1697644181879-1268x1536.jpg 1268w, https:\/\/leonpsychology.ca\/wp-content\/uploads\/2023\/03\/photo-de-profil-scaled-e1697644181879-10x12.jpg 10w, https:\/\/leonpsychology.ca\/wp-content\/uploads\/2023\/03\/photo-de-profil-scaled-e1697644181879.jpg 1472w\" sizes=\"(max-width: 845px) 100vw, 845px\" \/><\/a><\/figure><div class=\"wp-block-media-text__content\">\n<h2 class=\"wp-block-heading has-text-color has-medium-font-size\" style=\"color:#39574f\">Mme CHANTAL ROBITAILLE<br>Psychologue et psychoth\u00e9rapeute<\/h2>\n\n\n\n<p>Mme Robitaille est une clinicienne polyvalente ayant plus de 30 ans d\u2019exp\u00e9rience. D\u00e8s le d\u00e9but de ma carri\u00e8re j\u2019ai plac\u00e9 les clients au coeur de mes pr\u00e9occupations. <a href=\"https:\/\/leonpsychology.ca\/fr\/psychologue-en-ligne-ms-robitaille\/\" data-type=\"page\" data-id=\"997\">Lire plus<\/a><\/p>\n<\/div><\/div>\n\n\n\n<div style=\"height:34px\" aria-hidden=\"true\" class=\"wp-block-spacer\"><\/div>\n\n\n\n<div class=\"wp-block-media-text alignwide is-stacked-on-mobile has-background\" style=\"background-color:#d3d9df;grid-template-columns:15% auto\"><figure class=\"wp-block-media-text__media\"><a href=\"https:\/\/leonpsychology.ca\/fr\/a-propos-de-v-baaba-dadzie\/\"><img decoding=\"async\" width=\"521\" height=\"575\" src=\"https:\/\/leonpsychology.ca\/wp-content\/uploads\/2025\/12\/img_6347_copy.jpg\" alt=\"\" class=\"wp-image-3557 size-full\" srcset=\"https:\/\/leonpsychology.ca\/wp-content\/uploads\/2025\/12\/img_6347_copy.jpg 521w, https:\/\/leonpsychology.ca\/wp-content\/uploads\/2025\/12\/img_6347_copy-272x300.jpg 272w, https:\/\/leonpsychology.ca\/wp-content\/uploads\/2025\/12\/img_6347_copy-11x12.jpg 11w\" sizes=\"(max-width: 521px) 100vw, 521px\" \/><\/a><\/figure><div class=\"wp-block-media-text__content\">\n<h2 class=\"wp-block-heading has-text-color has-medium-font-size\" style=\"color:#39574f\">Dr. VANESSA BAABA DADZIE<br>Psychologue<\/h2>\n\n\n\n<p>Le Dr Dadzie est un psychologue clinicien qui s'engage \u00e0 soutenir le bien-\u00eatre mental de ses clients par le biais de soins collaboratifs et culturellement inform\u00e9s. <a href=\"https:\/\/leonpsychology.ca\/fr\/a-propos-de-v-baaba-dadzie\/\" data-type=\"page\" data-id=\"3553\">Lire plus<\/a><\/p>\n<\/div><\/div>\n\n\n\n<div style=\"height:34px\" aria-hidden=\"true\" class=\"wp-block-spacer\"><\/div>\n\n\n\n<div class=\"wp-block-media-text alignwide is-stacked-on-mobile has-background\" style=\"background-color:#d3d9df;grid-template-columns:15% auto\"><figure class=\"wp-block-media-text__media\"><a href=\"https:\/\/leonpsychology.ca\/fr\/a-propos-de-mme-shenderovitch\/\"><img decoding=\"async\" width=\"405\" height=\"380\" src=\"https:\/\/leonpsychology.ca\/wp-content\/uploads\/2025\/10\/photo.jpg\" alt=\"\" class=\"wp-image-3448 size-full\" srcset=\"https:\/\/leonpsychology.ca\/wp-content\/uploads\/2025\/10\/photo.jpg 405w, https:\/\/leonpsychology.ca\/wp-content\/uploads\/2025\/10\/photo-300x281.jpg 300w, https:\/\/leonpsychology.ca\/wp-content\/uploads\/2025\/10\/photo-13x12.jpg 13w\" sizes=\"(max-width: 405px) 100vw, 405px\" \/><\/a><\/figure><div class=\"wp-block-media-text__content\">\n<h2 class=\"wp-block-heading has-text-color has-medium-font-size\" style=\"color:#39574f\">Mme Lina Shenderovitch<br>Th\u00e9rapeute et conseiller agr\u00e9\u00e9<\/h2>\n\n\n\n<p>Lina est une th\u00e9rapeute exp\u00e9riment\u00e9e et une conseill\u00e8re certifi\u00e9e par l'ACCP. Elle travaille principalement avec des adolescents et des jeunes adultes, les aidant \u00e0 renforcer leur bien-\u00eatre \u00e9motionnel et leur capacit\u00e9 d'adaptation <a href=\"https:\/\/leonpsychology.ca\/fr\/a-propos-de-mme-shenderovitch\/\" data-type=\"page\" data-id=\"3429\">Lire plus<\/a><\/p>\n<\/div><\/div>\n\n\n\n<div style=\"height:34px\" aria-hidden=\"true\" class=\"wp-block-spacer\"><\/div>\n\n\n\n<h2 class=\"wp-block-heading has-text-color\" style=\"color:#39574f\"><strong>Notre Contenu<\/strong><\/h2>\n\n\n\n<div class=\"wp-block-media-text alignwide is-stacked-on-mobile has-background\" style=\"background-color:#d3d9df;grid-template-columns:22% auto\"><figure class=\"wp-block-media-text__media\"><a href=\"https:\/\/leonpsychology.ca\/fr\/psychologie-guides-sur-la-sante-mentale\/\"><img decoding=\"async\" width=\"1024\" height=\"683\" src=\"https:\/\/leonpsychology.ca\/wp-content\/uploads\/2023\/01\/qtq80-m4tsqV-1024x683.jpeg\" alt=\"blog articles blogging information parenting adhd\" class=\"wp-image-929 size-full\" srcset=\"https:\/\/leonpsychology.ca\/wp-content\/uploads\/2023\/01\/qtq80-m4tsqV-1024x683.jpeg 1024w, https:\/\/leonpsychology.ca\/wp-content\/uploads\/2023\/01\/qtq80-m4tsqV-300x200.jpeg 300w, https:\/\/leonpsychology.ca\/wp-content\/uploads\/2023\/01\/qtq80-m4tsqV-768x512.jpeg 768w, https:\/\/leonpsychology.ca\/wp-content\/uploads\/2023\/01\/qtq80-m4tsqV-1536x1024.jpeg 1536w, https:\/\/leonpsychology.ca\/wp-content\/uploads\/2023\/01\/qtq80-m4tsqV-2048x1365.jpeg 2048w, https:\/\/leonpsychology.ca\/wp-content\/uploads\/2023\/01\/qtq80-m4tsqV-18x12.jpeg 18w\" sizes=\"(max-width: 1024px) 100vw, 1024px\" \/><\/a><\/figure><div class=\"wp-block-media-text__content\">\n<h2 class=\"wp-block-heading has-text-color has-medium-font-size\" style=\"color:#39574f\">Articles<\/h2>\n\n\n\n<p>Renseignez vous sur les conseils et les strat\u00e9gies fond\u00e9s sur des donn\u00e9es probantes pour les probl\u00e8mes courants li\u00e9s au r\u00f4le parental, au d\u00e9veloppement de l\u2019enfant, \u00e0 la psychologie de l\u2019adolescent et \u00e0 la sant\u00e9 mentale des adultes. <a href=\"https:\/\/leonpsychology.ca\/fr\/psychologie-guides-sur-la-sante-mentale\/\" data-type=\"page\" data-id=\"825\">Lire plus<\/a><\/p>\n<\/div><\/div>\n\n\n\n<div style=\"height:21px\" aria-hidden=\"true\" class=\"wp-block-spacer\"><\/div>\n\n\n\n<div class=\"wp-block-media-text alignwide is-stacked-on-mobile has-background\" style=\"background-color:#d3d9df;grid-template-columns:22% auto\"><figure class=\"wp-block-media-text__media\"><a href=\"https:\/\/leonpsychology.ca\/fr\/bulletins-dinformation\/\"><img decoding=\"async\" width=\"1024\" height=\"512\" src=\"https:\/\/leonpsychology.ca\/wp-content\/uploads\/2022\/07\/image-4-1024x512.jpg\" alt=\"Bulletin d&#039;information mensuel psychologie psychoth\u00e9rapie\" class=\"wp-image-7 size-full\" srcset=\"https:\/\/leonpsychology.ca\/wp-content\/uploads\/2022\/07\/image-4-1024x512.jpg 1024w, https:\/\/leonpsychology.ca\/wp-content\/uploads\/2022\/07\/image-4-300x150.jpg 300w, https:\/\/leonpsychology.ca\/wp-content\/uploads\/2022\/07\/image-4-768x384.jpg 768w, https:\/\/leonpsychology.ca\/wp-content\/uploads\/2022\/07\/image-4-1536x768.jpg 1536w, https:\/\/leonpsychology.ca\/wp-content\/uploads\/2022\/07\/image-4.jpg 1800w\" sizes=\"(max-width: 1024px) 100vw, 1024px\" \/><\/a><\/figure><div class=\"wp-block-media-text__content\">\n<h2 class=\"wp-block-heading has-text-color has-medium-font-size\" style=\"color:#39574f\">Infolettres mensuelles <\/h2>\n\n\n\n<p>Lisez nos derniers articles de blog, conseils de psychologie et nouvelles cliniques chaque mois. Abonnez-vous maintenant! <a href=\"https:\/\/leonpsychology.ca\/fr\/bulletins-dinformation\/\" data-type=\"page\" data-id=\"847\">Lire plus<\/a><\/p>\n<\/div><\/div>\n\n\n\n<div style=\"height:34px\" aria-hidden=\"true\" class=\"wp-block-spacer\"><\/div>\n<div style='text-align:center' class='yasr-auto-insert-overall'><\/div>","protected":false},"excerpt":{"rendered":"<p>Notre \u00e9quipe Dr. STEPHANIE L. LEONPsychologue clinique et neuropsychologue Dr Leon est une clinicienne exp\u00e9riment\u00e9e qui se passionne pour aider les enfants et les adolescents \u00e0 surmonter leurs difficult\u00e9s \u00e9motionnelles, comportementales et cognitives, tout en soutenant les parents Lire la suite Mme CHANTAL ROBITAILLEPsychologue et psychoth\u00e9rapeute Mme Robitaille est une clinicienne polyvalente qui compte plus de 30 ans d'exp\u00e9rience. Depuis le d\u00e9but de <a class=\"read-more\" href=\"https:\/\/leonpsychology.ca\/fr\/about-online-therapists\/\">LIRE LA SUITE<\/a><\/p>","protected":false},"author":1,"featured_media":0,"parent":0,"menu_order":0,"comment_status":"closed","ping_status":"closed","template":"","meta":{"_seopress_robots_primary_cat":"","_seopress_titles_title":"Best online psychologists | Leon Psychology Clinic","_seopress_titles_desc":"Our expert psychologists and psychotherapists are here to help you with the challenges you are facing. Learn more about their expertise and online therapy services.","_seopress_robots_index":"","_coblocks_attr":"","_coblocks_dimensions":"","_coblocks_responsive_height":"","_coblocks_accordion_ie_support":"","yasr_overall_rating":0,"yasr_post_is_review":"","yasr_auto_insert_disabled":"","yasr_review_type":"","footnotes":""},"class_list":["post-59","page","type-page","status-publish","hentry"],"yasr_visitor_votes":{"stars_attributes":{"read_only":true,"span_bottom":"<div class='yasr-small-block-bold'><span class='yasr-visitor-votes-must-sign-in'>You must sign in to vote<\/span><\/div>"},"number_of_votes":0,"sum_votes":0},"_links":{"self":[{"href":"https:\/\/leonpsychology.ca\/fr\/wp-json\/wp\/v2\/pages\/59","targetHints":{"allow":["GET"]}}],"collection":[{"href":"https:\/\/leonpsychology.ca\/fr\/wp-json\/wp\/v2\/pages"}],"about":[{"href":"https:\/\/leonpsychology.ca\/fr\/wp-json\/wp\/v2\/types\/page"}],"author":[{"embeddable":true,"href":"https:\/\/leonpsychology.ca\/fr\/wp-json\/wp\/v2\/users\/1"}],"replies":[{"embeddable":true,"href":"https:\/\/leonpsychology.ca\/fr\/wp-json\/wp\/v2\/comments?post=59"}],"version-history":[{"count":69,"href":"https:\/\/leonpsychology.ca\/fr\/wp-json\/wp\/v2\/pages\/59\/revisions"}],"predecessor-version":[{"id":3605,"href":"https:\/\/leonpsychology.ca\/fr\/wp-json\/wp\/v2\/pages\/59\/revisions\/3605"}],"wp:attachment":[{"href":"https:\/\/leonpsychology.ca\/fr\/wp-json\/wp\/v2\/media?parent=59"}],"curies":[{"name":"wp","href":"https:\/\/api.w.org\/{rel}","templated":true}]}}