{"id":61,"date":"2022-07-22T15:54:37","date_gmt":"2022-07-22T15:54:37","guid":{"rendered":"https:\/\/leonpsychology.ca\/?page_id=61"},"modified":"2026-04-13T19:44:26","modified_gmt":"2026-04-13T19:44:26","slug":"emplois-de-therapeutes-en-ligne","status":"publish","type":"page","link":"https:\/\/leonpsychology.ca\/fr\/online-therapist-jobs\/","title":{"rendered":"Emploi"},"content":{"rendered":"<div class=\"wp-block-cover alignfull is-light  is-cropping\" style=\"min-height:262px;aspect-ratio:unset;\"><span aria-hidden=\"true\" class=\"wp-block-cover__background has-background-dim\"><\/span><img decoding=\"async\" width=\"1800\" height=\"900\" class=\"wp-block-cover__image-background wp-image-8\" alt=\"\" src=\"https:\/\/leonpsychology.ca\/wp-content\/uploads\/2022\/07\/image-5.jpg\" data-object-fit=\"cover\" srcset=\"https:\/\/leonpsychology.ca\/wp-content\/uploads\/2022\/07\/image-5.jpg 1800w, https:\/\/leonpsychology.ca\/wp-content\/uploads\/2022\/07\/image-5-300x150.jpg 300w, https:\/\/leonpsychology.ca\/wp-content\/uploads\/2022\/07\/image-5-1024x512.jpg 1024w, https:\/\/leonpsychology.ca\/wp-content\/uploads\/2022\/07\/image-5-768x384.jpg 768w, https:\/\/leonpsychology.ca\/wp-content\/uploads\/2022\/07\/image-5-1536x768.jpg 1536w\" sizes=\"(max-width: 1800px) 100vw, 1800px\" \/><div class=\"wp-block-cover__inner-container is-layout-flow wp-block-cover-is-layout-flow\">\n<h2 class=\"wp-block-heading has-text-align-center has-white-color has-text-color has-large-font-size\" style=\"letter-spacing:15px\">OPPORTUNIT\u00c9S DE CARRI\u00c8RE<\/h2>\n<\/div><\/div>\n\n\n\n<div style=\"height:55px\" aria-hidden=\"true\" class=\"wp-block-spacer\"><\/div>\n\n\n\n<h2 class=\"wp-block-heading has-black-color has-text-color has-large-font-size\">Nous recrutons! <\/h2>\n\n\n\n<h2 class=\"wp-block-heading has-text-color has-link-color wp-elements-1267c67f085b89a87cb909ff67a18a7c\" style=\"color:#39574f;font-size:25px\"><strong>Nous recherchons des psychologues comp\u00e9tents et passionn\u00e9s qui souhaitent proposer des th\u00e9rapies en ligne \u00e0 temps partiel.<\/strong><\/h2>\n\n\n\n<div style=\"height:30px\" aria-hidden=\"true\" class=\"wp-block-spacer\"><\/div>\n\n\n\n<p class=\"has-medium-font-size\">Nous offrons une solution cl\u00e9 en main sans tracas pour les psychologues\u00a0:<\/p>\n\n\n\n<ul class=\"wp-block-list is-style-checkbox has-medium-font-size\">\n<li>R\u00e9seau de demande de consultation \u00e9tabli<\/li>\n\n\n\n<li>Autonomie dans votre choix de client\u00e8le ou demandes de consultations vari\u00e9es<\/li>\n\n\n\n<li>Taux de r\u00e9mun\u00e9ration tr\u00e8s concurrentiels<\/li>\n\n\n\n<li>Prise de rendez-vous, facturation et paiements automatiques<\/li>\n\n\n\n<li>Vid\u00e9oconf\u00e9rences et dossiers cliniques s\u00e9curis\u00e9s<\/li>\n\n\n\n<li>Horaire flexible, temps-partiel<\/li>\n\n\n\n<li>Soutien financier au perfectionnement professionnel<\/li>\n\n\n\n<li>Un environnement collaboratif<\/li>\n\n\n\n<li>Possibilit\u00e9s de consultation et de supervision par les pairs<\/li>\n\n\n\n<li>Opportunit\u00e9s pour exercer votre cr\u00e9ativit\u00e9 et innovation<\/li>\n\n\n\n<li>\u00c9quipe ax\u00e9e sur la diversit\u00e9 et l\u2019inclusion<\/li>\n<\/ul>\n\n\n\n<p class=\"has-medium-font-size\"><strong>Exigences<\/strong> :<\/p>\n\n\n\n<ul class=\"wp-block-list is-style-checkbox has-medium-font-size\">\n<li>D\u00e9tenir un dipl\u00f4me doctoral en psychologie (Ph.D.\/Psy.D.) ou une \u00e9quivalence reconnue<\/li>\n\n\n\n<li>Membre en r\u00e8gle de l\u2019Ordre des psychologues du Qu\u00e9bec (OPQ) ou du College of psychologists of Ontario (CPO)<\/li>\n\n\n\n<li>Formation en psychoth\u00e9rapie fond\u00e9e sur les donn\u00e9es probantes et exp\u00e9rience en prestation de traitements fond\u00e9s sur des donn\u00e9es empiriques (p. ex., CBT, DBT, ACT, EFT)<\/li>\n<\/ul>\n\n\n\n<div style=\"height:30px\" aria-hidden=\"true\" class=\"wp-block-spacer\"><\/div>\n\n\n\n<h2 class=\"wp-block-heading has-text-color has-link-color has-medium-font-size wp-elements-bf0fb59e649630465f0fbf5c01d79be7\" style=\"color:#39574f\"><strong>Pour appliquer, envoyez votre CV \u00e0 drleon@leonpsychology.ca.<\/strong><\/h2>\n\n\n\n<p><\/p>\n<div style='text-align:center' class='yasr-auto-insert-overall'><\/div>","protected":false},"excerpt":{"rendered":"<p>Nous recrutons ! Rejoignez la Clinique Psychologique L\u00e9on ! Nous recherchons des psychologues comp\u00e9tents et passionn\u00e9s qui souhaitent proposer des th\u00e9rapies en ligne \u00e0 temps partiel. Nous offrons une solution cl\u00e9 en main et sans tracas pour les psychologues : Qualifications : Vous souhaitez postuler maintenant ? Vous pouvez envoyer votre CV \u00e0 drleon@leonpsychology.ca.<\/p>","protected":false},"author":1,"featured_media":0,"parent":0,"menu_order":0,"comment_status":"closed","ping_status":"closed","template":"","meta":{"_seopress_robots_primary_cat":"","_seopress_titles_title":"We are recruiting psychologists and psychotherapists in Qu\u00e9bec and Ontario | Leon Psychology Clinic","_seopress_titles_desc":"Build a flexible practice at Leon Psychology Clinic. We offer a hassle-free turnkey solution to private practice. Apply now!","_seopress_robots_index":"","_coblocks_attr":"","_coblocks_dimensions":"","_coblocks_responsive_height":"","_coblocks_accordion_ie_support":"","yasr_overall_rating":0,"yasr_post_is_review":"","yasr_auto_insert_disabled":"","yasr_review_type":"","footnotes":""},"class_list":["post-61","page","type-page","status-publish","hentry"],"yasr_visitor_votes":{"stars_attributes":{"read_only":true,"span_bottom":"<div class='yasr-small-block-bold'><span class='yasr-visitor-votes-must-sign-in'>You must sign in to vote<\/span><\/div>"},"number_of_votes":0,"sum_votes":0},"_links":{"self":[{"href":"https:\/\/leonpsychology.ca\/fr\/wp-json\/wp\/v2\/pages\/61","targetHints":{"allow":["GET"]}}],"collection":[{"href":"https:\/\/leonpsychology.ca\/fr\/wp-json\/wp\/v2\/pages"}],"about":[{"href":"https:\/\/leonpsychology.ca\/fr\/wp-json\/wp\/v2\/types\/page"}],"author":[{"embeddable":true,"href":"https:\/\/leonpsychology.ca\/fr\/wp-json\/wp\/v2\/users\/1"}],"replies":[{"embeddable":true,"href":"https:\/\/leonpsychology.ca\/fr\/wp-json\/wp\/v2\/comments?post=61"}],"version-history":[{"count":47,"href":"https:\/\/leonpsychology.ca\/fr\/wp-json\/wp\/v2\/pages\/61\/revisions"}],"predecessor-version":[{"id":3698,"href":"https:\/\/leonpsychology.ca\/fr\/wp-json\/wp\/v2\/pages\/61\/revisions\/3698"}],"wp:attachment":[{"href":"https:\/\/leonpsychology.ca\/fr\/wp-json\/wp\/v2\/media?parent=61"}],"curies":[{"name":"wp","href":"https:\/\/api.w.org\/{rel}","templated":true}]}}