{"id":840,"date":"2022-11-24T03:55:33","date_gmt":"2022-11-24T03:55:33","guid":{"rendered":"https:\/\/leonpsychology.ca\/?page_id=840"},"modified":"2024-09-18T12:53:14","modified_gmt":"2024-09-18T12:53:14","slug":"bulletins-dinformation","status":"publish","type":"page","link":"https:\/\/leonpsychology.ca\/fr\/newsletters\/","title":{"rendered":"Infolettres"},"content":{"rendered":"<h1 class=\"wp-block-heading has-text-color\" style=\"color:#39574f\"><strong>Infolettres<\/strong><\/h1>\n\n\n\n<p class=\"has-medium-font-size\">Lisez nos derniers articles de blog, conseils de psychologie et nouvelles cliniques chaque mois. Abonnez-vous maintenant!<\/p>\n\n\n\n<p><a href=\"https:\/\/preview.mailerlite.io\/preview\/213025\/emails\/73254487032071698\" target=\"_blank\" rel=\"noreferrer noopener\">Infolettre Mensuelle - D\u00e9cembre 2022\u2744\ufe0f<\/a> <\/p>\n\n\n\n<p><a href=\"https:\/\/preview.mailerlite.io\/preview\/213025\/emails\/76289771765237499\" target=\"_blank\" rel=\"noreferrer noopener\">Infolettre mensuelle - Janvier 2023\u2603\ufe0f<\/a><\/p>\n\n\n\n<p><a href=\"https:\/\/preview.mailerlite.io\/preview\/213025\/emails\/78241469085779638\" data-type=\"URL\" data-id=\"https:\/\/preview.mailerlite.io\/preview\/213025\/emails\/73052795886896493\">Infolettre Mensuelle - F\u00e9vrier 2023\ud83e\udde3<\/a><\/p>\n\n\n\n<p><a href=\"https:\/\/preview.mailerlite.io\/preview\/213025\/emails\/81406293685831246\" data-type=\"URL\" data-id=\"https:\/\/preview.mailerlite.io\/preview\/213025\/emails\/75977202699601802\">Infolettre Mensuelle - Mars 2023\ud83c\udf37 <\/a><\/p>\n\n\n\n<p><a href=\"https:\/\/preview.mailerlite.io\/preview\/213025\/emails\/83470843519174017\">Infolettre Mensuelle - Avril 2023 <\/a>\ud83d\udc23<\/p>\n\n\n\n<p><a href=\"https:\/\/preview.mailerlite.io\/preview\/213025\/emails\/82172352847152279\">Infolettre Mensuelle - Mai 2023<\/a>\ud83c\udf3c<\/p>\n\n\n\n<p><a href=\"https:\/\/preview.mailerlite.io\/preview\/213025\/emails\/89897612249925519\">Infolettre mensuelle - Juin 2023\ud83e\udd8b<\/a><\/p>\n\n\n\n<p><a href=\"https:\/\/preview.mailerlite.io\/preview\/213025\/emails\/92524145602987249\" data-type=\"link\" data-id=\"https:\/\/preview.mailerlite.io\/preview\/213025\/emails\/92064781266060769\">Infolettre mensuelle - Juillet 2023<\/a><\/p>\n\n\n\n<p><a href=\"https:\/\/preview.mailerlite.io\/preview\/213025\/emails\/95135735042017135\" data-type=\"link\" data-id=\"https:\/\/preview.mailerlite.io\/preview\/213025\/emails\/95137632204359302\">Infolettre mensuelle - Ao\u00fbt 2023<\/a><\/p>\n\n\n\n<p><a href=\"https:\/\/preview.mailerlite.io\/preview\/213025\/emails\/98766883549873492\" data-type=\"link\" data-id=\"https:\/\/preview.mailerlite.io\/preview\/213025\/emails\/98766872464327929\">L'infolettre septembre-octobre 2023<\/a><\/p>\n\n\n\n<p><a href=\"https:\/\/preview.mailerlite.io\/preview\/213025\/emails\/102684073437169151\" data-type=\"link\" data-id=\"https:\/\/preview.mailerlite.io\/preview\/213025\/emails\/99765807488174070\">Infolettre mensuelle - Novembre 2023<\/a><\/p>\n<div style='text-align:center' class='yasr-auto-insert-overall'><\/div>","protected":false},"excerpt":{"rendered":"<p>Bulletins d'information D\u00e9couvrez chaque mois nos derniers articles de blog, nos conseils en mati\u00e8re de psychologie et les nouvelles de la clinique. N'oubliez pas de vous abonner dans la fen\u00eatre pop up ! Lettre d'information mensuelle - D\u00e9cembre 2022\u2744\ufe0f Lettre d'information mensuelle - Janvier 2023\u2603\ufe0f Lettre d'information mensuelle - F\u00e9vrier 2023\ud83e\udde3 Lettre d'information mensuelle - Mars 2023\ud83c\udf37 Lettre d'information mensuelle - Avril 2023 \ud83d\udc23 Lettre d'information mensuelle - Mai <a class=\"read-more\" href=\"https:\/\/leonpsychology.ca\/fr\/newsletters\/\">LIRE LA SUITE<\/a><\/p>","protected":false},"author":1,"featured_media":0,"parent":0,"menu_order":0,"comment_status":"closed","ping_status":"closed","template":"","meta":{"_seopress_robots_primary_cat":"","_seopress_titles_title":"Subscribe to our monthly newsletter! | Leon Psychology Clinic","_seopress_titles_desc":"Read about our lastest blog posts, psychology quick tips and clinic news every month. Subscribe now!","_seopress_robots_index":"","_coblocks_attr":"","_coblocks_dimensions":"","_coblocks_responsive_height":"","_coblocks_accordion_ie_support":"","yasr_overall_rating":0,"yasr_post_is_review":"","yasr_auto_insert_disabled":"","yasr_review_type":"","footnotes":""},"class_list":["post-840","page","type-page","status-publish","hentry"],"yasr_visitor_votes":{"stars_attributes":{"read_only":true,"span_bottom":"<div class='yasr-small-block-bold'><span class='yasr-visitor-votes-must-sign-in'>You must sign in to vote<\/span><\/div>"},"number_of_votes":0,"sum_votes":0},"_links":{"self":[{"href":"https:\/\/leonpsychology.ca\/fr\/wp-json\/wp\/v2\/pages\/840","targetHints":{"allow":["GET"]}}],"collection":[{"href":"https:\/\/leonpsychology.ca\/fr\/wp-json\/wp\/v2\/pages"}],"about":[{"href":"https:\/\/leonpsychology.ca\/fr\/wp-json\/wp\/v2\/types\/page"}],"author":[{"embeddable":true,"href":"https:\/\/leonpsychology.ca\/fr\/wp-json\/wp\/v2\/users\/1"}],"replies":[{"embeddable":true,"href":"https:\/\/leonpsychology.ca\/fr\/wp-json\/wp\/v2\/comments?post=840"}],"version-history":[{"count":19,"href":"https:\/\/leonpsychology.ca\/fr\/wp-json\/wp\/v2\/pages\/840\/revisions"}],"predecessor-version":[{"id":2649,"href":"https:\/\/leonpsychology.ca\/fr\/wp-json\/wp\/v2\/pages\/840\/revisions\/2649"}],"wp:attachment":[{"href":"https:\/\/leonpsychology.ca\/fr\/wp-json\/wp\/v2\/media?parent=840"}],"curies":[{"name":"wp","href":"https:\/\/api.w.org\/{rel}","templated":true}]}}