{"id":847,"date":"2022-11-28T15:42:27","date_gmt":"2022-11-28T15:42:27","guid":{"rendered":"https:\/\/leonpsychology.ca\/?page_id=847"},"modified":"2025-06-03T14:15:12","modified_gmt":"2025-06-03T14:15:12","slug":"psychologue-pour-enfants-en-ligne-dr-leon","status":"publish","type":"page","link":"https:\/\/leonpsychology.ca\/fr\/online-child-psychologist-dr-leon\/","title":{"rendered":"\u00c0 propos de Dre L\u00e9on"},"content":{"rendered":"<div class=\"wp-block-columns is-layout-flex wp-container-core-columns-is-layout-61ecc280 wp-block-columns-is-layout-flex\" style=\"padding-top:2.5rem;padding-right:2.5rem;padding-bottom:2.5rem;padding-left:2.5rem\">\n<div class=\"wp-block-column is-layout-flow wp-block-column-is-layout-flow\" style=\"flex-basis:25%\">\n<figure class=\"wp-block-image size-full\"><img decoding=\"async\" width=\"360\" height=\"405\" src=\"https:\/\/leonpsychology.ca\/wp-content\/uploads\/2022\/11\/headshot2-e1669650345645.jpg\" alt=\"dr. stephanie leon psychologue psychologue neuropsychologue neuropsychologue\" class=\"wp-image-831\" srcset=\"https:\/\/leonpsychology.ca\/wp-content\/uploads\/2022\/11\/headshot2-e1669650345645.jpg 360w, https:\/\/leonpsychology.ca\/wp-content\/uploads\/2022\/11\/headshot2-e1669650345645-267x300.jpg 267w, https:\/\/leonpsychology.ca\/wp-content\/uploads\/2022\/11\/headshot2-e1669650345645-11x12.jpg 11w\" sizes=\"(max-width: 360px) 100vw, 360px\" \/><\/figure>\n<\/div>\n\n\n\n<div class=\"wp-block-column is-layout-flow wp-block-column-is-layout-flow\" style=\"flex-basis:75%\">\n<h2 class=\"wp-block-heading has-text-color has-large-font-size\" style=\"color:#39574f\"><strong>Dre ST\u00c9PHANIE L. L\u00c9ON<\/strong><\/h2>\n\n\n\n<h3 class=\"wp-block-heading has-black-color has-text-color has-medium-font-size\"><strong>Psychologue et neuropsychologue clinicienne<\/strong><\/h3>\n\n\n\n<p>Psychologue pour enfant en ligne, psychologue pour adolescent, et coaching parental  | Montr\u00e9al, Laval, Gatineau, Ottawa, Toronto et plus<\/p>\n\n\n\n<div class=\"wp-block-buttons is-layout-flex wp-block-buttons-is-layout-flex\">\n<div class=\"wp-block-button\"><a class=\"wp-block-button__link has-background wp-element-button\" href=\"https:\/\/leonpsychology.ca\/fr\/therapie-en-ligne-nous-contacter\/\" style=\"background-color:#39574f\" target=\"_blank\" rel=\"noreferrer noopener\">Prendre un rendez-vous<\/a><\/div>\n<\/div>\n\n\n\n<div style=\"height:25px\" aria-hidden=\"true\" class=\"wp-block-spacer\"><\/div>\n\n\n\n<p style=\"font-size:17px\">Le Dr Leon est une psychologue exp\u00e9riment\u00e9e qui se passionne pour aider les enfants et les adolescents \u00e0 surmonter leurs difficult\u00e9s \u00e9motionnelles, comportementales et cognitives, ainsi que pour aider les parents \u00e0 exercer leur r\u00f4le parental de mani\u00e8re optimale lorsqu'ils sont confront\u00e9s \u00e0 ces d\u00e9fis. Ses int\u00e9r\u00eats cliniques comprennent les troubles d\u00e9veloppementaux, neurologiques ou chroniques, les difficult\u00e9s de sant\u00e9 mentale (telles que la d\u00e9pression, l'anxi\u00e9t\u00e9 et les phobies), ainsi que les difficult\u00e9s cognitives (telles que l'attention, la m\u00e9moire et les fonctions ex\u00e9cutives). Au Qu\u00e9bec seulement, le Dr Leon travaille \u00e9galement avec des adultes souffrant de troubles m\u00e9dicaux tels que le syndrome post-commotionnel, les troubles cognitifs l\u00e9gers, la scl\u00e9rose en plaques, etc.<\/p>\n\n\n\n<p style=\"font-size:17px\">Dre L\u00e9on d\u00e9tient un baccalaur\u00e9at en sciences avec honneurs (Hon. B.Sc.) de l\u2019Universit\u00e9 McGill ax\u00e9 sur la psychologie et la neuroscience. Elle a ensuite compl\u00e9t\u00e9 un doctorat (Ph.D.) en psychologie clinique \u00e0 l\u2019Universit\u00e9 d\u2019Ottawa. Sa dissertation sur les visites r\u00e9p\u00e9t\u00e9es \u00e0 l\u2019urgence pour des raisons de sant\u00e9 mentale a \u00e9t\u00e9 effectu\u00e9e \u00e0 l\u2019institut de recherche du CHEO. Elle a publi\u00e9 plusieurs articles \u00e0 ce sujet. Pendant sa formation doctorale, elle a travaill\u00e9 au sein de plusieurs h\u00f4pitaux \u00e0 Ottawa. Elle a compl\u00e9t\u00e9 sa r\u00e9sidence pr\u00e9-doctorale \u00e0 l\u2019h\u00f4pital Baycrest (Toronto) o\u00f9 elle a \u00e9t\u00e9 form\u00e9e en neuropsychologie pour adultes et personnes \u00e2g\u00e9es.<\/p>\n\n\n\n<p style=\"font-size:17px\">Pendant les derni\u00e8res ann\u00e9es, Dre L\u00e9on a travaill\u00e9 en tant que psychologue \/ neuropsychologue clinicienne et superviseure clinique au CHEO (h\u00f4pital p\u00e9diatrique d\u2019Ottawa) pour les \u00e9quipes de douleur chronique, maladies infectieuses et neuropsychologie. Elle travaille avec les enfants souffrant d\u2019\u00e9pilepsie, de probl\u00e8mes cardiaques, de probl\u00e8mes g\u00e9n\u00e9tiques et de maladies chroniques. En plus de la pratique priv\u00e9e, elle continue d'\u00eatre impliqu\u00e9e dans la recherche \u00e0 l'institut de recherche du CHEO.<\/p>\n\n\n\n<p style=\"font-size:17px\">Dre L\u00e9on est \u00e9galement m\u00e8re de deux jeunes gar\u00e7ons et conna\u00eet bien les hauts et les bas de la vie de parent.<\/p>\n\n\n\n<h3 class=\"wp-block-heading has-black-color has-text-color has-medium-font-size\"><strong>Client\u00e8le<\/strong><\/h3>\n\n\n\n<p style=\"font-size:16px\">Enfants, adolescents et leurs parents ; Adultes (Qu\u00e9bec uniquement)<\/p>\n\n\n\n<h3 class=\"wp-block-heading has-black-color has-text-color has-medium-font-size\"><strong>Langues parl\u00e9es<\/strong><\/h3>\n\n\n\n<p style=\"font-size:16px\">fran\u00e7ais, anglais<\/p>\n\n\n\n<h3 class=\"wp-block-heading has-black-color has-text-color has-medium-font-size\"><strong>Permis<\/strong><\/h3>\n\n\n\n<p style=\"font-size:16px\">Ontario, Qu\u00e9bec<\/p>\n\n\n\n<h3 class=\"wp-block-heading has-black-color has-text-color has-medium-font-size\"><strong>Endroit<\/strong><\/h3>\n\n\n\n<p style=\"font-size:16px\">Virtuel ; En personne (Bois-des-Filion)<\/p>\n\n\n\n<h3 class=\"wp-block-heading has-black-color has-text-color has-medium-font-size\"><strong>Services<\/strong><\/h3>\n\n\n\n<p style=\"font-size:16px\">Psychoth\u00e9rapie de l'enfant, psychoth\u00e9rapie de l'adolescent, coaching parental, neuropsychologie et \u00e9valuation du TDAH, intervention neuropsychologique, supervision et coaching en psychologie, pr\u00e9sentations et ateliers en psychologie.<\/p>\n\n\n\n<h3 class=\"wp-block-heading has-black-color has-text-color has-medium-font-size\"><strong>Domaines d\u2019expertise<\/strong><\/h3>\n\n\n\n<p style=\"font-size:16px\">TDAH, troubles anxieux, phobies, troubles d\u2019apprentissage, d\u00e9pression, \u00e9valuation et interventions neuropsychologique, probl\u00e8mes de comportement chez les enfants, adaptation \u00e0 la maladie m\u00e9dicale, d\u00e9ficience intellectuelle, adaptation \u00e0 la suite d\u2019une commotion c\u00e9r\u00e9brale ou d\u2019une l\u00e9sion c\u00e9r\u00e9brale, probl\u00e8mes d\u2019attention et de fonction ex\u00e9cutive, \u00e9valuation psychodiagnostique<\/p>\n\n\n\n<h3 class=\"wp-block-heading has-black-color has-text-color has-medium-font-size\"><strong>Recherches typiques<\/strong><\/h3>\n\n\n\n<p style=\"font-size:16px\">Psychologue pour enfants, psychologue Toronto, psychologue Ottawa, psychologue pour enfants pr\u00e8s de chez moi, th\u00e9rapie Montr\u00e9al, psychologues Ottawa, coaching parental, psychologue Montr\u00e9al, psychologue Toronto, psychologue Windsor, psychologue Toronto, psychologues Ottawa, psychologues Toronto, psychologue Laval, conseil en ligne, psychologue en ligne.<\/p>\n\n\n\n<h3 class=\"wp-block-heading has-black-color has-text-color has-medium-font-size\"><strong>Approche th\u00e9rapeutique<\/strong><\/h3>\n\n\n\n<p style=\"font-size:16px\">Approche int\u00e9grative fortement enracin\u00e9e dans la th\u00e9rapie cognitivo-comportementale (TCC) et utilisant des \u00e9l\u00e9ments provenant d\u2019approches ax\u00e9es sur les \u00e9motions, approches ax\u00e9es sur les solutions, approches humanistes, et entrevue motivationnelle.<\/p>\n\n\n\n<h3 class=\"wp-block-heading has-black-color has-text-color has-medium-font-size\"><strong>Position th\u00e9rapeutique<\/strong><\/h3>\n\n\n\n<p style=\"font-size:16px\">Chaleureux, informel, collaboratif, bas\u00e9 sur les \u00e9tapes de la th\u00e9orie du changement<\/p>\n\n\n\n<h3 class=\"wp-block-heading has-black-color has-text-color has-medium-font-size\"><strong>\u00c9tudes<\/strong><\/h3>\n\n\n\n<p style=\"font-size:16px\">Baccalaur\u00e9at en sciences\/Universit\u00e9 McGill, Doctorat en psychologie clinique\/Universit\u00e9 d\u2019Ottawa<\/p>\n\n\n\n<div class=\"wp-block-coblocks-pricing-table has-text-align-center\"><div class=\"wp-block-coblocks-pricing-table__inner has-columns has-2-columns has-responsive-columns has-small-gutter\">\n<div class=\"wp-block-coblocks-pricing-table-item has-background\" style=\"background-color:#dce8f2\"><span class=\"wp-block-coblocks-pricing-table-item__title\">Honoraire<\/span><div class=\"wp-block-coblocks-pricing-table-item__price-wrapper\"><span class=\"wp-block-coblocks-pricing-table-item__currency\">$<\/span><span class=\"wp-block-coblocks-pricing-table-item__amount\">270<\/span><\/div>\n<ul class=\"wp-block-list wp-block-coblocks-pricing-table-item__features\">\n<li>Par s\u00e9ance de 60 minutes<\/li>\n<\/ul>\n\n\n<\/div>\n<\/div><\/div>\n\n\n\n<div style=\"height:25px\" aria-hidden=\"true\" class=\"wp-block-spacer\"><\/div>\n\n\n\n<div class=\"wp-block-buttons is-layout-flex wp-block-buttons-is-layout-flex\">\n<div class=\"wp-block-button\"><a class=\"wp-block-button__link has-background wp-element-button\" href=\"https:\/\/leonpsychology.ca\/fr\/therapie-en-ligne-nous-contacter\/\" style=\"background-color:#39574f\" target=\"_blank\" rel=\"noreferrer noopener\">Prendre un rendez-vous<\/a><\/div>\n<\/div>\n<\/div>\n<\/div>\n\n\n\n<hr class=\"wp-block-separator has-alpha-channel-opacity\"\/>\n\n\n\n<h1 class=\"wp-block-heading has-text-align-center has-black-color has-text-color has-link-color has-medium-font-size wp-elements-f0128873e41b040f25a91ed9965a4d58\"><strong>Dr. STEPHANIE L. LEON - Psychologue clinicienne et neuropsychologue - Psychologue pour enfants, psychologues pour adolescents, th\u00e9rapie pour adolescents et coaching parental en ligne<\/strong><\/h1>\n\n\n\n<p class=\"has-text-align-center\"><\/p>\n<div style='text-align:center' class='yasr-auto-insert-overall'><\/div>","protected":false},"excerpt":{"rendered":"<p>Dr. STEPHANIE L. LEON Psychologue clinique et neuropsychologue Psychologue pour enfants, psychologues pour adolescents et coaching parental en ligne Montr\u00e9al, Laval, Gatineau, Ottawa, Toronto et plus Dr. Leon est une psychologue exp\u00e9riment\u00e9e qui se passionne pour aider les enfants et les adolescents \u00e0 surmonter leurs difficult\u00e9s \u00e9motionnelles, comportementales et cognitives, ainsi que pour soutenir les parents dans l'exercice optimal de leurs responsabilit\u00e9s parentales lorsqu'ils sont confront\u00e9s \u00e0 des difficult\u00e9s \u00e9motionnelles, comportementales et cognitives, ainsi que dans l'exercice de leurs responsabilit\u00e9s parentales lorsqu'ils sont confront\u00e9s \u00e0 des difficult\u00e9s \u00e9motionnelles, comportementales et cognitives. <a class=\"read-more\" href=\"https:\/\/leonpsychology.ca\/fr\/online-child-psychologist-dr-leon\/\">LIRE LA SUITE<\/a><\/p>","protected":false},"author":1,"featured_media":0,"parent":0,"menu_order":0,"comment_status":"closed","ping_status":"closed","template":"","meta":{"_seopress_robots_primary_cat":"","_seopress_titles_title":"Dr. Stephanie Leon | Child and teen psychologist and neuropsychologist | Leon Psychology Clinic","_seopress_titles_desc":"Dr. Leon is a psychologist specialized in child and adolescent therapy and neuropsychology. Dr. Leon is trained in CBT and provides a warm and collaborative environnement for change.","_seopress_robots_index":"","_coblocks_attr":"","_coblocks_dimensions":"","_coblocks_responsive_height":"","_coblocks_accordion_ie_support":"","yasr_overall_rating":0,"yasr_post_is_review":"","yasr_auto_insert_disabled":"","yasr_review_type":"","footnotes":""},"class_list":["post-847","page","type-page","status-publish","hentry"],"yasr_visitor_votes":{"stars_attributes":{"read_only":true,"span_bottom":"<div class='yasr-small-block-bold'><span class='yasr-visitor-votes-must-sign-in'>You must sign in to vote<\/span><\/div>"},"number_of_votes":0,"sum_votes":0},"_links":{"self":[{"href":"https:\/\/leonpsychology.ca\/fr\/wp-json\/wp\/v2\/pages\/847","targetHints":{"allow":["GET"]}}],"collection":[{"href":"https:\/\/leonpsychology.ca\/fr\/wp-json\/wp\/v2\/pages"}],"about":[{"href":"https:\/\/leonpsychology.ca\/fr\/wp-json\/wp\/v2\/types\/page"}],"author":[{"embeddable":true,"href":"https:\/\/leonpsychology.ca\/fr\/wp-json\/wp\/v2\/users\/1"}],"replies":[{"embeddable":true,"href":"https:\/\/leonpsychology.ca\/fr\/wp-json\/wp\/v2\/comments?post=847"}],"version-history":[{"count":39,"href":"https:\/\/leonpsychology.ca\/fr\/wp-json\/wp\/v2\/pages\/847\/revisions"}],"predecessor-version":[{"id":3250,"href":"https:\/\/leonpsychology.ca\/fr\/wp-json\/wp\/v2\/pages\/847\/revisions\/3250"}],"wp:attachment":[{"href":"https:\/\/leonpsychology.ca\/fr\/wp-json\/wp\/v2\/media?parent=847"}],"curies":[{"name":"wp","href":"https:\/\/api.w.org\/{rel}","templated":true}]}}