{"id":997,"date":"2023-03-20T20:06:20","date_gmt":"2023-03-20T20:06:20","guid":{"rendered":"https:\/\/leonpsychology.ca\/?page_id=997"},"modified":"2024-09-18T12:49:47","modified_gmt":"2024-09-18T12:49:47","slug":"psychologue-en-ligne-ms-robitaille","status":"publish","type":"page","link":"https:\/\/leonpsychology.ca\/fr\/online-psychologist-ms-robitaille\/","title":{"rendered":"\u00c0 propos de Mme Robitaille"},"content":{"rendered":"<div class=\"wp-block-columns is-layout-flex wp-container-core-columns-is-layout-61ecc280 wp-block-columns-is-layout-flex\" style=\"padding-top:2.5rem;padding-right:2.5rem;padding-bottom:2.5rem;padding-left:2.5rem\">\n<div class=\"wp-block-column is-layout-flow wp-block-column-is-layout-flow\" style=\"flex-basis:25%\">\n<figure class=\"wp-block-image size-large\"><img decoding=\"async\" width=\"845\" height=\"1024\" src=\"https:\/\/leonpsychology.ca\/wp-content\/uploads\/2023\/03\/photo-de-profil-scaled-e1697644181879-845x1024.jpg\" alt=\"psychologue psychoth\u00e9rapeute pour adolescent Qu\u00e9bec th\u00e9rapeute\" class=\"wp-image-1040\" srcset=\"https:\/\/leonpsychology.ca\/wp-content\/uploads\/2023\/03\/photo-de-profil-scaled-e1697644181879-845x1024.jpg 845w, https:\/\/leonpsychology.ca\/wp-content\/uploads\/2023\/03\/photo-de-profil-scaled-e1697644181879-248x300.jpg 248w, https:\/\/leonpsychology.ca\/wp-content\/uploads\/2023\/03\/photo-de-profil-scaled-e1697644181879-768x930.jpg 768w, https:\/\/leonpsychology.ca\/wp-content\/uploads\/2023\/03\/photo-de-profil-scaled-e1697644181879-1268x1536.jpg 1268w, https:\/\/leonpsychology.ca\/wp-content\/uploads\/2023\/03\/photo-de-profil-scaled-e1697644181879-10x12.jpg 10w, https:\/\/leonpsychology.ca\/wp-content\/uploads\/2023\/03\/photo-de-profil-scaled-e1697644181879.jpg 1472w\" sizes=\"(max-width: 845px) 100vw, 845px\" \/><\/figure>\n<\/div>\n\n\n\n<div class=\"wp-block-column is-layout-flow wp-block-column-is-layout-flow\" style=\"flex-basis:75%\">\n<h2 class=\"wp-block-heading has-text-color has-large-font-size\" style=\"color:#39574f\"><strong>Mme CHANTAL ROBITAILLE<\/strong><\/h2>\n\n\n\n<h3 class=\"wp-block-heading has-black-color has-text-color has-medium-font-size\"><strong>Psychologue et psychoth\u00e9rapeute<\/strong><\/h3>\n\n\n\n<div class=\"wp-block-buttons is-layout-flex wp-block-buttons-is-layout-flex\">\n<div class=\"wp-block-button\"><a class=\"wp-block-button__link has-background wp-element-button\" href=\"https:\/\/leonpsychology.ca\/fr\/therapie-en-ligne-nous-contacter\/\" style=\"background-color:#39574f\">Prendre un rendez-vous<\/a><\/div>\n<\/div>\n\n\n\n<div style=\"height:25px\" aria-hidden=\"true\" class=\"wp-block-spacer\"><\/div>\n\n\n\n<p style=\"font-size:16px\">Clinicienne polyvalente ayant plus de 30 ans d\u2019exp\u00e9rience. D\u00e8s le d\u00e9but de ma carri\u00e8re j\u2019ai plac\u00e9 les clients au coeur de mes pr\u00e9occupations. Je suis ouverte \u00e0 la r\u00e9alit\u00e9 de chacun, j\u2019essaie de voir au-del\u00e0 des \u00e9tiquettes diagnostiques pour me centrer sur la d\u00e9tresse exprim\u00e9e et les besoins pr\u00e9sents. Mes valeurs sont le respect, l\u2019int\u00e9grit\u00e9, l\u2019\u00e9galit\u00e9, l\u2019\u00e9quit\u00e9, la rigueur, l\u2019\u00e9coute, la bienveillance et l\u2019accueil. Je crois sinc\u00e8rement au pouvoir de l\u2019autod\u00e9termination, de l\u2019autonomie et de l\u2019importance pour chacun de s\u2019approprier son espace personnel de d\u00e9veloppement afin de prendre la juste mesure de ses ressources et de ses capacit\u00e9s personnelles.<br><br>La priorit\u00e9 de Mme Robitaille sera toujours de vous accompagner dans votre parcours et de vous aider, d\u2019une part, \u00e0 red\u00e9couvrir vos ressources personnelles et, d\u2019autre part, \u00e0 d\u00e9velopper de nouvelles strat\u00e9gies pour vous aider \u00e0 vous sentir mieux. Tout au long de sa carri\u00e8re, qu\u2019il s\u2019agisse d\u2019organismes communautaires, de centres de services scolaires ou du r\u00e9seau de la sant\u00e9, elle a eu le plaisir de travailler avec des adolescents, des adultes et des a\u00een\u00e9s. Elle conna\u00eet particuli\u00e8rement bien les troubles anxieux, les transitions difficiles, le deuil, la d\u00e9pression, les difficult\u00e9s d\u2019adaptation, la dysphorie de genre et le stress post-traumatique.<br><br>J\u2019ai un baccalaur\u00e9at en psychologie, un certificat de 1er cycle en g\u00e9rontologie et ensuite j\u2019ai finalis\u00e9 une maitrise en psychologie clinique option g\u00e9rontologie \u00e0 l\u2019Universit\u00e9 du Qu\u00e9bec \u00e0 Trois-Rivi\u00e8res. Mon parcours professionnel a \u00e9t\u00e9 parsem\u00e9 de d\u00e9couvertes et d\u2019exploration. Je n\u2019ai jamais regrett\u00e9 le temps accord\u00e9 \u00e0 l\u2019enseignement, \u00e0 l\u2019animation de formations vari\u00e9es, \u00e0 la supervision clinique ou aux divers conseils d\u2019administration. Je suis avant tout une passionn\u00e9e et j\u2019investie r\u00e9guli\u00e8rement \u00e0 nourrir ma banque d\u2019outils et de strat\u00e9gies via des formations diversifi\u00e9es et des m\u00e9thodes pr\u00e9dominantes.<\/p>\n\n\n\n<h3 class=\"wp-block-heading has-black-color has-text-color has-medium-font-size\"><strong>Client\u00e8le<\/strong><\/h3>\n\n\n\n<p style=\"font-size:16px\">Adolescents, adultes et a\u00een\u00e9s<\/p>\n\n\n\n<h3 class=\"wp-block-heading has-black-color has-text-color has-medium-font-size\"><strong>Langues parl\u00e9es<\/strong><\/h3>\n\n\n\n<p style=\"font-size:16px\">Fran\u00e7ais<\/p>\n\n\n\n<h3 class=\"wp-block-heading has-black-color has-text-color has-medium-font-size\"><strong>Permis<\/strong><\/h3>\n\n\n\n<p style=\"font-size:16px\">Qu\u00e9bec<\/p>\n\n\n\n<h3 class=\"wp-block-heading has-black-color has-text-color has-medium-font-size\"><strong>Endroit<\/strong><\/h3>\n\n\n\n<p style=\"font-size:16px\">S\u00e9ances virtuelles\/vid\u00e9oconf\u00e9rence<\/p>\n\n\n\n<h3 class=\"wp-block-heading has-black-color has-text-color has-medium-font-size\"><strong>Services<\/strong><\/h3>\n\n\n\n<p style=\"font-size:16px\">Psychoth\u00e9rapie pour adolescents (14-17 ans), Psychoth\u00e9rapie pour adultes (18 ans et +), Psychoth\u00e9rapie pour a\u00een\u00e9s (65 ans et +)<\/p>\n\n\n\n<h3 class=\"wp-block-heading has-black-color has-text-color has-medium-font-size\"><strong>Domaines d\u2019expertise<\/strong><\/h3>\n\n\n\n<p style=\"font-size:16px\">D\u00e9pression, troubles anxieux, deuils, TDAH, stress post-traumatique<\/p>\n\n\n\n<h3 class=\"wp-block-heading has-black-color has-text-color has-medium-font-size\"><strong>Approche th\u00e9rapeutique<\/strong><\/h3>\n\n\n\n<p style=\"font-size:16px\">Approche int\u00e9grative fortement enracin\u00e9e dans la th\u00e9rapie cognitivo-comportementale (TCC) de 2e et 3e vague et \u00e9l\u00e9ments provenant d\u2019approches ax\u00e9es sur les \u00e9motions, th\u00e9rapie d\u2019engagement et d\u2019acceptation, approche humaniste, analyse transactionnelle.<\/p>\n\n\n\n<h3 class=\"wp-block-heading has-black-color has-text-color has-medium-font-size\"><strong>Position th\u00e9rapeutique<\/strong><\/h3>\n\n\n\n<p style=\"font-size:16px\">Chaleureuse, informelle, collaborative<\/p>\n\n\n\n<h3 class=\"wp-block-heading has-black-color has-text-color has-medium-font-size\"><strong>\u00c9tudes<\/strong><\/h3>\n\n\n\n<p style=\"font-size:16px\">Baccalaur\u00e9at et ma\u00eetrise en psychologie de m\u00eame que Certificat en g\u00e9rontologie de l\u2019Universit\u00e9 du Qu\u00e9bec \u00e0 Trois-Rivi\u00e8res, Certificat en g\u00e9rontologie<\/p>\n\n\n\n<div class=\"wp-block-coblocks-pricing-table has-text-align-center\"><div class=\"wp-block-coblocks-pricing-table__inner has-columns has-2-columns has-responsive-columns has-small-gutter\">\n<div class=\"wp-block-coblocks-pricing-table-item has-background\" style=\"background-color:#dce8f2\"><span class=\"wp-block-coblocks-pricing-table-item__title\">Honoraire<\/span><div class=\"wp-block-coblocks-pricing-table-item__price-wrapper\"><span class=\"wp-block-coblocks-pricing-table-item__currency\">$<\/span><span class=\"wp-block-coblocks-pricing-table-item__amount\">200<\/span><\/div>\n<ul class=\"wp-block-coblocks-pricing-table-item__features wp-block-list\">\n<li>Par s\u00e9ance de 50 minutes<\/li>\n<\/ul>\n\n\n<\/div>\n<\/div><\/div>\n\n\n\n<div style=\"height:25px\" aria-hidden=\"true\" class=\"wp-block-spacer\"><\/div>\n\n\n\n<div class=\"wp-block-buttons is-layout-flex wp-block-buttons-is-layout-flex\">\n<div class=\"wp-block-button\"><a class=\"wp-block-button__link has-background wp-element-button\" href=\"https:\/\/leonpsychology.ca\/fr\/therapie-en-ligne-nous-contacter\/\" style=\"background-color:#39574f\">Prendre un rendez-vous<\/a><\/div>\n<\/div>\n<\/div>\n<\/div>\n\n\n\n<hr class=\"wp-block-separator has-alpha-channel-opacity\"\/>\n\n\n\n<h1 class=\"wp-block-heading has-text-align-center has-black-color has-text-color has-link-color has-medium-font-size wp-elements-6f4c56c8127255de7965b1285fbf1f7d\"><strong>Mme CHANTAL ROBITAILLE \u2013 Psychologue et psychoth\u00e9rapeute \u2013 Th\u00e9rapie en ligne pour adolescents, adultes et personnes \u00e2g\u00e9es<\/strong> <\/h1>\n<div style='text-align:center' class='yasr-auto-insert-overall'><\/div>","protected":false},"excerpt":{"rendered":"<p>Mme CHANTAL ROBITAILLE Psychologue et psychoth\u00e9rapeute Mme Robitaille est une clinicienne polyvalente qui compte plus de 30 ans d'exp\u00e9rience. Depuis le d\u00e9but de sa carri\u00e8re, elle place le client au c\u0153ur de ses pr\u00e9occupations. Ouverte \u00e0 la r\u00e9alit\u00e9 de chacun, elle va au-del\u00e0 des \u00e9tiquettes diagnostiques pour se concentrer sur la d\u00e9tresse exprim\u00e9e et les besoins pr\u00e9sents. Elle <a class=\"read-more\" href=\"https:\/\/leonpsychology.ca\/fr\/online-psychologist-ms-robitaille\/\">LIRE LA SUITE<\/a><\/p>","protected":false},"author":1,"featured_media":0,"parent":0,"menu_order":0,"comment_status":"closed","ping_status":"closed","template":"","meta":{"_seopress_robots_primary_cat":"","_seopress_titles_title":"Ms. Chantal Robitaille | Online adult psychologist | Leon Psychology Clinic","_seopress_titles_desc":"Chantal Robitaille is a psychologist with over 30 years experience in post-traumatic stress disorder, job burnout, and anxiety\/depression.","_seopress_robots_index":"","_coblocks_attr":"","_coblocks_dimensions":"","_coblocks_responsive_height":"","_coblocks_accordion_ie_support":"","yasr_overall_rating":0,"yasr_post_is_review":"","yasr_auto_insert_disabled":"","yasr_review_type":"","footnotes":""},"class_list":["post-997","page","type-page","status-publish","hentry"],"yasr_visitor_votes":{"stars_attributes":{"read_only":true,"span_bottom":"<div class='yasr-small-block-bold'><span class='yasr-visitor-votes-must-sign-in'>You must sign in to vote<\/span><\/div>"},"number_of_votes":0,"sum_votes":0},"_links":{"self":[{"href":"https:\/\/leonpsychology.ca\/fr\/wp-json\/wp\/v2\/pages\/997","targetHints":{"allow":["GET"]}}],"collection":[{"href":"https:\/\/leonpsychology.ca\/fr\/wp-json\/wp\/v2\/pages"}],"about":[{"href":"https:\/\/leonpsychology.ca\/fr\/wp-json\/wp\/v2\/types\/page"}],"author":[{"embeddable":true,"href":"https:\/\/leonpsychology.ca\/fr\/wp-json\/wp\/v2\/users\/1"}],"replies":[{"embeddable":true,"href":"https:\/\/leonpsychology.ca\/fr\/wp-json\/wp\/v2\/comments?post=997"}],"version-history":[{"count":31,"href":"https:\/\/leonpsychology.ca\/fr\/wp-json\/wp\/v2\/pages\/997\/revisions"}],"predecessor-version":[{"id":2181,"href":"https:\/\/leonpsychology.ca\/fr\/wp-json\/wp\/v2\/pages\/997\/revisions\/2181"}],"wp:attachment":[{"href":"https:\/\/leonpsychology.ca\/fr\/wp-json\/wp\/v2\/media?parent=997"}],"curies":[{"name":"wp","href":"https:\/\/api.w.org\/{rel}","templated":true}]}}